{"id":6520,"date":"2016-01-26T11:44:57","date_gmt":"2016-01-26T04:44:07","guid":{"rendered":"http:\/\/thietbichannuoi.com\/?post_type=product&#038;p=6520"},"modified":"2025-09-26T10:29:22","modified_gmt":"2025-09-26T03:29:22","slug":"stainless-steel-pan-feeder","status":"publish","type":"product","link":"https:\/\/thietbichannuoi.com\/en\/san-pham\/stainless-steel-pan-feeder\/","title":{"rendered":"Stainless steel piglet feeder"},"content":{"rendered":"<p>Stainless steel feeder for piglets<\/p>\n<div class=\"flex max-w-full flex-col flex-grow\">\n<div class=\"min-h-8 text-message flex w-full flex-col items-end gap-2 whitespace-normal break-words [.text-message+&amp;]:mt-5\" dir=\"auto\" data-message-author-role=\"assistant\" data-message-id=\"f5de7131-8247-4220-a862-a75ac2b57e77\">\n<div class=\"flex w-full flex-col gap-1 empty:hidden first:pt-[3px]\">\n<div class=\"markdown prose w-full break-words dark:prose-invert light\">\n<p>This product is used for helping piglets get accustomed to eating and drinking. It is installed on farrowing or weaning pens using a hook attachment. The divider bar can rotate, creating a sound to attract the piglets&#8217; attention<\/p>\n<\/div>\n<\/div>\n<\/div>\n<\/div>\n<div class=\"mb-2 flex gap-3 empty:hidden -ml-2\">\n<div class=\"items-center justify-start rounded-xl p-1 flex\"><\/div>\n<\/div>\n","protected":false},"excerpt":{"rendered":"<p><strong>Code:<\/strong> <strong>MTA090<\/strong><\/p>\n<ul>\n<li><strong>Material:<\/strong> SUS 304<\/li>\n<li><strong>Bottom diameter:<\/strong> 265mm<\/li>\n<li><strong>Height:<\/strong> 300mm<\/li>\n<li><strong>Material:<\/strong> inox 304<\/li>\n<li><strong>Weight:<\/strong> 0,91 kg +\/- 0,01kg<\/li>\n<li><strong>Number of feeding cells:<\/strong> 3 cells<\/li>\n<li><strong>Swivel rim and adjustment rod:<\/strong> 201 stainless steel<\/li>\n<li><strong>Made by: Minh Phat<\/strong><\/li>\n<\/ul>\n","protected":false},"featured_media":16582,"template":"","meta":{"_uag_custom_page_level_css":"","footnotes":""},"product_brand":[],"product_cat":[291,300],"product_tag":[362,496],"class_list":{"0":"post-6520","1":"product","2":"type-product","3":"status-publish","4":"has-post-thumbnail","6":"product_cat-equipment-for-pig","7":"product_cat-trought-for-pig","8":"product_tag-equipment-for-pig","9":"product_tag-trought-for-pig","11":"first","12":"instock","13":"shipping-taxable","14":"product-type-simple"},"acf":[],"yoast_head":"<!-- This site is optimized with the Yoast SEO Premium plugin v22.9 (Yoast SEO v27.4) - https:\/\/yoast.com\/product\/yoast-seo-premium-wordpress\/ -->\n<title>Stanless steel feeder for pig - Livestock equipment<\/title>\n<meta name=\"description\" content=\"Stanless steel feeder for piglets, steel pig feeder, made in: Viet Nam by Minh Phat Co.,ltd\" \/>\n<meta name=\"robots\" content=\"index, follow, max-snippet:-1, max-image-preview:large, max-video-preview:-1\" \/>\n<link rel=\"canonical\" href=\"https:\/\/thietbichannuoi.com\/en\/san-pham\/stainless-steel-pan-feeder\/\" \/>\n<meta property=\"og:locale\" content=\"en_US\" \/>\n<meta property=\"og:type\" content=\"article\" \/>\n<meta property=\"og:title\" content=\"Stainless steel piglet feeder\" \/>\n<meta property=\"og:description\" content=\"Code: MTA090   Material: SUS 304  Bottom diameter: 265mm  Height: 300mm  Material: inox 304  Weight: 0,91 kg +\/- 0,01kg  Number of feeding cells: 3 cells  Swivel rim and adjustment rod: 201 stainless steel  Made by: Minh Phat\" \/>\n<meta property=\"og:url\" content=\"https:\/\/thietbichannuoi.com\/en\/san-pham\/stainless-steel-pan-feeder\/\" \/>\n<meta property=\"og:site_name\" content=\"Thi\u1ebft b\u1ecb ch\u0103n nu\u00f4i\" \/>\n<meta property=\"article:modified_time\" content=\"2025-09-26T03:29:22+00:00\" \/>\n<meta property=\"og:image\" content=\"https:\/\/thietbichannuoi.com\/wp-content\/uploads\/2024\/06\/mang-cai-sua-03.jpg\" \/>\n\t<meta property=\"og:image:width\" content=\"1400\" \/>\n\t<meta property=\"og:image:height\" content=\"1200\" \/>\n\t<meta property=\"og:image:type\" content=\"image\/jpeg\" \/>\n<meta name=\"twitter:card\" content=\"summary_large_image\" \/>\n<meta name=\"twitter:label1\" content=\"Est. reading time\" \/>\n\t<meta name=\"twitter:data1\" content=\"1 minute\" \/>\n<!-- \/ Yoast SEO Premium plugin. -->","yoast_head_json":{"title":"Stanless steel feeder for pig - Livestock equipment","description":"Stanless steel feeder for piglets, steel pig feeder, made in: Viet Nam by Minh Phat Co.,ltd","robots":{"index":"index","follow":"follow","max-snippet":"max-snippet:-1","max-image-preview":"max-image-preview:large","max-video-preview":"max-video-preview:-1"},"canonical":"https:\/\/thietbichannuoi.com\/en\/san-pham\/stainless-steel-pan-feeder\/","og_locale":"en_US","og_type":"article","og_title":"Stainless steel piglet feeder","og_description":"Code: MTA090   Material: SUS 304  Bottom diameter: 265mm  Height: 300mm  Material: inox 304  Weight: 0,91 kg +\/- 0,01kg  Number of feeding cells: 3 cells  Swivel rim and adjustment rod: 201 stainless steel  Made by: Minh Phat","og_url":"https:\/\/thietbichannuoi.com\/en\/san-pham\/stainless-steel-pan-feeder\/","og_site_name":"Thi\u1ebft b\u1ecb ch\u0103n nu\u00f4i","article_modified_time":"2025-09-26T03:29:22+00:00","og_image":[{"width":1400,"height":1200,"url":"https:\/\/thietbichannuoi.com\/wp-content\/uploads\/2024\/06\/mang-cai-sua-03.jpg","type":"image\/jpeg"}],"twitter_card":"summary_large_image","twitter_misc":{"Est. reading time":"1 minute"},"schema":{"@context":"https:\/\/schema.org","@graph":[{"@type":"WebPage","@id":"https:\/\/thietbichannuoi.com\/en\/san-pham\/stainless-steel-pan-feeder\/","url":"https:\/\/thietbichannuoi.com\/en\/san-pham\/stainless-steel-pan-feeder\/","name":"Stanless steel feeder for pig - Livestock equipment","isPartOf":{"@id":"https:\/\/thietbichannuoi.com\/#website"},"primaryImageOfPage":{"@id":"https:\/\/thietbichannuoi.com\/en\/san-pham\/stainless-steel-pan-feeder\/#primaryimage"},"image":{"@id":"https:\/\/thietbichannuoi.com\/en\/san-pham\/stainless-steel-pan-feeder\/#primaryimage"},"thumbnailUrl":"https:\/\/thietbichannuoi.com\/wp-content\/uploads\/2024\/06\/mang-cai-sua-03.jpg","datePublished":"2016-01-26T04:44:07+00:00","dateModified":"2025-09-26T03:29:22+00:00","description":"Stanless steel feeder for piglets, steel pig feeder, made in: Viet Nam by Minh Phat Co.,ltd","breadcrumb":{"@id":"https:\/\/thietbichannuoi.com\/en\/san-pham\/stainless-steel-pan-feeder\/#breadcrumb"},"inLanguage":"en-US","potentialAction":[{"@type":"ReadAction","target":["https:\/\/thietbichannuoi.com\/en\/san-pham\/stainless-steel-pan-feeder\/"]}]},{"@type":"ImageObject","inLanguage":"en-US","@id":"https:\/\/thietbichannuoi.com\/en\/san-pham\/stainless-steel-pan-feeder\/#primaryimage","url":"https:\/\/thietbichannuoi.com\/wp-content\/uploads\/2024\/06\/mang-cai-sua-03.jpg","contentUrl":"https:\/\/thietbichannuoi.com\/wp-content\/uploads\/2024\/06\/mang-cai-sua-03.jpg","width":1400,"height":1200,"caption":"Stainless steel piglet feeder"},{"@type":"BreadcrumbList","@id":"https:\/\/thietbichannuoi.com\/en\/san-pham\/stainless-steel-pan-feeder\/#breadcrumb","itemListElement":[{"@type":"ListItem","position":1,"name":"Home","item":"https:\/\/thietbichannuoi.com\/en\/"},{"@type":"ListItem","position":2,"name":"Shop","item":"https:\/\/thietbichannuoi.com\/shop\/"},{"@type":"ListItem","position":3,"name":"Stainless steel piglet feeder"}]},{"@type":"WebSite","@id":"https:\/\/thietbichannuoi.com\/#website","url":"https:\/\/thietbichannuoi.com\/","name":"Thi\u1ebft b\u1ecb ch\u0103n nu\u00f4i","description":"S\u1ea3n xu\u1ea5t thi\u1ebft b\u1ecb ch\u0103n nu\u00f4i gia s\u00fac, gia c\u1ea7m v\u00e0 c\u00e1c s\u1ea3n ph\u1ea9m t\u1eeb nh\u1ef1a","publisher":{"@id":"https:\/\/thietbichannuoi.com\/#organization"},"potentialAction":[{"@type":"SearchAction","target":{"@type":"EntryPoint","urlTemplate":"https:\/\/thietbichannuoi.com\/?s={search_term_string}"},"query-input":{"@type":"PropertyValueSpecification","valueRequired":true,"valueName":"search_term_string"}}],"inLanguage":"en-US"},{"@type":"Organization","@id":"https:\/\/thietbichannuoi.com\/#organization","name":"Thi\u1ebft b\u1ecb ch\u0103n nu\u00f4i Minh Ph\u00e1t","url":"https:\/\/thietbichannuoi.com\/","logo":{"@type":"ImageObject","inLanguage":"en-US","@id":"https:\/\/thietbichannuoi.com\/#\/schema\/logo\/image\/","url":"https:\/\/thietbichannuoi.com\/wp-content\/uploads\/2021\/04\/logo-thiet-bi-chan-nuoi.png","contentUrl":"https:\/\/thietbichannuoi.com\/wp-content\/uploads\/2021\/04\/logo-thiet-bi-chan-nuoi.png","width":104,"height":79,"caption":"Thi\u1ebft b\u1ecb ch\u0103n nu\u00f4i Minh Ph\u00e1t"},"image":{"@id":"https:\/\/thietbichannuoi.com\/#\/schema\/logo\/image\/"}}]}},"uagb_featured_image_src":{"full":["https:\/\/thietbichannuoi.com\/wp-content\/uploads\/2024\/06\/mang-cai-sua-03.jpg",1400,1200,false],"thumbnail":["https:\/\/thietbichannuoi.com\/wp-content\/uploads\/2024\/06\/mang-cai-sua-03.jpg",150,129,false],"medium":["https:\/\/thietbichannuoi.com\/wp-content\/uploads\/2024\/06\/mang-cai-sua-03.jpg",300,257,false],"medium_large":["https:\/\/thietbichannuoi.com\/wp-content\/uploads\/2024\/06\/mang-cai-sua-03.jpg",1400,1200,false],"large":["https:\/\/thietbichannuoi.com\/wp-content\/uploads\/2024\/06\/mang-cai-sua-03.jpg",800,686,false],"1536x1536":["https:\/\/thietbichannuoi.com\/wp-content\/uploads\/2024\/06\/mang-cai-sua-03.jpg",1400,1200,false],"2048x2048":["https:\/\/thietbichannuoi.com\/wp-content\/uploads\/2024\/06\/mang-cai-sua-03.jpg",1400,1200,false],"woocommerce_thumbnail":["https:\/\/thietbichannuoi.com\/wp-content\/uploads\/2024\/06\/mang-cai-sua-03.jpg",1400,1200,false],"woocommerce_single":["https:\/\/thietbichannuoi.com\/wp-content\/uploads\/2024\/06\/mang-cai-sua-03.jpg",1400,1200,false],"woocommerce_gallery_thumbnail":["https:\/\/thietbichannuoi.com\/wp-content\/uploads\/2024\/06\/mang-cai-sua-03-100x100.jpg",100,100,true]},"uagb_author_info":{"display_name":"admin","author_link":"https:\/\/thietbichannuoi.com\/en\/author\/"},"uagb_comment_info":0,"uagb_excerpt":"Code: MTA090 Material: SUS 304 Bottom diameter: 265mm Height: 300mm Material: inox 304 Weight: 0,91 kg +\/- 0,01kg Number of feeding cells: 3 cells Swivel rim and adjustment rod: 201 stainless steel Made by: Minh Phat","_links":{"self":[{"href":"https:\/\/thietbichannuoi.com\/en\/wp-json\/wp\/v2\/product\/6520","targetHints":{"allow":["GET"]}}],"collection":[{"href":"https:\/\/thietbichannuoi.com\/en\/wp-json\/wp\/v2\/product"}],"about":[{"href":"https:\/\/thietbichannuoi.com\/en\/wp-json\/wp\/v2\/types\/product"}],"version-history":[{"count":0,"href":"https:\/\/thietbichannuoi.com\/en\/wp-json\/wp\/v2\/product\/6520\/revisions"}],"wp:featuredmedia":[{"embeddable":true,"href":"https:\/\/thietbichannuoi.com\/en\/wp-json\/wp\/v2\/media\/16582"}],"wp:attachment":[{"href":"https:\/\/thietbichannuoi.com\/en\/wp-json\/wp\/v2\/media?parent=6520"}],"wp:term":[{"taxonomy":"product_brand","embeddable":true,"href":"https:\/\/thietbichannuoi.com\/en\/wp-json\/wp\/v2\/product_brand?post=6520"},{"taxonomy":"product_cat","embeddable":true,"href":"https:\/\/thietbichannuoi.com\/en\/wp-json\/wp\/v2\/product_cat?post=6520"},{"taxonomy":"product_tag","embeddable":true,"href":"https:\/\/thietbichannuoi.com\/en\/wp-json\/wp\/v2\/product_tag?post=6520"}],"curies":[{"name":"wp","href":"https:\/\/api.w.org\/{rel}","templated":true}]}}