{"id":6526,"date":"2016-01-26T11:56:58","date_gmt":"2016-01-26T04:55:59","guid":{"rendered":"http:\/\/thietbichannuoi.com\/?post_type=product&#038;p=6526"},"modified":"2025-10-01T09:21:39","modified_gmt":"2025-10-01T02:21:39","slug":"plastic-feeder-5-wings","status":"publish","type":"product","link":"https:\/\/thietbichannuoi.com\/en\/san-pham\/plastic-feeder-5-wings\/","title":{"rendered":"Plastic Feeder 5 Wings"},"content":{"rendered":"<ul>\n<li>Plastic feeder for piglets learning to eat<\/li>\n<li>Installed on the floor of a sow pen using hooks<\/li>\n<li>This product is used to hold feed or milk for piglets<\/li>\n<\/ul>\n<p><img fetchpriority=\"high\" decoding=\"async\" class=\"alignnone wp-image-13543 size-full\" src=\"https:\/\/thietbichannuoi.com\/wp-content\/uploads\/2016\/01\/mang-tap-an-6-canh03.jpg\" alt=\" M\u00e1ng t\u1eadp \u0103n - De hues\" width=\"1400\" height=\"1200\" srcset=\"https:\/\/thietbichannuoi.com\/wp-content\/uploads\/2016\/01\/mang-tap-an-6-canh03.jpg 1400w, https:\/\/thietbichannuoi.com\/wp-content\/uploads\/2016\/01\/mang-tap-an-6-canh03-300x257.jpg 300w, https:\/\/thietbichannuoi.com\/wp-content\/uploads\/2016\/01\/mang-tap-an-6-canh03-1024x878.jpg 1024w, https:\/\/thietbichannuoi.com\/wp-content\/uploads\/2016\/01\/mang-tap-an-6-canh03-150x129.jpg 150w\" sizes=\"(max-width: 1400px) 100vw, 1400px\" \/><\/p>\n<p><img decoding=\"async\" class=\"alignnone wp-image-13541 size-full\" src=\"https:\/\/thietbichannuoi.com\/wp-content\/uploads\/2016\/01\/mang-tap-an-6-canh02.jpg\" alt=\" M\u00e1ng t\u1eadp \u0103n 6-c\u00e1nh- De hues\" width=\"1400\" height=\"1200\" srcset=\"https:\/\/thietbichannuoi.com\/wp-content\/uploads\/2016\/01\/mang-tap-an-6-canh02.jpg 1400w, https:\/\/thietbichannuoi.com\/wp-content\/uploads\/2016\/01\/mang-tap-an-6-canh02-300x257.jpg 300w, https:\/\/thietbichannuoi.com\/wp-content\/uploads\/2016\/01\/mang-tap-an-6-canh02-1024x878.jpg 1024w, https:\/\/thietbichannuoi.com\/wp-content\/uploads\/2016\/01\/mang-tap-an-6-canh02-150x129.jpg 150w\" sizes=\"(max-width: 1400px) 100vw, 1400px\" \/><\/p>\n<p>&nbsp;<\/p>\n","protected":false},"excerpt":{"rendered":"<p><strong>Code: MTA021<\/strong><\/p>\n<ul>\n<li><strong>Bottom diameter:<\/strong> 240mm<\/li>\n<li><strong>Height:<\/strong> 240mm<\/li>\n<li><strong>Material:<\/strong> PP Plastic<\/li>\n<li><strong>Color:<\/strong> Red\/ Customize<\/li>\n<\/ul>\n","protected":false},"featured_media":16576,"template":"","meta":{"_uag_custom_page_level_css":"","footnotes":""},"product_brand":[],"product_cat":[291,300],"product_tag":[362,496],"class_list":{"0":"post-6526","1":"product","2":"type-product","3":"status-publish","4":"has-post-thumbnail","6":"product_cat-equipment-for-pig","7":"product_cat-trought-for-pig","8":"product_tag-equipment-for-pig","9":"product_tag-trought-for-pig","11":"first","12":"instock","13":"shipping-taxable","14":"product-type-simple"},"acf":[],"yoast_head":"<!-- This site is optimized with the Yoast SEO Premium plugin v22.9 (Yoast SEO v27.3) - https:\/\/yoast.com\/product\/yoast-seo-premium-wordpress\/ -->\n<title>Plastic Feeder 5 Wings for pig- Livestock equipment<\/title>\n<meta name=\"description\" content=\"Plastic pig Feeder 5 Wings, Plastic Feeder pig\" \/>\n<meta name=\"robots\" content=\"index, follow, max-snippet:-1, max-image-preview:large, max-video-preview:-1\" \/>\n<link rel=\"canonical\" href=\"https:\/\/thietbichannuoi.com\/en\/san-pham\/plastic-feeder-5-wings\/\" \/>\n<meta property=\"og:locale\" content=\"en_US\" \/>\n<meta property=\"og:type\" content=\"article\" \/>\n<meta property=\"og:title\" content=\"Plastic Feeder 5 Wings\" \/>\n<meta property=\"og:description\" content=\"Code: MTA021   Bottom diameter: 240mm  Height: 240mm  Material: PP Plastic  Color: Red\/ Customize\" \/>\n<meta property=\"og:url\" content=\"https:\/\/thietbichannuoi.com\/en\/san-pham\/plastic-feeder-5-wings\/\" \/>\n<meta property=\"og:site_name\" content=\"Thi\u1ebft b\u1ecb ch\u0103n nu\u00f4i\" \/>\n<meta property=\"article:modified_time\" content=\"2025-10-01T02:21:39+00:00\" \/>\n<meta property=\"og:image\" content=\"https:\/\/thietbichannuoi.com\/wp-content\/uploads\/2024\/06\/mang-an-5-canh.jpg\" \/>\n\t<meta property=\"og:image:width\" content=\"1400\" \/>\n\t<meta property=\"og:image:height\" content=\"1200\" \/>\n\t<meta property=\"og:image:type\" content=\"image\/jpeg\" \/>\n<meta name=\"twitter:card\" content=\"summary_large_image\" \/>\n<meta name=\"twitter:label1\" content=\"Est. reading time\" \/>\n\t<meta name=\"twitter:data1\" content=\"1 minute\" \/>\n<!-- \/ Yoast SEO Premium plugin. -->","yoast_head_json":{"title":"Plastic Feeder 5 Wings for pig- Livestock equipment","description":"Plastic pig Feeder 5 Wings, Plastic Feeder pig","robots":{"index":"index","follow":"follow","max-snippet":"max-snippet:-1","max-image-preview":"max-image-preview:large","max-video-preview":"max-video-preview:-1"},"canonical":"https:\/\/thietbichannuoi.com\/en\/san-pham\/plastic-feeder-5-wings\/","og_locale":"en_US","og_type":"article","og_title":"Plastic Feeder 5 Wings","og_description":"Code: MTA021   Bottom diameter: 240mm  Height: 240mm  Material: PP Plastic  Color: Red\/ Customize","og_url":"https:\/\/thietbichannuoi.com\/en\/san-pham\/plastic-feeder-5-wings\/","og_site_name":"Thi\u1ebft b\u1ecb ch\u0103n nu\u00f4i","article_modified_time":"2025-10-01T02:21:39+00:00","og_image":[{"width":1400,"height":1200,"url":"https:\/\/thietbichannuoi.com\/wp-content\/uploads\/2024\/06\/mang-an-5-canh.jpg","type":"image\/jpeg"}],"twitter_card":"summary_large_image","twitter_misc":{"Est. reading time":"1 minute"},"schema":{"@context":"https:\/\/schema.org","@graph":[{"@type":"WebPage","@id":"https:\/\/thietbichannuoi.com\/en\/san-pham\/plastic-feeder-5-wings\/","url":"https:\/\/thietbichannuoi.com\/en\/san-pham\/plastic-feeder-5-wings\/","name":"Plastic Feeder 5 Wings for pig- Livestock equipment","isPartOf":{"@id":"https:\/\/thietbichannuoi.com\/#website"},"primaryImageOfPage":{"@id":"https:\/\/thietbichannuoi.com\/en\/san-pham\/plastic-feeder-5-wings\/#primaryimage"},"image":{"@id":"https:\/\/thietbichannuoi.com\/en\/san-pham\/plastic-feeder-5-wings\/#primaryimage"},"thumbnailUrl":"https:\/\/thietbichannuoi.com\/wp-content\/uploads\/2024\/06\/mang-an-5-canh.jpg","datePublished":"2016-01-26T04:55:59+00:00","dateModified":"2025-10-01T02:21:39+00:00","description":"Plastic pig Feeder 5 Wings, Plastic Feeder pig","breadcrumb":{"@id":"https:\/\/thietbichannuoi.com\/en\/san-pham\/plastic-feeder-5-wings\/#breadcrumb"},"inLanguage":"en-US","potentialAction":[{"@type":"ReadAction","target":["https:\/\/thietbichannuoi.com\/en\/san-pham\/plastic-feeder-5-wings\/"]}]},{"@type":"ImageObject","inLanguage":"en-US","@id":"https:\/\/thietbichannuoi.com\/en\/san-pham\/plastic-feeder-5-wings\/#primaryimage","url":"https:\/\/thietbichannuoi.com\/wp-content\/uploads\/2024\/06\/mang-an-5-canh.jpg","contentUrl":"https:\/\/thietbichannuoi.com\/wp-content\/uploads\/2024\/06\/mang-an-5-canh.jpg","width":1400,"height":1200,"caption":"Plastic Feeder 5 Wings"},{"@type":"BreadcrumbList","@id":"https:\/\/thietbichannuoi.com\/en\/san-pham\/plastic-feeder-5-wings\/#breadcrumb","itemListElement":[{"@type":"ListItem","position":1,"name":"Home","item":"https:\/\/thietbichannuoi.com\/en\/"},{"@type":"ListItem","position":2,"name":"Shop","item":"https:\/\/thietbichannuoi.com\/shop\/"},{"@type":"ListItem","position":3,"name":"Plastic Feeder 5 Wings"}]},{"@type":"WebSite","@id":"https:\/\/thietbichannuoi.com\/#website","url":"https:\/\/thietbichannuoi.com\/","name":"Thi\u1ebft b\u1ecb ch\u0103n nu\u00f4i","description":"S\u1ea3n xu\u1ea5t thi\u1ebft b\u1ecb ch\u0103n nu\u00f4i gia s\u00fac, gia c\u1ea7m v\u00e0 c\u00e1c s\u1ea3n ph\u1ea9m t\u1eeb nh\u1ef1a","publisher":{"@id":"https:\/\/thietbichannuoi.com\/#organization"},"potentialAction":[{"@type":"SearchAction","target":{"@type":"EntryPoint","urlTemplate":"https:\/\/thietbichannuoi.com\/?s={search_term_string}"},"query-input":{"@type":"PropertyValueSpecification","valueRequired":true,"valueName":"search_term_string"}}],"inLanguage":"en-US"},{"@type":"Organization","@id":"https:\/\/thietbichannuoi.com\/#organization","name":"Thi\u1ebft b\u1ecb ch\u0103n nu\u00f4i Minh Ph\u00e1t","url":"https:\/\/thietbichannuoi.com\/","logo":{"@type":"ImageObject","inLanguage":"en-US","@id":"https:\/\/thietbichannuoi.com\/#\/schema\/logo\/image\/","url":"https:\/\/thietbichannuoi.com\/wp-content\/uploads\/2021\/04\/logo-thiet-bi-chan-nuoi.png","contentUrl":"https:\/\/thietbichannuoi.com\/wp-content\/uploads\/2021\/04\/logo-thiet-bi-chan-nuoi.png","width":104,"height":79,"caption":"Thi\u1ebft b\u1ecb ch\u0103n nu\u00f4i Minh Ph\u00e1t"},"image":{"@id":"https:\/\/thietbichannuoi.com\/#\/schema\/logo\/image\/"}}]}},"uagb_featured_image_src":{"full":["https:\/\/thietbichannuoi.com\/wp-content\/uploads\/2024\/06\/mang-an-5-canh.jpg",1400,1200,false],"thumbnail":["https:\/\/thietbichannuoi.com\/wp-content\/uploads\/2024\/06\/mang-an-5-canh.jpg",150,129,false],"medium":["https:\/\/thietbichannuoi.com\/wp-content\/uploads\/2024\/06\/mang-an-5-canh.jpg",300,257,false],"medium_large":["https:\/\/thietbichannuoi.com\/wp-content\/uploads\/2024\/06\/mang-an-5-canh.jpg",1400,1200,false],"large":["https:\/\/thietbichannuoi.com\/wp-content\/uploads\/2024\/06\/mang-an-5-canh.jpg",800,686,false],"1536x1536":["https:\/\/thietbichannuoi.com\/wp-content\/uploads\/2024\/06\/mang-an-5-canh.jpg",1400,1200,false],"2048x2048":["https:\/\/thietbichannuoi.com\/wp-content\/uploads\/2024\/06\/mang-an-5-canh.jpg",1400,1200,false],"woocommerce_thumbnail":["https:\/\/thietbichannuoi.com\/wp-content\/uploads\/2024\/06\/mang-an-5-canh.jpg",1400,1200,false],"woocommerce_single":["https:\/\/thietbichannuoi.com\/wp-content\/uploads\/2024\/06\/mang-an-5-canh.jpg",1400,1200,false],"woocommerce_gallery_thumbnail":["https:\/\/thietbichannuoi.com\/wp-content\/uploads\/2024\/06\/mang-an-5-canh-100x100.jpg",100,100,true]},"uagb_author_info":{"display_name":"admin","author_link":"https:\/\/thietbichannuoi.com\/en\/author\/"},"uagb_comment_info":0,"uagb_excerpt":"Code: MTA021 Bottom diameter: 240mm Height: 240mm Material: PP Plastic Color: Red\/ Customize","_links":{"self":[{"href":"https:\/\/thietbichannuoi.com\/en\/wp-json\/wp\/v2\/product\/6526","targetHints":{"allow":["GET"]}}],"collection":[{"href":"https:\/\/thietbichannuoi.com\/en\/wp-json\/wp\/v2\/product"}],"about":[{"href":"https:\/\/thietbichannuoi.com\/en\/wp-json\/wp\/v2\/types\/product"}],"version-history":[{"count":0,"href":"https:\/\/thietbichannuoi.com\/en\/wp-json\/wp\/v2\/product\/6526\/revisions"}],"wp:featuredmedia":[{"embeddable":true,"href":"https:\/\/thietbichannuoi.com\/en\/wp-json\/wp\/v2\/media\/16576"}],"wp:attachment":[{"href":"https:\/\/thietbichannuoi.com\/en\/wp-json\/wp\/v2\/media?parent=6526"}],"wp:term":[{"taxonomy":"product_brand","embeddable":true,"href":"https:\/\/thietbichannuoi.com\/en\/wp-json\/wp\/v2\/product_brand?post=6526"},{"taxonomy":"product_cat","embeddable":true,"href":"https:\/\/thietbichannuoi.com\/en\/wp-json\/wp\/v2\/product_cat?post=6526"},{"taxonomy":"product_tag","embeddable":true,"href":"https:\/\/thietbichannuoi.com\/en\/wp-json\/wp\/v2\/product_tag?post=6526"}],"curies":[{"name":"wp","href":"https:\/\/api.w.org\/{rel}","templated":true}]}}