{"id":6530,"date":"2016-01-27T12:57:28","date_gmt":"2016-01-27T05:54:34","guid":{"rendered":"http:\/\/thietbichannuoi.com\/?post_type=product&#038;p=6530"},"modified":"2025-10-01T09:17:59","modified_gmt":"2025-10-01T02:17:59","slug":"stanless-steel-feeder-12-square","status":"publish","type":"product","link":"https:\/\/thietbichannuoi.com\/en\/san-pham\/stanless-steel-feeder-12-square\/","title":{"rendered":"Stanless steel feeder 12 square"},"content":{"rendered":"<p>Stanless steel pig feeder<\/p>\n","protected":false},"excerpt":{"rendered":"<p><strong>Code:<\/strong> <strong>MTA071<\/strong><\/p>\n<ul>\n<li><strong>Material:<\/strong> PP Plastic + Stainless Steel<\/li>\n<li><strong>Weight:<\/strong> 4.4kg<\/li>\n<li><strong>Color:<\/strong> Black<\/li>\n<li><strong>Feeding slots:<\/strong> 12 slots<\/li>\n<li><strong>Capacity:<\/strong> 20 \u2013 30 pigs<\/li>\n<li><strong>Bottom diameter:<\/strong> 500 mm<\/li>\n<li><strong>Total height:<\/strong> 200 mm<\/li>\n<li><strong>Trough wall height:<\/strong> 80 mm<\/li>\n<li><strong>Made by:<\/strong> <strong>Minh Phat<\/strong><\/li>\n<\/ul>\n","protected":false},"featured_media":20345,"template":"","meta":{"_uag_custom_page_level_css":"","footnotes":""},"product_brand":[],"product_cat":[300],"product_tag":[362],"class_list":{"0":"post-6530","1":"product","2":"type-product","3":"status-publish","4":"has-post-thumbnail","6":"product_cat-trought-for-pig","7":"product_tag-equipment-for-pig","9":"first","10":"instock","11":"shipping-taxable","12":"product-type-simple"},"acf":[],"yoast_head":"<!-- This site is optimized with the Yoast SEO Premium plugin v22.9 (Yoast SEO v27.4) - https:\/\/yoast.com\/product\/yoast-seo-premium-wordpress\/ -->\n<title>Stanless steel feeder for pig 12 square - Livestock equipment<\/title>\n<meta name=\"description\" content=\"Stanless steel feeder 12 square\" \/>\n<meta name=\"robots\" content=\"index, follow, max-snippet:-1, max-image-preview:large, max-video-preview:-1\" \/>\n<link rel=\"canonical\" href=\"https:\/\/thietbichannuoi.com\/en\/san-pham\/stanless-steel-feeder-12-square\/\" \/>\n<meta property=\"og:locale\" content=\"en_US\" \/>\n<meta property=\"og:type\" content=\"article\" \/>\n<meta property=\"og:title\" content=\"Stanless steel feeder 12 square\" \/>\n<meta property=\"og:description\" content=\"Code: MTA071   Material: PP Plastic + Stainless Steel  Weight: 4.4kg  Color: Black  Feeding slots: 12 slots  Capacity: 20 \u2013 30 pigs  Bottom diameter: 500 mm  Total height: 200 mm  Trough wall height: 80 mm  Made by: Minh Phat\" \/>\n<meta property=\"og:url\" content=\"https:\/\/thietbichannuoi.com\/en\/san-pham\/stanless-steel-feeder-12-square\/\" \/>\n<meta property=\"og:site_name\" content=\"Thi\u1ebft b\u1ecb ch\u0103n nu\u00f4i\" \/>\n<meta property=\"article:modified_time\" content=\"2025-10-01T02:17:59+00:00\" \/>\n<meta property=\"og:image\" content=\"https:\/\/thietbichannuoi.com\/wp-content\/uploads\/2016\/01\/Mang-heo-cai-sua-MTA071.jpg\" \/>\n\t<meta property=\"og:image:width\" content=\"1400\" \/>\n\t<meta property=\"og:image:height\" content=\"1200\" \/>\n\t<meta property=\"og:image:type\" content=\"image\/jpeg\" \/>\n<meta name=\"twitter:card\" content=\"summary_large_image\" \/>\n<meta name=\"twitter:label1\" content=\"Est. reading time\" \/>\n\t<meta name=\"twitter:data1\" content=\"1 minute\" \/>\n<!-- \/ Yoast SEO Premium plugin. -->","yoast_head_json":{"title":"Stanless steel feeder for pig 12 square - Livestock equipment","description":"Stanless steel feeder 12 square","robots":{"index":"index","follow":"follow","max-snippet":"max-snippet:-1","max-image-preview":"max-image-preview:large","max-video-preview":"max-video-preview:-1"},"canonical":"https:\/\/thietbichannuoi.com\/en\/san-pham\/stanless-steel-feeder-12-square\/","og_locale":"en_US","og_type":"article","og_title":"Stanless steel feeder 12 square","og_description":"Code: MTA071   Material: PP Plastic + Stainless Steel  Weight: 4.4kg  Color: Black  Feeding slots: 12 slots  Capacity: 20 \u2013 30 pigs  Bottom diameter: 500 mm  Total height: 200 mm  Trough wall height: 80 mm  Made by: Minh Phat","og_url":"https:\/\/thietbichannuoi.com\/en\/san-pham\/stanless-steel-feeder-12-square\/","og_site_name":"Thi\u1ebft b\u1ecb ch\u0103n nu\u00f4i","article_modified_time":"2025-10-01T02:17:59+00:00","og_image":[{"width":1400,"height":1200,"url":"https:\/\/thietbichannuoi.com\/wp-content\/uploads\/2016\/01\/Mang-heo-cai-sua-MTA071.jpg","type":"image\/jpeg"}],"twitter_card":"summary_large_image","twitter_misc":{"Est. reading time":"1 minute"},"schema":{"@context":"https:\/\/schema.org","@graph":[{"@type":"WebPage","@id":"https:\/\/thietbichannuoi.com\/en\/san-pham\/stanless-steel-feeder-12-square\/","url":"https:\/\/thietbichannuoi.com\/en\/san-pham\/stanless-steel-feeder-12-square\/","name":"Stanless steel feeder for pig 12 square - Livestock equipment","isPartOf":{"@id":"https:\/\/thietbichannuoi.com\/#website"},"primaryImageOfPage":{"@id":"https:\/\/thietbichannuoi.com\/en\/san-pham\/stanless-steel-feeder-12-square\/#primaryimage"},"image":{"@id":"https:\/\/thietbichannuoi.com\/en\/san-pham\/stanless-steel-feeder-12-square\/#primaryimage"},"thumbnailUrl":"https:\/\/thietbichannuoi.com\/wp-content\/uploads\/2016\/01\/Mang-heo-cai-sua-MTA071.jpg","datePublished":"2016-01-27T05:54:34+00:00","dateModified":"2025-10-01T02:17:59+00:00","description":"Stanless steel feeder 12 square","breadcrumb":{"@id":"https:\/\/thietbichannuoi.com\/en\/san-pham\/stanless-steel-feeder-12-square\/#breadcrumb"},"inLanguage":"en-US","potentialAction":[{"@type":"ReadAction","target":["https:\/\/thietbichannuoi.com\/en\/san-pham\/stanless-steel-feeder-12-square\/"]}]},{"@type":"ImageObject","inLanguage":"en-US","@id":"https:\/\/thietbichannuoi.com\/en\/san-pham\/stanless-steel-feeder-12-square\/#primaryimage","url":"https:\/\/thietbichannuoi.com\/wp-content\/uploads\/2016\/01\/Mang-heo-cai-sua-MTA071.jpg","contentUrl":"https:\/\/thietbichannuoi.com\/wp-content\/uploads\/2016\/01\/Mang-heo-cai-sua-MTA071.jpg","width":1400,"height":1200,"caption":"M\u00e1ng heo cai s\u1eefa MTA071"},{"@type":"BreadcrumbList","@id":"https:\/\/thietbichannuoi.com\/en\/san-pham\/stanless-steel-feeder-12-square\/#breadcrumb","itemListElement":[{"@type":"ListItem","position":1,"name":"Home","item":"https:\/\/thietbichannuoi.com\/en\/"},{"@type":"ListItem","position":2,"name":"Shop","item":"https:\/\/thietbichannuoi.com\/shop\/"},{"@type":"ListItem","position":3,"name":"Stanless steel feeder 12 square"}]},{"@type":"WebSite","@id":"https:\/\/thietbichannuoi.com\/#website","url":"https:\/\/thietbichannuoi.com\/","name":"Thi\u1ebft b\u1ecb ch\u0103n nu\u00f4i","description":"S\u1ea3n xu\u1ea5t thi\u1ebft b\u1ecb ch\u0103n nu\u00f4i gia s\u00fac, gia c\u1ea7m v\u00e0 c\u00e1c s\u1ea3n ph\u1ea9m t\u1eeb nh\u1ef1a","publisher":{"@id":"https:\/\/thietbichannuoi.com\/#organization"},"potentialAction":[{"@type":"SearchAction","target":{"@type":"EntryPoint","urlTemplate":"https:\/\/thietbichannuoi.com\/?s={search_term_string}"},"query-input":{"@type":"PropertyValueSpecification","valueRequired":true,"valueName":"search_term_string"}}],"inLanguage":"en-US"},{"@type":"Organization","@id":"https:\/\/thietbichannuoi.com\/#organization","name":"Thi\u1ebft b\u1ecb ch\u0103n nu\u00f4i Minh Ph\u00e1t","url":"https:\/\/thietbichannuoi.com\/","logo":{"@type":"ImageObject","inLanguage":"en-US","@id":"https:\/\/thietbichannuoi.com\/#\/schema\/logo\/image\/","url":"https:\/\/thietbichannuoi.com\/wp-content\/uploads\/2021\/04\/logo-thiet-bi-chan-nuoi.png","contentUrl":"https:\/\/thietbichannuoi.com\/wp-content\/uploads\/2021\/04\/logo-thiet-bi-chan-nuoi.png","width":104,"height":79,"caption":"Thi\u1ebft b\u1ecb ch\u0103n nu\u00f4i Minh Ph\u00e1t"},"image":{"@id":"https:\/\/thietbichannuoi.com\/#\/schema\/logo\/image\/"}}]}},"uagb_featured_image_src":{"full":["https:\/\/thietbichannuoi.com\/wp-content\/uploads\/2016\/01\/Mang-heo-cai-sua-MTA071.jpg",1400,1200,false],"thumbnail":["https:\/\/thietbichannuoi.com\/wp-content\/uploads\/2016\/01\/Mang-heo-cai-sua-MTA071.jpg",150,129,false],"medium":["https:\/\/thietbichannuoi.com\/wp-content\/uploads\/2016\/01\/Mang-heo-cai-sua-MTA071.jpg",300,257,false],"medium_large":["https:\/\/thietbichannuoi.com\/wp-content\/uploads\/2016\/01\/Mang-heo-cai-sua-MTA071.jpg",1400,1200,false],"large":["https:\/\/thietbichannuoi.com\/wp-content\/uploads\/2016\/01\/Mang-heo-cai-sua-MTA071.jpg",800,686,false],"1536x1536":["https:\/\/thietbichannuoi.com\/wp-content\/uploads\/2016\/01\/Mang-heo-cai-sua-MTA071.jpg",1400,1200,false],"2048x2048":["https:\/\/thietbichannuoi.com\/wp-content\/uploads\/2016\/01\/Mang-heo-cai-sua-MTA071.jpg",1400,1200,false],"woocommerce_thumbnail":["https:\/\/thietbichannuoi.com\/wp-content\/uploads\/2016\/01\/Mang-heo-cai-sua-MTA071.jpg",1400,1200,false],"woocommerce_single":["https:\/\/thietbichannuoi.com\/wp-content\/uploads\/2016\/01\/Mang-heo-cai-sua-MTA071.jpg",1400,1200,false],"woocommerce_gallery_thumbnail":["https:\/\/thietbichannuoi.com\/wp-content\/uploads\/2016\/01\/Mang-heo-cai-sua-MTA071-100x100.jpg",100,100,true]},"uagb_author_info":{"display_name":"admin","author_link":"https:\/\/thietbichannuoi.com\/en\/author\/"},"uagb_comment_info":0,"uagb_excerpt":"Code: MTA071 Material: PP Plastic + Stainless Steel Weight: 4.4kg Color: Black Feeding slots: 12 slots Capacity: 20 \u2013 30 pigs Bottom diameter: 500 mm Total height: 200 mm Trough wall height: 80 mm Made by: Minh Phat","_links":{"self":[{"href":"https:\/\/thietbichannuoi.com\/en\/wp-json\/wp\/v2\/product\/6530","targetHints":{"allow":["GET"]}}],"collection":[{"href":"https:\/\/thietbichannuoi.com\/en\/wp-json\/wp\/v2\/product"}],"about":[{"href":"https:\/\/thietbichannuoi.com\/en\/wp-json\/wp\/v2\/types\/product"}],"version-history":[{"count":0,"href":"https:\/\/thietbichannuoi.com\/en\/wp-json\/wp\/v2\/product\/6530\/revisions"}],"wp:featuredmedia":[{"embeddable":true,"href":"https:\/\/thietbichannuoi.com\/en\/wp-json\/wp\/v2\/media\/20345"}],"wp:attachment":[{"href":"https:\/\/thietbichannuoi.com\/en\/wp-json\/wp\/v2\/media?parent=6530"}],"wp:term":[{"taxonomy":"product_brand","embeddable":true,"href":"https:\/\/thietbichannuoi.com\/en\/wp-json\/wp\/v2\/product_brand?post=6530"},{"taxonomy":"product_cat","embeddable":true,"href":"https:\/\/thietbichannuoi.com\/en\/wp-json\/wp\/v2\/product_cat?post=6530"},{"taxonomy":"product_tag","embeddable":true,"href":"https:\/\/thietbichannuoi.com\/en\/wp-json\/wp\/v2\/product_tag?post=6530"}],"curies":[{"name":"wp","href":"https:\/\/api.w.org\/{rel}","templated":true}]}}