{"id":6538,"date":"2016-01-27T13:12:25","date_gmt":"2016-01-27T06:11:51","guid":{"rendered":"http:\/\/thietbichannuoi.com\/?post_type=product&#038;p=6538"},"modified":"2025-09-25T17:13:56","modified_gmt":"2025-09-25T10:13:56","slug":"pump-electric-panel","status":"publish","type":"product","link":"https:\/\/thietbichannuoi.com\/en\/san-pham\/pump-electric-panel\/","title":{"rendered":"Pump electric control panel"},"content":{"rendered":"<p>Pump electric control panel<\/p>\n","protected":false},"excerpt":{"rendered":"<p>Pump Electric panel<\/p>\n<p>T\u1ee7 \u0111i\u1ec1u khi\u1ec3n b\u01a1m n\u01b0\u1edbc cho t\u1ea5m h\u1ec7 th\u1ed1ng t\u1ea5m l\u00e0m m\u00e1t.<\/p>\n<p>Nguy\u00ean l\u00fd ho\u1ea1t \u0111\u1ed9ng:<\/p>\n<ul>\n<li>Ch\u1ebf \u0111\u1ed9 ch\u1ea1y tr\u1ef1c ti\u1ebfp.<\/li>\n<li>Ch\u1ebf \u0111\u1ed9 ch\u1ea1y t\u1ef1 \u0111\u1ed9ng: th\u00f4ng qua c\u1ea3m bi\u1ebfn \u0111\u1ed9 \u1ea9m s\u1ebd t\u1eaft\/m\u1edf s\u1ed1 l\u01b0\u1ee3ng motor b\u01a1m.<\/li>\n<li>S\u1ed1 l\u01b0\u1ee3ng b\u01a1m ph\u1ee5 thu\u1ed9c v\u00e0o nhu c\u1ea7u c\u1ee7a t\u1eebng tr\u1ea1i.<\/li>\n<\/ul>\n","protected":false},"featured_media":12989,"template":"","meta":{"_uag_custom_page_level_css":"","footnotes":""},"product_brand":[],"product_cat":[306,291,589],"product_tag":[364,362],"class_list":{"0":"post-6538","1":"product","2":"type-product","3":"status-publish","4":"has-post-thumbnail","6":"product_cat-cooling-system","7":"product_cat-equipment-for-pig","8":"product_cat-poultry-equipment","9":"product_tag-cooling-system","10":"product_tag-equipment-for-pig","12":"first","13":"instock","14":"shipping-taxable","15":"product-type-simple"},"acf":[],"yoast_head":"<!-- This site is optimized with the Yoast SEO Premium plugin v22.9 (Yoast SEO v27.4) - https:\/\/yoast.com\/product\/yoast-seo-premium-wordpress\/ -->\n<title>Pump Electric panel - Livestock equipment<\/title>\n<meta name=\"description\" content=\"Pump electric panel control, Minh phat, Minh ph\u00e1t\" \/>\n<meta name=\"robots\" content=\"index, follow, max-snippet:-1, max-image-preview:large, max-video-preview:-1\" \/>\n<link rel=\"canonical\" href=\"https:\/\/thietbichannuoi.com\/en\/san-pham\/pump-electric-panel\/\" \/>\n<meta property=\"og:locale\" content=\"en_US\" \/>\n<meta property=\"og:type\" content=\"article\" \/>\n<meta property=\"og:title\" content=\"Pump electric control panel\" \/>\n<meta property=\"og:description\" content=\"Pump Electric panel  T\u1ee7 \u0111i\u1ec1u khi\u1ec3n b\u01a1m n\u01b0\u1edbc cho t\u1ea5m h\u1ec7 th\u1ed1ng t\u1ea5m l\u00e0m m\u00e1t.  Nguy\u00ean l\u00fd ho\u1ea1t \u0111\u1ed9ng:   Ch\u1ebf \u0111\u1ed9 ch\u1ea1y tr\u1ef1c ti\u1ebfp.  Ch\u1ebf \u0111\u1ed9 ch\u1ea1y t\u1ef1 \u0111\u1ed9ng: th\u00f4ng qua c\u1ea3m bi\u1ebfn \u0111\u1ed9 \u1ea9m s\u1ebd t\u1eaft\/m\u1edf s\u1ed1 l\u01b0\u1ee3ng motor b\u01a1m.  S\u1ed1 l\u01b0\u1ee3ng b\u01a1m ph\u1ee5 thu\u1ed9c v\u00e0o nhu c\u1ea7u c\u1ee7a t\u1eebng tr\u1ea1i.\" \/>\n<meta property=\"og:url\" content=\"https:\/\/thietbichannuoi.com\/en\/san-pham\/pump-electric-panel\/\" \/>\n<meta property=\"og:site_name\" content=\"Thi\u1ebft b\u1ecb ch\u0103n nu\u00f4i\" \/>\n<meta property=\"article:modified_time\" content=\"2025-09-25T10:13:56+00:00\" \/>\n<meta property=\"og:image\" content=\"https:\/\/thietbichannuoi.com\/wp-content\/uploads\/2023\/05\/tu-dien-.jpg\" \/>\n\t<meta property=\"og:image:width\" content=\"1400\" \/>\n\t<meta property=\"og:image:height\" content=\"1200\" \/>\n\t<meta property=\"og:image:type\" content=\"image\/jpeg\" \/>\n<meta name=\"twitter:card\" content=\"summary_large_image\" \/>\n<meta name=\"twitter:label1\" content=\"Est. reading time\" \/>\n\t<meta name=\"twitter:data1\" content=\"1 minute\" \/>\n<!-- \/ Yoast SEO Premium plugin. -->","yoast_head_json":{"title":"Pump Electric panel - Livestock equipment","description":"Pump electric panel control, Minh phat, Minh ph\u00e1t","robots":{"index":"index","follow":"follow","max-snippet":"max-snippet:-1","max-image-preview":"max-image-preview:large","max-video-preview":"max-video-preview:-1"},"canonical":"https:\/\/thietbichannuoi.com\/en\/san-pham\/pump-electric-panel\/","og_locale":"en_US","og_type":"article","og_title":"Pump electric control panel","og_description":"Pump Electric panel  T\u1ee7 \u0111i\u1ec1u khi\u1ec3n b\u01a1m n\u01b0\u1edbc cho t\u1ea5m h\u1ec7 th\u1ed1ng t\u1ea5m l\u00e0m m\u00e1t.  Nguy\u00ean l\u00fd ho\u1ea1t \u0111\u1ed9ng:   Ch\u1ebf \u0111\u1ed9 ch\u1ea1y tr\u1ef1c ti\u1ebfp.  Ch\u1ebf \u0111\u1ed9 ch\u1ea1y t\u1ef1 \u0111\u1ed9ng: th\u00f4ng qua c\u1ea3m bi\u1ebfn \u0111\u1ed9 \u1ea9m s\u1ebd t\u1eaft\/m\u1edf s\u1ed1 l\u01b0\u1ee3ng motor b\u01a1m.  S\u1ed1 l\u01b0\u1ee3ng b\u01a1m ph\u1ee5 thu\u1ed9c v\u00e0o nhu c\u1ea7u c\u1ee7a t\u1eebng tr\u1ea1i.","og_url":"https:\/\/thietbichannuoi.com\/en\/san-pham\/pump-electric-panel\/","og_site_name":"Thi\u1ebft b\u1ecb ch\u0103n nu\u00f4i","article_modified_time":"2025-09-25T10:13:56+00:00","og_image":[{"width":1400,"height":1200,"url":"https:\/\/thietbichannuoi.com\/wp-content\/uploads\/2023\/05\/tu-dien-.jpg","type":"image\/jpeg"}],"twitter_card":"summary_large_image","twitter_misc":{"Est. reading time":"1 minute"},"schema":{"@context":"https:\/\/schema.org","@graph":[{"@type":"WebPage","@id":"https:\/\/thietbichannuoi.com\/en\/san-pham\/pump-electric-panel\/","url":"https:\/\/thietbichannuoi.com\/en\/san-pham\/pump-electric-panel\/","name":"Pump Electric panel - Livestock equipment","isPartOf":{"@id":"https:\/\/thietbichannuoi.com\/#website"},"primaryImageOfPage":{"@id":"https:\/\/thietbichannuoi.com\/en\/san-pham\/pump-electric-panel\/#primaryimage"},"image":{"@id":"https:\/\/thietbichannuoi.com\/en\/san-pham\/pump-electric-panel\/#primaryimage"},"thumbnailUrl":"https:\/\/thietbichannuoi.com\/wp-content\/uploads\/2023\/05\/tu-dien-.jpg","datePublished":"2016-01-27T06:11:51+00:00","dateModified":"2025-09-25T10:13:56+00:00","description":"Pump electric panel control, Minh phat, Minh ph\u00e1t","breadcrumb":{"@id":"https:\/\/thietbichannuoi.com\/en\/san-pham\/pump-electric-panel\/#breadcrumb"},"inLanguage":"en-US","potentialAction":[{"@type":"ReadAction","target":["https:\/\/thietbichannuoi.com\/en\/san-pham\/pump-electric-panel\/"]}]},{"@type":"ImageObject","inLanguage":"en-US","@id":"https:\/\/thietbichannuoi.com\/en\/san-pham\/pump-electric-panel\/#primaryimage","url":"https:\/\/thietbichannuoi.com\/wp-content\/uploads\/2023\/05\/tu-dien-.jpg","contentUrl":"https:\/\/thietbichannuoi.com\/wp-content\/uploads\/2023\/05\/tu-dien-.jpg","width":1400,"height":1200,"caption":"Pump electric control panel"},{"@type":"BreadcrumbList","@id":"https:\/\/thietbichannuoi.com\/en\/san-pham\/pump-electric-panel\/#breadcrumb","itemListElement":[{"@type":"ListItem","position":1,"name":"Home","item":"https:\/\/thietbichannuoi.com\/en\/"},{"@type":"ListItem","position":2,"name":"Shop","item":"https:\/\/thietbichannuoi.com\/shop\/"},{"@type":"ListItem","position":3,"name":"Pump electric control panel"}]},{"@type":"WebSite","@id":"https:\/\/thietbichannuoi.com\/#website","url":"https:\/\/thietbichannuoi.com\/","name":"Thi\u1ebft b\u1ecb ch\u0103n nu\u00f4i","description":"S\u1ea3n xu\u1ea5t thi\u1ebft b\u1ecb ch\u0103n nu\u00f4i gia s\u00fac, gia c\u1ea7m v\u00e0 c\u00e1c s\u1ea3n ph\u1ea9m t\u1eeb nh\u1ef1a","publisher":{"@id":"https:\/\/thietbichannuoi.com\/#organization"},"potentialAction":[{"@type":"SearchAction","target":{"@type":"EntryPoint","urlTemplate":"https:\/\/thietbichannuoi.com\/?s={search_term_string}"},"query-input":{"@type":"PropertyValueSpecification","valueRequired":true,"valueName":"search_term_string"}}],"inLanguage":"en-US"},{"@type":"Organization","@id":"https:\/\/thietbichannuoi.com\/#organization","name":"Thi\u1ebft b\u1ecb ch\u0103n nu\u00f4i Minh Ph\u00e1t","url":"https:\/\/thietbichannuoi.com\/","logo":{"@type":"ImageObject","inLanguage":"en-US","@id":"https:\/\/thietbichannuoi.com\/#\/schema\/logo\/image\/","url":"https:\/\/thietbichannuoi.com\/wp-content\/uploads\/2021\/04\/logo-thiet-bi-chan-nuoi.png","contentUrl":"https:\/\/thietbichannuoi.com\/wp-content\/uploads\/2021\/04\/logo-thiet-bi-chan-nuoi.png","width":104,"height":79,"caption":"Thi\u1ebft b\u1ecb ch\u0103n nu\u00f4i Minh Ph\u00e1t"},"image":{"@id":"https:\/\/thietbichannuoi.com\/#\/schema\/logo\/image\/"}}]}},"uagb_featured_image_src":{"full":["https:\/\/thietbichannuoi.com\/wp-content\/uploads\/2023\/05\/tu-dien-.jpg",1400,1200,false],"thumbnail":["https:\/\/thietbichannuoi.com\/wp-content\/uploads\/2023\/05\/tu-dien-.jpg",150,129,false],"medium":["https:\/\/thietbichannuoi.com\/wp-content\/uploads\/2023\/05\/tu-dien-.jpg",300,257,false],"medium_large":["https:\/\/thietbichannuoi.com\/wp-content\/uploads\/2023\/05\/tu-dien-.jpg",1400,1200,false],"large":["https:\/\/thietbichannuoi.com\/wp-content\/uploads\/2023\/05\/tu-dien-.jpg",800,686,false],"1536x1536":["https:\/\/thietbichannuoi.com\/wp-content\/uploads\/2023\/05\/tu-dien-.jpg",1400,1200,false],"2048x2048":["https:\/\/thietbichannuoi.com\/wp-content\/uploads\/2023\/05\/tu-dien-.jpg",1400,1200,false],"woocommerce_thumbnail":["https:\/\/thietbichannuoi.com\/wp-content\/uploads\/2023\/05\/tu-dien-.jpg",1400,1200,false],"woocommerce_single":["https:\/\/thietbichannuoi.com\/wp-content\/uploads\/2023\/05\/tu-dien-.jpg",1400,1200,false],"woocommerce_gallery_thumbnail":["https:\/\/thietbichannuoi.com\/wp-content\/uploads\/2023\/05\/tu-dien--100x100.jpg",100,100,true]},"uagb_author_info":{"display_name":"admin","author_link":"https:\/\/thietbichannuoi.com\/en\/author\/"},"uagb_comment_info":0,"uagb_excerpt":"Pump Electric panel T\u1ee7 \u0111i\u1ec1u khi\u1ec3n b\u01a1m n\u01b0\u1edbc cho t\u1ea5m h\u1ec7 th\u1ed1ng t\u1ea5m l\u00e0m m\u00e1t. Nguy\u00ean l\u00fd ho\u1ea1t \u0111\u1ed9ng: Ch\u1ebf \u0111\u1ed9 ch\u1ea1y tr\u1ef1c ti\u1ebfp. Ch\u1ebf \u0111\u1ed9 ch\u1ea1y t\u1ef1 \u0111\u1ed9ng: th\u00f4ng qua c\u1ea3m bi\u1ebfn \u0111\u1ed9 \u1ea9m s\u1ebd t\u1eaft\/m\u1edf s\u1ed1 l\u01b0\u1ee3ng motor b\u01a1m. S\u1ed1 l\u01b0\u1ee3ng b\u01a1m ph\u1ee5 thu\u1ed9c v\u00e0o nhu c\u1ea7u c\u1ee7a t\u1eebng tr\u1ea1i.","_links":{"self":[{"href":"https:\/\/thietbichannuoi.com\/en\/wp-json\/wp\/v2\/product\/6538","targetHints":{"allow":["GET"]}}],"collection":[{"href":"https:\/\/thietbichannuoi.com\/en\/wp-json\/wp\/v2\/product"}],"about":[{"href":"https:\/\/thietbichannuoi.com\/en\/wp-json\/wp\/v2\/types\/product"}],"version-history":[{"count":0,"href":"https:\/\/thietbichannuoi.com\/en\/wp-json\/wp\/v2\/product\/6538\/revisions"}],"wp:featuredmedia":[{"embeddable":true,"href":"https:\/\/thietbichannuoi.com\/en\/wp-json\/wp\/v2\/media\/12989"}],"wp:attachment":[{"href":"https:\/\/thietbichannuoi.com\/en\/wp-json\/wp\/v2\/media?parent=6538"}],"wp:term":[{"taxonomy":"product_brand","embeddable":true,"href":"https:\/\/thietbichannuoi.com\/en\/wp-json\/wp\/v2\/product_brand?post=6538"},{"taxonomy":"product_cat","embeddable":true,"href":"https:\/\/thietbichannuoi.com\/en\/wp-json\/wp\/v2\/product_cat?post=6538"},{"taxonomy":"product_tag","embeddable":true,"href":"https:\/\/thietbichannuoi.com\/en\/wp-json\/wp\/v2\/product_tag?post=6538"}],"curies":[{"name":"wp","href":"https:\/\/api.w.org\/{rel}","templated":true}]}}