{"id":6549,"date":"2016-01-27T14:03:14","date_gmt":"2016-01-27T06:25:07","guid":{"rendered":"http:\/\/thietbichannuoi.com\/?post_type=product&#038;p=6549"},"modified":"2025-05-27T15:18:13","modified_gmt":"2025-05-27T08:18:13","slug":"exhaust-fan","status":"publish","type":"product","link":"https:\/\/thietbichannuoi.com\/en\/san-pham\/exhaust-fan\/","title":{"rendered":"Exhaust fan for pig farm"},"content":{"rendered":"<p>System Exhaust fan for pig farm, Exhaust fan is an Effective Ventilation System for Pig Farm,<\/p>\n<p>Pigs are commonly group housed in a air-compact space. They are sensitive to draughts and have limited thermoregulation ability; they need a proper living environment in the scorching weather that impairs their health and production. So ventilation systems for confined swine operations are important in order to keep a desirable environmental conditions inside of the pig barns.<\/p>\n<p>Ventilation is necessary to prevent a build-up of microbes, dust and exhaled air in pig barns. It is also needed to remove excess humidity and heat. The <em>ventilation of swine farms<\/em> should be performed not only in summer, also in winter. But, winter ventilation rates are considerably lower than summer ventilation rates.,,,<\/p>\n<p>Exhaust fans are used in pig barns, farms, warehouses, and industrial workshops to improve air circulation, control temperature, and maintain a healthy environment for livestock and workers. These fans help reduce humidity, remove dust and odors, and prevent heat buildup, ensuring optimal conditions for both animals and equipment.<\/p>\n<p><img fetchpriority=\"high\" decoding=\"async\" class=\"size-full wp-image-7091 aligncenter\" src=\"http:\/\/thietbichannuoi.com\/wp-content\/uploads\/2016\/01\/mo-hinh-quat-thong-gio.jpg\" alt=\"mo-hinh-quat-thong-gio\" width=\"600\" height=\"292\" srcset=\"https:\/\/thietbichannuoi.com\/wp-content\/uploads\/2016\/01\/mo-hinh-quat-thong-gio.jpg 600w, https:\/\/thietbichannuoi.com\/wp-content\/uploads\/2016\/01\/mo-hinh-quat-thong-gio-500x243.jpg 500w, https:\/\/thietbichannuoi.com\/wp-content\/uploads\/2016\/01\/mo-hinh-quat-thong-gio-300x146.jpg 300w\" sizes=\"(max-width: 600px) 100vw, 600px\" \/><\/p>\n<p>&nbsp;<\/p>\n<p>&nbsp;<\/p>\n<p><img decoding=\"async\" class=\"alignnone wp-image-16821 size-full\" src=\"https:\/\/thietbichannuoi.com\/wp-content\/uploads\/2024\/06\/DSC1597-logo-mp.jpg\" alt=\"\" width=\"2500\" height=\"1667\" srcset=\"https:\/\/thietbichannuoi.com\/wp-content\/uploads\/2024\/06\/DSC1597-logo-mp.jpg 2500w, https:\/\/thietbichannuoi.com\/wp-content\/uploads\/2024\/06\/DSC1597-logo-mp-300x200.jpg 300w, https:\/\/thietbichannuoi.com\/wp-content\/uploads\/2024\/06\/DSC1597-logo-mp-1024x683.jpg 1024w, https:\/\/thietbichannuoi.com\/wp-content\/uploads\/2024\/06\/DSC1597-logo-mp-150x100.jpg 150w, https:\/\/thietbichannuoi.com\/wp-content\/uploads\/2024\/06\/DSC1597-logo-mp-1536x1024.jpg 1536w, https:\/\/thietbichannuoi.com\/wp-content\/uploads\/2024\/06\/DSC1597-logo-mp-2048x1366.jpg 2048w\" sizes=\"(max-width: 2500px) 100vw, 2500px\" \/><\/p>\n<p><img decoding=\"async\" class=\"alignnone wp-image-16819 size-full\" src=\"https:\/\/thietbichannuoi.com\/wp-content\/uploads\/2024\/06\/DSC1602-logo-mp.jpg\" alt=\"\" width=\"2500\" height=\"1667\" srcset=\"https:\/\/thietbichannuoi.com\/wp-content\/uploads\/2024\/06\/DSC1602-logo-mp.jpg 2500w, https:\/\/thietbichannuoi.com\/wp-content\/uploads\/2024\/06\/DSC1602-logo-mp-300x200.jpg 300w, https:\/\/thietbichannuoi.com\/wp-content\/uploads\/2024\/06\/DSC1602-logo-mp-1024x683.jpg 1024w, https:\/\/thietbichannuoi.com\/wp-content\/uploads\/2024\/06\/DSC1602-logo-mp-150x100.jpg 150w, https:\/\/thietbichannuoi.com\/wp-content\/uploads\/2024\/06\/DSC1602-logo-mp-1536x1024.jpg 1536w, https:\/\/thietbichannuoi.com\/wp-content\/uploads\/2024\/06\/DSC1602-logo-mp-2048x1366.jpg 2048w\" sizes=\"(max-width: 2500px) 100vw, 2500px\" \/><\/p>\n<p><img loading=\"lazy\" decoding=\"async\" class=\"alignnone wp-image-16825 size-full\" src=\"https:\/\/thietbichannuoi.com\/wp-content\/uploads\/2024\/06\/DSC1593-logo-mp.jpg\" alt=\"\" width=\"2500\" height=\"1667\" srcset=\"https:\/\/thietbichannuoi.com\/wp-content\/uploads\/2024\/06\/DSC1593-logo-mp.jpg 2500w, https:\/\/thietbichannuoi.com\/wp-content\/uploads\/2024\/06\/DSC1593-logo-mp-300x200.jpg 300w, https:\/\/thietbichannuoi.com\/wp-content\/uploads\/2024\/06\/DSC1593-logo-mp-1024x683.jpg 1024w, https:\/\/thietbichannuoi.com\/wp-content\/uploads\/2024\/06\/DSC1593-logo-mp-150x100.jpg 150w, https:\/\/thietbichannuoi.com\/wp-content\/uploads\/2024\/06\/DSC1593-logo-mp-1536x1024.jpg 1536w, https:\/\/thietbichannuoi.com\/wp-content\/uploads\/2024\/06\/DSC1593-logo-mp-2048x1366.jpg 2048w\" sizes=\"(max-width: 2500px) 100vw, 2500px\" \/><\/p>\n<p>&nbsp;<\/p>\n","protected":false},"excerpt":{"rendered":"<p>Exhaust fans are used in pig barns, farms, warehouses, and industrial workshops to improve air circulation, control temperature, and maintain a healthy environment for livestock and workers. These fans help reduce humidity, remove dust and odors, and prevent heat buildup, ensuring optimal conditions for both animals and equipment.<\/p>\n<table width=\"896\">\n<tbody>\n<tr>\n<td style=\"font-weight: 400\" width=\"103\">QAHT02<\/td>\n<td style=\"font-weight: 400\" width=\"326\">36&#8243;-3 Blade Aluminum, Single Phase &#8211; 0.5 HP<\/td>\n<td style=\"font-weight: 400\" width=\"467\">\n<ul>\n<li><strong>Dimensions:<\/strong> 1060 x 1060 x 400 mm<\/li>\n<li><strong>Airflow:<\/strong> 32,500 m\u00b3\/h<\/li>\n<li><strong>Motor:<\/strong> 0.37 KW (0.5 HP)<\/li>\n<li><strong>Body:<\/strong> Composite<\/li>\n<\/ul>\n<\/td>\n<\/tr>\n<tr>\n<td width=\"103\">QAHT03<\/td>\n<td width=\"326\">48&#8243;-3 Blade Aluminum, Three Phase, 1 HP, Siemens<\/td>\n<td width=\"467\">\n<ul>\n<li><strong>Dimensions:<\/strong> 1380 x 1380 x 400 mm<\/li>\n<li><strong>Airflow:<\/strong> 37,500 m\u00b3\/h<\/li>\n<li><strong>Motor:<\/strong> 0.75 KW (1 HP) Siemens<\/li>\n<li><strong>Body:<\/strong> Composite<\/li>\n<\/ul>\n<\/td>\n<\/tr>\n<tr>\n<td style=\"font-weight: 400\" width=\"103\">QAHT04<\/td>\n<td style=\"font-weight: 400\" width=\"326\">Q48&#8243;-3 Blade Aluminum, Three Phase, 1.5 HP, Enertech<\/td>\n<td style=\"font-weight: 400\" width=\"467\">\n<ul>\n<li><strong>Dimensions:<\/strong> 1380 x 1380 x 400 mm<\/li>\n<li><strong>Airflow:<\/strong> 37,500 m\u00b3\/h<\/li>\n<li><strong>Body:<\/strong> Composite<\/li>\n<\/ul>\n<\/td>\n<\/tr>\n<tr>\n<td width=\"103\">QAHT05<\/td>\n<td width=\"326\">48&#8243;-3 Blade Aluminum, Single Phase, 1 HP, Enertech<\/td>\n<td width=\"467\">\n<ul>\n<li><strong>Dimensions:<\/strong> 1380 x 1380 x 400 mm<\/li>\n<li><strong>Airflow:<\/strong> 37,500 m\u00b3\/h<\/li>\n<li><strong>Body:<\/strong> Composite<\/li>\n<\/ul>\n<\/td>\n<\/tr>\n<tr>\n<td style=\"font-weight: 400\" width=\"103\">QAHT06<\/td>\n<td style=\"font-weight: 400\" width=\"326\">48&#8243;-3 Blade Aluminum, Single Phase, 1.5 HP, Enertech<\/td>\n<td style=\"font-weight: 400\" width=\"467\">\n<ul>\n<li><strong>Dimensions:<\/strong> 1380 x 1380 x 400 mm<\/li>\n<li><strong>Airflow:<\/strong> 37,500 m\u00b3\/h<\/li>\n<li><strong>Body:<\/strong> Composite<\/li>\n<\/ul>\n<\/td>\n<\/tr>\n<\/tbody>\n<\/table>\n","protected":false},"featured_media":19176,"template":"","meta":{"_uag_custom_page_level_css":"","footnotes":""},"product_brand":[],"product_cat":[306],"product_tag":[364],"class_list":{"0":"post-6549","1":"product","2":"type-product","3":"status-publish","4":"has-post-thumbnail","6":"product_cat-cooling-system","7":"product_tag-cooling-system","9":"first","10":"instock","11":"shipping-taxable","12":"product-type-simple"},"acf":[],"yoast_head":"<!-- This site is optimized with the Yoast SEO Premium plugin v22.9 (Yoast SEO v27.5) - https:\/\/yoast.com\/product\/yoast-seo-premium-wordpress\/ -->\n<title>Exhaust fan for pig - Livestock equipment<\/title>\n<meta name=\"description\" content=\"System Exhaust fan for pig farm, Exhaust fan is an Effective Ventilation System for Pig Farm\" \/>\n<meta name=\"robots\" content=\"index, follow, max-snippet:-1, max-image-preview:large, max-video-preview:-1\" \/>\n<link rel=\"canonical\" href=\"https:\/\/thietbichannuoi.com\/en\/san-pham\/exhaust-fan\/\" \/>\n<meta property=\"og:locale\" content=\"en_US\" \/>\n<meta property=\"og:type\" content=\"article\" \/>\n<meta property=\"og:title\" content=\"Exhaust fan for pig farm\" \/>\n<meta property=\"og:description\" content=\"Exhaust fans are used in pig barns, farms, warehouses, and industrial workshops to improve air circulation, control temperature, and maintain a healthy environment for livestock and workers. These fans help reduce humidity, remove dust and odors, and prevent heat buildup, ensuring optimal conditions for both animals and equipment.    QAHT02 36&quot;-3 Blade Aluminum, Single Phase - 0.5 HP    Dimensions: 1060 x 1060 x 400 mm  Airflow: 32,500 m\u00b3\/h  Motor: 0.37 KW (0.5 HP)  Body: Composite     QAHT03 48&quot;-3 Blade Aluminum, Three Phase, 1 HP, Siemens    Dimensions: 1380 x 1380 x 400 mm  Airflow: 37,500 m\u00b3\/h  Motor: 0.75 KW (1 HP) Siemens  Body: Composite     QAHT04 Q48&quot;-3 Blade Aluminum, Three Phase, 1.5 HP, Enertech    Dimensions: 1380 x 1380 x 400 mm  Airflow: 37,500 m\u00b3\/h  Body: Composite     QAHT05 48&quot;-3 Blade Aluminum, Single Phase, 1 HP, Enertech    Dimensions: 1380 x 1380 x 400 mm  Airflow: 37,500 m\u00b3\/h  Body: Composite     QAHT06 48&quot;-3 Blade Aluminum, Single Phase, 1.5 HP, Enertech    Dimensions: 1380 x 1380 x 400 mm  Airflow: 37,500 m\u00b3\/h  Body: Composite\" \/>\n<meta property=\"og:url\" content=\"https:\/\/thietbichannuoi.com\/en\/san-pham\/exhaust-fan\/\" \/>\n<meta property=\"og:site_name\" content=\"Thi\u1ebft b\u1ecb ch\u0103n nu\u00f4i\" \/>\n<meta property=\"article:modified_time\" content=\"2025-05-27T08:18:13+00:00\" \/>\n<meta property=\"og:image\" content=\"https:\/\/thietbichannuoi.com\/wp-content\/uploads\/2016\/01\/QAVN010.jpg\" \/>\n\t<meta property=\"og:image:width\" content=\"1400\" \/>\n\t<meta property=\"og:image:height\" content=\"1200\" \/>\n\t<meta property=\"og:image:type\" content=\"image\/jpeg\" \/>\n<meta name=\"twitter:card\" content=\"summary_large_image\" \/>\n<meta name=\"twitter:label1\" content=\"Est. reading time\" \/>\n\t<meta name=\"twitter:data1\" content=\"2 minutes\" \/>\n<!-- \/ Yoast SEO Premium plugin. -->","yoast_head_json":{"title":"Exhaust fan for pig - Livestock equipment","description":"System Exhaust fan for pig farm, Exhaust fan is an Effective Ventilation System for Pig Farm","robots":{"index":"index","follow":"follow","max-snippet":"max-snippet:-1","max-image-preview":"max-image-preview:large","max-video-preview":"max-video-preview:-1"},"canonical":"https:\/\/thietbichannuoi.com\/en\/san-pham\/exhaust-fan\/","og_locale":"en_US","og_type":"article","og_title":"Exhaust fan for pig farm","og_description":"Exhaust fans are used in pig barns, farms, warehouses, and industrial workshops to improve air circulation, control temperature, and maintain a healthy environment for livestock and workers. These fans help reduce humidity, remove dust and odors, and prevent heat buildup, ensuring optimal conditions for both animals and equipment.    QAHT02 36\"-3 Blade Aluminum, Single Phase - 0.5 HP    Dimensions: 1060 x 1060 x 400 mm  Airflow: 32,500 m\u00b3\/h  Motor: 0.37 KW (0.5 HP)  Body: Composite     QAHT03 48\"-3 Blade Aluminum, Three Phase, 1 HP, Siemens    Dimensions: 1380 x 1380 x 400 mm  Airflow: 37,500 m\u00b3\/h  Motor: 0.75 KW (1 HP) Siemens  Body: Composite     QAHT04 Q48\"-3 Blade Aluminum, Three Phase, 1.5 HP, Enertech    Dimensions: 1380 x 1380 x 400 mm  Airflow: 37,500 m\u00b3\/h  Body: Composite     QAHT05 48\"-3 Blade Aluminum, Single Phase, 1 HP, Enertech    Dimensions: 1380 x 1380 x 400 mm  Airflow: 37,500 m\u00b3\/h  Body: Composite     QAHT06 48\"-3 Blade Aluminum, Single Phase, 1.5 HP, Enertech    Dimensions: 1380 x 1380 x 400 mm  Airflow: 37,500 m\u00b3\/h  Body: Composite","og_url":"https:\/\/thietbichannuoi.com\/en\/san-pham\/exhaust-fan\/","og_site_name":"Thi\u1ebft b\u1ecb ch\u0103n nu\u00f4i","article_modified_time":"2025-05-27T08:18:13+00:00","og_image":[{"width":1400,"height":1200,"url":"https:\/\/thietbichannuoi.com\/wp-content\/uploads\/2016\/01\/QAVN010.jpg","type":"image\/jpeg"}],"twitter_card":"summary_large_image","twitter_misc":{"Est. reading time":"2 minutes"},"schema":{"@context":"https:\/\/schema.org","@graph":[{"@type":"WebPage","@id":"https:\/\/thietbichannuoi.com\/en\/san-pham\/exhaust-fan\/","url":"https:\/\/thietbichannuoi.com\/en\/san-pham\/exhaust-fan\/","name":"Exhaust fan for pig - Livestock equipment","isPartOf":{"@id":"https:\/\/thietbichannuoi.com\/#website"},"primaryImageOfPage":{"@id":"https:\/\/thietbichannuoi.com\/en\/san-pham\/exhaust-fan\/#primaryimage"},"image":{"@id":"https:\/\/thietbichannuoi.com\/en\/san-pham\/exhaust-fan\/#primaryimage"},"thumbnailUrl":"https:\/\/thietbichannuoi.com\/wp-content\/uploads\/2016\/01\/QAVN010.jpg","datePublished":"2016-01-27T06:25:07+00:00","dateModified":"2025-05-27T08:18:13+00:00","description":"System Exhaust fan for pig farm, Exhaust fan is an Effective Ventilation System for Pig Farm","breadcrumb":{"@id":"https:\/\/thietbichannuoi.com\/en\/san-pham\/exhaust-fan\/#breadcrumb"},"inLanguage":"en-US","potentialAction":[{"@type":"ReadAction","target":["https:\/\/thietbichannuoi.com\/en\/san-pham\/exhaust-fan\/"]}]},{"@type":"ImageObject","inLanguage":"en-US","@id":"https:\/\/thietbichannuoi.com\/en\/san-pham\/exhaust-fan\/#primaryimage","url":"https:\/\/thietbichannuoi.com\/wp-content\/uploads\/2016\/01\/QAVN010.jpg","contentUrl":"https:\/\/thietbichannuoi.com\/wp-content\/uploads\/2016\/01\/QAVN010.jpg","width":1400,"height":1200,"caption":"QAVN010"},{"@type":"BreadcrumbList","@id":"https:\/\/thietbichannuoi.com\/en\/san-pham\/exhaust-fan\/#breadcrumb","itemListElement":[{"@type":"ListItem","position":1,"name":"Home","item":"https:\/\/thietbichannuoi.com\/en\/"},{"@type":"ListItem","position":2,"name":"Shop","item":"https:\/\/thietbichannuoi.com\/shop\/"},{"@type":"ListItem","position":3,"name":"Exhaust fan for pig farm"}]},{"@type":"WebSite","@id":"https:\/\/thietbichannuoi.com\/#website","url":"https:\/\/thietbichannuoi.com\/","name":"Thi\u1ebft b\u1ecb ch\u0103n nu\u00f4i","description":"S\u1ea3n xu\u1ea5t thi\u1ebft b\u1ecb ch\u0103n nu\u00f4i gia s\u00fac, gia c\u1ea7m v\u00e0 c\u00e1c s\u1ea3n ph\u1ea9m t\u1eeb nh\u1ef1a","publisher":{"@id":"https:\/\/thietbichannuoi.com\/#organization"},"potentialAction":[{"@type":"SearchAction","target":{"@type":"EntryPoint","urlTemplate":"https:\/\/thietbichannuoi.com\/?s={search_term_string}"},"query-input":{"@type":"PropertyValueSpecification","valueRequired":true,"valueName":"search_term_string"}}],"inLanguage":"en-US"},{"@type":"Organization","@id":"https:\/\/thietbichannuoi.com\/#organization","name":"Thi\u1ebft b\u1ecb ch\u0103n nu\u00f4i Minh Ph\u00e1t","url":"https:\/\/thietbichannuoi.com\/","logo":{"@type":"ImageObject","inLanguage":"en-US","@id":"https:\/\/thietbichannuoi.com\/#\/schema\/logo\/image\/","url":"https:\/\/thietbichannuoi.com\/wp-content\/uploads\/2021\/04\/logo-thiet-bi-chan-nuoi.png","contentUrl":"https:\/\/thietbichannuoi.com\/wp-content\/uploads\/2021\/04\/logo-thiet-bi-chan-nuoi.png","width":104,"height":79,"caption":"Thi\u1ebft b\u1ecb ch\u0103n nu\u00f4i Minh Ph\u00e1t"},"image":{"@id":"https:\/\/thietbichannuoi.com\/#\/schema\/logo\/image\/"}}]}},"uagb_featured_image_src":{"full":["https:\/\/thietbichannuoi.com\/wp-content\/uploads\/2016\/01\/QAVN010.jpg",1400,1200,false],"thumbnail":["https:\/\/thietbichannuoi.com\/wp-content\/uploads\/2016\/01\/QAVN010.jpg",150,129,false],"medium":["https:\/\/thietbichannuoi.com\/wp-content\/uploads\/2016\/01\/QAVN010.jpg",300,257,false],"medium_large":["https:\/\/thietbichannuoi.com\/wp-content\/uploads\/2016\/01\/QAVN010.jpg",1400,1200,false],"large":["https:\/\/thietbichannuoi.com\/wp-content\/uploads\/2016\/01\/QAVN010.jpg",800,686,false],"1536x1536":["https:\/\/thietbichannuoi.com\/wp-content\/uploads\/2016\/01\/QAVN010.jpg",1400,1200,false],"2048x2048":["https:\/\/thietbichannuoi.com\/wp-content\/uploads\/2016\/01\/QAVN010.jpg",1400,1200,false],"woocommerce_thumbnail":["https:\/\/thietbichannuoi.com\/wp-content\/uploads\/2016\/01\/QAVN010.jpg",1400,1200,false],"woocommerce_single":["https:\/\/thietbichannuoi.com\/wp-content\/uploads\/2016\/01\/QAVN010.jpg",1400,1200,false],"woocommerce_gallery_thumbnail":["https:\/\/thietbichannuoi.com\/wp-content\/uploads\/2016\/01\/QAVN010-100x100.jpg",100,100,true]},"uagb_author_info":{"display_name":"admin","author_link":"https:\/\/thietbichannuoi.com\/en\/author\/"},"uagb_comment_info":0,"uagb_excerpt":"Exhaust fans are used in pig barns, farms, warehouses, and industrial workshops to improve air circulation, control temperature, and maintain a healthy environment for livestock and workers. These fans help reduce humidity, remove dust and odors, and prevent heat buildup, ensuring optimal conditions for both animals and equipment. QAHT02 36\"-3 Blade Aluminum, Single Phase -&hellip;","_links":{"self":[{"href":"https:\/\/thietbichannuoi.com\/en\/wp-json\/wp\/v2\/product\/6549","targetHints":{"allow":["GET"]}}],"collection":[{"href":"https:\/\/thietbichannuoi.com\/en\/wp-json\/wp\/v2\/product"}],"about":[{"href":"https:\/\/thietbichannuoi.com\/en\/wp-json\/wp\/v2\/types\/product"}],"version-history":[{"count":0,"href":"https:\/\/thietbichannuoi.com\/en\/wp-json\/wp\/v2\/product\/6549\/revisions"}],"wp:featuredmedia":[{"embeddable":true,"href":"https:\/\/thietbichannuoi.com\/en\/wp-json\/wp\/v2\/media\/19176"}],"wp:attachment":[{"href":"https:\/\/thietbichannuoi.com\/en\/wp-json\/wp\/v2\/media?parent=6549"}],"wp:term":[{"taxonomy":"product_brand","embeddable":true,"href":"https:\/\/thietbichannuoi.com\/en\/wp-json\/wp\/v2\/product_brand?post=6549"},{"taxonomy":"product_cat","embeddable":true,"href":"https:\/\/thietbichannuoi.com\/en\/wp-json\/wp\/v2\/product_cat?post=6549"},{"taxonomy":"product_tag","embeddable":true,"href":"https:\/\/thietbichannuoi.com\/en\/wp-json\/wp\/v2\/product_tag?post=6549"}],"curies":[{"name":"wp","href":"https:\/\/api.w.org\/{rel}","templated":true}]}}