{"id":6563,"date":"2016-01-27T14:33:38","date_gmt":"2016-01-27T07:24:18","guid":{"rendered":"http:\/\/thietbichannuoi.com\/?post_type=product&#038;p=6563"},"modified":"2025-09-10T11:38:44","modified_gmt":"2025-09-10T04:38:44","slug":"cool-pad","status":"publish","type":"product","link":"https:\/\/thietbichannuoi.com\/en\/san-pham\/cool-pad\/","title":{"rendered":"Cool pad"},"content":{"rendered":"<table width=\"1472\">\n<tbody>\n<tr>\n<td style=\"text-align: center\" colspan=\"6\" width=\"300\"><strong>TH\u00d4NG S\u1ed0 K\u1ef8 THU\u1eacT\/ Specifications<\/strong><\/td>\n<\/tr>\n<tr>\n<td style=\"text-align: center\" width=\"50\"><strong>M\u00e3 s\u1ea3n ph\u1ea9m<\/strong><br \/>\n<em><strong>Code<\/strong><\/em><\/td>\n<td style=\"text-align: center\" width=\"50\"><strong>\u00a0L\u1edbp ph\u1ee7 ch\u1ed1ng r\u00eau<\/strong><\/td>\n<td style=\"text-align: center\" width=\"50\"><strong>\u00a0K\u00edch th\u01b0\u1edbc (DxRxC)<\/strong><br \/>\n<em><strong>Dimension (LxWXH)<\/strong><\/em><\/td>\n<td style=\"text-align: center\" width=\"50\"><strong>\u00a0V\u1eadt li\u1ec7u<\/strong><br \/>\n<em><strong>Material<\/strong><\/em><\/td>\n<td style=\"text-align: center\" width=\"50\"><strong>C\u1ea5u tr\u00fac s\u00f3ng<\/strong><br \/>\n<em><strong>Flute Angle<\/strong><\/em><\/td>\n<td style=\"text-align: center\" width=\"50\"><strong>\u00a0Xu\u1ea5t x\u1ee9<\/strong><br \/>\n<em><strong>Origin<\/strong><\/em><\/td>\n<\/tr>\n<tr>\n<td style=\"text-align: center\">GLM-VN010<\/td>\n<td style=\"text-align: center\">c\u00f3<\/td>\n<td style=\"text-align: center\">\u00a01500x600x150<\/td>\n<td style=\"text-align: center\">gi\u1ea5y<\/td>\n<td style=\"text-align: center\">45\/15<\/td>\n<td style=\"text-align: center\">Vi\u1ec7t Nam<\/td>\n<\/tr>\n<tr>\n<td style=\"text-align: center\">GLM-VN011<\/td>\n<td style=\"text-align: center\">kh\u00f4ng<\/td>\n<td style=\"text-align: center\">\u00a01500x600x150<\/td>\n<td style=\"text-align: center\">gi\u1ea5y<\/td>\n<td style=\"text-align: center\">45\/15<\/td>\n<td style=\"text-align: center\">Vi\u1ec7t Nam<\/td>\n<\/tr>\n<tr>\n<td style=\"text-align: center\">GLM-VN020<\/td>\n<td style=\"text-align: center\">c\u00f3<\/td>\n<td style=\"text-align: center\">\u00a01500x600x150<\/td>\n<td style=\"text-align: center\">gi\u1ea5y<\/td>\n<td style=\"text-align: center\">45\/45<\/td>\n<td style=\"text-align: center\">Vi\u1ec7t Nam<\/td>\n<\/tr>\n<tr>\n<td style=\"text-align: center\">GLM-VN021<\/td>\n<td style=\"text-align: center\">kh\u00f4ng<\/td>\n<td style=\"text-align: center\">\u00a01500x600x150<\/td>\n<td style=\"text-align: center\">gi\u1ea5y<\/td>\n<td style=\"text-align: center\">45\/45<\/td>\n<td style=\"text-align: center\">Vi\u1ec7t Nam<\/td>\n<\/tr>\n<tr>\n<td style=\"text-align: center\">GLM-VN030<\/td>\n<td style=\"text-align: center\">c\u00f3<\/td>\n<td style=\"text-align: center\">\u00a01500x600x150<\/td>\n<td style=\"text-align: center\">gi\u1ea5y<\/td>\n<td style=\"text-align: center\">45\/45<\/td>\n<td style=\"text-align: center\">Vi\u1ec7t Nam<\/td>\n<\/tr>\n<tr>\n<td style=\"text-align: center\">GLM-VN031<\/td>\n<td style=\"text-align: center\">kh\u00f4ng<\/td>\n<td style=\"text-align: center\">\u00a01500x600x150<\/td>\n<td style=\"text-align: center\">gi\u1ea5y<\/td>\n<td style=\"text-align: center\">45\/45<\/td>\n<td style=\"text-align: center\">Vi\u1ec7t Nam<\/td>\n<\/tr>\n<\/tbody>\n<\/table>\n<p>This cooling equipment is the most popular device in pig farming industry for its particular cooling and environment-protecting effects. It has a specially-designed paper honeycomb structure and has to be used with the negative-pressure fan. With evaporative cooling pads, the hot-humid environment in the pig house on hot days can be improved effectively.<\/p>\n<p>1. High efficiency and energy-saving: this cooling method combines the fan and swamp cooler pads to realize the evaporation cooling with small power consumption;<br \/>\n2. Good ventilating performance: under the integration of cooling pads and fan, the hot air in the pig house can be exhausted rapidly;<br \/>\n3. Healthy and Eco-friendly: this cooling system adopts water as the freezing medium, pollution-free and air-purified;<br \/>\n4. Wide applicability: this system can be used in different places of hot air and poor ventilation\uff1b<br \/>\n5. Maximum durability: evaporative cooling pads is made of wood-pulp paper with a layer of glue, which is anti-corrosion, anti-mustiness and has good water-absorption;<br \/>\n6. Easy installation: with light weight and snap-on components, evaporative cooling pads can be easily installed;<br \/>\n7. Easy maintenance: evaporative cooling pads can be easily dissembled and re-assembled for regular cleaning and maintenance.<\/p>\n","protected":false},"excerpt":{"rendered":"<p>Code: <em>Please see specifications<\/em><\/p>\n<p>Minh Phat be imported directly from Thailand and China. Minh Phat share out in Vietnam.<\/p>\n","protected":false},"featured_media":15262,"template":"","meta":{"_uag_custom_page_level_css":"","footnotes":""},"product_brand":[],"product_cat":[306,291],"product_tag":[364,362],"class_list":{"0":"post-6563","1":"product","2":"type-product","3":"status-publish","4":"has-post-thumbnail","6":"product_cat-cooling-system","7":"product_cat-equipment-for-pig","8":"product_tag-cooling-system","9":"product_tag-equipment-for-pig","11":"first","12":"instock","13":"shipping-taxable","14":"product-type-simple"},"acf":[],"yoast_head":"<!-- This site is optimized with the Yoast SEO Premium plugin v22.9 (Yoast SEO v27.4) - https:\/\/yoast.com\/product\/yoast-seo-premium-wordpress\/ -->\n<title>Cool pad - Livestock equipment<\/title>\n<meta name=\"description\" content=\"Cool pad, Evaporative Cooling Pad, Cooling Equipment\" \/>\n<meta name=\"robots\" content=\"index, follow, max-snippet:-1, max-image-preview:large, max-video-preview:-1\" \/>\n<link rel=\"canonical\" href=\"https:\/\/thietbichannuoi.com\/en\/san-pham\/cool-pad\/\" \/>\n<meta property=\"og:locale\" content=\"en_US\" \/>\n<meta property=\"og:type\" content=\"article\" \/>\n<meta property=\"og:title\" content=\"Cool pad\" \/>\n<meta property=\"og:description\" content=\"Code: Please see specifications  Minh Phat be imported directly from Thailand and China. Minh Phat share out in Vietnam.\" \/>\n<meta property=\"og:url\" content=\"https:\/\/thietbichannuoi.com\/en\/san-pham\/cool-pad\/\" \/>\n<meta property=\"og:site_name\" content=\"Thi\u1ebft b\u1ecb ch\u0103n nu\u00f4i\" \/>\n<meta property=\"article:modified_time\" content=\"2025-09-10T04:38:44+00:00\" \/>\n<meta property=\"og:image\" content=\"https:\/\/thietbichannuoi.com\/wp-content\/uploads\/2016\/01\/Tam-lam-mat-mau-den.jpg\" \/>\n\t<meta property=\"og:image:width\" content=\"1400\" \/>\n\t<meta property=\"og:image:height\" content=\"1200\" \/>\n\t<meta property=\"og:image:type\" content=\"image\/jpeg\" \/>\n<meta name=\"twitter:card\" content=\"summary_large_image\" \/>\n<meta name=\"twitter:label1\" content=\"Est. reading time\" \/>\n\t<meta name=\"twitter:data1\" content=\"2 minutes\" \/>\n<!-- \/ Yoast SEO Premium plugin. -->","yoast_head_json":{"title":"Cool pad - Livestock equipment","description":"Cool pad, Evaporative Cooling Pad, Cooling Equipment","robots":{"index":"index","follow":"follow","max-snippet":"max-snippet:-1","max-image-preview":"max-image-preview:large","max-video-preview":"max-video-preview:-1"},"canonical":"https:\/\/thietbichannuoi.com\/en\/san-pham\/cool-pad\/","og_locale":"en_US","og_type":"article","og_title":"Cool pad","og_description":"Code: Please see specifications  Minh Phat be imported directly from Thailand and China. Minh Phat share out in Vietnam.","og_url":"https:\/\/thietbichannuoi.com\/en\/san-pham\/cool-pad\/","og_site_name":"Thi\u1ebft b\u1ecb ch\u0103n nu\u00f4i","article_modified_time":"2025-09-10T04:38:44+00:00","og_image":[{"width":1400,"height":1200,"url":"https:\/\/thietbichannuoi.com\/wp-content\/uploads\/2016\/01\/Tam-lam-mat-mau-den.jpg","type":"image\/jpeg"}],"twitter_card":"summary_large_image","twitter_misc":{"Est. reading time":"2 minutes"},"schema":{"@context":"https:\/\/schema.org","@graph":[{"@type":"WebPage","@id":"https:\/\/thietbichannuoi.com\/en\/san-pham\/cool-pad\/","url":"https:\/\/thietbichannuoi.com\/en\/san-pham\/cool-pad\/","name":"Cool pad - Livestock equipment","isPartOf":{"@id":"https:\/\/thietbichannuoi.com\/#website"},"primaryImageOfPage":{"@id":"https:\/\/thietbichannuoi.com\/en\/san-pham\/cool-pad\/#primaryimage"},"image":{"@id":"https:\/\/thietbichannuoi.com\/en\/san-pham\/cool-pad\/#primaryimage"},"thumbnailUrl":"https:\/\/thietbichannuoi.com\/wp-content\/uploads\/2016\/01\/Tam-lam-mat-mau-den.jpg","datePublished":"2016-01-27T07:24:18+00:00","dateModified":"2025-09-10T04:38:44+00:00","description":"Cool pad, Evaporative Cooling Pad, Cooling Equipment","breadcrumb":{"@id":"https:\/\/thietbichannuoi.com\/en\/san-pham\/cool-pad\/#breadcrumb"},"inLanguage":"en-US","potentialAction":[{"@type":"ReadAction","target":["https:\/\/thietbichannuoi.com\/en\/san-pham\/cool-pad\/"]}]},{"@type":"ImageObject","inLanguage":"en-US","@id":"https:\/\/thietbichannuoi.com\/en\/san-pham\/cool-pad\/#primaryimage","url":"https:\/\/thietbichannuoi.com\/wp-content\/uploads\/2016\/01\/Tam-lam-mat-mau-den.jpg","contentUrl":"https:\/\/thietbichannuoi.com\/wp-content\/uploads\/2016\/01\/Tam-lam-mat-mau-den.jpg","width":1400,"height":1200,"caption":"Cool pad"},{"@type":"BreadcrumbList","@id":"https:\/\/thietbichannuoi.com\/en\/san-pham\/cool-pad\/#breadcrumb","itemListElement":[{"@type":"ListItem","position":1,"name":"Home","item":"https:\/\/thietbichannuoi.com\/en\/"},{"@type":"ListItem","position":2,"name":"Shop","item":"https:\/\/thietbichannuoi.com\/shop\/"},{"@type":"ListItem","position":3,"name":"Cool pad"}]},{"@type":"WebSite","@id":"https:\/\/thietbichannuoi.com\/#website","url":"https:\/\/thietbichannuoi.com\/","name":"Thi\u1ebft b\u1ecb ch\u0103n nu\u00f4i","description":"S\u1ea3n xu\u1ea5t thi\u1ebft b\u1ecb ch\u0103n nu\u00f4i gia s\u00fac, gia c\u1ea7m v\u00e0 c\u00e1c s\u1ea3n ph\u1ea9m t\u1eeb nh\u1ef1a","publisher":{"@id":"https:\/\/thietbichannuoi.com\/#organization"},"potentialAction":[{"@type":"SearchAction","target":{"@type":"EntryPoint","urlTemplate":"https:\/\/thietbichannuoi.com\/?s={search_term_string}"},"query-input":{"@type":"PropertyValueSpecification","valueRequired":true,"valueName":"search_term_string"}}],"inLanguage":"en-US"},{"@type":"Organization","@id":"https:\/\/thietbichannuoi.com\/#organization","name":"Thi\u1ebft b\u1ecb ch\u0103n nu\u00f4i Minh Ph\u00e1t","url":"https:\/\/thietbichannuoi.com\/","logo":{"@type":"ImageObject","inLanguage":"en-US","@id":"https:\/\/thietbichannuoi.com\/#\/schema\/logo\/image\/","url":"https:\/\/thietbichannuoi.com\/wp-content\/uploads\/2021\/04\/logo-thiet-bi-chan-nuoi.png","contentUrl":"https:\/\/thietbichannuoi.com\/wp-content\/uploads\/2021\/04\/logo-thiet-bi-chan-nuoi.png","width":104,"height":79,"caption":"Thi\u1ebft b\u1ecb ch\u0103n nu\u00f4i Minh Ph\u00e1t"},"image":{"@id":"https:\/\/thietbichannuoi.com\/#\/schema\/logo\/image\/"}}]}},"uagb_featured_image_src":{"full":["https:\/\/thietbichannuoi.com\/wp-content\/uploads\/2016\/01\/Tam-lam-mat-mau-den.jpg",1400,1200,false],"thumbnail":["https:\/\/thietbichannuoi.com\/wp-content\/uploads\/2016\/01\/Tam-lam-mat-mau-den.jpg",150,129,false],"medium":["https:\/\/thietbichannuoi.com\/wp-content\/uploads\/2016\/01\/Tam-lam-mat-mau-den.jpg",300,257,false],"medium_large":["https:\/\/thietbichannuoi.com\/wp-content\/uploads\/2016\/01\/Tam-lam-mat-mau-den.jpg",1400,1200,false],"large":["https:\/\/thietbichannuoi.com\/wp-content\/uploads\/2016\/01\/Tam-lam-mat-mau-den.jpg",800,686,false],"1536x1536":["https:\/\/thietbichannuoi.com\/wp-content\/uploads\/2016\/01\/Tam-lam-mat-mau-den.jpg",1400,1200,false],"2048x2048":["https:\/\/thietbichannuoi.com\/wp-content\/uploads\/2016\/01\/Tam-lam-mat-mau-den.jpg",1400,1200,false],"woocommerce_thumbnail":["https:\/\/thietbichannuoi.com\/wp-content\/uploads\/2016\/01\/Tam-lam-mat-mau-den.jpg",1400,1200,false],"woocommerce_single":["https:\/\/thietbichannuoi.com\/wp-content\/uploads\/2016\/01\/Tam-lam-mat-mau-den.jpg",1400,1200,false],"woocommerce_gallery_thumbnail":["https:\/\/thietbichannuoi.com\/wp-content\/uploads\/2016\/01\/Tam-lam-mat-mau-den-100x100.jpg",100,100,true]},"uagb_author_info":{"display_name":"admin","author_link":"https:\/\/thietbichannuoi.com\/en\/author\/"},"uagb_comment_info":0,"uagb_excerpt":"Code: Please see specifications Minh Phat be imported directly from Thailand and China. Minh Phat share out in Vietnam.","_links":{"self":[{"href":"https:\/\/thietbichannuoi.com\/en\/wp-json\/wp\/v2\/product\/6563","targetHints":{"allow":["GET"]}}],"collection":[{"href":"https:\/\/thietbichannuoi.com\/en\/wp-json\/wp\/v2\/product"}],"about":[{"href":"https:\/\/thietbichannuoi.com\/en\/wp-json\/wp\/v2\/types\/product"}],"version-history":[{"count":0,"href":"https:\/\/thietbichannuoi.com\/en\/wp-json\/wp\/v2\/product\/6563\/revisions"}],"wp:featuredmedia":[{"embeddable":true,"href":"https:\/\/thietbichannuoi.com\/en\/wp-json\/wp\/v2\/media\/15262"}],"wp:attachment":[{"href":"https:\/\/thietbichannuoi.com\/en\/wp-json\/wp\/v2\/media?parent=6563"}],"wp:term":[{"taxonomy":"product_brand","embeddable":true,"href":"https:\/\/thietbichannuoi.com\/en\/wp-json\/wp\/v2\/product_brand?post=6563"},{"taxonomy":"product_cat","embeddable":true,"href":"https:\/\/thietbichannuoi.com\/en\/wp-json\/wp\/v2\/product_cat?post=6563"},{"taxonomy":"product_tag","embeddable":true,"href":"https:\/\/thietbichannuoi.com\/en\/wp-json\/wp\/v2\/product_tag?post=6563"}],"curies":[{"name":"wp","href":"https:\/\/api.w.org\/{rel}","templated":true}]}}