{"id":6568,"date":"2016-01-27T19:57:04","date_gmt":"2016-01-27T12:57:04","guid":{"rendered":"http:\/\/thietbichannuoi.com\/?post_type=product&#038;p=6568"},"modified":"2025-11-11T15:20:34","modified_gmt":"2025-11-11T08:20:34","slug":"plastic-floors-40x40cm","status":"publish","type":"product","link":"https:\/\/thietbichannuoi.com\/en\/san-pham\/plastic-floors-40x40cm\/","title":{"rendered":"Plastic slatted floor for pig farm 40x40cm"},"content":{"rendered":"<p class=\"catItemTitle\">Plastic slatted floor for pig farm 40x40cm SN01<\/p>\n<p><img fetchpriority=\"high\" decoding=\"async\" class=\"alignnone wp-image-17514 size-full\" src=\"https:\/\/thietbichannuoi.com\/wp-content\/uploads\/2024\/08\/SN01.jpg\" alt=\"\" width=\"2480\" height=\"2445\" srcset=\"https:\/\/thietbichannuoi.com\/wp-content\/uploads\/2024\/08\/SN01.jpg 2480w, https:\/\/thietbichannuoi.com\/wp-content\/uploads\/2024\/08\/SN01-100x100.jpg 100w, https:\/\/thietbichannuoi.com\/wp-content\/uploads\/2024\/08\/SN01-300x296.jpg 300w, https:\/\/thietbichannuoi.com\/wp-content\/uploads\/2024\/08\/SN01-1024x1010.jpg 1024w, https:\/\/thietbichannuoi.com\/wp-content\/uploads\/2024\/08\/SN01-150x148.jpg 150w, https:\/\/thietbichannuoi.com\/wp-content\/uploads\/2024\/08\/SN01-1536x1514.jpg 1536w, https:\/\/thietbichannuoi.com\/wp-content\/uploads\/2024\/08\/SN01-2048x2019.jpg 2048w\" sizes=\"(max-width: 2480px) 100vw, 2480px\" \/><\/p>\n","protected":false},"excerpt":{"rendered":"<p><strong>Code: SN01<\/strong><\/p>\n<ul>\n<li><strong>Dimensions:<\/strong> 400x400x31 mm<\/li>\n<li><strong>Material:<\/strong> PP plastic<\/li>\n<li><strong>Used for:<\/strong> Wearner<\/li>\n<li><strong>Weight:<\/strong> 1.2 kg \u00b12%, 1 pin<\/li>\n<li><strong>Slot width:<\/strong> 10 mm<\/li>\n<li><strong>Color:<\/strong> Orange, or custom colors available<\/li>\n<li><strong>Made by:<\/strong> <strong>Minh Ph\u00e1t<\/strong><\/li>\n<\/ul>\n","protected":false},"featured_media":17162,"template":"","meta":{"_uag_custom_page_level_css":"","footnotes":""},"product_brand":[],"product_cat":[291,303],"product_tag":[530],"class_list":{"0":"post-6568","1":"product","2":"type-product","3":"status-publish","4":"has-post-thumbnail","6":"product_cat-equipment-for-pig","7":"product_cat-plastic-floors","8":"product_tag-plastic-floors","10":"first","11":"instock","12":"shipping-taxable","13":"product-type-simple"},"acf":[],"yoast_head":"<!-- This site is optimized with the Yoast SEO Premium plugin v22.9 (Yoast SEO v27.3) - https:\/\/yoast.com\/product\/yoast-seo-premium-wordpress\/ -->\n<title>Plastic slatted floor for pig farm 40x40cm SN01<\/title>\n<meta name=\"description\" content=\"Plastic floors 40x40cm for pig, Plastic slatted floor for pig farm 40x40cm SN01\" \/>\n<meta name=\"robots\" content=\"index, follow, max-snippet:-1, max-image-preview:large, max-video-preview:-1\" \/>\n<link rel=\"canonical\" href=\"https:\/\/thietbichannuoi.com\/en\/san-pham\/plastic-floors-40x40cm\/\" \/>\n<meta property=\"og:locale\" content=\"en_US\" \/>\n<meta property=\"og:type\" content=\"article\" \/>\n<meta property=\"og:title\" content=\"Plastic slatted floor for pig farm 40x40cm\" \/>\n<meta property=\"og:description\" content=\"Code: SN01   Dimensions: 400x400x31 mm  Material: PP plastic  Used for: Wearner  Weight: 1.2 kg \u00b12%, 1 pin  Slot width: 10 mm  Color: Orange, or custom colors available  Made by: Minh Ph\u00e1t\" \/>\n<meta property=\"og:url\" content=\"https:\/\/thietbichannuoi.com\/en\/san-pham\/plastic-floors-40x40cm\/\" \/>\n<meta property=\"og:site_name\" content=\"Thi\u1ebft b\u1ecb ch\u0103n nu\u00f4i\" \/>\n<meta property=\"article:modified_time\" content=\"2025-11-11T08:20:34+00:00\" \/>\n<meta property=\"og:image\" content=\"https:\/\/thietbichannuoi.com\/wp-content\/uploads\/2024\/06\/Tam-nhua-lot-san-chuong-heo-cai-sua-40\u00d740-cm-SN01.jpg\" \/>\n\t<meta property=\"og:image:width\" content=\"1400\" \/>\n\t<meta property=\"og:image:height\" content=\"1200\" \/>\n\t<meta property=\"og:image:type\" content=\"image\/jpeg\" \/>\n<meta name=\"twitter:card\" content=\"summary_large_image\" \/>\n<meta name=\"twitter:label1\" content=\"Est. reading time\" \/>\n\t<meta name=\"twitter:data1\" content=\"1 minute\" \/>\n<!-- \/ Yoast SEO Premium plugin. -->","yoast_head_json":{"title":"Plastic slatted floor for pig farm 40x40cm SN01","description":"Plastic floors 40x40cm for pig, Plastic slatted floor for pig farm 40x40cm SN01","robots":{"index":"index","follow":"follow","max-snippet":"max-snippet:-1","max-image-preview":"max-image-preview:large","max-video-preview":"max-video-preview:-1"},"canonical":"https:\/\/thietbichannuoi.com\/en\/san-pham\/plastic-floors-40x40cm\/","og_locale":"en_US","og_type":"article","og_title":"Plastic slatted floor for pig farm 40x40cm","og_description":"Code: SN01   Dimensions: 400x400x31 mm  Material: PP plastic  Used for: Wearner  Weight: 1.2 kg \u00b12%, 1 pin  Slot width: 10 mm  Color: Orange, or custom colors available  Made by: Minh Ph\u00e1t","og_url":"https:\/\/thietbichannuoi.com\/en\/san-pham\/plastic-floors-40x40cm\/","og_site_name":"Thi\u1ebft b\u1ecb ch\u0103n nu\u00f4i","article_modified_time":"2025-11-11T08:20:34+00:00","og_image":[{"width":1400,"height":1200,"url":"https:\/\/thietbichannuoi.com\/wp-content\/uploads\/2024\/06\/Tam-nhua-lot-san-chuong-heo-cai-sua-40\u00d740-cm-SN01.jpg","type":"image\/jpeg"}],"twitter_card":"summary_large_image","twitter_misc":{"Est. reading time":"1 minute"},"schema":{"@context":"https:\/\/schema.org","@graph":[{"@type":"WebPage","@id":"https:\/\/thietbichannuoi.com\/en\/san-pham\/plastic-floors-40x40cm\/","url":"https:\/\/thietbichannuoi.com\/en\/san-pham\/plastic-floors-40x40cm\/","name":"Plastic slatted floor for pig farm 40x40cm SN01","isPartOf":{"@id":"https:\/\/thietbichannuoi.com\/#website"},"primaryImageOfPage":{"@id":"https:\/\/thietbichannuoi.com\/en\/san-pham\/plastic-floors-40x40cm\/#primaryimage"},"image":{"@id":"https:\/\/thietbichannuoi.com\/en\/san-pham\/plastic-floors-40x40cm\/#primaryimage"},"thumbnailUrl":"https:\/\/thietbichannuoi.com\/wp-content\/uploads\/2024\/06\/Tam-nhua-lot-san-chuong-heo-cai-sua-40\u00d740-cm-SN01.jpg","datePublished":"2016-01-27T12:57:04+00:00","dateModified":"2025-11-11T08:20:34+00:00","description":"Plastic floors 40x40cm for pig, Plastic slatted floor for pig farm 40x40cm SN01","breadcrumb":{"@id":"https:\/\/thietbichannuoi.com\/en\/san-pham\/plastic-floors-40x40cm\/#breadcrumb"},"inLanguage":"en-US","potentialAction":[{"@type":"ReadAction","target":["https:\/\/thietbichannuoi.com\/en\/san-pham\/plastic-floors-40x40cm\/"]}]},{"@type":"ImageObject","inLanguage":"en-US","@id":"https:\/\/thietbichannuoi.com\/en\/san-pham\/plastic-floors-40x40cm\/#primaryimage","url":"https:\/\/thietbichannuoi.com\/wp-content\/uploads\/2024\/06\/Tam-nhua-lot-san-chuong-heo-cai-sua-40\u00d740-cm-SN01.jpg","contentUrl":"https:\/\/thietbichannuoi.com\/wp-content\/uploads\/2024\/06\/Tam-nhua-lot-san-chuong-heo-cai-sua-40\u00d740-cm-SN01.jpg","width":1400,"height":1200,"caption":"Plastic slatted floor for pig farm 40x40cm SN01"},{"@type":"BreadcrumbList","@id":"https:\/\/thietbichannuoi.com\/en\/san-pham\/plastic-floors-40x40cm\/#breadcrumb","itemListElement":[{"@type":"ListItem","position":1,"name":"Home","item":"https:\/\/thietbichannuoi.com\/en\/"},{"@type":"ListItem","position":2,"name":"Shop","item":"https:\/\/thietbichannuoi.com\/shop\/"},{"@type":"ListItem","position":3,"name":"Plastic slatted floor for pig farm 40x40cm"}]},{"@type":"WebSite","@id":"https:\/\/thietbichannuoi.com\/#website","url":"https:\/\/thietbichannuoi.com\/","name":"Thi\u1ebft b\u1ecb ch\u0103n nu\u00f4i","description":"S\u1ea3n xu\u1ea5t thi\u1ebft b\u1ecb ch\u0103n nu\u00f4i gia s\u00fac, gia c\u1ea7m v\u00e0 c\u00e1c s\u1ea3n ph\u1ea9m t\u1eeb nh\u1ef1a","publisher":{"@id":"https:\/\/thietbichannuoi.com\/#organization"},"potentialAction":[{"@type":"SearchAction","target":{"@type":"EntryPoint","urlTemplate":"https:\/\/thietbichannuoi.com\/?s={search_term_string}"},"query-input":{"@type":"PropertyValueSpecification","valueRequired":true,"valueName":"search_term_string"}}],"inLanguage":"en-US"},{"@type":"Organization","@id":"https:\/\/thietbichannuoi.com\/#organization","name":"Thi\u1ebft b\u1ecb ch\u0103n nu\u00f4i Minh Ph\u00e1t","url":"https:\/\/thietbichannuoi.com\/","logo":{"@type":"ImageObject","inLanguage":"en-US","@id":"https:\/\/thietbichannuoi.com\/#\/schema\/logo\/image\/","url":"https:\/\/thietbichannuoi.com\/wp-content\/uploads\/2021\/04\/logo-thiet-bi-chan-nuoi.png","contentUrl":"https:\/\/thietbichannuoi.com\/wp-content\/uploads\/2021\/04\/logo-thiet-bi-chan-nuoi.png","width":104,"height":79,"caption":"Thi\u1ebft b\u1ecb ch\u0103n nu\u00f4i Minh Ph\u00e1t"},"image":{"@id":"https:\/\/thietbichannuoi.com\/#\/schema\/logo\/image\/"}}]}},"uagb_featured_image_src":{"full":["https:\/\/thietbichannuoi.com\/wp-content\/uploads\/2024\/06\/Tam-nhua-lot-san-chuong-heo-cai-sua-40\u00d740-cm-SN01.jpg",1400,1200,false],"thumbnail":["https:\/\/thietbichannuoi.com\/wp-content\/uploads\/2024\/06\/Tam-nhua-lot-san-chuong-heo-cai-sua-40\u00d740-cm-SN01.jpg",150,129,false],"medium":["https:\/\/thietbichannuoi.com\/wp-content\/uploads\/2024\/06\/Tam-nhua-lot-san-chuong-heo-cai-sua-40\u00d740-cm-SN01.jpg",300,257,false],"medium_large":["https:\/\/thietbichannuoi.com\/wp-content\/uploads\/2024\/06\/Tam-nhua-lot-san-chuong-heo-cai-sua-40\u00d740-cm-SN01.jpg",1400,1200,false],"large":["https:\/\/thietbichannuoi.com\/wp-content\/uploads\/2024\/06\/Tam-nhua-lot-san-chuong-heo-cai-sua-40\u00d740-cm-SN01.jpg",800,686,false],"1536x1536":["https:\/\/thietbichannuoi.com\/wp-content\/uploads\/2024\/06\/Tam-nhua-lot-san-chuong-heo-cai-sua-40\u00d740-cm-SN01.jpg",1400,1200,false],"2048x2048":["https:\/\/thietbichannuoi.com\/wp-content\/uploads\/2024\/06\/Tam-nhua-lot-san-chuong-heo-cai-sua-40\u00d740-cm-SN01.jpg",1400,1200,false],"woocommerce_thumbnail":["https:\/\/thietbichannuoi.com\/wp-content\/uploads\/2024\/06\/Tam-nhua-lot-san-chuong-heo-cai-sua-40\u00d740-cm-SN01.jpg",1400,1200,false],"woocommerce_single":["https:\/\/thietbichannuoi.com\/wp-content\/uploads\/2024\/06\/Tam-nhua-lot-san-chuong-heo-cai-sua-40\u00d740-cm-SN01.jpg",1400,1200,false],"woocommerce_gallery_thumbnail":["https:\/\/thietbichannuoi.com\/wp-content\/uploads\/2024\/06\/Tam-nhua-lot-san-chuong-heo-cai-sua-40\u00d740-cm-SN01-100x100.jpg",100,100,true]},"uagb_author_info":{"display_name":"admin","author_link":"https:\/\/thietbichannuoi.com\/en\/author\/"},"uagb_comment_info":0,"uagb_excerpt":"Code: SN01 Dimensions: 400x400x31 mm Material: PP plastic Used for: Wearner Weight: 1.2 kg \u00b12%, 1 pin Slot width: 10 mm Color: Orange, or custom colors available Made by: Minh Ph\u00e1t","_links":{"self":[{"href":"https:\/\/thietbichannuoi.com\/en\/wp-json\/wp\/v2\/product\/6568","targetHints":{"allow":["GET"]}}],"collection":[{"href":"https:\/\/thietbichannuoi.com\/en\/wp-json\/wp\/v2\/product"}],"about":[{"href":"https:\/\/thietbichannuoi.com\/en\/wp-json\/wp\/v2\/types\/product"}],"version-history":[{"count":0,"href":"https:\/\/thietbichannuoi.com\/en\/wp-json\/wp\/v2\/product\/6568\/revisions"}],"wp:featuredmedia":[{"embeddable":true,"href":"https:\/\/thietbichannuoi.com\/en\/wp-json\/wp\/v2\/media\/17162"}],"wp:attachment":[{"href":"https:\/\/thietbichannuoi.com\/en\/wp-json\/wp\/v2\/media?parent=6568"}],"wp:term":[{"taxonomy":"product_brand","embeddable":true,"href":"https:\/\/thietbichannuoi.com\/en\/wp-json\/wp\/v2\/product_brand?post=6568"},{"taxonomy":"product_cat","embeddable":true,"href":"https:\/\/thietbichannuoi.com\/en\/wp-json\/wp\/v2\/product_cat?post=6568"},{"taxonomy":"product_tag","embeddable":true,"href":"https:\/\/thietbichannuoi.com\/en\/wp-json\/wp\/v2\/product_tag?post=6568"}],"curies":[{"name":"wp","href":"https:\/\/api.w.org\/{rel}","templated":true}]}}