{"id":6591,"date":"2016-01-27T21:19:10","date_gmt":"2016-01-27T14:18:02","guid":{"rendered":"http:\/\/thietbichannuoi.com\/?post_type=product&#038;p=6591"},"modified":"2025-09-26T14:58:43","modified_gmt":"2025-09-26T07:58:43","slug":"concrete-floors","status":"publish","type":"product","link":"https:\/\/thietbichannuoi.com\/en\/san-pham\/concrete-floors\/","title":{"rendered":"Concrete slatted Floor For Pig Farm"},"content":{"rendered":"<p>Concrete slatted Floor For Pig Farm<\/p>\n<table style=\"height: 280px\" width=\"880\">\n<tbody>\n<tr>\n<td style=\"text-align: center\" colspan=\"4\" width=\"300\">\n<h4>Specifications<\/h4>\n<\/td>\n<\/tr>\n<tr>\n<td style=\"text-align: center\" width=\"50\"><b>Code<\/b><\/td>\n<td style=\"text-align: center\" width=\"50\"><strong>Dimension<\/strong><br \/>\n<strong>LxWxH (mm)<\/strong><\/td>\n<td style=\"text-align: center\" width=\"50\"><strong>Gap<\/strong><br \/>\n<strong>(mm)<\/strong><\/td>\n<td style=\"text-align: center\" width=\"50\"><strong>Weight<\/strong><br \/>\n<strong>(kg\/sheet)<\/strong><\/td>\n<\/tr>\n<tr>\n<td style=\"text-align: center\">DBT001<\/td>\n<td style=\"text-align: center\">1000x500x50<\/td>\n<td style=\"text-align: center\">10<\/td>\n<td style=\"text-align: center\">49-50<\/td>\n<\/tr>\n<tr>\n<td style=\"text-align: center\">DBT002<\/td>\n<td style=\"text-align: center\">1100x500x50<\/td>\n<td style=\"text-align: center\">10<\/td>\n<td style=\"text-align: center\">54-55<\/td>\n<\/tr>\n<tr>\n<td style=\"text-align: center\">DBT003<\/td>\n<td style=\"text-align: center\">1100x600x50<\/td>\n<td style=\"text-align: center\">10<\/td>\n<td style=\"text-align: center\">67-68<\/td>\n<\/tr>\n<tr>\n<td style=\"text-align: center\">DBT004<\/td>\n<td style=\"text-align: center\">1200x600x50<\/td>\n<td style=\"text-align: center\">10<\/td>\n<td style=\"text-align: center\">70-72<\/td>\n<\/tr>\n<tr>\n<td style=\"text-align: center\">DBT005<\/td>\n<td style=\"text-align: center\">1250x650x50<\/td>\n<td style=\"text-align: center\">10<\/td>\n<td style=\"text-align: center\">&#8211;<\/td>\n<\/tr>\n<tr>\n<td style=\"text-align: center\">DBT006<\/td>\n<td style=\"text-align: center\">1100x550x50<\/td>\n<td style=\"text-align: center\">10<\/td>\n<td style=\"text-align: center\">73-74<\/td>\n<\/tr>\n<tr>\n<td style=\"text-align: center\">DBT007<\/td>\n<td style=\"text-align: center\">1200x560x50<\/td>\n<td style=\"text-align: center\">10<\/td>\n<td style=\"text-align: center\">&#8211;<\/td>\n<\/tr>\n<tr>\n<td style=\"text-align: center\">DBT008<\/td>\n<td style=\"text-align: center\">1200x550x60<\/td>\n<td style=\"text-align: center\">10<\/td>\n<td style=\"text-align: center\">&#8211;<\/td>\n<\/tr>\n<\/tbody>\n<tbody>\n<tr>\n<td style=\"text-align: center\">DBT009<\/td>\n<td style=\"text-align: center\">1250x650x60<\/td>\n<td style=\"text-align: center\">10<\/td>\n<td style=\"text-align: center\">&#8211;<\/td>\n<\/tr>\n<tr>\n<td style=\"text-align: center\">DBT010 (*)<\/td>\n<td style=\"text-align: center\">1200x600x60<\/td>\n<td style=\"text-align: center\">10<\/td>\n<td style=\"text-align: center\">70-72<\/td>\n<\/tr>\n<\/tbody>\n<\/table>\n<p>Note: Dimensional tolerance \u00b12 mm<\/p>\n<p>(*) Use 8mm diameter iron<\/p>\n<p><img fetchpriority=\"high\" decoding=\"async\" class=\"alignnone wp-image-16847 size-full\" src=\"https:\/\/thietbichannuoi.com\/wp-content\/uploads\/2024\/06\/dan-betong-logo-mp.jpg\" alt=\"\" width=\"2500\" height=\"1667\" srcset=\"https:\/\/thietbichannuoi.com\/wp-content\/uploads\/2024\/06\/dan-betong-logo-mp.jpg 2500w, https:\/\/thietbichannuoi.com\/wp-content\/uploads\/2024\/06\/dan-betong-logo-mp-300x200.jpg 300w, https:\/\/thietbichannuoi.com\/wp-content\/uploads\/2024\/06\/dan-betong-logo-mp-1024x683.jpg 1024w, https:\/\/thietbichannuoi.com\/wp-content\/uploads\/2024\/06\/dan-betong-logo-mp-150x100.jpg 150w, https:\/\/thietbichannuoi.com\/wp-content\/uploads\/2024\/06\/dan-betong-logo-mp-1536x1024.jpg 1536w, https:\/\/thietbichannuoi.com\/wp-content\/uploads\/2024\/06\/dan-betong-logo-mp-2048x1366.jpg 2048w\" sizes=\"(max-width: 2500px) 100vw, 2500px\" \/><\/p>\n<p><img decoding=\"async\" class=\"wp-image-11574 size-full\" src=\"https:\/\/thietbichannuoi.com\/wp-content\/uploads\/2016\/01\/Dan-betong.jpg\" alt=\"\u0111an betong\" width=\"1400\" height=\"1200\" srcset=\"https:\/\/thietbichannuoi.com\/wp-content\/uploads\/2016\/01\/Dan-betong.jpg 1400w, https:\/\/thietbichannuoi.com\/wp-content\/uploads\/2016\/01\/Dan-betong-300x257.jpg 300w, https:\/\/thietbichannuoi.com\/wp-content\/uploads\/2016\/01\/Dan-betong-1024x878.jpg 1024w\" sizes=\"(max-width: 1400px) 100vw, 1400px\" \/><\/p>\n","protected":false},"excerpt":{"rendered":"<p>The product is manufactured by vibrating casting technology. Therefore, it has high hardness, flat and smooth surface, convenient for cleaning<\/p>\n<p>There are many sizes suitable for lining the mother&#8217;s compartment of the farrowing house, the pregnant pigsty, the path and other construction works such as drainage, technical floor &#8230;<\/p>\n","protected":false},"featured_media":17107,"template":"","meta":{"_uag_custom_page_level_css":"","footnotes":""},"product_brand":[],"product_cat":[291,303],"product_tag":[1413,362],"class_list":{"0":"post-6591","1":"product","2":"type-product","3":"status-publish","4":"has-post-thumbnail","6":"product_cat-equipment-for-pig","7":"product_cat-plastic-floors","8":"product_tag-concrete-floor","9":"product_tag-equipment-for-pig","11":"first","12":"instock","13":"shipping-taxable","14":"product-type-simple"},"acf":[],"yoast_head":"<!-- This site is optimized with the Yoast SEO Premium plugin v22.9 (Yoast SEO v27.3) - https:\/\/yoast.com\/product\/yoast-seo-premium-wordpress\/ -->\n<title>Concrete slatted Floor For Pig Farm - Livestock equipment<\/title>\n<meta name=\"description\" content=\"Concrete slatted Floor For Pig Farm\" \/>\n<meta name=\"robots\" content=\"index, follow, max-snippet:-1, max-image-preview:large, max-video-preview:-1\" \/>\n<link rel=\"canonical\" href=\"https:\/\/thietbichannuoi.com\/en\/san-pham\/concrete-floors\/\" \/>\n<meta property=\"og:locale\" content=\"en_US\" \/>\n<meta property=\"og:type\" content=\"article\" \/>\n<meta property=\"og:title\" content=\"Concrete slatted Floor For Pig Farm\" \/>\n<meta property=\"og:description\" content=\"The product is manufactured by vibrating casting technology. Therefore, it has high hardness, flat and smooth surface, convenient for cleaning  There are many sizes suitable for lining the mother&#039;s compartment of the farrowing house, the pregnant pigsty, the path and other construction works such as drainage, technical floor ...\" \/>\n<meta property=\"og:url\" content=\"https:\/\/thietbichannuoi.com\/en\/san-pham\/concrete-floors\/\" \/>\n<meta property=\"og:site_name\" content=\"Thi\u1ebft b\u1ecb ch\u0103n nu\u00f4i\" \/>\n<meta property=\"article:modified_time\" content=\"2025-09-26T07:58:43+00:00\" \/>\n<meta property=\"og:image\" content=\"https:\/\/thietbichannuoi.com\/wp-content\/uploads\/2024\/06\/Dan-be-tong-lot-san-chuong-heo.jpg\" \/>\n\t<meta property=\"og:image:width\" content=\"1400\" \/>\n\t<meta property=\"og:image:height\" content=\"1200\" \/>\n\t<meta property=\"og:image:type\" content=\"image\/jpeg\" \/>\n<meta name=\"twitter:card\" content=\"summary_large_image\" \/>\n<meta name=\"twitter:label1\" content=\"Est. reading time\" \/>\n\t<meta name=\"twitter:data1\" content=\"1 minute\" \/>\n<!-- \/ Yoast SEO Premium plugin. -->","yoast_head_json":{"title":"Concrete slatted Floor For Pig Farm - Livestock equipment","description":"Concrete slatted Floor For Pig Farm","robots":{"index":"index","follow":"follow","max-snippet":"max-snippet:-1","max-image-preview":"max-image-preview:large","max-video-preview":"max-video-preview:-1"},"canonical":"https:\/\/thietbichannuoi.com\/en\/san-pham\/concrete-floors\/","og_locale":"en_US","og_type":"article","og_title":"Concrete slatted Floor For Pig Farm","og_description":"The product is manufactured by vibrating casting technology. Therefore, it has high hardness, flat and smooth surface, convenient for cleaning  There are many sizes suitable for lining the mother's compartment of the farrowing house, the pregnant pigsty, the path and other construction works such as drainage, technical floor ...","og_url":"https:\/\/thietbichannuoi.com\/en\/san-pham\/concrete-floors\/","og_site_name":"Thi\u1ebft b\u1ecb ch\u0103n nu\u00f4i","article_modified_time":"2025-09-26T07:58:43+00:00","og_image":[{"width":1400,"height":1200,"url":"https:\/\/thietbichannuoi.com\/wp-content\/uploads\/2024\/06\/Dan-be-tong-lot-san-chuong-heo.jpg","type":"image\/jpeg"}],"twitter_card":"summary_large_image","twitter_misc":{"Est. reading time":"1 minute"},"schema":{"@context":"https:\/\/schema.org","@graph":[{"@type":"WebPage","@id":"https:\/\/thietbichannuoi.com\/en\/san-pham\/concrete-floors\/","url":"https:\/\/thietbichannuoi.com\/en\/san-pham\/concrete-floors\/","name":"Concrete slatted Floor For Pig Farm - Livestock equipment","isPartOf":{"@id":"https:\/\/thietbichannuoi.com\/#website"},"primaryImageOfPage":{"@id":"https:\/\/thietbichannuoi.com\/en\/san-pham\/concrete-floors\/#primaryimage"},"image":{"@id":"https:\/\/thietbichannuoi.com\/en\/san-pham\/concrete-floors\/#primaryimage"},"thumbnailUrl":"https:\/\/thietbichannuoi.com\/wp-content\/uploads\/2024\/06\/Dan-be-tong-lot-san-chuong-heo.jpg","datePublished":"2016-01-27T14:18:02+00:00","dateModified":"2025-09-26T07:58:43+00:00","description":"Concrete slatted Floor For Pig Farm","breadcrumb":{"@id":"https:\/\/thietbichannuoi.com\/en\/san-pham\/concrete-floors\/#breadcrumb"},"inLanguage":"en-US","potentialAction":[{"@type":"ReadAction","target":["https:\/\/thietbichannuoi.com\/en\/san-pham\/concrete-floors\/"]}]},{"@type":"ImageObject","inLanguage":"en-US","@id":"https:\/\/thietbichannuoi.com\/en\/san-pham\/concrete-floors\/#primaryimage","url":"https:\/\/thietbichannuoi.com\/wp-content\/uploads\/2024\/06\/Dan-be-tong-lot-san-chuong-heo.jpg","contentUrl":"https:\/\/thietbichannuoi.com\/wp-content\/uploads\/2024\/06\/Dan-be-tong-lot-san-chuong-heo.jpg","width":1400,"height":1200,"caption":"Concrete slatted Floor For Pig Farm"},{"@type":"BreadcrumbList","@id":"https:\/\/thietbichannuoi.com\/en\/san-pham\/concrete-floors\/#breadcrumb","itemListElement":[{"@type":"ListItem","position":1,"name":"Home","item":"https:\/\/thietbichannuoi.com\/en\/"},{"@type":"ListItem","position":2,"name":"Shop","item":"https:\/\/thietbichannuoi.com\/shop\/"},{"@type":"ListItem","position":3,"name":"Concrete slatted Floor For Pig Farm"}]},{"@type":"WebSite","@id":"https:\/\/thietbichannuoi.com\/#website","url":"https:\/\/thietbichannuoi.com\/","name":"Thi\u1ebft b\u1ecb ch\u0103n nu\u00f4i","description":"S\u1ea3n xu\u1ea5t thi\u1ebft b\u1ecb ch\u0103n nu\u00f4i gia s\u00fac, gia c\u1ea7m v\u00e0 c\u00e1c s\u1ea3n ph\u1ea9m t\u1eeb nh\u1ef1a","publisher":{"@id":"https:\/\/thietbichannuoi.com\/#organization"},"potentialAction":[{"@type":"SearchAction","target":{"@type":"EntryPoint","urlTemplate":"https:\/\/thietbichannuoi.com\/?s={search_term_string}"},"query-input":{"@type":"PropertyValueSpecification","valueRequired":true,"valueName":"search_term_string"}}],"inLanguage":"en-US"},{"@type":"Organization","@id":"https:\/\/thietbichannuoi.com\/#organization","name":"Thi\u1ebft b\u1ecb ch\u0103n nu\u00f4i Minh Ph\u00e1t","url":"https:\/\/thietbichannuoi.com\/","logo":{"@type":"ImageObject","inLanguage":"en-US","@id":"https:\/\/thietbichannuoi.com\/#\/schema\/logo\/image\/","url":"https:\/\/thietbichannuoi.com\/wp-content\/uploads\/2021\/04\/logo-thiet-bi-chan-nuoi.png","contentUrl":"https:\/\/thietbichannuoi.com\/wp-content\/uploads\/2021\/04\/logo-thiet-bi-chan-nuoi.png","width":104,"height":79,"caption":"Thi\u1ebft b\u1ecb ch\u0103n nu\u00f4i Minh Ph\u00e1t"},"image":{"@id":"https:\/\/thietbichannuoi.com\/#\/schema\/logo\/image\/"}}]}},"uagb_featured_image_src":{"full":["https:\/\/thietbichannuoi.com\/wp-content\/uploads\/2024\/06\/Dan-be-tong-lot-san-chuong-heo.jpg",1400,1200,false],"thumbnail":["https:\/\/thietbichannuoi.com\/wp-content\/uploads\/2024\/06\/Dan-be-tong-lot-san-chuong-heo.jpg",150,129,false],"medium":["https:\/\/thietbichannuoi.com\/wp-content\/uploads\/2024\/06\/Dan-be-tong-lot-san-chuong-heo.jpg",300,257,false],"medium_large":["https:\/\/thietbichannuoi.com\/wp-content\/uploads\/2024\/06\/Dan-be-tong-lot-san-chuong-heo.jpg",1400,1200,false],"large":["https:\/\/thietbichannuoi.com\/wp-content\/uploads\/2024\/06\/Dan-be-tong-lot-san-chuong-heo.jpg",800,686,false],"1536x1536":["https:\/\/thietbichannuoi.com\/wp-content\/uploads\/2024\/06\/Dan-be-tong-lot-san-chuong-heo.jpg",1400,1200,false],"2048x2048":["https:\/\/thietbichannuoi.com\/wp-content\/uploads\/2024\/06\/Dan-be-tong-lot-san-chuong-heo.jpg",1400,1200,false],"woocommerce_thumbnail":["https:\/\/thietbichannuoi.com\/wp-content\/uploads\/2024\/06\/Dan-be-tong-lot-san-chuong-heo.jpg",1400,1200,false],"woocommerce_single":["https:\/\/thietbichannuoi.com\/wp-content\/uploads\/2024\/06\/Dan-be-tong-lot-san-chuong-heo.jpg",1400,1200,false],"woocommerce_gallery_thumbnail":["https:\/\/thietbichannuoi.com\/wp-content\/uploads\/2024\/06\/Dan-be-tong-lot-san-chuong-heo-100x100.jpg",100,100,true]},"uagb_author_info":{"display_name":"admin","author_link":"https:\/\/thietbichannuoi.com\/en\/author\/"},"uagb_comment_info":0,"uagb_excerpt":"The product is manufactured by vibrating casting technology. Therefore, it has high hardness, flat and smooth surface, convenient for cleaning There are many sizes suitable for lining the mother's compartment of the farrowing house, the pregnant pigsty, the path and other construction works such as drainage, technical floor ...","_links":{"self":[{"href":"https:\/\/thietbichannuoi.com\/en\/wp-json\/wp\/v2\/product\/6591","targetHints":{"allow":["GET"]}}],"collection":[{"href":"https:\/\/thietbichannuoi.com\/en\/wp-json\/wp\/v2\/product"}],"about":[{"href":"https:\/\/thietbichannuoi.com\/en\/wp-json\/wp\/v2\/types\/product"}],"version-history":[{"count":0,"href":"https:\/\/thietbichannuoi.com\/en\/wp-json\/wp\/v2\/product\/6591\/revisions"}],"wp:featuredmedia":[{"embeddable":true,"href":"https:\/\/thietbichannuoi.com\/en\/wp-json\/wp\/v2\/media\/17107"}],"wp:attachment":[{"href":"https:\/\/thietbichannuoi.com\/en\/wp-json\/wp\/v2\/media?parent=6591"}],"wp:term":[{"taxonomy":"product_brand","embeddable":true,"href":"https:\/\/thietbichannuoi.com\/en\/wp-json\/wp\/v2\/product_brand?post=6591"},{"taxonomy":"product_cat","embeddable":true,"href":"https:\/\/thietbichannuoi.com\/en\/wp-json\/wp\/v2\/product_cat?post=6591"},{"taxonomy":"product_tag","embeddable":true,"href":"https:\/\/thietbichannuoi.com\/en\/wp-json\/wp\/v2\/product_tag?post=6591"}],"curies":[{"name":"wp","href":"https:\/\/api.w.org\/{rel}","templated":true}]}}