{"id":6621,"date":"2016-01-28T15:06:44","date_gmt":"2016-01-28T08:05:42","guid":{"rendered":"http:\/\/thietbichannuoi.com\/?post_type=product&#038;p=6621"},"modified":"2025-03-25T09:12:04","modified_gmt":"2025-03-25T02:12:04","slug":"pig-warming-lamp-use-gas","status":"publish","type":"product","link":"https:\/\/thietbichannuoi.com\/en\/san-pham\/pig-warming-lamp-use-gas\/","title":{"rendered":"Gas Brooder"},"content":{"rendered":"","protected":false},"excerpt":{"rendered":"<p>The product is used for heating livestock such as chickens, pigs, birds, ducks, etc.<\/p>\n<ul>\n<li><strong>Product Code<\/strong>: <strong>HTG010<\/strong><\/li>\n<li><strong>Fuel<\/strong>: Propane gas<\/li>\n<li><strong>Manufacturer<\/strong>: Alke \u2013 Romania (A member of Alke Group \u2013 Netherlands)<\/li>\n<li><strong>Capacity<\/strong>: Can heat 1200-1500 chicks in Southern regions and 800-1200 chicks in Northern regions during winter.<\/li>\n<\/ul>\n","protected":false},"featured_media":13479,"template":"","meta":{"_uag_custom_page_level_css":"","footnotes":""},"product_brand":[],"product_cat":[1036],"product_tag":[362],"class_list":{"0":"post-6621","1":"product","2":"type-product","3":"status-publish","4":"has-post-thumbnail","6":"product_cat-heating-systerm","7":"product_tag-equipment-for-pig","9":"first","10":"instock","11":"shipping-taxable","12":"product-type-simple"},"acf":[],"yoast_head":"<!-- This site is optimized with the Yoast SEO Premium plugin v22.9 (Yoast SEO v27.4) - https:\/\/yoast.com\/product\/yoast-seo-premium-wordpress\/ -->\n<title>pig warming lamp use gas - Livestock equipment<\/title>\n<meta name=\"description\" content=\"Gas Brooder pig warming lamp use gas, pig heat Lamp, for Poultry, Pigs, Livestock equipment\" \/>\n<meta name=\"robots\" content=\"index, follow, max-snippet:-1, max-image-preview:large, max-video-preview:-1\" \/>\n<link rel=\"canonical\" href=\"https:\/\/thietbichannuoi.com\/en\/san-pham\/pig-warming-lamp-use-gas\/\" \/>\n<meta property=\"og:locale\" content=\"en_US\" \/>\n<meta property=\"og:type\" content=\"article\" \/>\n<meta property=\"og:title\" content=\"Gas Brooder\" \/>\n<meta property=\"og:description\" content=\"The product is used for heating livestock such as chickens, pigs, birds, ducks, etc.   Product Code: HTG010  Fuel: Propane gas  Manufacturer: Alke \u2013 Romania (A member of Alke Group \u2013 Netherlands)  Capacity: Can heat 1200-1500 chicks in Southern regions and 800-1200 chicks in Northern regions during winter.\" \/>\n<meta property=\"og:url\" content=\"https:\/\/thietbichannuoi.com\/en\/san-pham\/pig-warming-lamp-use-gas\/\" \/>\n<meta property=\"og:site_name\" content=\"Thi\u1ebft b\u1ecb ch\u0103n nu\u00f4i\" \/>\n<meta property=\"article:modified_time\" content=\"2025-03-25T02:12:04+00:00\" \/>\n<meta property=\"og:image\" content=\"https:\/\/thietbichannuoi.com\/wp-content\/uploads\/2016\/01\/Den-suoi-bang-gas01.jpg\" \/>\n\t<meta property=\"og:image:width\" content=\"1400\" \/>\n\t<meta property=\"og:image:height\" content=\"1200\" \/>\n\t<meta property=\"og:image:type\" content=\"image\/jpeg\" \/>\n<meta name=\"twitter:card\" content=\"summary_large_image\" \/>\n<meta name=\"twitter:label1\" content=\"Est. reading time\" \/>\n\t<meta name=\"twitter:data1\" content=\"1 minute\" \/>\n<!-- \/ Yoast SEO Premium plugin. -->","yoast_head_json":{"title":"pig warming lamp use gas - Livestock equipment","description":"Gas Brooder pig warming lamp use gas, pig heat Lamp, for Poultry, Pigs, Livestock equipment","robots":{"index":"index","follow":"follow","max-snippet":"max-snippet:-1","max-image-preview":"max-image-preview:large","max-video-preview":"max-video-preview:-1"},"canonical":"https:\/\/thietbichannuoi.com\/en\/san-pham\/pig-warming-lamp-use-gas\/","og_locale":"en_US","og_type":"article","og_title":"Gas Brooder","og_description":"The product is used for heating livestock such as chickens, pigs, birds, ducks, etc.   Product Code: HTG010  Fuel: Propane gas  Manufacturer: Alke \u2013 Romania (A member of Alke Group \u2013 Netherlands)  Capacity: Can heat 1200-1500 chicks in Southern regions and 800-1200 chicks in Northern regions during winter.","og_url":"https:\/\/thietbichannuoi.com\/en\/san-pham\/pig-warming-lamp-use-gas\/","og_site_name":"Thi\u1ebft b\u1ecb ch\u0103n nu\u00f4i","article_modified_time":"2025-03-25T02:12:04+00:00","og_image":[{"width":1400,"height":1200,"url":"https:\/\/thietbichannuoi.com\/wp-content\/uploads\/2016\/01\/Den-suoi-bang-gas01.jpg","type":"image\/jpeg"}],"twitter_card":"summary_large_image","twitter_misc":{"Est. reading time":"1 minute"},"schema":{"@context":"https:\/\/schema.org","@graph":[{"@type":"WebPage","@id":"https:\/\/thietbichannuoi.com\/en\/san-pham\/pig-warming-lamp-use-gas\/","url":"https:\/\/thietbichannuoi.com\/en\/san-pham\/pig-warming-lamp-use-gas\/","name":"pig warming lamp use gas - Livestock equipment","isPartOf":{"@id":"https:\/\/thietbichannuoi.com\/#website"},"primaryImageOfPage":{"@id":"https:\/\/thietbichannuoi.com\/en\/san-pham\/pig-warming-lamp-use-gas\/#primaryimage"},"image":{"@id":"https:\/\/thietbichannuoi.com\/en\/san-pham\/pig-warming-lamp-use-gas\/#primaryimage"},"thumbnailUrl":"https:\/\/thietbichannuoi.com\/wp-content\/uploads\/2016\/01\/Den-suoi-bang-gas01.jpg","datePublished":"2016-01-28T08:05:42+00:00","dateModified":"2025-03-25T02:12:04+00:00","description":"Gas Brooder pig warming lamp use gas, pig heat Lamp, for Poultry, Pigs, Livestock equipment","breadcrumb":{"@id":"https:\/\/thietbichannuoi.com\/en\/san-pham\/pig-warming-lamp-use-gas\/#breadcrumb"},"inLanguage":"en-US","potentialAction":[{"@type":"ReadAction","target":["https:\/\/thietbichannuoi.com\/en\/san-pham\/pig-warming-lamp-use-gas\/"]}]},{"@type":"ImageObject","inLanguage":"en-US","@id":"https:\/\/thietbichannuoi.com\/en\/san-pham\/pig-warming-lamp-use-gas\/#primaryimage","url":"https:\/\/thietbichannuoi.com\/wp-content\/uploads\/2016\/01\/Den-suoi-bang-gas01.jpg","contentUrl":"https:\/\/thietbichannuoi.com\/wp-content\/uploads\/2016\/01\/Den-suoi-bang-gas01.jpg","width":1400,"height":1200,"caption":"Gas Brooder"},{"@type":"BreadcrumbList","@id":"https:\/\/thietbichannuoi.com\/en\/san-pham\/pig-warming-lamp-use-gas\/#breadcrumb","itemListElement":[{"@type":"ListItem","position":1,"name":"Home","item":"https:\/\/thietbichannuoi.com\/en\/"},{"@type":"ListItem","position":2,"name":"Shop","item":"https:\/\/thietbichannuoi.com\/shop\/"},{"@type":"ListItem","position":3,"name":"Gas Brooder"}]},{"@type":"WebSite","@id":"https:\/\/thietbichannuoi.com\/#website","url":"https:\/\/thietbichannuoi.com\/","name":"Thi\u1ebft b\u1ecb ch\u0103n nu\u00f4i","description":"S\u1ea3n xu\u1ea5t thi\u1ebft b\u1ecb ch\u0103n nu\u00f4i gia s\u00fac, gia c\u1ea7m v\u00e0 c\u00e1c s\u1ea3n ph\u1ea9m t\u1eeb nh\u1ef1a","publisher":{"@id":"https:\/\/thietbichannuoi.com\/#organization"},"potentialAction":[{"@type":"SearchAction","target":{"@type":"EntryPoint","urlTemplate":"https:\/\/thietbichannuoi.com\/?s={search_term_string}"},"query-input":{"@type":"PropertyValueSpecification","valueRequired":true,"valueName":"search_term_string"}}],"inLanguage":"en-US"},{"@type":"Organization","@id":"https:\/\/thietbichannuoi.com\/#organization","name":"Thi\u1ebft b\u1ecb ch\u0103n nu\u00f4i Minh Ph\u00e1t","url":"https:\/\/thietbichannuoi.com\/","logo":{"@type":"ImageObject","inLanguage":"en-US","@id":"https:\/\/thietbichannuoi.com\/#\/schema\/logo\/image\/","url":"https:\/\/thietbichannuoi.com\/wp-content\/uploads\/2021\/04\/logo-thiet-bi-chan-nuoi.png","contentUrl":"https:\/\/thietbichannuoi.com\/wp-content\/uploads\/2021\/04\/logo-thiet-bi-chan-nuoi.png","width":104,"height":79,"caption":"Thi\u1ebft b\u1ecb ch\u0103n nu\u00f4i Minh Ph\u00e1t"},"image":{"@id":"https:\/\/thietbichannuoi.com\/#\/schema\/logo\/image\/"}}]}},"uagb_featured_image_src":{"full":["https:\/\/thietbichannuoi.com\/wp-content\/uploads\/2016\/01\/Den-suoi-bang-gas01.jpg",1400,1200,false],"thumbnail":["https:\/\/thietbichannuoi.com\/wp-content\/uploads\/2016\/01\/Den-suoi-bang-gas01.jpg",150,129,false],"medium":["https:\/\/thietbichannuoi.com\/wp-content\/uploads\/2016\/01\/Den-suoi-bang-gas01.jpg",300,257,false],"medium_large":["https:\/\/thietbichannuoi.com\/wp-content\/uploads\/2016\/01\/Den-suoi-bang-gas01.jpg",1400,1200,false],"large":["https:\/\/thietbichannuoi.com\/wp-content\/uploads\/2016\/01\/Den-suoi-bang-gas01.jpg",800,686,false],"1536x1536":["https:\/\/thietbichannuoi.com\/wp-content\/uploads\/2016\/01\/Den-suoi-bang-gas01.jpg",1400,1200,false],"2048x2048":["https:\/\/thietbichannuoi.com\/wp-content\/uploads\/2016\/01\/Den-suoi-bang-gas01.jpg",1400,1200,false],"woocommerce_thumbnail":["https:\/\/thietbichannuoi.com\/wp-content\/uploads\/2016\/01\/Den-suoi-bang-gas01.jpg",1400,1200,false],"woocommerce_single":["https:\/\/thietbichannuoi.com\/wp-content\/uploads\/2016\/01\/Den-suoi-bang-gas01.jpg",1400,1200,false],"woocommerce_gallery_thumbnail":["https:\/\/thietbichannuoi.com\/wp-content\/uploads\/2016\/01\/Den-suoi-bang-gas01-100x100.jpg",100,100,true]},"uagb_author_info":{"display_name":"admin","author_link":"https:\/\/thietbichannuoi.com\/en\/author\/"},"uagb_comment_info":0,"uagb_excerpt":"The product is used for heating livestock such as chickens, pigs, birds, ducks, etc. Product Code: HTG010 Fuel: Propane gas Manufacturer: Alke \u2013 Romania (A member of Alke Group \u2013 Netherlands) Capacity: Can heat 1200-1500 chicks in Southern regions and 800-1200 chicks in Northern regions during winter.","_links":{"self":[{"href":"https:\/\/thietbichannuoi.com\/en\/wp-json\/wp\/v2\/product\/6621","targetHints":{"allow":["GET"]}}],"collection":[{"href":"https:\/\/thietbichannuoi.com\/en\/wp-json\/wp\/v2\/product"}],"about":[{"href":"https:\/\/thietbichannuoi.com\/en\/wp-json\/wp\/v2\/types\/product"}],"version-history":[{"count":0,"href":"https:\/\/thietbichannuoi.com\/en\/wp-json\/wp\/v2\/product\/6621\/revisions"}],"wp:featuredmedia":[{"embeddable":true,"href":"https:\/\/thietbichannuoi.com\/en\/wp-json\/wp\/v2\/media\/13479"}],"wp:attachment":[{"href":"https:\/\/thietbichannuoi.com\/en\/wp-json\/wp\/v2\/media?parent=6621"}],"wp:term":[{"taxonomy":"product_brand","embeddable":true,"href":"https:\/\/thietbichannuoi.com\/en\/wp-json\/wp\/v2\/product_brand?post=6621"},{"taxonomy":"product_cat","embeddable":true,"href":"https:\/\/thietbichannuoi.com\/en\/wp-json\/wp\/v2\/product_cat?post=6621"},{"taxonomy":"product_tag","embeddable":true,"href":"https:\/\/thietbichannuoi.com\/en\/wp-json\/wp\/v2\/product_tag?post=6621"}],"curies":[{"name":"wp","href":"https:\/\/api.w.org\/{rel}","templated":true}]}}