{"id":6624,"date":"2016-01-28T15:13:47","date_gmt":"2016-01-28T08:13:47","guid":{"rendered":"http:\/\/thietbichannuoi.com\/?post_type=product&#038;p=6624"},"modified":"2025-12-05T18:03:16","modified_gmt":"2025-12-05T11:03:16","slug":"trolley-bran-pig","status":"publish","type":"product","link":"https:\/\/thietbichannuoi.com\/en\/san-pham\/trolley-bran-pig\/","title":{"rendered":"Feed Delivery Trolley"},"content":{"rendered":"<p>This product is specially designed for transporting and distributing feed to sow and piglet pens. It features 2 fixed front wheels and 2 rear wheels that rotate 360\u00b0.<\/p>\n","protected":false},"excerpt":{"rendered":"<p><strong>M\u00e3 h\u00e0ng: XECAM01<\/strong><i> (140kg)<\/i><\/p>\n<p><strong>M\u00e3 h\u00e0ng: XECAM02<\/strong><i>\u00a0(180kg)<\/i><\/p>\n<ul>\n<li><strong>S\u1ee9c Ch\u1ee9a:<\/strong> 140kg<\/li>\n<li><strong>Ch\u1ea5t li\u1ec7u:<\/strong>\u00a0Th\u00f9ng ch\u1ee9a c\u00e1m inox 201<\/li>\n<li><strong>K\u00edch th\u01b0\u1edbc th\u00f9ng:<\/strong> DxRxC- 860x460x570mm<\/li>\n<li><strong>Chi\u1ec1u cao t\u1eeb b\u00e1nh xe \u0111\u1ebfn m\u1eb7t th\u00f9ng:<\/strong> 700mm<\/li>\n<li><strong>Bao g\u1ed3m:<\/strong>\u00a02 b\u00e1nh c\u1ed1 \u0111\u1ecbnh v\u00e0 2 b\u00e1nh xoay<\/li>\n<\/ul>\n","protected":false},"featured_media":20646,"template":"","meta":{"_uag_custom_page_level_css":"","footnotes":""},"product_brand":[],"product_cat":[1222],"product_tag":[362],"class_list":{"0":"post-6624","1":"product","2":"type-product","3":"status-publish","4":"has-post-thumbnail","6":"product_cat-transportation-equipment","7":"product_tag-equipment-for-pig","9":"first","10":"instock","11":"shipping-taxable","12":"product-type-simple"},"acf":[],"yoast_head":"<!-- This site is optimized with the Yoast SEO Premium plugin v22.9 (Yoast SEO v27.3) - https:\/\/yoast.com\/product\/yoast-seo-premium-wordpress\/ -->\n<title>Trolley bran pig - Livestock equipment<\/title>\n<meta name=\"description\" content=\"Trolley Feed\" \/>\n<meta name=\"robots\" content=\"index, follow, max-snippet:-1, max-image-preview:large, max-video-preview:-1\" \/>\n<link rel=\"canonical\" href=\"https:\/\/thietbichannuoi.com\/en\/san-pham\/trolley-bran-pig\/\" \/>\n<meta property=\"og:locale\" content=\"en_US\" \/>\n<meta property=\"og:type\" content=\"article\" \/>\n<meta property=\"og:title\" content=\"Feed Delivery Trolley\" \/>\n<meta property=\"og:description\" content=\"M\u00e3 h\u00e0ng: XECAM01 (140kg)  M\u00e3 h\u00e0ng: XECAM02\u00a0(180kg)   S\u1ee9c Ch\u1ee9a: 140kg  Ch\u1ea5t li\u1ec7u:\u00a0Th\u00f9ng ch\u1ee9a c\u00e1m inox 201  K\u00edch th\u01b0\u1edbc th\u00f9ng: DxRxC- 860x460x570mm  Chi\u1ec1u cao t\u1eeb b\u00e1nh xe \u0111\u1ebfn m\u1eb7t th\u00f9ng: 700mm  Bao g\u1ed3m:\u00a02 b\u00e1nh c\u1ed1 \u0111\u1ecbnh v\u00e0 2 b\u00e1nh xoay\" \/>\n<meta property=\"og:url\" content=\"https:\/\/thietbichannuoi.com\/en\/san-pham\/trolley-bran-pig\/\" \/>\n<meta property=\"og:site_name\" content=\"Thi\u1ebft b\u1ecb ch\u0103n nu\u00f4i\" \/>\n<meta property=\"article:modified_time\" content=\"2025-12-05T11:03:16+00:00\" \/>\n<meta property=\"og:image\" content=\"https:\/\/thietbichannuoi.com\/wp-content\/uploads\/2016\/01\/XECAM02-1.jpg\" \/>\n\t<meta property=\"og:image:width\" content=\"1400\" \/>\n\t<meta property=\"og:image:height\" content=\"1200\" \/>\n\t<meta property=\"og:image:type\" content=\"image\/jpeg\" \/>\n<meta name=\"twitter:card\" content=\"summary_large_image\" \/>\n<meta name=\"twitter:label1\" content=\"Est. reading time\" \/>\n\t<meta name=\"twitter:data1\" content=\"1 minute\" \/>\n<!-- \/ Yoast SEO Premium plugin. -->","yoast_head_json":{"title":"Trolley bran pig - Livestock equipment","description":"Trolley Feed","robots":{"index":"index","follow":"follow","max-snippet":"max-snippet:-1","max-image-preview":"max-image-preview:large","max-video-preview":"max-video-preview:-1"},"canonical":"https:\/\/thietbichannuoi.com\/en\/san-pham\/trolley-bran-pig\/","og_locale":"en_US","og_type":"article","og_title":"Feed Delivery Trolley","og_description":"M\u00e3 h\u00e0ng: XECAM01 (140kg)  M\u00e3 h\u00e0ng: XECAM02\u00a0(180kg)   S\u1ee9c Ch\u1ee9a: 140kg  Ch\u1ea5t li\u1ec7u:\u00a0Th\u00f9ng ch\u1ee9a c\u00e1m inox 201  K\u00edch th\u01b0\u1edbc th\u00f9ng: DxRxC- 860x460x570mm  Chi\u1ec1u cao t\u1eeb b\u00e1nh xe \u0111\u1ebfn m\u1eb7t th\u00f9ng: 700mm  Bao g\u1ed3m:\u00a02 b\u00e1nh c\u1ed1 \u0111\u1ecbnh v\u00e0 2 b\u00e1nh xoay","og_url":"https:\/\/thietbichannuoi.com\/en\/san-pham\/trolley-bran-pig\/","og_site_name":"Thi\u1ebft b\u1ecb ch\u0103n nu\u00f4i","article_modified_time":"2025-12-05T11:03:16+00:00","og_image":[{"width":1400,"height":1200,"url":"https:\/\/thietbichannuoi.com\/wp-content\/uploads\/2016\/01\/XECAM02-1.jpg","type":"image\/jpeg"}],"twitter_card":"summary_large_image","twitter_misc":{"Est. reading time":"1 minute"},"schema":{"@context":"https:\/\/schema.org","@graph":[{"@type":"WebPage","@id":"https:\/\/thietbichannuoi.com\/en\/san-pham\/trolley-bran-pig\/","url":"https:\/\/thietbichannuoi.com\/en\/san-pham\/trolley-bran-pig\/","name":"Trolley bran pig - Livestock equipment","isPartOf":{"@id":"https:\/\/thietbichannuoi.com\/#website"},"primaryImageOfPage":{"@id":"https:\/\/thietbichannuoi.com\/en\/san-pham\/trolley-bran-pig\/#primaryimage"},"image":{"@id":"https:\/\/thietbichannuoi.com\/en\/san-pham\/trolley-bran-pig\/#primaryimage"},"thumbnailUrl":"https:\/\/thietbichannuoi.com\/wp-content\/uploads\/2016\/01\/XECAM02-1.jpg","datePublished":"2016-01-28T08:13:47+00:00","dateModified":"2025-12-05T11:03:16+00:00","description":"Trolley Feed","breadcrumb":{"@id":"https:\/\/thietbichannuoi.com\/en\/san-pham\/trolley-bran-pig\/#breadcrumb"},"inLanguage":"en-US","potentialAction":[{"@type":"ReadAction","target":["https:\/\/thietbichannuoi.com\/en\/san-pham\/trolley-bran-pig\/"]}]},{"@type":"ImageObject","inLanguage":"en-US","@id":"https:\/\/thietbichannuoi.com\/en\/san-pham\/trolley-bran-pig\/#primaryimage","url":"https:\/\/thietbichannuoi.com\/wp-content\/uploads\/2016\/01\/XECAM02-1.jpg","contentUrl":"https:\/\/thietbichannuoi.com\/wp-content\/uploads\/2016\/01\/XECAM02-1.jpg","width":1400,"height":1200,"caption":"Xe ch\u00e2m c\u00e1m"},{"@type":"BreadcrumbList","@id":"https:\/\/thietbichannuoi.com\/en\/san-pham\/trolley-bran-pig\/#breadcrumb","itemListElement":[{"@type":"ListItem","position":1,"name":"Home","item":"https:\/\/thietbichannuoi.com\/en\/"},{"@type":"ListItem","position":2,"name":"Shop","item":"https:\/\/thietbichannuoi.com\/shop\/"},{"@type":"ListItem","position":3,"name":"Feed Delivery Trolley"}]},{"@type":"WebSite","@id":"https:\/\/thietbichannuoi.com\/#website","url":"https:\/\/thietbichannuoi.com\/","name":"Thi\u1ebft b\u1ecb ch\u0103n nu\u00f4i","description":"S\u1ea3n xu\u1ea5t thi\u1ebft b\u1ecb ch\u0103n nu\u00f4i gia s\u00fac, gia c\u1ea7m v\u00e0 c\u00e1c s\u1ea3n ph\u1ea9m t\u1eeb nh\u1ef1a","publisher":{"@id":"https:\/\/thietbichannuoi.com\/#organization"},"potentialAction":[{"@type":"SearchAction","target":{"@type":"EntryPoint","urlTemplate":"https:\/\/thietbichannuoi.com\/?s={search_term_string}"},"query-input":{"@type":"PropertyValueSpecification","valueRequired":true,"valueName":"search_term_string"}}],"inLanguage":"en-US"},{"@type":"Organization","@id":"https:\/\/thietbichannuoi.com\/#organization","name":"Thi\u1ebft b\u1ecb ch\u0103n nu\u00f4i Minh Ph\u00e1t","url":"https:\/\/thietbichannuoi.com\/","logo":{"@type":"ImageObject","inLanguage":"en-US","@id":"https:\/\/thietbichannuoi.com\/#\/schema\/logo\/image\/","url":"https:\/\/thietbichannuoi.com\/wp-content\/uploads\/2021\/04\/logo-thiet-bi-chan-nuoi.png","contentUrl":"https:\/\/thietbichannuoi.com\/wp-content\/uploads\/2021\/04\/logo-thiet-bi-chan-nuoi.png","width":104,"height":79,"caption":"Thi\u1ebft b\u1ecb ch\u0103n nu\u00f4i Minh Ph\u00e1t"},"image":{"@id":"https:\/\/thietbichannuoi.com\/#\/schema\/logo\/image\/"}}]}},"uagb_featured_image_src":{"full":["https:\/\/thietbichannuoi.com\/wp-content\/uploads\/2016\/01\/XECAM02-1.jpg",1400,1200,false],"thumbnail":["https:\/\/thietbichannuoi.com\/wp-content\/uploads\/2016\/01\/XECAM02-1.jpg",150,129,false],"medium":["https:\/\/thietbichannuoi.com\/wp-content\/uploads\/2016\/01\/XECAM02-1.jpg",300,257,false],"medium_large":["https:\/\/thietbichannuoi.com\/wp-content\/uploads\/2016\/01\/XECAM02-1.jpg",1400,1200,false],"large":["https:\/\/thietbichannuoi.com\/wp-content\/uploads\/2016\/01\/XECAM02-1.jpg",800,686,false],"1536x1536":["https:\/\/thietbichannuoi.com\/wp-content\/uploads\/2016\/01\/XECAM02-1.jpg",1400,1200,false],"2048x2048":["https:\/\/thietbichannuoi.com\/wp-content\/uploads\/2016\/01\/XECAM02-1.jpg",1400,1200,false],"woocommerce_thumbnail":["https:\/\/thietbichannuoi.com\/wp-content\/uploads\/2016\/01\/XECAM02-1.jpg",1400,1200,false],"woocommerce_single":["https:\/\/thietbichannuoi.com\/wp-content\/uploads\/2016\/01\/XECAM02-1.jpg",1400,1200,false],"woocommerce_gallery_thumbnail":["https:\/\/thietbichannuoi.com\/wp-content\/uploads\/2016\/01\/XECAM02-1-100x100.jpg",100,100,true]},"uagb_author_info":{"display_name":"admin","author_link":"https:\/\/thietbichannuoi.com\/en\/author\/"},"uagb_comment_info":0,"uagb_excerpt":"M\u00e3 h\u00e0ng: XECAM01 (140kg) M\u00e3 h\u00e0ng: XECAM02\u00a0(180kg) S\u1ee9c Ch\u1ee9a: 140kg Ch\u1ea5t li\u1ec7u:\u00a0Th\u00f9ng ch\u1ee9a c\u00e1m inox 201 K\u00edch th\u01b0\u1edbc th\u00f9ng: DxRxC- 860x460x570mm Chi\u1ec1u cao t\u1eeb b\u00e1nh xe \u0111\u1ebfn m\u1eb7t th\u00f9ng: 700mm Bao g\u1ed3m:\u00a02 b\u00e1nh c\u1ed1 \u0111\u1ecbnh v\u00e0 2 b\u00e1nh xoay","_links":{"self":[{"href":"https:\/\/thietbichannuoi.com\/en\/wp-json\/wp\/v2\/product\/6624","targetHints":{"allow":["GET"]}}],"collection":[{"href":"https:\/\/thietbichannuoi.com\/en\/wp-json\/wp\/v2\/product"}],"about":[{"href":"https:\/\/thietbichannuoi.com\/en\/wp-json\/wp\/v2\/types\/product"}],"version-history":[{"count":0,"href":"https:\/\/thietbichannuoi.com\/en\/wp-json\/wp\/v2\/product\/6624\/revisions"}],"wp:featuredmedia":[{"embeddable":true,"href":"https:\/\/thietbichannuoi.com\/en\/wp-json\/wp\/v2\/media\/20646"}],"wp:attachment":[{"href":"https:\/\/thietbichannuoi.com\/en\/wp-json\/wp\/v2\/media?parent=6624"}],"wp:term":[{"taxonomy":"product_brand","embeddable":true,"href":"https:\/\/thietbichannuoi.com\/en\/wp-json\/wp\/v2\/product_brand?post=6624"},{"taxonomy":"product_cat","embeddable":true,"href":"https:\/\/thietbichannuoi.com\/en\/wp-json\/wp\/v2\/product_cat?post=6624"},{"taxonomy":"product_tag","embeddable":true,"href":"https:\/\/thietbichannuoi.com\/en\/wp-json\/wp\/v2\/product_tag?post=6624"}],"curies":[{"name":"wp","href":"https:\/\/api.w.org\/{rel}","templated":true}]}}