{"id":6627,"date":"2016-01-28T15:17:26","date_gmt":"2016-01-28T08:16:42","guid":{"rendered":"http:\/\/thietbichannuoi.com\/?post_type=product&#038;p=6627"},"modified":"2025-09-27T14:08:12","modified_gmt":"2025-09-27T07:08:12","slug":"dummy-sow","status":"publish","type":"product","link":"https:\/\/thietbichannuoi.com\/en\/san-pham\/dummy-sow\/","title":{"rendered":"Dummy Sow for pig"},"content":{"rendered":"<p>Dummy Sow for pig<\/p>\n","protected":false},"excerpt":{"rendered":"<p data-start=\"93\" data-end=\"150\"><strong data-start=\"93\" data-end=\"109\">Code: PKH020<\/strong>\u00a0 (Boar Mounting Frame, Galvanized Tube)<\/p>\n<ul>\n<li data-start=\"153\" data-end=\"185\"><strong data-start=\"153\" data-end=\"171\">Footprint size<\/strong>: 60 \u00d7 80 cm<\/li>\n<li data-start=\"188\" data-end=\"215\"><strong data-start=\"188\" data-end=\"201\">Seat size<\/strong>: 24 \u00d7 86 cm<\/li>\n<li data-start=\"218\" data-end=\"237\"><strong data-start=\"218\" data-end=\"228\">Height<\/strong>: 80 cm<\/li>\n<li data-start=\"240\" data-end=\"270\"><strong data-start=\"240\" data-end=\"252\">Material<\/strong>: \u00d827 steel tube<\/li>\n<\/ul>\n<p><strong data-start=\"272\" data-end=\"288\">Code: PKH021<\/strong>\u00a0 (Mobile Boar Mounting Frame, Hot-Dip Galvanized)<\/p>\n<ul>\n<li data-start=\"342\" data-end=\"374\"><strong data-start=\"342\" data-end=\"360\">Footprint size<\/strong>: 60 \u00d7 80 cm<\/li>\n<li data-start=\"377\" data-end=\"404\"><strong data-start=\"377\" data-end=\"390\">Seat size<\/strong>: 24 \u00d7 86 cm<\/li>\n<li data-start=\"407\" data-end=\"426\"><strong data-start=\"407\" data-end=\"417\">Height<\/strong>: 80 cm<\/li>\n<li data-start=\"429\" data-end=\"459\"><strong data-start=\"429\" data-end=\"441\">Material<\/strong>: \u00d827 steel tube<\/li>\n<\/ul>\n<p><strong data-start=\"461\" data-end=\"477\">Code: PKH022<\/strong>\u00a0 (Fixed Boar Mounting Frame, Hot-Dip Galvanized)<\/p>\n<ul>\n<li><strong data-start=\"530\" data-end=\"548\">Footprint size<\/strong>: 60 \u00d7 80 cm<\/li>\n<li><strong data-start=\"565\" data-end=\"578\">Seat size<\/strong>: 24 \u00d7 86 cm<\/li>\n<li><strong data-start=\"595\" data-end=\"605\">Height<\/strong>: 80 cm<\/li>\n<li data-start=\"617\" data-end=\"647\"><strong data-start=\"617\" data-end=\"629\">Material<\/strong>: \u00d827 steel tube<\/li>\n<\/ul>\n","protected":false},"featured_media":14107,"template":"","meta":{"_uag_custom_page_level_css":"","footnotes":""},"product_brand":[],"product_cat":[312,291],"product_tag":[362],"class_list":{"0":"post-6627","1":"product","2":"type-product","3":"status-publish","4":"has-post-thumbnail","6":"product_cat-other-equipment","7":"product_cat-equipment-for-pig","8":"product_tag-equipment-for-pig","10":"first","11":"instock","12":"shipping-taxable","13":"product-type-simple"},"acf":[],"yoast_head":"<!-- This site is optimized with the Yoast SEO Premium plugin v22.9 (Yoast SEO v27.4) - https:\/\/yoast.com\/product\/yoast-seo-premium-wordpress\/ -->\n<title>Dummy Sow - Livestock equipment<\/title>\n<meta name=\"description\" content=\"Dummy Sow for pig\" \/>\n<meta name=\"robots\" content=\"index, follow, max-snippet:-1, max-image-preview:large, max-video-preview:-1\" \/>\n<link rel=\"canonical\" href=\"https:\/\/thietbichannuoi.com\/en\/san-pham\/dummy-sow\/\" \/>\n<meta property=\"og:locale\" content=\"en_US\" \/>\n<meta property=\"og:type\" content=\"article\" \/>\n<meta property=\"og:title\" content=\"Dummy Sow for pig\" \/>\n<meta property=\"og:description\" content=\"Code: PKH020\u00a0 (Boar Mounting Frame, Galvanized Tube)    Footprint size: 60 \u00d7 80 cm  Seat size: 24 \u00d7 86 cm  Height: 80 cm  Material: \u00d827 steel tube  Code: PKH021\u00a0 (Mobile Boar Mounting Frame, Hot-Dip Galvanized)   Footprint size: 60 \u00d7 80 cm  Seat size: 24 \u00d7 86 cm  Height: 80 cm  Material: \u00d827 steel tube  Code: PKH022\u00a0 (Fixed Boar Mounting Frame, Hot-Dip Galvanized)   Footprint size: 60 \u00d7 80 cm  Seat size: 24 \u00d7 86 cm  Height: 80 cm  Material: \u00d827 steel tube\" \/>\n<meta property=\"og:url\" content=\"https:\/\/thietbichannuoi.com\/en\/san-pham\/dummy-sow\/\" \/>\n<meta property=\"og:site_name\" content=\"Thi\u1ebft b\u1ecb ch\u0103n nu\u00f4i\" \/>\n<meta property=\"article:modified_time\" content=\"2025-09-27T07:08:12+00:00\" \/>\n<meta property=\"og:image\" content=\"https:\/\/thietbichannuoi.com\/wp-content\/uploads\/2016\/01\/Gia-lay-tinh-heo1-1.jpg\" \/>\n\t<meta property=\"og:image:width\" content=\"1400\" \/>\n\t<meta property=\"og:image:height\" content=\"1200\" \/>\n\t<meta property=\"og:image:type\" content=\"image\/jpeg\" \/>\n<meta name=\"twitter:card\" content=\"summary_large_image\" \/>\n<meta name=\"twitter:label1\" content=\"Est. reading time\" \/>\n\t<meta name=\"twitter:data1\" content=\"1 minute\" \/>\n<!-- \/ Yoast SEO Premium plugin. -->","yoast_head_json":{"title":"Dummy Sow - Livestock equipment","description":"Dummy Sow for pig","robots":{"index":"index","follow":"follow","max-snippet":"max-snippet:-1","max-image-preview":"max-image-preview:large","max-video-preview":"max-video-preview:-1"},"canonical":"https:\/\/thietbichannuoi.com\/en\/san-pham\/dummy-sow\/","og_locale":"en_US","og_type":"article","og_title":"Dummy Sow for pig","og_description":"Code: PKH020\u00a0 (Boar Mounting Frame, Galvanized Tube)    Footprint size: 60 \u00d7 80 cm  Seat size: 24 \u00d7 86 cm  Height: 80 cm  Material: \u00d827 steel tube  Code: PKH021\u00a0 (Mobile Boar Mounting Frame, Hot-Dip Galvanized)   Footprint size: 60 \u00d7 80 cm  Seat size: 24 \u00d7 86 cm  Height: 80 cm  Material: \u00d827 steel tube  Code: PKH022\u00a0 (Fixed Boar Mounting Frame, Hot-Dip Galvanized)   Footprint size: 60 \u00d7 80 cm  Seat size: 24 \u00d7 86 cm  Height: 80 cm  Material: \u00d827 steel tube","og_url":"https:\/\/thietbichannuoi.com\/en\/san-pham\/dummy-sow\/","og_site_name":"Thi\u1ebft b\u1ecb ch\u0103n nu\u00f4i","article_modified_time":"2025-09-27T07:08:12+00:00","og_image":[{"width":1400,"height":1200,"url":"https:\/\/thietbichannuoi.com\/wp-content\/uploads\/2016\/01\/Gia-lay-tinh-heo1-1.jpg","type":"image\/jpeg"}],"twitter_card":"summary_large_image","twitter_misc":{"Est. reading time":"1 minute"},"schema":{"@context":"https:\/\/schema.org","@graph":[{"@type":"WebPage","@id":"https:\/\/thietbichannuoi.com\/en\/san-pham\/dummy-sow\/","url":"https:\/\/thietbichannuoi.com\/en\/san-pham\/dummy-sow\/","name":"Dummy Sow - Livestock equipment","isPartOf":{"@id":"https:\/\/thietbichannuoi.com\/#website"},"primaryImageOfPage":{"@id":"https:\/\/thietbichannuoi.com\/en\/san-pham\/dummy-sow\/#primaryimage"},"image":{"@id":"https:\/\/thietbichannuoi.com\/en\/san-pham\/dummy-sow\/#primaryimage"},"thumbnailUrl":"https:\/\/thietbichannuoi.com\/wp-content\/uploads\/2016\/01\/Gia-lay-tinh-heo1-1.jpg","datePublished":"2016-01-28T08:16:42+00:00","dateModified":"2025-09-27T07:08:12+00:00","description":"Dummy Sow for pig","breadcrumb":{"@id":"https:\/\/thietbichannuoi.com\/en\/san-pham\/dummy-sow\/#breadcrumb"},"inLanguage":"en-US","potentialAction":[{"@type":"ReadAction","target":["https:\/\/thietbichannuoi.com\/en\/san-pham\/dummy-sow\/"]}]},{"@type":"ImageObject","inLanguage":"en-US","@id":"https:\/\/thietbichannuoi.com\/en\/san-pham\/dummy-sow\/#primaryimage","url":"https:\/\/thietbichannuoi.com\/wp-content\/uploads\/2016\/01\/Gia-lay-tinh-heo1-1.jpg","contentUrl":"https:\/\/thietbichannuoi.com\/wp-content\/uploads\/2016\/01\/Gia-lay-tinh-heo1-1.jpg","width":1400,"height":1200,"caption":"Dummy Sow for pig"},{"@type":"BreadcrumbList","@id":"https:\/\/thietbichannuoi.com\/en\/san-pham\/dummy-sow\/#breadcrumb","itemListElement":[{"@type":"ListItem","position":1,"name":"Home","item":"https:\/\/thietbichannuoi.com\/en\/"},{"@type":"ListItem","position":2,"name":"Shop","item":"https:\/\/thietbichannuoi.com\/shop\/"},{"@type":"ListItem","position":3,"name":"Dummy Sow for pig"}]},{"@type":"WebSite","@id":"https:\/\/thietbichannuoi.com\/#website","url":"https:\/\/thietbichannuoi.com\/","name":"Thi\u1ebft b\u1ecb ch\u0103n nu\u00f4i","description":"S\u1ea3n xu\u1ea5t thi\u1ebft b\u1ecb ch\u0103n nu\u00f4i gia s\u00fac, gia c\u1ea7m v\u00e0 c\u00e1c s\u1ea3n ph\u1ea9m t\u1eeb nh\u1ef1a","publisher":{"@id":"https:\/\/thietbichannuoi.com\/#organization"},"potentialAction":[{"@type":"SearchAction","target":{"@type":"EntryPoint","urlTemplate":"https:\/\/thietbichannuoi.com\/?s={search_term_string}"},"query-input":{"@type":"PropertyValueSpecification","valueRequired":true,"valueName":"search_term_string"}}],"inLanguage":"en-US"},{"@type":"Organization","@id":"https:\/\/thietbichannuoi.com\/#organization","name":"Thi\u1ebft b\u1ecb ch\u0103n nu\u00f4i Minh Ph\u00e1t","url":"https:\/\/thietbichannuoi.com\/","logo":{"@type":"ImageObject","inLanguage":"en-US","@id":"https:\/\/thietbichannuoi.com\/#\/schema\/logo\/image\/","url":"https:\/\/thietbichannuoi.com\/wp-content\/uploads\/2021\/04\/logo-thiet-bi-chan-nuoi.png","contentUrl":"https:\/\/thietbichannuoi.com\/wp-content\/uploads\/2021\/04\/logo-thiet-bi-chan-nuoi.png","width":104,"height":79,"caption":"Thi\u1ebft b\u1ecb ch\u0103n nu\u00f4i Minh Ph\u00e1t"},"image":{"@id":"https:\/\/thietbichannuoi.com\/#\/schema\/logo\/image\/"}}]}},"uagb_featured_image_src":{"full":["https:\/\/thietbichannuoi.com\/wp-content\/uploads\/2016\/01\/Gia-lay-tinh-heo1-1.jpg",1400,1200,false],"thumbnail":["https:\/\/thietbichannuoi.com\/wp-content\/uploads\/2016\/01\/Gia-lay-tinh-heo1-1.jpg",150,129,false],"medium":["https:\/\/thietbichannuoi.com\/wp-content\/uploads\/2016\/01\/Gia-lay-tinh-heo1-1.jpg",300,257,false],"medium_large":["https:\/\/thietbichannuoi.com\/wp-content\/uploads\/2016\/01\/Gia-lay-tinh-heo1-1.jpg",1400,1200,false],"large":["https:\/\/thietbichannuoi.com\/wp-content\/uploads\/2016\/01\/Gia-lay-tinh-heo1-1.jpg",800,686,false],"1536x1536":["https:\/\/thietbichannuoi.com\/wp-content\/uploads\/2016\/01\/Gia-lay-tinh-heo1-1.jpg",1400,1200,false],"2048x2048":["https:\/\/thietbichannuoi.com\/wp-content\/uploads\/2016\/01\/Gia-lay-tinh-heo1-1.jpg",1400,1200,false],"woocommerce_thumbnail":["https:\/\/thietbichannuoi.com\/wp-content\/uploads\/2016\/01\/Gia-lay-tinh-heo1-1.jpg",1400,1200,false],"woocommerce_single":["https:\/\/thietbichannuoi.com\/wp-content\/uploads\/2016\/01\/Gia-lay-tinh-heo1-1.jpg",1400,1200,false],"woocommerce_gallery_thumbnail":["https:\/\/thietbichannuoi.com\/wp-content\/uploads\/2016\/01\/Gia-lay-tinh-heo1-1-100x100.jpg",100,100,true]},"uagb_author_info":{"display_name":"admin","author_link":"https:\/\/thietbichannuoi.com\/en\/author\/"},"uagb_comment_info":0,"uagb_excerpt":"Code: PKH020\u00a0 (Boar Mounting Frame, Galvanized Tube) Footprint size: 60 \u00d7 80 cm Seat size: 24 \u00d7 86 cm Height: 80 cm Material: \u00d827 steel tube Code: PKH021\u00a0 (Mobile Boar Mounting Frame, Hot-Dip Galvanized) Footprint size: 60 \u00d7 80 cm Seat size: 24 \u00d7 86 cm Height: 80 cm Material: \u00d827 steel tube Code: PKH022\u00a0&hellip;","_links":{"self":[{"href":"https:\/\/thietbichannuoi.com\/en\/wp-json\/wp\/v2\/product\/6627","targetHints":{"allow":["GET"]}}],"collection":[{"href":"https:\/\/thietbichannuoi.com\/en\/wp-json\/wp\/v2\/product"}],"about":[{"href":"https:\/\/thietbichannuoi.com\/en\/wp-json\/wp\/v2\/types\/product"}],"version-history":[{"count":0,"href":"https:\/\/thietbichannuoi.com\/en\/wp-json\/wp\/v2\/product\/6627\/revisions"}],"wp:featuredmedia":[{"embeddable":true,"href":"https:\/\/thietbichannuoi.com\/en\/wp-json\/wp\/v2\/media\/14107"}],"wp:attachment":[{"href":"https:\/\/thietbichannuoi.com\/en\/wp-json\/wp\/v2\/media?parent=6627"}],"wp:term":[{"taxonomy":"product_brand","embeddable":true,"href":"https:\/\/thietbichannuoi.com\/en\/wp-json\/wp\/v2\/product_brand?post=6627"},{"taxonomy":"product_cat","embeddable":true,"href":"https:\/\/thietbichannuoi.com\/en\/wp-json\/wp\/v2\/product_cat?post=6627"},{"taxonomy":"product_tag","embeddable":true,"href":"https:\/\/thietbichannuoi.com\/en\/wp-json\/wp\/v2\/product_tag?post=6627"}],"curies":[{"name":"wp","href":"https:\/\/api.w.org\/{rel}","templated":true}]}}