{"id":6634,"date":"2016-01-28T16:09:34","date_gmt":"2016-01-28T08:27:39","guid":{"rendered":"http:\/\/thietbichannuoi.com\/?post_type=product&#038;p=6634"},"modified":"2025-09-26T16:48:20","modified_gmt":"2025-09-26T09:48:20","slug":"water-nipple-vales","status":"publish","type":"product","link":"https:\/\/thietbichannuoi.com\/en\/san-pham\/water-nipple-vales\/","title":{"rendered":"Pig nipple drinker"},"content":{"rendered":"<p><strong>Pig nipple drinker made by Minh Phat.<\/strong><\/p>\n<p><strong>Material<\/strong>: Rust-free stainless steel Inox 201<\/p>\n<p>We guarantee a 1-year warranty on all components.<\/p>\n<p>Replacement parts are available for sale.<\/p>\n","protected":false},"excerpt":{"rendered":"<p><strong>Includes the following types:<\/strong><\/p>\n<ul>\n<li>Drinking nipple for sows \u2013 \u03a621<\/li>\n<li>Drinking nipple for piglets \u2013 \u03a619<\/li>\n<li>Drinking nipple for fattening pigs \u2013 \u03a627<\/li>\n<li>Drip nipple for fattening pigs (Installed on feeding trough)<\/li>\n<li>Drip nipple for piglets (Installed with drinking cup)<\/li>\n<li>Bite-type nipple for fattening pigs &amp; sows<\/li>\n<\/ul>\n","protected":false},"featured_media":14635,"template":"","meta":{"_uag_custom_page_level_css":"","footnotes":""},"product_brand":[],"product_cat":[1024,291],"product_tag":[362],"class_list":{"0":"post-6634","1":"product","2":"type-product","3":"status-publish","4":"has-post-thumbnail","6":"product_cat-drinker-equipments","7":"product_cat-equipment-for-pig","8":"product_tag-equipment-for-pig","10":"first","11":"instock","12":"shipping-taxable","13":"product-type-simple"},"acf":[],"yoast_head":"<!-- This site is optimized with the Yoast SEO Premium plugin v22.9 (Yoast SEO v27.3) - https:\/\/yoast.com\/product\/yoast-seo-premium-wordpress\/ -->\n<title>Pig nipple drinker - Livestock equipment<\/title>\n<meta name=\"description\" content=\"pig Nipple drinker water for pigs, pig Water Nipple, Livestock equipment\" \/>\n<meta name=\"robots\" content=\"index, follow, max-snippet:-1, max-image-preview:large, max-video-preview:-1\" \/>\n<link rel=\"canonical\" href=\"https:\/\/thietbichannuoi.com\/en\/san-pham\/water-nipple-vales\/\" \/>\n<meta property=\"og:locale\" content=\"en_US\" \/>\n<meta property=\"og:type\" content=\"article\" \/>\n<meta property=\"og:title\" content=\"Pig nipple drinker\" \/>\n<meta property=\"og:description\" content=\"Includes the following types:   Drinking nipple for sows \u2013 \u03a621  Drinking nipple for piglets \u2013 \u03a619  Drinking nipple for fattening pigs \u2013 \u03a627  Drip nipple for fattening pigs (Installed on feeding trough)  Drip nipple for piglets (Installed with drinking cup)  Bite-type nipple for fattening pigs &amp; sows\" \/>\n<meta property=\"og:url\" content=\"https:\/\/thietbichannuoi.com\/en\/san-pham\/water-nipple-vales\/\" \/>\n<meta property=\"og:site_name\" content=\"Thi\u1ebft b\u1ecb ch\u0103n nu\u00f4i\" \/>\n<meta property=\"article:modified_time\" content=\"2025-09-26T09:48:20+00:00\" \/>\n<meta property=\"og:image\" content=\"https:\/\/thietbichannuoi.com\/wp-content\/uploads\/2016\/01\/num-uong-4.jpg\" \/>\n\t<meta property=\"og:image:width\" content=\"1400\" \/>\n\t<meta property=\"og:image:height\" content=\"1200\" \/>\n\t<meta property=\"og:image:type\" content=\"image\/jpeg\" \/>\n<meta name=\"twitter:card\" content=\"summary_large_image\" \/>\n<meta name=\"twitter:label1\" content=\"Est. reading time\" \/>\n\t<meta name=\"twitter:data1\" content=\"1 minute\" \/>\n<!-- \/ Yoast SEO Premium plugin. -->","yoast_head_json":{"title":"Pig nipple drinker - Livestock equipment","description":"pig Nipple drinker water for pigs, pig Water Nipple, Livestock equipment","robots":{"index":"index","follow":"follow","max-snippet":"max-snippet:-1","max-image-preview":"max-image-preview:large","max-video-preview":"max-video-preview:-1"},"canonical":"https:\/\/thietbichannuoi.com\/en\/san-pham\/water-nipple-vales\/","og_locale":"en_US","og_type":"article","og_title":"Pig nipple drinker","og_description":"Includes the following types:   Drinking nipple for sows \u2013 \u03a621  Drinking nipple for piglets \u2013 \u03a619  Drinking nipple for fattening pigs \u2013 \u03a627  Drip nipple for fattening pigs (Installed on feeding trough)  Drip nipple for piglets (Installed with drinking cup)  Bite-type nipple for fattening pigs &amp; sows","og_url":"https:\/\/thietbichannuoi.com\/en\/san-pham\/water-nipple-vales\/","og_site_name":"Thi\u1ebft b\u1ecb ch\u0103n nu\u00f4i","article_modified_time":"2025-09-26T09:48:20+00:00","og_image":[{"width":1400,"height":1200,"url":"https:\/\/thietbichannuoi.com\/wp-content\/uploads\/2016\/01\/num-uong-4.jpg","type":"image\/jpeg"}],"twitter_card":"summary_large_image","twitter_misc":{"Est. reading time":"1 minute"},"schema":{"@context":"https:\/\/schema.org","@graph":[{"@type":"WebPage","@id":"https:\/\/thietbichannuoi.com\/en\/san-pham\/water-nipple-vales\/","url":"https:\/\/thietbichannuoi.com\/en\/san-pham\/water-nipple-vales\/","name":"Pig nipple drinker - Livestock equipment","isPartOf":{"@id":"https:\/\/thietbichannuoi.com\/#website"},"primaryImageOfPage":{"@id":"https:\/\/thietbichannuoi.com\/en\/san-pham\/water-nipple-vales\/#primaryimage"},"image":{"@id":"https:\/\/thietbichannuoi.com\/en\/san-pham\/water-nipple-vales\/#primaryimage"},"thumbnailUrl":"https:\/\/thietbichannuoi.com\/wp-content\/uploads\/2016\/01\/num-uong-4.jpg","datePublished":"2016-01-28T08:27:39+00:00","dateModified":"2025-09-26T09:48:20+00:00","description":"pig Nipple drinker water for pigs, pig Water Nipple, Livestock equipment","breadcrumb":{"@id":"https:\/\/thietbichannuoi.com\/en\/san-pham\/water-nipple-vales\/#breadcrumb"},"inLanguage":"en-US","potentialAction":[{"@type":"ReadAction","target":["https:\/\/thietbichannuoi.com\/en\/san-pham\/water-nipple-vales\/"]}]},{"@type":"ImageObject","inLanguage":"en-US","@id":"https:\/\/thietbichannuoi.com\/en\/san-pham\/water-nipple-vales\/#primaryimage","url":"https:\/\/thietbichannuoi.com\/wp-content\/uploads\/2016\/01\/num-uong-4.jpg","contentUrl":"https:\/\/thietbichannuoi.com\/wp-content\/uploads\/2016\/01\/num-uong-4.jpg","width":1400,"height":1200,"caption":"Pig nipple drinker"},{"@type":"BreadcrumbList","@id":"https:\/\/thietbichannuoi.com\/en\/san-pham\/water-nipple-vales\/#breadcrumb","itemListElement":[{"@type":"ListItem","position":1,"name":"Home","item":"https:\/\/thietbichannuoi.com\/en\/"},{"@type":"ListItem","position":2,"name":"Shop","item":"https:\/\/thietbichannuoi.com\/shop\/"},{"@type":"ListItem","position":3,"name":"Pig nipple drinker"}]},{"@type":"WebSite","@id":"https:\/\/thietbichannuoi.com\/#website","url":"https:\/\/thietbichannuoi.com\/","name":"Thi\u1ebft b\u1ecb ch\u0103n nu\u00f4i","description":"S\u1ea3n xu\u1ea5t thi\u1ebft b\u1ecb ch\u0103n nu\u00f4i gia s\u00fac, gia c\u1ea7m v\u00e0 c\u00e1c s\u1ea3n ph\u1ea9m t\u1eeb nh\u1ef1a","publisher":{"@id":"https:\/\/thietbichannuoi.com\/#organization"},"potentialAction":[{"@type":"SearchAction","target":{"@type":"EntryPoint","urlTemplate":"https:\/\/thietbichannuoi.com\/?s={search_term_string}"},"query-input":{"@type":"PropertyValueSpecification","valueRequired":true,"valueName":"search_term_string"}}],"inLanguage":"en-US"},{"@type":"Organization","@id":"https:\/\/thietbichannuoi.com\/#organization","name":"Thi\u1ebft b\u1ecb ch\u0103n nu\u00f4i Minh Ph\u00e1t","url":"https:\/\/thietbichannuoi.com\/","logo":{"@type":"ImageObject","inLanguage":"en-US","@id":"https:\/\/thietbichannuoi.com\/#\/schema\/logo\/image\/","url":"https:\/\/thietbichannuoi.com\/wp-content\/uploads\/2021\/04\/logo-thiet-bi-chan-nuoi.png","contentUrl":"https:\/\/thietbichannuoi.com\/wp-content\/uploads\/2021\/04\/logo-thiet-bi-chan-nuoi.png","width":104,"height":79,"caption":"Thi\u1ebft b\u1ecb ch\u0103n nu\u00f4i Minh Ph\u00e1t"},"image":{"@id":"https:\/\/thietbichannuoi.com\/#\/schema\/logo\/image\/"}}]}},"uagb_featured_image_src":{"full":["https:\/\/thietbichannuoi.com\/wp-content\/uploads\/2016\/01\/num-uong-4.jpg",1400,1200,false],"thumbnail":["https:\/\/thietbichannuoi.com\/wp-content\/uploads\/2016\/01\/num-uong-4.jpg",150,129,false],"medium":["https:\/\/thietbichannuoi.com\/wp-content\/uploads\/2016\/01\/num-uong-4.jpg",300,257,false],"medium_large":["https:\/\/thietbichannuoi.com\/wp-content\/uploads\/2016\/01\/num-uong-4.jpg",1400,1200,false],"large":["https:\/\/thietbichannuoi.com\/wp-content\/uploads\/2016\/01\/num-uong-4.jpg",800,686,false],"1536x1536":["https:\/\/thietbichannuoi.com\/wp-content\/uploads\/2016\/01\/num-uong-4.jpg",1400,1200,false],"2048x2048":["https:\/\/thietbichannuoi.com\/wp-content\/uploads\/2016\/01\/num-uong-4.jpg",1400,1200,false],"woocommerce_thumbnail":["https:\/\/thietbichannuoi.com\/wp-content\/uploads\/2016\/01\/num-uong-4.jpg",1400,1200,false],"woocommerce_single":["https:\/\/thietbichannuoi.com\/wp-content\/uploads\/2016\/01\/num-uong-4.jpg",1400,1200,false],"woocommerce_gallery_thumbnail":["https:\/\/thietbichannuoi.com\/wp-content\/uploads\/2016\/01\/num-uong-4-100x100.jpg",100,100,true]},"uagb_author_info":{"display_name":"admin","author_link":"https:\/\/thietbichannuoi.com\/en\/author\/"},"uagb_comment_info":0,"uagb_excerpt":"Includes the following types: Drinking nipple for sows \u2013 \u03a621 Drinking nipple for piglets \u2013 \u03a619 Drinking nipple for fattening pigs \u2013 \u03a627 Drip nipple for fattening pigs (Installed on feeding trough) Drip nipple for piglets (Installed with drinking cup) Bite-type nipple for fattening pigs &amp; sows","_links":{"self":[{"href":"https:\/\/thietbichannuoi.com\/en\/wp-json\/wp\/v2\/product\/6634","targetHints":{"allow":["GET"]}}],"collection":[{"href":"https:\/\/thietbichannuoi.com\/en\/wp-json\/wp\/v2\/product"}],"about":[{"href":"https:\/\/thietbichannuoi.com\/en\/wp-json\/wp\/v2\/types\/product"}],"version-history":[{"count":0,"href":"https:\/\/thietbichannuoi.com\/en\/wp-json\/wp\/v2\/product\/6634\/revisions"}],"wp:featuredmedia":[{"embeddable":true,"href":"https:\/\/thietbichannuoi.com\/en\/wp-json\/wp\/v2\/media\/14635"}],"wp:attachment":[{"href":"https:\/\/thietbichannuoi.com\/en\/wp-json\/wp\/v2\/media?parent=6634"}],"wp:term":[{"taxonomy":"product_brand","embeddable":true,"href":"https:\/\/thietbichannuoi.com\/en\/wp-json\/wp\/v2\/product_brand?post=6634"},{"taxonomy":"product_cat","embeddable":true,"href":"https:\/\/thietbichannuoi.com\/en\/wp-json\/wp\/v2\/product_cat?post=6634"},{"taxonomy":"product_tag","embeddable":true,"href":"https:\/\/thietbichannuoi.com\/en\/wp-json\/wp\/v2\/product_tag?post=6634"}],"curies":[{"name":"wp","href":"https:\/\/api.w.org\/{rel}","templated":true}]}}