{"id":6645,"date":"2016-02-06T22:20:25","date_gmt":"2016-02-06T14:34:26","guid":{"rendered":"http:\/\/thietbichannuoi.com\/?post_type=product&#038;p=6645"},"modified":"2025-10-17T09:10:39","modified_gmt":"2025-10-17T02:10:39","slug":"bell-drinker-hight-type","status":"publish","type":"product","link":"https:\/\/thietbichannuoi.com\/en\/san-pham\/bell-drinker-hight-type\/","title":{"rendered":"Bell drinker for chicken (Hight type)"},"content":{"rendered":"<p><strong>Bell drinker (Hight type)<\/strong><\/p>\n<p>The bell drinker, also known as the Bell a drinker. It is a device commonly used in chicken farms to drink water for chickens. Generally made of plastic,consisting of a drinking bowl, a movable bracket, a spring, a water sealing mat and a main water pipe and an inlet pipe attached to the movable bracket.And the working principle of the plasson drinker is: When the water level is low,the spring relaxes and begins to supply water. When the water level is high,the spring is pressed to a certain weight and the water supply is stopped.This will enable automatic drinking water.<br \/>\nThe product is simple to install, easy to use and clean.So it\u2019s suitable for free-range, cage-raised layers hens, broilers, ducks, geese and other poultry breeding period.<\/p>\n<p>Bell drinker includes:<\/p>\n<ul>\n<li>3.0m water supply hose: 01<\/li>\n<li>Water lock with easy-to-open\/close valve: 01<\/li>\n<li>5-gallon container: 01<\/li>\n<li>Red drinking water container: 01<\/li>\n<li>Regulating valve set: 01<\/li>\n<\/ul>\n<ul>\n<li>Size: Bottom diameter 39cm, height 50cm<\/li>\n<li>Material: PP, HDPE, ABS plastic<\/li>\n<li>Suitable for 30-40 chickens\/drinker<\/li>\n<li>Adjustment set included, easily regulate the water level<\/li>\n<li>Automatic water supply into the trough.<\/li>\n<\/ul>\n<p><img fetchpriority=\"high\" decoding=\"async\" class=\"alignnone wp-image-18119 size-full\" src=\"https:\/\/thietbichannuoi.com\/wp-content\/uploads\/2024\/09\/binh-uong-cho-vit-cao-scaled.jpg\" alt=\"\" width=\"2560\" height=\"1920\" srcset=\"https:\/\/thietbichannuoi.com\/wp-content\/uploads\/2024\/09\/binh-uong-cho-vit-cao-scaled.jpg 2560w, https:\/\/thietbichannuoi.com\/wp-content\/uploads\/2024\/09\/binh-uong-cho-vit-cao-scaled-600x450.jpg 600w, https:\/\/thietbichannuoi.com\/wp-content\/uploads\/2024\/09\/binh-uong-cho-vit-cao-300x225.jpg 300w, https:\/\/thietbichannuoi.com\/wp-content\/uploads\/2024\/09\/binh-uong-cho-vit-cao-1024x768.jpg 1024w, https:\/\/thietbichannuoi.com\/wp-content\/uploads\/2024\/09\/binh-uong-cho-vit-cao-150x113.jpg 150w, https:\/\/thietbichannuoi.com\/wp-content\/uploads\/2024\/09\/binh-uong-cho-vit-cao-1536x1152.jpg 1536w, https:\/\/thietbichannuoi.com\/wp-content\/uploads\/2024\/09\/binh-uong-cho-vit-cao-2048x1536.jpg 2048w\" sizes=\"(max-width: 2560px) 100vw, 2560px\" \/><\/p>\n<p><img decoding=\"async\" class=\"alignnone wp-image-9559 size-full\" src=\"https:\/\/thietbichannuoi.com\/wp-content\/uploads\/2016\/02\/HUONGDANSUDUNG-scaled.jpg\" alt=\"\" width=\"2602\" height=\"3586\" srcset=\"https:\/\/thietbichannuoi.com\/wp-content\/uploads\/2016\/02\/HUONGDANSUDUNG-scaled.jpg 1858w, https:\/\/thietbichannuoi.com\/wp-content\/uploads\/2016\/02\/HUONGDANSUDUNG-500x689.jpg 500w, https:\/\/thietbichannuoi.com\/wp-content\/uploads\/2016\/02\/HUONGDANSUDUNG-700x965.jpg 700w, https:\/\/thietbichannuoi.com\/wp-content\/uploads\/2016\/02\/HUONGDANSUDUNG-218x300.jpg 218w, https:\/\/thietbichannuoi.com\/wp-content\/uploads\/2016\/02\/HUONGDANSUDUNG-743x1024.jpg 743w\" sizes=\"(max-width: 2602px) 100vw, 2602px\" \/><\/p>\n","protected":false},"excerpt":{"rendered":"<p><strong>Removable accessories:<\/strong><\/p>\n<p><strong>PKB015<\/strong>: High -type regulator<br \/>\n<strong>PKB019<\/strong>: High type red bell<br \/>\n<strong>PKB017<\/strong>: High automatic small spring springs<br \/>\n<strong>PKB018<\/strong>: High automatic flask springs<br \/>\n<strong>PKB016<\/strong>: White float (high)<br \/>\n<strong>PKB011<\/strong>: 3m tank umbrella rope<br \/>\n<strong>PKB009<\/strong>: Water cord rolls 50m (1.6kg-wiped)<br \/>\n<strong>PKB010<\/strong>: Automatic water cord 3.1m<br \/>\n<strong>PKB012<\/strong>: Automatic black buckle<br \/>\n<strong>PKB013<\/strong>: Automatic white plastic button<\/p>\n","protected":false},"featured_media":14150,"template":"","meta":{"_uag_custom_page_level_css":"","footnotes":""},"product_brand":[],"product_cat":[599,589],"product_tag":[595],"class_list":{"0":"post-6645","1":"product","2":"type-product","3":"status-publish","4":"has-post-thumbnail","6":"product_cat-drinking-botle-for-poultry","7":"product_cat-poultry-equipment","8":"product_tag-pountry-equipment","10":"first","11":"instock","12":"shipping-taxable","13":"product-type-simple"},"acf":[],"yoast_head":"<!-- This site is optimized with the Yoast SEO Premium plugin v22.9 (Yoast SEO v27.4) - https:\/\/yoast.com\/product\/yoast-seo-premium-wordpress\/ -->\n<title>Automatic drinker for poultry - Livestock equipment<\/title>\n<meta name=\"description\" content=\"Bell drinker poultry chicken automatic drinker, automatic poultry drinker, automatic chicken drinker\" \/>\n<meta name=\"robots\" content=\"index, follow, max-snippet:-1, max-image-preview:large, max-video-preview:-1\" \/>\n<link rel=\"canonical\" href=\"https:\/\/thietbichannuoi.com\/en\/san-pham\/bell-drinker-hight-type\/\" \/>\n<meta property=\"og:locale\" content=\"en_US\" \/>\n<meta property=\"og:type\" content=\"article\" \/>\n<meta property=\"og:title\" content=\"Bell drinker for chicken (Hight type)\" \/>\n<meta property=\"og:description\" content=\"Removable accessories:  PKB015: High -type regulator PKB019: High type red bell PKB017: High automatic small spring springs PKB018: High automatic flask springs PKB016: White float (high) PKB011: 3m tank umbrella rope PKB009: Water cord rolls 50m (1.6kg-wiped) PKB010: Automatic water cord 3.1m PKB012: Automatic black buckle PKB013: Automatic white plastic button\" \/>\n<meta property=\"og:url\" content=\"https:\/\/thietbichannuoi.com\/en\/san-pham\/bell-drinker-hight-type\/\" \/>\n<meta property=\"og:site_name\" content=\"Thi\u1ebft b\u1ecb ch\u0103n nu\u00f4i\" \/>\n<meta property=\"article:modified_time\" content=\"2025-10-17T02:10:39+00:00\" \/>\n<meta property=\"og:image\" content=\"https:\/\/thietbichannuoi.com\/wp-content\/uploads\/2016\/02\/binh-uong-nuoc-cao.jpg\" \/>\n\t<meta property=\"og:image:width\" content=\"1400\" \/>\n\t<meta property=\"og:image:height\" content=\"1200\" \/>\n\t<meta property=\"og:image:type\" content=\"image\/jpeg\" \/>\n<meta name=\"twitter:card\" content=\"summary_large_image\" \/>\n<meta name=\"twitter:label1\" content=\"Est. reading time\" \/>\n\t<meta name=\"twitter:data1\" content=\"2 minutes\" \/>\n<!-- \/ Yoast SEO Premium plugin. -->","yoast_head_json":{"title":"Automatic drinker for poultry - Livestock equipment","description":"Bell drinker poultry chicken automatic drinker, automatic poultry drinker, automatic chicken drinker","robots":{"index":"index","follow":"follow","max-snippet":"max-snippet:-1","max-image-preview":"max-image-preview:large","max-video-preview":"max-video-preview:-1"},"canonical":"https:\/\/thietbichannuoi.com\/en\/san-pham\/bell-drinker-hight-type\/","og_locale":"en_US","og_type":"article","og_title":"Bell drinker for chicken (Hight type)","og_description":"Removable accessories:  PKB015: High -type regulator PKB019: High type red bell PKB017: High automatic small spring springs PKB018: High automatic flask springs PKB016: White float (high) PKB011: 3m tank umbrella rope PKB009: Water cord rolls 50m (1.6kg-wiped) PKB010: Automatic water cord 3.1m PKB012: Automatic black buckle PKB013: Automatic white plastic button","og_url":"https:\/\/thietbichannuoi.com\/en\/san-pham\/bell-drinker-hight-type\/","og_site_name":"Thi\u1ebft b\u1ecb ch\u0103n nu\u00f4i","article_modified_time":"2025-10-17T02:10:39+00:00","og_image":[{"width":1400,"height":1200,"url":"https:\/\/thietbichannuoi.com\/wp-content\/uploads\/2016\/02\/binh-uong-nuoc-cao.jpg","type":"image\/jpeg"}],"twitter_card":"summary_large_image","twitter_misc":{"Est. reading time":"2 minutes"},"schema":{"@context":"https:\/\/schema.org","@graph":[{"@type":"WebPage","@id":"https:\/\/thietbichannuoi.com\/en\/san-pham\/bell-drinker-hight-type\/","url":"https:\/\/thietbichannuoi.com\/en\/san-pham\/bell-drinker-hight-type\/","name":"Automatic drinker for poultry - Livestock equipment","isPartOf":{"@id":"https:\/\/thietbichannuoi.com\/#website"},"primaryImageOfPage":{"@id":"https:\/\/thietbichannuoi.com\/en\/san-pham\/bell-drinker-hight-type\/#primaryimage"},"image":{"@id":"https:\/\/thietbichannuoi.com\/en\/san-pham\/bell-drinker-hight-type\/#primaryimage"},"thumbnailUrl":"https:\/\/thietbichannuoi.com\/wp-content\/uploads\/2016\/02\/binh-uong-nuoc-cao.jpg","datePublished":"2016-02-06T14:34:26+00:00","dateModified":"2025-10-17T02:10:39+00:00","description":"Bell drinker poultry chicken automatic drinker, automatic poultry drinker, automatic chicken drinker","breadcrumb":{"@id":"https:\/\/thietbichannuoi.com\/en\/san-pham\/bell-drinker-hight-type\/#breadcrumb"},"inLanguage":"en-US","potentialAction":[{"@type":"ReadAction","target":["https:\/\/thietbichannuoi.com\/en\/san-pham\/bell-drinker-hight-type\/"]}]},{"@type":"ImageObject","inLanguage":"en-US","@id":"https:\/\/thietbichannuoi.com\/en\/san-pham\/bell-drinker-hight-type\/#primaryimage","url":"https:\/\/thietbichannuoi.com\/wp-content\/uploads\/2016\/02\/binh-uong-nuoc-cao.jpg","contentUrl":"https:\/\/thietbichannuoi.com\/wp-content\/uploads\/2016\/02\/binh-uong-nuoc-cao.jpg","width":1400,"height":1200,"caption":"Bell drinker for chicken"},{"@type":"BreadcrumbList","@id":"https:\/\/thietbichannuoi.com\/en\/san-pham\/bell-drinker-hight-type\/#breadcrumb","itemListElement":[{"@type":"ListItem","position":1,"name":"Home","item":"https:\/\/thietbichannuoi.com\/en\/"},{"@type":"ListItem","position":2,"name":"Shop","item":"https:\/\/thietbichannuoi.com\/shop\/"},{"@type":"ListItem","position":3,"name":"Bell drinker for chicken (Hight type)"}]},{"@type":"WebSite","@id":"https:\/\/thietbichannuoi.com\/#website","url":"https:\/\/thietbichannuoi.com\/","name":"Thi\u1ebft b\u1ecb ch\u0103n nu\u00f4i","description":"S\u1ea3n xu\u1ea5t thi\u1ebft b\u1ecb ch\u0103n nu\u00f4i gia s\u00fac, gia c\u1ea7m v\u00e0 c\u00e1c s\u1ea3n ph\u1ea9m t\u1eeb nh\u1ef1a","publisher":{"@id":"https:\/\/thietbichannuoi.com\/#organization"},"potentialAction":[{"@type":"SearchAction","target":{"@type":"EntryPoint","urlTemplate":"https:\/\/thietbichannuoi.com\/?s={search_term_string}"},"query-input":{"@type":"PropertyValueSpecification","valueRequired":true,"valueName":"search_term_string"}}],"inLanguage":"en-US"},{"@type":"Organization","@id":"https:\/\/thietbichannuoi.com\/#organization","name":"Thi\u1ebft b\u1ecb ch\u0103n nu\u00f4i Minh Ph\u00e1t","url":"https:\/\/thietbichannuoi.com\/","logo":{"@type":"ImageObject","inLanguage":"en-US","@id":"https:\/\/thietbichannuoi.com\/#\/schema\/logo\/image\/","url":"https:\/\/thietbichannuoi.com\/wp-content\/uploads\/2021\/04\/logo-thiet-bi-chan-nuoi.png","contentUrl":"https:\/\/thietbichannuoi.com\/wp-content\/uploads\/2021\/04\/logo-thiet-bi-chan-nuoi.png","width":104,"height":79,"caption":"Thi\u1ebft b\u1ecb ch\u0103n nu\u00f4i Minh Ph\u00e1t"},"image":{"@id":"https:\/\/thietbichannuoi.com\/#\/schema\/logo\/image\/"}}]}},"uagb_featured_image_src":{"full":["https:\/\/thietbichannuoi.com\/wp-content\/uploads\/2016\/02\/binh-uong-nuoc-cao.jpg",1400,1200,false],"thumbnail":["https:\/\/thietbichannuoi.com\/wp-content\/uploads\/2016\/02\/binh-uong-nuoc-cao.jpg",150,129,false],"medium":["https:\/\/thietbichannuoi.com\/wp-content\/uploads\/2016\/02\/binh-uong-nuoc-cao.jpg",300,257,false],"medium_large":["https:\/\/thietbichannuoi.com\/wp-content\/uploads\/2016\/02\/binh-uong-nuoc-cao.jpg",1400,1200,false],"large":["https:\/\/thietbichannuoi.com\/wp-content\/uploads\/2016\/02\/binh-uong-nuoc-cao.jpg",800,686,false],"1536x1536":["https:\/\/thietbichannuoi.com\/wp-content\/uploads\/2016\/02\/binh-uong-nuoc-cao.jpg",1400,1200,false],"2048x2048":["https:\/\/thietbichannuoi.com\/wp-content\/uploads\/2016\/02\/binh-uong-nuoc-cao.jpg",1400,1200,false],"woocommerce_thumbnail":["https:\/\/thietbichannuoi.com\/wp-content\/uploads\/2016\/02\/binh-uong-nuoc-cao.jpg",1400,1200,false],"woocommerce_single":["https:\/\/thietbichannuoi.com\/wp-content\/uploads\/2016\/02\/binh-uong-nuoc-cao.jpg",1400,1200,false],"woocommerce_gallery_thumbnail":["https:\/\/thietbichannuoi.com\/wp-content\/uploads\/2016\/02\/binh-uong-nuoc-cao-100x100.jpg",100,100,true]},"uagb_author_info":{"display_name":"admin","author_link":"https:\/\/thietbichannuoi.com\/en\/author\/"},"uagb_comment_info":0,"uagb_excerpt":"Removable accessories: PKB015: High -type regulator PKB019: High type red bell PKB017: High automatic small spring springs PKB018: High automatic flask springs PKB016: White float (high) PKB011: 3m tank umbrella rope PKB009: Water cord rolls 50m (1.6kg-wiped) PKB010: Automatic water cord 3.1m PKB012: Automatic black buckle PKB013: Automatic white plastic button","_links":{"self":[{"href":"https:\/\/thietbichannuoi.com\/en\/wp-json\/wp\/v2\/product\/6645","targetHints":{"allow":["GET"]}}],"collection":[{"href":"https:\/\/thietbichannuoi.com\/en\/wp-json\/wp\/v2\/product"}],"about":[{"href":"https:\/\/thietbichannuoi.com\/en\/wp-json\/wp\/v2\/types\/product"}],"version-history":[{"count":0,"href":"https:\/\/thietbichannuoi.com\/en\/wp-json\/wp\/v2\/product\/6645\/revisions"}],"wp:featuredmedia":[{"embeddable":true,"href":"https:\/\/thietbichannuoi.com\/en\/wp-json\/wp\/v2\/media\/14150"}],"wp:attachment":[{"href":"https:\/\/thietbichannuoi.com\/en\/wp-json\/wp\/v2\/media?parent=6645"}],"wp:term":[{"taxonomy":"product_brand","embeddable":true,"href":"https:\/\/thietbichannuoi.com\/en\/wp-json\/wp\/v2\/product_brand?post=6645"},{"taxonomy":"product_cat","embeddable":true,"href":"https:\/\/thietbichannuoi.com\/en\/wp-json\/wp\/v2\/product_cat?post=6645"},{"taxonomy":"product_tag","embeddable":true,"href":"https:\/\/thietbichannuoi.com\/en\/wp-json\/wp\/v2\/product_tag?post=6645"}],"curies":[{"name":"wp","href":"https:\/\/api.w.org\/{rel}","templated":true}]}}