{"id":6651,"date":"2016-02-16T11:48:44","date_gmt":"2016-02-16T04:48:44","guid":{"rendered":"http:\/\/thietbichannuoi.com\/?post_type=product&#038;p=6651"},"modified":"2025-09-25T08:31:27","modified_gmt":"2025-09-25T01:31:27","slug":"water-bottle","status":"publish","type":"product","link":"https:\/\/thietbichannuoi.com\/en\/san-pham\/water-bottle\/","title":{"rendered":"Manual chicken water bottle"},"content":{"rendered":"<p>Water tank for 8-liter Minh Phat plastic poultry is an essential product for breeding, helping to provide clean water continuously for poultry. Made from high quality plastic, the bottle is durable, safe for pets and easy to clean. Smart design helps to flow evenly, limiting dirty and wasteful. With a capacity of up to 8 liters, the product is suitable for many breeding models, helping to reduce the frequency of water change and ensure that poultry always have enough drinking water, support growth and healthy development.<\/p>\n<ul>\n<li><strong>Color:<\/strong> White\/ yellow (or orders)<\/li>\n<li><strong>Materials:<\/strong> PP\/HDPE plastic<\/li>\n<\/ul>\n","protected":false},"excerpt":{"rendered":"<p>Bottles drink water for poultry duck.<\/p>\n<p><strong>Code:<\/strong><\/p>\n<ul>\n<li><strong>BU010:\u00a0<\/strong>1-Liter drink<\/li>\n<li><strong>BU020: <\/strong>2-Liter drink<\/li>\n<li><strong>BU030: <\/strong>4-Liter drink<\/li>\n<li><strong>BU040: <\/strong>8-Liter drink<\/li>\n<\/ul>\n","protected":false},"featured_media":14196,"template":"","meta":{"_uag_custom_page_level_css":"","footnotes":""},"product_brand":[],"product_cat":[599,589],"product_tag":[624,595],"class_list":{"0":"post-6651","1":"product","2":"type-product","3":"status-publish","4":"has-post-thumbnail","6":"product_cat-drinking-botle-for-poultry","7":"product_cat-poultry-equipment","8":"product_tag-drinking-botle-for-pountry","9":"product_tag-pountry-equipment","11":"first","12":"instock","13":"shipping-taxable","14":"product-type-simple"},"acf":[],"yoast_head":"<!-- This site is optimized with the Yoast SEO Premium plugin v22.9 (Yoast SEO v27.4) - https:\/\/yoast.com\/product\/yoast-seo-premium-wordpress\/ -->\n<title>Water bottle for pountry - Livestock equipment<\/title>\n<meta name=\"description\" content=\"Manual chicken Water botte drinking poultry water bottle, Livestock equipment, For poultry automatic High quality plastic manual chicken poultry feeders and drinkers\" \/>\n<meta name=\"robots\" content=\"index, follow, max-snippet:-1, max-image-preview:large, max-video-preview:-1\" \/>\n<link rel=\"canonical\" href=\"https:\/\/thietbichannuoi.com\/en\/san-pham\/water-bottle\/\" \/>\n<meta property=\"og:locale\" content=\"en_US\" \/>\n<meta property=\"og:type\" content=\"article\" \/>\n<meta property=\"og:title\" content=\"Manual chicken water bottle\" \/>\n<meta property=\"og:description\" content=\"Bottles drink water for poultry duck.  Code:   BU010:\u00a01-Liter drink  BU020: 2-Liter drink  BU030: 4-Liter drink  BU040: 8-Liter drink\" \/>\n<meta property=\"og:url\" content=\"https:\/\/thietbichannuoi.com\/en\/san-pham\/water-bottle\/\" \/>\n<meta property=\"og:site_name\" content=\"Thi\u1ebft b\u1ecb ch\u0103n nu\u00f4i\" \/>\n<meta property=\"article:modified_time\" content=\"2025-09-25T01:31:27+00:00\" \/>\n<meta property=\"og:image\" content=\"https:\/\/thietbichannuoi.com\/wp-content\/uploads\/2016\/02\/binh-uong-nuoc-2.jpg\" \/>\n\t<meta property=\"og:image:width\" content=\"1400\" \/>\n\t<meta property=\"og:image:height\" content=\"1200\" \/>\n\t<meta property=\"og:image:type\" content=\"image\/jpeg\" \/>\n<meta name=\"twitter:card\" content=\"summary_large_image\" \/>\n<meta name=\"twitter:label1\" content=\"Est. reading time\" \/>\n\t<meta name=\"twitter:data1\" content=\"1 minute\" \/>\n<!-- \/ Yoast SEO Premium plugin. -->","yoast_head_json":{"title":"Water bottle for pountry - Livestock equipment","description":"Manual chicken Water botte drinking poultry water bottle, Livestock equipment, For poultry automatic High quality plastic manual chicken poultry feeders and drinkers","robots":{"index":"index","follow":"follow","max-snippet":"max-snippet:-1","max-image-preview":"max-image-preview:large","max-video-preview":"max-video-preview:-1"},"canonical":"https:\/\/thietbichannuoi.com\/en\/san-pham\/water-bottle\/","og_locale":"en_US","og_type":"article","og_title":"Manual chicken water bottle","og_description":"Bottles drink water for poultry duck.  Code:   BU010:\u00a01-Liter drink  BU020: 2-Liter drink  BU030: 4-Liter drink  BU040: 8-Liter drink","og_url":"https:\/\/thietbichannuoi.com\/en\/san-pham\/water-bottle\/","og_site_name":"Thi\u1ebft b\u1ecb ch\u0103n nu\u00f4i","article_modified_time":"2025-09-25T01:31:27+00:00","og_image":[{"width":1400,"height":1200,"url":"https:\/\/thietbichannuoi.com\/wp-content\/uploads\/2016\/02\/binh-uong-nuoc-2.jpg","type":"image\/jpeg"}],"twitter_card":"summary_large_image","twitter_misc":{"Est. reading time":"1 minute"},"schema":{"@context":"https:\/\/schema.org","@graph":[{"@type":"WebPage","@id":"https:\/\/thietbichannuoi.com\/en\/san-pham\/water-bottle\/","url":"https:\/\/thietbichannuoi.com\/en\/san-pham\/water-bottle\/","name":"Water bottle for pountry - Livestock equipment","isPartOf":{"@id":"https:\/\/thietbichannuoi.com\/#website"},"primaryImageOfPage":{"@id":"https:\/\/thietbichannuoi.com\/en\/san-pham\/water-bottle\/#primaryimage"},"image":{"@id":"https:\/\/thietbichannuoi.com\/en\/san-pham\/water-bottle\/#primaryimage"},"thumbnailUrl":"https:\/\/thietbichannuoi.com\/wp-content\/uploads\/2016\/02\/binh-uong-nuoc-2.jpg","datePublished":"2016-02-16T04:48:44+00:00","dateModified":"2025-09-25T01:31:27+00:00","description":"Manual chicken Water botte drinking poultry water bottle, Livestock equipment, For poultry automatic High quality plastic manual chicken poultry feeders and drinkers","breadcrumb":{"@id":"https:\/\/thietbichannuoi.com\/en\/san-pham\/water-bottle\/#breadcrumb"},"inLanguage":"en-US","potentialAction":[{"@type":"ReadAction","target":["https:\/\/thietbichannuoi.com\/en\/san-pham\/water-bottle\/"]}]},{"@type":"ImageObject","inLanguage":"en-US","@id":"https:\/\/thietbichannuoi.com\/en\/san-pham\/water-bottle\/#primaryimage","url":"https:\/\/thietbichannuoi.com\/wp-content\/uploads\/2016\/02\/binh-uong-nuoc-2.jpg","contentUrl":"https:\/\/thietbichannuoi.com\/wp-content\/uploads\/2016\/02\/binh-uong-nuoc-2.jpg","width":1400,"height":1200,"caption":"Manual chicken water bottle"},{"@type":"BreadcrumbList","@id":"https:\/\/thietbichannuoi.com\/en\/san-pham\/water-bottle\/#breadcrumb","itemListElement":[{"@type":"ListItem","position":1,"name":"Home","item":"https:\/\/thietbichannuoi.com\/en\/"},{"@type":"ListItem","position":2,"name":"Shop","item":"https:\/\/thietbichannuoi.com\/shop\/"},{"@type":"ListItem","position":3,"name":"Manual chicken water bottle"}]},{"@type":"WebSite","@id":"https:\/\/thietbichannuoi.com\/#website","url":"https:\/\/thietbichannuoi.com\/","name":"Thi\u1ebft b\u1ecb ch\u0103n nu\u00f4i","description":"S\u1ea3n xu\u1ea5t thi\u1ebft b\u1ecb ch\u0103n nu\u00f4i gia s\u00fac, gia c\u1ea7m v\u00e0 c\u00e1c s\u1ea3n ph\u1ea9m t\u1eeb nh\u1ef1a","publisher":{"@id":"https:\/\/thietbichannuoi.com\/#organization"},"potentialAction":[{"@type":"SearchAction","target":{"@type":"EntryPoint","urlTemplate":"https:\/\/thietbichannuoi.com\/?s={search_term_string}"},"query-input":{"@type":"PropertyValueSpecification","valueRequired":true,"valueName":"search_term_string"}}],"inLanguage":"en-US"},{"@type":"Organization","@id":"https:\/\/thietbichannuoi.com\/#organization","name":"Thi\u1ebft b\u1ecb ch\u0103n nu\u00f4i Minh Ph\u00e1t","url":"https:\/\/thietbichannuoi.com\/","logo":{"@type":"ImageObject","inLanguage":"en-US","@id":"https:\/\/thietbichannuoi.com\/#\/schema\/logo\/image\/","url":"https:\/\/thietbichannuoi.com\/wp-content\/uploads\/2021\/04\/logo-thiet-bi-chan-nuoi.png","contentUrl":"https:\/\/thietbichannuoi.com\/wp-content\/uploads\/2021\/04\/logo-thiet-bi-chan-nuoi.png","width":104,"height":79,"caption":"Thi\u1ebft b\u1ecb ch\u0103n nu\u00f4i Minh Ph\u00e1t"},"image":{"@id":"https:\/\/thietbichannuoi.com\/#\/schema\/logo\/image\/"}}]}},"uagb_featured_image_src":{"full":["https:\/\/thietbichannuoi.com\/wp-content\/uploads\/2016\/02\/binh-uong-nuoc-2.jpg",1400,1200,false],"thumbnail":["https:\/\/thietbichannuoi.com\/wp-content\/uploads\/2016\/02\/binh-uong-nuoc-2.jpg",150,129,false],"medium":["https:\/\/thietbichannuoi.com\/wp-content\/uploads\/2016\/02\/binh-uong-nuoc-2.jpg",300,257,false],"medium_large":["https:\/\/thietbichannuoi.com\/wp-content\/uploads\/2016\/02\/binh-uong-nuoc-2.jpg",1400,1200,false],"large":["https:\/\/thietbichannuoi.com\/wp-content\/uploads\/2016\/02\/binh-uong-nuoc-2.jpg",800,686,false],"1536x1536":["https:\/\/thietbichannuoi.com\/wp-content\/uploads\/2016\/02\/binh-uong-nuoc-2.jpg",1400,1200,false],"2048x2048":["https:\/\/thietbichannuoi.com\/wp-content\/uploads\/2016\/02\/binh-uong-nuoc-2.jpg",1400,1200,false],"woocommerce_thumbnail":["https:\/\/thietbichannuoi.com\/wp-content\/uploads\/2016\/02\/binh-uong-nuoc-2.jpg",1400,1200,false],"woocommerce_single":["https:\/\/thietbichannuoi.com\/wp-content\/uploads\/2016\/02\/binh-uong-nuoc-2.jpg",1400,1200,false],"woocommerce_gallery_thumbnail":["https:\/\/thietbichannuoi.com\/wp-content\/uploads\/2016\/02\/binh-uong-nuoc-2-100x100.jpg",100,100,true]},"uagb_author_info":{"display_name":"admin","author_link":"https:\/\/thietbichannuoi.com\/en\/author\/"},"uagb_comment_info":0,"uagb_excerpt":"Bottles drink water for poultry duck. Code: BU010:\u00a01-Liter drink BU020: 2-Liter drink BU030: 4-Liter drink BU040: 8-Liter drink","_links":{"self":[{"href":"https:\/\/thietbichannuoi.com\/en\/wp-json\/wp\/v2\/product\/6651","targetHints":{"allow":["GET"]}}],"collection":[{"href":"https:\/\/thietbichannuoi.com\/en\/wp-json\/wp\/v2\/product"}],"about":[{"href":"https:\/\/thietbichannuoi.com\/en\/wp-json\/wp\/v2\/types\/product"}],"version-history":[{"count":0,"href":"https:\/\/thietbichannuoi.com\/en\/wp-json\/wp\/v2\/product\/6651\/revisions"}],"wp:featuredmedia":[{"embeddable":true,"href":"https:\/\/thietbichannuoi.com\/en\/wp-json\/wp\/v2\/media\/14196"}],"wp:attachment":[{"href":"https:\/\/thietbichannuoi.com\/en\/wp-json\/wp\/v2\/media?parent=6651"}],"wp:term":[{"taxonomy":"product_brand","embeddable":true,"href":"https:\/\/thietbichannuoi.com\/en\/wp-json\/wp\/v2\/product_brand?post=6651"},{"taxonomy":"product_cat","embeddable":true,"href":"https:\/\/thietbichannuoi.com\/en\/wp-json\/wp\/v2\/product_cat?post=6651"},{"taxonomy":"product_tag","embeddable":true,"href":"https:\/\/thietbichannuoi.com\/en\/wp-json\/wp\/v2\/product_tag?post=6651"}],"curies":[{"name":"wp","href":"https:\/\/api.w.org\/{rel}","templated":true}]}}