{"id":6667,"date":"2016-02-16T13:19:24","date_gmt":"2016-02-16T06:18:24","guid":{"rendered":"http:\/\/thietbichannuoi.com\/?post_type=product&#038;p=6667"},"modified":"2025-09-25T09:08:50","modified_gmt":"2025-09-25T02:08:50","slug":"square-pvc-water-pipe","status":"publish","type":"product","link":"https:\/\/thietbichannuoi.com\/en\/san-pham\/square-pvc-water-pipe\/","title":{"rendered":"Square PVC Pipe"},"content":{"rendered":"<p class=\"indIKd GW0XC cS4Vcb-pGL6qe-fwJd0c\">Square PVC Pipe<\/p>\n<p>\u1ed0ng nh\u1ef1a PVC c\u1ea5p n\u01b0\u1edbc cho gia c\u1ea7m Minh Ph\u00e1t l\u00e0 gi\u1ea3i ph\u00e1p b\u1ec1n b\u1ec9 v\u00e0 hi\u1ec7u qu\u1ea3 cho h\u1ec7 th\u1ed1ng n\u01b0\u1edbc u\u1ed1ng trong ch\u0103n nu\u00f4i. S\u1ea3n ph\u1ea9m \u0111\u01b0\u1ee3c l\u00e0m t\u1eeb nh\u1ef1a PVC ch\u1ea5t l\u01b0\u1ee3ng cao, ch\u1ecbu l\u1ef1c t\u1ed1t, ch\u1ed1ng \u0103n m\u00f2n v\u00e0 \u0111\u1ea3m b\u1ea3o an to\u00e0n v\u1ec7 sinh. V\u1edbi thi\u1ebft k\u1ebf d\u1ec5 l\u1eafp \u0111\u1eb7t, ph\u00f9 h\u1ee3p v\u1edbi nhi\u1ec1u lo\u1ea1i n\u00fam u\u1ed1ng t\u1ef1 \u0111\u1ed9ng, \u1ed1ng nh\u1ef1a Minh Ph\u00e1t gi\u00fap cung c\u1ea5p n\u01b0\u1edbc \u1ed5n \u0111\u1ecbnh, h\u1ea1n ch\u1ebf r\u00f2 r\u1ec9, ti\u1ebft ki\u1ec7m n\u01b0\u1edbc v\u00e0 c\u00f4ng s\u1ee9c. \u0110\u00e2y l\u00e0 l\u1ef1a ch\u1ecdn l\u00fd t\u01b0\u1edfng cho c\u00e1c trang tr\u1ea1i gia c\u1ea7m mu\u1ed1n t\u1ed1i \u01b0u h\u00f3a h\u1ec7 th\u1ed1ng c\u1ea5p n\u01b0\u1edbc.<\/p>\n","protected":false},"excerpt":{"rendered":"<p>Square PVC Pipe \u1ed0ng nh\u1ef1a PVC c\u1ea5p n\u01b0\u1edbc cho gia c\u1ea7m Minh Ph\u00e1t l\u00e0 gi\u1ea3i ph\u00e1p b\u1ec1n b\u1ec9 v\u00e0 hi\u1ec7u qu\u1ea3 cho h\u1ec7 th\u1ed1ng n\u01b0\u1edbc u\u1ed1ng trong ch\u0103n nu\u00f4i. S\u1ea3n ph\u1ea9m \u0111\u01b0\u1ee3c l\u00e0m t\u1eeb nh\u1ef1a PVC ch\u1ea5t l\u01b0\u1ee3ng cao, ch\u1ecbu l\u1ef1c t\u1ed1t, ch\u1ed1ng \u0103n m\u00f2n v\u00e0 \u0111\u1ea3m b\u1ea3o an to\u00e0n v\u1ec7 sinh. V\u1edbi thi\u1ebft k\u1ebf [&hellip;]<\/p>\n","protected":false},"featured_media":14156,"template":"","meta":{"_uag_custom_page_level_css":"","footnotes":""},"product_brand":[],"product_cat":[602],"product_tag":[645,595],"class_list":{"0":"post-6667","1":"product","2":"type-product","3":"status-publish","4":"has-post-thumbnail","6":"product_cat-drinking-system-for-poultry","7":"product_tag-drinking-system-for-pountry","8":"product_tag-pountry-equipment","10":"first","11":"instock","12":"shipping-taxable","13":"product-type-simple"},"acf":[],"yoast_head":"<!-- This site is optimized with the Yoast SEO Premium plugin v22.9 (Yoast SEO v27.3) - https:\/\/yoast.com\/product\/yoast-seo-premium-wordpress\/ -->\n<title>Square PVC Pipe for poultry - Livestock equipment<\/title>\n<meta name=\"description\" content=\"Square PVC Water Pipe\" \/>\n<meta name=\"robots\" content=\"index, follow, max-snippet:-1, max-image-preview:large, max-video-preview:-1\" \/>\n<link rel=\"canonical\" href=\"https:\/\/thietbichannuoi.com\/en\/san-pham\/square-pvc-water-pipe\/\" \/>\n<meta property=\"og:locale\" content=\"en_US\" \/>\n<meta property=\"og:type\" content=\"article\" \/>\n<meta property=\"og:title\" content=\"Square PVC Pipe\" \/>\n<meta property=\"og:description\" content=\"Square PVC Pipe \u1ed0ng nh\u1ef1a PVC c\u1ea5p n\u01b0\u1edbc cho gia c\u1ea7m Minh Ph\u00e1t l\u00e0 gi\u1ea3i ph\u00e1p b\u1ec1n b\u1ec9 v\u00e0 hi\u1ec7u qu\u1ea3 cho h\u1ec7 th\u1ed1ng n\u01b0\u1edbc u\u1ed1ng trong ch\u0103n nu\u00f4i. S\u1ea3n ph\u1ea9m \u0111\u01b0\u1ee3c l\u00e0m t\u1eeb\" \/>\n<meta property=\"og:url\" content=\"https:\/\/thietbichannuoi.com\/en\/san-pham\/square-pvc-water-pipe\/\" \/>\n<meta property=\"og:site_name\" content=\"Thi\u1ebft b\u1ecb ch\u0103n nu\u00f4i\" \/>\n<meta property=\"article:modified_time\" content=\"2025-09-25T02:08:50+00:00\" \/>\n<meta property=\"og:image\" content=\"https:\/\/thietbichannuoi.com\/wp-content\/uploads\/2016\/02\/Ong-cap-nuoc-1.jpg\" \/>\n\t<meta property=\"og:image:width\" content=\"1400\" \/>\n\t<meta property=\"og:image:height\" content=\"1200\" \/>\n\t<meta property=\"og:image:type\" content=\"image\/jpeg\" \/>\n<meta name=\"twitter:card\" content=\"summary_large_image\" \/>\n<meta name=\"twitter:label1\" content=\"Est. reading time\" \/>\n\t<meta name=\"twitter:data1\" content=\"1 minute\" \/>\n<!-- \/ Yoast SEO Premium plugin. -->","yoast_head_json":{"title":"Square PVC Pipe for poultry - Livestock equipment","description":"Square PVC Water Pipe","robots":{"index":"index","follow":"follow","max-snippet":"max-snippet:-1","max-image-preview":"max-image-preview:large","max-video-preview":"max-video-preview:-1"},"canonical":"https:\/\/thietbichannuoi.com\/en\/san-pham\/square-pvc-water-pipe\/","og_locale":"en_US","og_type":"article","og_title":"Square PVC Pipe","og_description":"Square PVC Pipe \u1ed0ng nh\u1ef1a PVC c\u1ea5p n\u01b0\u1edbc cho gia c\u1ea7m Minh Ph\u00e1t l\u00e0 gi\u1ea3i ph\u00e1p b\u1ec1n b\u1ec9 v\u00e0 hi\u1ec7u qu\u1ea3 cho h\u1ec7 th\u1ed1ng n\u01b0\u1edbc u\u1ed1ng trong ch\u0103n nu\u00f4i. S\u1ea3n ph\u1ea9m \u0111\u01b0\u1ee3c l\u00e0m t\u1eeb","og_url":"https:\/\/thietbichannuoi.com\/en\/san-pham\/square-pvc-water-pipe\/","og_site_name":"Thi\u1ebft b\u1ecb ch\u0103n nu\u00f4i","article_modified_time":"2025-09-25T02:08:50+00:00","og_image":[{"width":1400,"height":1200,"url":"https:\/\/thietbichannuoi.com\/wp-content\/uploads\/2016\/02\/Ong-cap-nuoc-1.jpg","type":"image\/jpeg"}],"twitter_card":"summary_large_image","twitter_misc":{"Est. reading time":"1 minute"},"schema":{"@context":"https:\/\/schema.org","@graph":[{"@type":"WebPage","@id":"https:\/\/thietbichannuoi.com\/en\/san-pham\/square-pvc-water-pipe\/","url":"https:\/\/thietbichannuoi.com\/en\/san-pham\/square-pvc-water-pipe\/","name":"Square PVC Pipe for poultry - Livestock equipment","isPartOf":{"@id":"https:\/\/thietbichannuoi.com\/#website"},"primaryImageOfPage":{"@id":"https:\/\/thietbichannuoi.com\/en\/san-pham\/square-pvc-water-pipe\/#primaryimage"},"image":{"@id":"https:\/\/thietbichannuoi.com\/en\/san-pham\/square-pvc-water-pipe\/#primaryimage"},"thumbnailUrl":"https:\/\/thietbichannuoi.com\/wp-content\/uploads\/2016\/02\/Ong-cap-nuoc-1.jpg","datePublished":"2016-02-16T06:18:24+00:00","dateModified":"2025-09-25T02:08:50+00:00","description":"Square PVC Water Pipe","breadcrumb":{"@id":"https:\/\/thietbichannuoi.com\/en\/san-pham\/square-pvc-water-pipe\/#breadcrumb"},"inLanguage":"en-US","potentialAction":[{"@type":"ReadAction","target":["https:\/\/thietbichannuoi.com\/en\/san-pham\/square-pvc-water-pipe\/"]}]},{"@type":"ImageObject","inLanguage":"en-US","@id":"https:\/\/thietbichannuoi.com\/en\/san-pham\/square-pvc-water-pipe\/#primaryimage","url":"https:\/\/thietbichannuoi.com\/wp-content\/uploads\/2016\/02\/Ong-cap-nuoc-1.jpg","contentUrl":"https:\/\/thietbichannuoi.com\/wp-content\/uploads\/2016\/02\/Ong-cap-nuoc-1.jpg","width":1400,"height":1200,"caption":"Square PVC Water Pipe"},{"@type":"BreadcrumbList","@id":"https:\/\/thietbichannuoi.com\/en\/san-pham\/square-pvc-water-pipe\/#breadcrumb","itemListElement":[{"@type":"ListItem","position":1,"name":"Home","item":"https:\/\/thietbichannuoi.com\/en\/"},{"@type":"ListItem","position":2,"name":"Shop","item":"https:\/\/thietbichannuoi.com\/shop\/"},{"@type":"ListItem","position":3,"name":"Square PVC Pipe"}]},{"@type":"WebSite","@id":"https:\/\/thietbichannuoi.com\/#website","url":"https:\/\/thietbichannuoi.com\/","name":"Thi\u1ebft b\u1ecb ch\u0103n nu\u00f4i","description":"S\u1ea3n xu\u1ea5t thi\u1ebft b\u1ecb ch\u0103n nu\u00f4i gia s\u00fac, gia c\u1ea7m v\u00e0 c\u00e1c s\u1ea3n ph\u1ea9m t\u1eeb nh\u1ef1a","publisher":{"@id":"https:\/\/thietbichannuoi.com\/#organization"},"potentialAction":[{"@type":"SearchAction","target":{"@type":"EntryPoint","urlTemplate":"https:\/\/thietbichannuoi.com\/?s={search_term_string}"},"query-input":{"@type":"PropertyValueSpecification","valueRequired":true,"valueName":"search_term_string"}}],"inLanguage":"en-US"},{"@type":"Organization","@id":"https:\/\/thietbichannuoi.com\/#organization","name":"Thi\u1ebft b\u1ecb ch\u0103n nu\u00f4i Minh Ph\u00e1t","url":"https:\/\/thietbichannuoi.com\/","logo":{"@type":"ImageObject","inLanguage":"en-US","@id":"https:\/\/thietbichannuoi.com\/#\/schema\/logo\/image\/","url":"https:\/\/thietbichannuoi.com\/wp-content\/uploads\/2021\/04\/logo-thiet-bi-chan-nuoi.png","contentUrl":"https:\/\/thietbichannuoi.com\/wp-content\/uploads\/2021\/04\/logo-thiet-bi-chan-nuoi.png","width":104,"height":79,"caption":"Thi\u1ebft b\u1ecb ch\u0103n nu\u00f4i Minh Ph\u00e1t"},"image":{"@id":"https:\/\/thietbichannuoi.com\/#\/schema\/logo\/image\/"}}]}},"uagb_featured_image_src":{"full":["https:\/\/thietbichannuoi.com\/wp-content\/uploads\/2016\/02\/Ong-cap-nuoc-1.jpg",1400,1200,false],"thumbnail":["https:\/\/thietbichannuoi.com\/wp-content\/uploads\/2016\/02\/Ong-cap-nuoc-1.jpg",150,129,false],"medium":["https:\/\/thietbichannuoi.com\/wp-content\/uploads\/2016\/02\/Ong-cap-nuoc-1.jpg",300,257,false],"medium_large":["https:\/\/thietbichannuoi.com\/wp-content\/uploads\/2016\/02\/Ong-cap-nuoc-1.jpg",1400,1200,false],"large":["https:\/\/thietbichannuoi.com\/wp-content\/uploads\/2016\/02\/Ong-cap-nuoc-1.jpg",800,686,false],"1536x1536":["https:\/\/thietbichannuoi.com\/wp-content\/uploads\/2016\/02\/Ong-cap-nuoc-1.jpg",1400,1200,false],"2048x2048":["https:\/\/thietbichannuoi.com\/wp-content\/uploads\/2016\/02\/Ong-cap-nuoc-1.jpg",1400,1200,false],"woocommerce_thumbnail":["https:\/\/thietbichannuoi.com\/wp-content\/uploads\/2016\/02\/Ong-cap-nuoc-1.jpg",1400,1200,false],"woocommerce_single":["https:\/\/thietbichannuoi.com\/wp-content\/uploads\/2016\/02\/Ong-cap-nuoc-1.jpg",1400,1200,false],"woocommerce_gallery_thumbnail":["https:\/\/thietbichannuoi.com\/wp-content\/uploads\/2016\/02\/Ong-cap-nuoc-1-100x100.jpg",100,100,true]},"uagb_author_info":{"display_name":"admin","author_link":"https:\/\/thietbichannuoi.com\/en\/author\/"},"uagb_comment_info":0,"uagb_excerpt":"Square PVC Pipe \u1ed0ng nh\u1ef1a PVC c\u1ea5p n\u01b0\u1edbc cho gia c\u1ea7m Minh Ph\u00e1t l\u00e0 gi\u1ea3i ph\u00e1p b\u1ec1n b\u1ec9 v\u00e0 hi\u1ec7u qu\u1ea3 cho h\u1ec7 th\u1ed1ng n\u01b0\u1edbc u\u1ed1ng trong ch\u0103n nu\u00f4i. S\u1ea3n ph\u1ea9m \u0111\u01b0\u1ee3c l\u00e0m t\u1eeb nh\u1ef1a PVC ch\u1ea5t l\u01b0\u1ee3ng cao, ch\u1ecbu l\u1ef1c t\u1ed1t, ch\u1ed1ng \u0103n m\u00f2n v\u00e0 \u0111\u1ea3m b\u1ea3o an to\u00e0n v\u1ec7 sinh. V\u1edbi thi\u1ebft k\u1ebf&hellip;","_links":{"self":[{"href":"https:\/\/thietbichannuoi.com\/en\/wp-json\/wp\/v2\/product\/6667","targetHints":{"allow":["GET"]}}],"collection":[{"href":"https:\/\/thietbichannuoi.com\/en\/wp-json\/wp\/v2\/product"}],"about":[{"href":"https:\/\/thietbichannuoi.com\/en\/wp-json\/wp\/v2\/types\/product"}],"version-history":[{"count":0,"href":"https:\/\/thietbichannuoi.com\/en\/wp-json\/wp\/v2\/product\/6667\/revisions"}],"wp:featuredmedia":[{"embeddable":true,"href":"https:\/\/thietbichannuoi.com\/en\/wp-json\/wp\/v2\/media\/14156"}],"wp:attachment":[{"href":"https:\/\/thietbichannuoi.com\/en\/wp-json\/wp\/v2\/media?parent=6667"}],"wp:term":[{"taxonomy":"product_brand","embeddable":true,"href":"https:\/\/thietbichannuoi.com\/en\/wp-json\/wp\/v2\/product_brand?post=6667"},{"taxonomy":"product_cat","embeddable":true,"href":"https:\/\/thietbichannuoi.com\/en\/wp-json\/wp\/v2\/product_cat?post=6667"},{"taxonomy":"product_tag","embeddable":true,"href":"https:\/\/thietbichannuoi.com\/en\/wp-json\/wp\/v2\/product_tag?post=6667"}],"curies":[{"name":"wp","href":"https:\/\/api.w.org\/{rel}","templated":true}]}}