{"id":6670,"date":"2016-02-16T14:56:13","date_gmt":"2016-02-16T07:55:46","guid":{"rendered":"http:\/\/thietbichannuoi.com\/?post_type=product&#038;p=6670"},"modified":"2025-09-25T09:05:25","modified_gmt":"2025-09-25T02:05:25","slug":"hanger-tube","status":"publish","type":"product","link":"https:\/\/thietbichannuoi.com\/en\/san-pham\/hanger-tube\/","title":{"rendered":"Hanger tube"},"content":{"rendered":"<p>Hanger tube<\/p>\n<p><img fetchpriority=\"high\" decoding=\"async\" class=\"alignnone wp-image-18135 size-full\" src=\"https:\/\/thietbichannuoi.com\/wp-content\/uploads\/2024\/09\/duong-uong-cho-vit-scaled.jpg\" alt=\"\" width=\"2560\" height=\"1920\" srcset=\"https:\/\/thietbichannuoi.com\/wp-content\/uploads\/2024\/09\/duong-uong-cho-vit-scaled.jpg 2560w, https:\/\/thietbichannuoi.com\/wp-content\/uploads\/2024\/09\/duong-uong-cho-vit-scaled-600x450.jpg 600w, https:\/\/thietbichannuoi.com\/wp-content\/uploads\/2024\/09\/duong-uong-cho-vit-300x225.jpg 300w, https:\/\/thietbichannuoi.com\/wp-content\/uploads\/2024\/09\/duong-uong-cho-vit-1024x768.jpg 1024w, https:\/\/thietbichannuoi.com\/wp-content\/uploads\/2024\/09\/duong-uong-cho-vit-150x113.jpg 150w, https:\/\/thietbichannuoi.com\/wp-content\/uploads\/2024\/09\/duong-uong-cho-vit-1536x1152.jpg 1536w, https:\/\/thietbichannuoi.com\/wp-content\/uploads\/2024\/09\/duong-uong-cho-vit-2048x1536.jpg 2048w\" sizes=\"(max-width: 2560px) 100vw, 2560px\" \/><\/p>\n<p><img decoding=\"async\" class=\"alignnone wp-image-18117 size-full\" src=\"https:\/\/thietbichannuoi.com\/wp-content\/uploads\/2019\/09\/z5806736977458_6c1106ad4b24ed696ae75d8bdedf5d3f-scaled.jpg\" alt=\"\" width=\"2560\" height=\"1920\" srcset=\"https:\/\/thietbichannuoi.com\/wp-content\/uploads\/2019\/09\/z5806736977458_6c1106ad4b24ed696ae75d8bdedf5d3f-scaled.jpg 2560w, https:\/\/thietbichannuoi.com\/wp-content\/uploads\/2019\/09\/z5806736977458_6c1106ad4b24ed696ae75d8bdedf5d3f-300x225.jpg 300w, https:\/\/thietbichannuoi.com\/wp-content\/uploads\/2019\/09\/z5806736977458_6c1106ad4b24ed696ae75d8bdedf5d3f-1024x768.jpg 1024w, https:\/\/thietbichannuoi.com\/wp-content\/uploads\/2019\/09\/z5806736977458_6c1106ad4b24ed696ae75d8bdedf5d3f-150x113.jpg 150w, https:\/\/thietbichannuoi.com\/wp-content\/uploads\/2019\/09\/z5806736977458_6c1106ad4b24ed696ae75d8bdedf5d3f-1536x1152.jpg 1536w, https:\/\/thietbichannuoi.com\/wp-content\/uploads\/2019\/09\/z5806736977458_6c1106ad4b24ed696ae75d8bdedf5d3f-2048x1536.jpg 2048w\" sizes=\"(max-width: 2560px) 100vw, 2560px\" \/><\/p>\n<p><img decoding=\"async\" class=\"alignnone wp-image-19133 size-full\" src=\"https:\/\/thietbichannuoi.com\/wp-content\/uploads\/2025\/05\/He-thong-uong-tu-dong-cho-ga.jpg\" alt=\"\" width=\"1767\" height=\"875\" srcset=\"https:\/\/thietbichannuoi.com\/wp-content\/uploads\/2025\/05\/He-thong-uong-tu-dong-cho-ga.jpg 1767w, https:\/\/thietbichannuoi.com\/wp-content\/uploads\/2025\/05\/He-thong-uong-tu-dong-cho-ga-600x297.jpg 600w, https:\/\/thietbichannuoi.com\/wp-content\/uploads\/2025\/05\/He-thong-uong-tu-dong-cho-ga-300x149.jpg 300w, https:\/\/thietbichannuoi.com\/wp-content\/uploads\/2025\/05\/He-thong-uong-tu-dong-cho-ga-1024x507.jpg 1024w, https:\/\/thietbichannuoi.com\/wp-content\/uploads\/2025\/05\/He-thong-uong-tu-dong-cho-ga-150x74.jpg 150w, https:\/\/thietbichannuoi.com\/wp-content\/uploads\/2025\/05\/He-thong-uong-tu-dong-cho-ga-1536x761.jpg 1536w\" sizes=\"(max-width: 1767px) 100vw, 1767px\" \/><\/p>\n","protected":false},"excerpt":{"rendered":"<p>K\u1eb9p treo \u1ed1ng d\u1eabn n\u01b0\u1edbc cho h\u1ec7 th\u1ed1ng u\u1ed1ng t\u1ef1 \u0111\u1ed9ng<\/p>\n<p><strong>Ph\u1ea7n \u1ed1ng vu\u00f4ng:<\/strong> l\u1eafp \u0111\u1eb7t \u0111\u01b0\u1ee3c cho \u1ed1ng 22x22mm ho\u1eb7c 25x25mm<\/p>\n<p><strong>Ph\u1ea7n \u1ed1ng tr\u00f2n:<\/strong> s\u1eed d\u1ee5ng \u1ed1ng k\u1ebdm \u00d827<\/p>\n","protected":false},"featured_media":14165,"template":"","meta":{"_uag_custom_page_level_css":"","footnotes":""},"product_brand":[],"product_cat":[602,589],"product_tag":[],"class_list":{"0":"post-6670","1":"product","2":"type-product","3":"status-publish","4":"has-post-thumbnail","6":"product_cat-drinking-system-for-poultry","7":"product_cat-poultry-equipment","9":"first","10":"instock","11":"shipping-taxable","12":"product-type-simple"},"acf":[],"yoast_head":"<!-- This site is optimized with the Yoast SEO Premium plugin v22.9 (Yoast SEO v27.4) - https:\/\/yoast.com\/product\/yoast-seo-premium-wordpress\/ -->\n<title>Hanger tube for poultry - Livestock equipment<\/title>\n<meta name=\"description\" content=\"Hanger tube for poultry, poultry Hanger tube\" \/>\n<meta name=\"robots\" content=\"index, follow, max-snippet:-1, max-image-preview:large, max-video-preview:-1\" \/>\n<link rel=\"canonical\" href=\"https:\/\/thietbichannuoi.com\/en\/san-pham\/hanger-tube\/\" \/>\n<meta property=\"og:locale\" content=\"en_US\" \/>\n<meta property=\"og:type\" content=\"article\" \/>\n<meta property=\"og:title\" content=\"Hanger tube\" \/>\n<meta property=\"og:description\" content=\"K\u1eb9p treo \u1ed1ng d\u1eabn n\u01b0\u1edbc cho h\u1ec7 th\u1ed1ng u\u1ed1ng t\u1ef1 \u0111\u1ed9ng  Ph\u1ea7n \u1ed1ng vu\u00f4ng: l\u1eafp \u0111\u1eb7t \u0111\u01b0\u1ee3c cho \u1ed1ng 22x22mm ho\u1eb7c 25x25mm  Ph\u1ea7n \u1ed1ng tr\u00f2n: s\u1eed d\u1ee5ng \u1ed1ng k\u1ebdm \u00d827\" \/>\n<meta property=\"og:url\" content=\"https:\/\/thietbichannuoi.com\/en\/san-pham\/hanger-tube\/\" \/>\n<meta property=\"og:site_name\" content=\"Thi\u1ebft b\u1ecb ch\u0103n nu\u00f4i\" \/>\n<meta property=\"article:modified_time\" content=\"2025-09-25T02:05:25+00:00\" \/>\n<meta property=\"og:image\" content=\"https:\/\/thietbichannuoi.com\/wp-content\/uploads\/2016\/02\/kep-ong-2-1.jpg\" \/>\n\t<meta property=\"og:image:width\" content=\"1400\" \/>\n\t<meta property=\"og:image:height\" content=\"1200\" \/>\n\t<meta property=\"og:image:type\" content=\"image\/jpeg\" \/>\n<meta name=\"twitter:card\" content=\"summary_large_image\" \/>\n<meta name=\"twitter:label1\" content=\"Est. reading time\" \/>\n\t<meta name=\"twitter:data1\" content=\"1 minute\" \/>\n<!-- \/ Yoast SEO Premium plugin. -->","yoast_head_json":{"title":"Hanger tube for poultry - Livestock equipment","description":"Hanger tube for poultry, poultry Hanger tube","robots":{"index":"index","follow":"follow","max-snippet":"max-snippet:-1","max-image-preview":"max-image-preview:large","max-video-preview":"max-video-preview:-1"},"canonical":"https:\/\/thietbichannuoi.com\/en\/san-pham\/hanger-tube\/","og_locale":"en_US","og_type":"article","og_title":"Hanger tube","og_description":"K\u1eb9p treo \u1ed1ng d\u1eabn n\u01b0\u1edbc cho h\u1ec7 th\u1ed1ng u\u1ed1ng t\u1ef1 \u0111\u1ed9ng  Ph\u1ea7n \u1ed1ng vu\u00f4ng: l\u1eafp \u0111\u1eb7t \u0111\u01b0\u1ee3c cho \u1ed1ng 22x22mm ho\u1eb7c 25x25mm  Ph\u1ea7n \u1ed1ng tr\u00f2n: s\u1eed d\u1ee5ng \u1ed1ng k\u1ebdm \u00d827","og_url":"https:\/\/thietbichannuoi.com\/en\/san-pham\/hanger-tube\/","og_site_name":"Thi\u1ebft b\u1ecb ch\u0103n nu\u00f4i","article_modified_time":"2025-09-25T02:05:25+00:00","og_image":[{"width":1400,"height":1200,"url":"https:\/\/thietbichannuoi.com\/wp-content\/uploads\/2016\/02\/kep-ong-2-1.jpg","type":"image\/jpeg"}],"twitter_card":"summary_large_image","twitter_misc":{"Est. reading time":"1 minute"},"schema":{"@context":"https:\/\/schema.org","@graph":[{"@type":"WebPage","@id":"https:\/\/thietbichannuoi.com\/en\/san-pham\/hanger-tube\/","url":"https:\/\/thietbichannuoi.com\/en\/san-pham\/hanger-tube\/","name":"Hanger tube for poultry - Livestock equipment","isPartOf":{"@id":"https:\/\/thietbichannuoi.com\/#website"},"primaryImageOfPage":{"@id":"https:\/\/thietbichannuoi.com\/en\/san-pham\/hanger-tube\/#primaryimage"},"image":{"@id":"https:\/\/thietbichannuoi.com\/en\/san-pham\/hanger-tube\/#primaryimage"},"thumbnailUrl":"https:\/\/thietbichannuoi.com\/wp-content\/uploads\/2016\/02\/kep-ong-2-1.jpg","datePublished":"2016-02-16T07:55:46+00:00","dateModified":"2025-09-25T02:05:25+00:00","description":"Hanger tube for poultry, poultry Hanger tube","breadcrumb":{"@id":"https:\/\/thietbichannuoi.com\/en\/san-pham\/hanger-tube\/#breadcrumb"},"inLanguage":"en-US","potentialAction":[{"@type":"ReadAction","target":["https:\/\/thietbichannuoi.com\/en\/san-pham\/hanger-tube\/"]}]},{"@type":"ImageObject","inLanguage":"en-US","@id":"https:\/\/thietbichannuoi.com\/en\/san-pham\/hanger-tube\/#primaryimage","url":"https:\/\/thietbichannuoi.com\/wp-content\/uploads\/2016\/02\/kep-ong-2-1.jpg","contentUrl":"https:\/\/thietbichannuoi.com\/wp-content\/uploads\/2016\/02\/kep-ong-2-1.jpg","width":1400,"height":1200,"caption":"Hanger tube for poultry"},{"@type":"BreadcrumbList","@id":"https:\/\/thietbichannuoi.com\/en\/san-pham\/hanger-tube\/#breadcrumb","itemListElement":[{"@type":"ListItem","position":1,"name":"Home","item":"https:\/\/thietbichannuoi.com\/en\/"},{"@type":"ListItem","position":2,"name":"Shop","item":"https:\/\/thietbichannuoi.com\/shop\/"},{"@type":"ListItem","position":3,"name":"Hanger tube"}]},{"@type":"WebSite","@id":"https:\/\/thietbichannuoi.com\/#website","url":"https:\/\/thietbichannuoi.com\/","name":"Thi\u1ebft b\u1ecb ch\u0103n nu\u00f4i","description":"S\u1ea3n xu\u1ea5t thi\u1ebft b\u1ecb ch\u0103n nu\u00f4i gia s\u00fac, gia c\u1ea7m v\u00e0 c\u00e1c s\u1ea3n ph\u1ea9m t\u1eeb nh\u1ef1a","publisher":{"@id":"https:\/\/thietbichannuoi.com\/#organization"},"potentialAction":[{"@type":"SearchAction","target":{"@type":"EntryPoint","urlTemplate":"https:\/\/thietbichannuoi.com\/?s={search_term_string}"},"query-input":{"@type":"PropertyValueSpecification","valueRequired":true,"valueName":"search_term_string"}}],"inLanguage":"en-US"},{"@type":"Organization","@id":"https:\/\/thietbichannuoi.com\/#organization","name":"Thi\u1ebft b\u1ecb ch\u0103n nu\u00f4i Minh Ph\u00e1t","url":"https:\/\/thietbichannuoi.com\/","logo":{"@type":"ImageObject","inLanguage":"en-US","@id":"https:\/\/thietbichannuoi.com\/#\/schema\/logo\/image\/","url":"https:\/\/thietbichannuoi.com\/wp-content\/uploads\/2021\/04\/logo-thiet-bi-chan-nuoi.png","contentUrl":"https:\/\/thietbichannuoi.com\/wp-content\/uploads\/2021\/04\/logo-thiet-bi-chan-nuoi.png","width":104,"height":79,"caption":"Thi\u1ebft b\u1ecb ch\u0103n nu\u00f4i Minh Ph\u00e1t"},"image":{"@id":"https:\/\/thietbichannuoi.com\/#\/schema\/logo\/image\/"}}]}},"uagb_featured_image_src":{"full":["https:\/\/thietbichannuoi.com\/wp-content\/uploads\/2016\/02\/kep-ong-2-1.jpg",1400,1200,false],"thumbnail":["https:\/\/thietbichannuoi.com\/wp-content\/uploads\/2016\/02\/kep-ong-2-1.jpg",150,129,false],"medium":["https:\/\/thietbichannuoi.com\/wp-content\/uploads\/2016\/02\/kep-ong-2-1.jpg",300,257,false],"medium_large":["https:\/\/thietbichannuoi.com\/wp-content\/uploads\/2016\/02\/kep-ong-2-1.jpg",1400,1200,false],"large":["https:\/\/thietbichannuoi.com\/wp-content\/uploads\/2016\/02\/kep-ong-2-1.jpg",800,686,false],"1536x1536":["https:\/\/thietbichannuoi.com\/wp-content\/uploads\/2016\/02\/kep-ong-2-1.jpg",1400,1200,false],"2048x2048":["https:\/\/thietbichannuoi.com\/wp-content\/uploads\/2016\/02\/kep-ong-2-1.jpg",1400,1200,false],"woocommerce_thumbnail":["https:\/\/thietbichannuoi.com\/wp-content\/uploads\/2016\/02\/kep-ong-2-1.jpg",1400,1200,false],"woocommerce_single":["https:\/\/thietbichannuoi.com\/wp-content\/uploads\/2016\/02\/kep-ong-2-1.jpg",1400,1200,false],"woocommerce_gallery_thumbnail":["https:\/\/thietbichannuoi.com\/wp-content\/uploads\/2016\/02\/kep-ong-2-1-100x100.jpg",100,100,true]},"uagb_author_info":{"display_name":"admin","author_link":"https:\/\/thietbichannuoi.com\/en\/author\/"},"uagb_comment_info":0,"uagb_excerpt":"K\u1eb9p treo \u1ed1ng d\u1eabn n\u01b0\u1edbc cho h\u1ec7 th\u1ed1ng u\u1ed1ng t\u1ef1 \u0111\u1ed9ng Ph\u1ea7n \u1ed1ng vu\u00f4ng: l\u1eafp \u0111\u1eb7t \u0111\u01b0\u1ee3c cho \u1ed1ng 22x22mm ho\u1eb7c 25x25mm Ph\u1ea7n \u1ed1ng tr\u00f2n: s\u1eed d\u1ee5ng \u1ed1ng k\u1ebdm \u00d827","_links":{"self":[{"href":"https:\/\/thietbichannuoi.com\/en\/wp-json\/wp\/v2\/product\/6670","targetHints":{"allow":["GET"]}}],"collection":[{"href":"https:\/\/thietbichannuoi.com\/en\/wp-json\/wp\/v2\/product"}],"about":[{"href":"https:\/\/thietbichannuoi.com\/en\/wp-json\/wp\/v2\/types\/product"}],"version-history":[{"count":0,"href":"https:\/\/thietbichannuoi.com\/en\/wp-json\/wp\/v2\/product\/6670\/revisions"}],"wp:featuredmedia":[{"embeddable":true,"href":"https:\/\/thietbichannuoi.com\/en\/wp-json\/wp\/v2\/media\/14165"}],"wp:attachment":[{"href":"https:\/\/thietbichannuoi.com\/en\/wp-json\/wp\/v2\/media?parent=6670"}],"wp:term":[{"taxonomy":"product_brand","embeddable":true,"href":"https:\/\/thietbichannuoi.com\/en\/wp-json\/wp\/v2\/product_brand?post=6670"},{"taxonomy":"product_cat","embeddable":true,"href":"https:\/\/thietbichannuoi.com\/en\/wp-json\/wp\/v2\/product_cat?post=6670"},{"taxonomy":"product_tag","embeddable":true,"href":"https:\/\/thietbichannuoi.com\/en\/wp-json\/wp\/v2\/product_tag?post=6670"}],"curies":[{"name":"wp","href":"https:\/\/api.w.org\/{rel}","templated":true}]}}