{"id":6686,"date":"2016-02-16T15:58:19","date_gmt":"2016-02-16T08:58:19","guid":{"rendered":"http:\/\/thietbichannuoi.com\/?post_type=product&#038;p=6686"},"modified":"2025-09-25T14:13:11","modified_gmt":"2025-09-25T07:13:11","slug":"plastic-feed-scoop","status":"publish","type":"product","link":"https:\/\/thietbichannuoi.com\/en\/san-pham\/plastic-feed-scoop\/","title":{"rendered":"Plastic feed Scoop"},"content":{"rendered":"<p>Plastic feed Scoop<\/p>\n<p><img fetchpriority=\"high\" decoding=\"async\" class=\"wp-image-13623 size-full\" src=\"https:\/\/thietbichannuoi.com\/wp-content\/uploads\/2023\/06\/xuc-cam-anco04.jpg\" alt=\"x\u00fac-c\u00e1m-anco\" width=\"1400\" height=\"1200\" srcset=\"https:\/\/thietbichannuoi.com\/wp-content\/uploads\/2023\/06\/xuc-cam-anco04.jpg 1400w, https:\/\/thietbichannuoi.com\/wp-content\/uploads\/2023\/06\/xuc-cam-anco04-300x257.jpg 300w, https:\/\/thietbichannuoi.com\/wp-content\/uploads\/2023\/06\/xuc-cam-anco04-1024x878.jpg 1024w, https:\/\/thietbichannuoi.com\/wp-content\/uploads\/2023\/06\/xuc-cam-anco04-150x129.jpg 150w\" sizes=\"(max-width: 1400px) 100vw, 1400px\" \/><\/p>\n<p><img decoding=\"async\" class=\"wp-image-13036 size-full\" src=\"https:\/\/thietbichannuoi.com\/wp-content\/uploads\/2023\/05\/xuc-cam-XC-02-3.jpg\" alt=\"x\u00fac-c\u00e1m-XC\" width=\"1400\" height=\"1200\" srcset=\"https:\/\/thietbichannuoi.com\/wp-content\/uploads\/2023\/05\/xuc-cam-XC-02-3.jpg 1400w, https:\/\/thietbichannuoi.com\/wp-content\/uploads\/2023\/05\/xuc-cam-XC-02-3-300x257.jpg 300w, https:\/\/thietbichannuoi.com\/wp-content\/uploads\/2023\/05\/xuc-cam-XC-02-3-1024x878.jpg 1024w, https:\/\/thietbichannuoi.com\/wp-content\/uploads\/2023\/05\/xuc-cam-XC-02-3-150x129.jpg 150w\" sizes=\"(max-width: 1400px) 100vw, 1400px\" \/><\/p>\n<p><img decoding=\"async\" class=\"wp-image-13039 size-full\" src=\"https:\/\/thietbichannuoi.com\/wp-content\/uploads\/2023\/05\/xuc-cam-XC-06.jpg\" alt=\"x\u00fac-c\u00e1m-XC\" width=\"1400\" height=\"1200\" srcset=\"https:\/\/thietbichannuoi.com\/wp-content\/uploads\/2023\/05\/xuc-cam-XC-06.jpg 1400w, https:\/\/thietbichannuoi.com\/wp-content\/uploads\/2023\/05\/xuc-cam-XC-06-300x257.jpg 300w, https:\/\/thietbichannuoi.com\/wp-content\/uploads\/2023\/05\/xuc-cam-XC-06-1024x878.jpg 1024w, https:\/\/thietbichannuoi.com\/wp-content\/uploads\/2023\/05\/xuc-cam-XC-06-150x129.jpg 150w\" sizes=\"(max-width: 1400px) 100vw, 1400px\" \/><\/p>\n","protected":false},"excerpt":{"rendered":"<p><strong>Code:<\/strong> <strong>XC01<\/strong><\/p>\n<ul>\n<li><strong>Capacity:<\/strong> 1 kg<\/li>\n<li><strong>Weight:<\/strong> 200g<\/li>\n<li><strong>Material:<\/strong> Plastic PP<\/li>\n<\/ul>\n","protected":false},"featured_media":14226,"template":"","meta":{"_uag_custom_page_level_css":"","footnotes":""},"product_brand":[],"product_cat":[605,589],"product_tag":[595],"class_list":{"0":"post-6686","1":"product","2":"type-product","3":"status-publish","4":"has-post-thumbnail","6":"product_cat-other-poultry-equipment","7":"product_cat-poultry-equipment","8":"product_tag-pountry-equipment","10":"first","11":"instock","12":"shipping-taxable","13":"product-type-simple"},"acf":[],"yoast_head":"<!-- This site is optimized with the Yoast SEO Premium plugin v22.9 (Yoast SEO v27.4) - https:\/\/yoast.com\/product\/yoast-seo-premium-wordpress\/ -->\n<title>Shovel for pountry - Livestock equipment<\/title>\n<meta name=\"description\" content=\"Plastic feed Scoop\" \/>\n<meta name=\"robots\" content=\"index, follow, max-snippet:-1, max-image-preview:large, max-video-preview:-1\" \/>\n<link rel=\"canonical\" href=\"https:\/\/thietbichannuoi.com\/en\/san-pham\/plastic-feed-scoop\/\" \/>\n<meta property=\"og:locale\" content=\"en_US\" \/>\n<meta property=\"og:type\" content=\"article\" \/>\n<meta property=\"og:title\" content=\"Plastic feed Scoop\" \/>\n<meta property=\"og:description\" content=\"Code: XC01   Capacity: 1 kg  Weight: 200g  Material: Plastic PP\" \/>\n<meta property=\"og:url\" content=\"https:\/\/thietbichannuoi.com\/en\/san-pham\/plastic-feed-scoop\/\" \/>\n<meta property=\"og:site_name\" content=\"Thi\u1ebft b\u1ecb ch\u0103n nu\u00f4i\" \/>\n<meta property=\"article:modified_time\" content=\"2025-09-25T07:13:11+00:00\" \/>\n<meta property=\"og:image\" content=\"https:\/\/thietbichannuoi.com\/wp-content\/uploads\/2016\/02\/xuc-cam-03.jpg\" \/>\n\t<meta property=\"og:image:width\" content=\"1400\" \/>\n\t<meta property=\"og:image:height\" content=\"1200\" \/>\n\t<meta property=\"og:image:type\" content=\"image\/jpeg\" \/>\n<meta name=\"twitter:card\" content=\"summary_large_image\" \/>\n<meta name=\"twitter:label1\" content=\"Est. reading time\" \/>\n\t<meta name=\"twitter:data1\" content=\"1 minute\" \/>\n<!-- \/ Yoast SEO Premium plugin. -->","yoast_head_json":{"title":"Shovel for pountry - Livestock equipment","description":"Plastic feed Scoop","robots":{"index":"index","follow":"follow","max-snippet":"max-snippet:-1","max-image-preview":"max-image-preview:large","max-video-preview":"max-video-preview:-1"},"canonical":"https:\/\/thietbichannuoi.com\/en\/san-pham\/plastic-feed-scoop\/","og_locale":"en_US","og_type":"article","og_title":"Plastic feed Scoop","og_description":"Code: XC01   Capacity: 1 kg  Weight: 200g  Material: Plastic PP","og_url":"https:\/\/thietbichannuoi.com\/en\/san-pham\/plastic-feed-scoop\/","og_site_name":"Thi\u1ebft b\u1ecb ch\u0103n nu\u00f4i","article_modified_time":"2025-09-25T07:13:11+00:00","og_image":[{"width":1400,"height":1200,"url":"https:\/\/thietbichannuoi.com\/wp-content\/uploads\/2016\/02\/xuc-cam-03.jpg","type":"image\/jpeg"}],"twitter_card":"summary_large_image","twitter_misc":{"Est. reading time":"1 minute"},"schema":{"@context":"https:\/\/schema.org","@graph":[{"@type":"WebPage","@id":"https:\/\/thietbichannuoi.com\/en\/san-pham\/plastic-feed-scoop\/","url":"https:\/\/thietbichannuoi.com\/en\/san-pham\/plastic-feed-scoop\/","name":"Shovel for pountry - Livestock equipment","isPartOf":{"@id":"https:\/\/thietbichannuoi.com\/#website"},"primaryImageOfPage":{"@id":"https:\/\/thietbichannuoi.com\/en\/san-pham\/plastic-feed-scoop\/#primaryimage"},"image":{"@id":"https:\/\/thietbichannuoi.com\/en\/san-pham\/plastic-feed-scoop\/#primaryimage"},"thumbnailUrl":"https:\/\/thietbichannuoi.com\/wp-content\/uploads\/2016\/02\/xuc-cam-03.jpg","datePublished":"2016-02-16T08:58:19+00:00","dateModified":"2025-09-25T07:13:11+00:00","description":"Plastic feed Scoop","breadcrumb":{"@id":"https:\/\/thietbichannuoi.com\/en\/san-pham\/plastic-feed-scoop\/#breadcrumb"},"inLanguage":"en-US","potentialAction":[{"@type":"ReadAction","target":["https:\/\/thietbichannuoi.com\/en\/san-pham\/plastic-feed-scoop\/"]}]},{"@type":"ImageObject","inLanguage":"en-US","@id":"https:\/\/thietbichannuoi.com\/en\/san-pham\/plastic-feed-scoop\/#primaryimage","url":"https:\/\/thietbichannuoi.com\/wp-content\/uploads\/2016\/02\/xuc-cam-03.jpg","contentUrl":"https:\/\/thietbichannuoi.com\/wp-content\/uploads\/2016\/02\/xuc-cam-03.jpg","width":1400,"height":1200,"caption":"Plastic feed Scoop"},{"@type":"BreadcrumbList","@id":"https:\/\/thietbichannuoi.com\/en\/san-pham\/plastic-feed-scoop\/#breadcrumb","itemListElement":[{"@type":"ListItem","position":1,"name":"Home","item":"https:\/\/thietbichannuoi.com\/en\/"},{"@type":"ListItem","position":2,"name":"Shop","item":"https:\/\/thietbichannuoi.com\/shop\/"},{"@type":"ListItem","position":3,"name":"Plastic feed Scoop"}]},{"@type":"WebSite","@id":"https:\/\/thietbichannuoi.com\/#website","url":"https:\/\/thietbichannuoi.com\/","name":"Thi\u1ebft b\u1ecb ch\u0103n nu\u00f4i","description":"S\u1ea3n xu\u1ea5t thi\u1ebft b\u1ecb ch\u0103n nu\u00f4i gia s\u00fac, gia c\u1ea7m v\u00e0 c\u00e1c s\u1ea3n ph\u1ea9m t\u1eeb nh\u1ef1a","publisher":{"@id":"https:\/\/thietbichannuoi.com\/#organization"},"potentialAction":[{"@type":"SearchAction","target":{"@type":"EntryPoint","urlTemplate":"https:\/\/thietbichannuoi.com\/?s={search_term_string}"},"query-input":{"@type":"PropertyValueSpecification","valueRequired":true,"valueName":"search_term_string"}}],"inLanguage":"en-US"},{"@type":"Organization","@id":"https:\/\/thietbichannuoi.com\/#organization","name":"Thi\u1ebft b\u1ecb ch\u0103n nu\u00f4i Minh Ph\u00e1t","url":"https:\/\/thietbichannuoi.com\/","logo":{"@type":"ImageObject","inLanguage":"en-US","@id":"https:\/\/thietbichannuoi.com\/#\/schema\/logo\/image\/","url":"https:\/\/thietbichannuoi.com\/wp-content\/uploads\/2021\/04\/logo-thiet-bi-chan-nuoi.png","contentUrl":"https:\/\/thietbichannuoi.com\/wp-content\/uploads\/2021\/04\/logo-thiet-bi-chan-nuoi.png","width":104,"height":79,"caption":"Thi\u1ebft b\u1ecb ch\u0103n nu\u00f4i Minh Ph\u00e1t"},"image":{"@id":"https:\/\/thietbichannuoi.com\/#\/schema\/logo\/image\/"}}]}},"uagb_featured_image_src":{"full":["https:\/\/thietbichannuoi.com\/wp-content\/uploads\/2016\/02\/xuc-cam-03.jpg",1400,1200,false],"thumbnail":["https:\/\/thietbichannuoi.com\/wp-content\/uploads\/2016\/02\/xuc-cam-03.jpg",150,129,false],"medium":["https:\/\/thietbichannuoi.com\/wp-content\/uploads\/2016\/02\/xuc-cam-03.jpg",300,257,false],"medium_large":["https:\/\/thietbichannuoi.com\/wp-content\/uploads\/2016\/02\/xuc-cam-03.jpg",1400,1200,false],"large":["https:\/\/thietbichannuoi.com\/wp-content\/uploads\/2016\/02\/xuc-cam-03.jpg",800,686,false],"1536x1536":["https:\/\/thietbichannuoi.com\/wp-content\/uploads\/2016\/02\/xuc-cam-03.jpg",1400,1200,false],"2048x2048":["https:\/\/thietbichannuoi.com\/wp-content\/uploads\/2016\/02\/xuc-cam-03.jpg",1400,1200,false],"woocommerce_thumbnail":["https:\/\/thietbichannuoi.com\/wp-content\/uploads\/2016\/02\/xuc-cam-03.jpg",1400,1200,false],"woocommerce_single":["https:\/\/thietbichannuoi.com\/wp-content\/uploads\/2016\/02\/xuc-cam-03.jpg",1400,1200,false],"woocommerce_gallery_thumbnail":["https:\/\/thietbichannuoi.com\/wp-content\/uploads\/2016\/02\/xuc-cam-03-100x100.jpg",100,100,true]},"uagb_author_info":{"display_name":"admin","author_link":"https:\/\/thietbichannuoi.com\/en\/author\/"},"uagb_comment_info":0,"uagb_excerpt":"Code: XC01 Capacity: 1 kg Weight: 200g Material: Plastic PP","_links":{"self":[{"href":"https:\/\/thietbichannuoi.com\/en\/wp-json\/wp\/v2\/product\/6686","targetHints":{"allow":["GET"]}}],"collection":[{"href":"https:\/\/thietbichannuoi.com\/en\/wp-json\/wp\/v2\/product"}],"about":[{"href":"https:\/\/thietbichannuoi.com\/en\/wp-json\/wp\/v2\/types\/product"}],"version-history":[{"count":0,"href":"https:\/\/thietbichannuoi.com\/en\/wp-json\/wp\/v2\/product\/6686\/revisions"}],"wp:featuredmedia":[{"embeddable":true,"href":"https:\/\/thietbichannuoi.com\/en\/wp-json\/wp\/v2\/media\/14226"}],"wp:attachment":[{"href":"https:\/\/thietbichannuoi.com\/en\/wp-json\/wp\/v2\/media?parent=6686"}],"wp:term":[{"taxonomy":"product_brand","embeddable":true,"href":"https:\/\/thietbichannuoi.com\/en\/wp-json\/wp\/v2\/product_brand?post=6686"},{"taxonomy":"product_cat","embeddable":true,"href":"https:\/\/thietbichannuoi.com\/en\/wp-json\/wp\/v2\/product_cat?post=6686"},{"taxonomy":"product_tag","embeddable":true,"href":"https:\/\/thietbichannuoi.com\/en\/wp-json\/wp\/v2\/product_tag?post=6686"}],"curies":[{"name":"wp","href":"https:\/\/api.w.org\/{rel}","templated":true}]}}