{"id":7717,"date":"2018-05-06T10:11:01","date_gmt":"2018-05-06T03:11:01","guid":{"rendered":"http:\/\/thietbichannuoi.com\/?post_type=product&#038;p=7717"},"modified":"2025-09-24T14:39:27","modified_gmt":"2025-09-24T07:39:27","slug":"feeder-pan","status":"publish","type":"product","link":"https:\/\/thietbichannuoi.com\/en\/san-pham\/feeder-pan\/","title":{"rendered":"Feeder Pan"},"content":{"rendered":"<p>Feeder Pan<\/p>\n","protected":false},"excerpt":{"rendered":"<p><strong>Feed Trough with Compartments for Poultry:<\/strong> The product is an improved version of the traditional hanging feed trough, featuring a connection between the base and body with plastic legs, a partition rim, and a cover.<\/p>\n<p><strong>Advantages:<\/strong><\/p>\n<ul>\n<li><strong>Maintains Stability:<\/strong> Ensures stability between the body and base.<\/li>\n<li><strong>Adjustable Feed Slot Height:<\/strong> Allows for adjustment of the feed slot height.<\/li>\n<li><strong>Partition Rim:<\/strong> Helps reduce feed spillage and prevent competition for food.<\/li>\n<li><strong>Easy and Secure Installation:<\/strong> Simple to install and secure.<\/li>\n<\/ul>\n","protected":false},"featured_media":13731,"template":"","meta":{"_uag_custom_page_level_css":"","footnotes":""},"product_brand":[],"product_cat":[593],"product_tag":[],"class_list":{"0":"post-7717","1":"product","2":"type-product","3":"status-publish","4":"has-post-thumbnail","6":"product_cat-feeding-system-for-poultry","8":"first","9":"instock","10":"shipping-taxable","11":"product-type-simple"},"acf":[],"yoast_head":"<!-- This site is optimized with the Yoast SEO Premium plugin v22.9 (Yoast SEO v27.5) - https:\/\/yoast.com\/product\/yoast-seo-premium-wordpress\/ -->\n<title>Manual Feeder<\/title>\n<meta name=\"description\" content=\"Feeder Pan for chicken, duck 2kg 4kg 8kg\" \/>\n<meta name=\"robots\" content=\"index, follow, max-snippet:-1, max-image-preview:large, max-video-preview:-1\" \/>\n<link rel=\"canonical\" href=\"https:\/\/thietbichannuoi.com\/en\/san-pham\/feeder-pan\/\" \/>\n<meta property=\"og:locale\" content=\"en_US\" \/>\n<meta property=\"og:type\" content=\"article\" \/>\n<meta property=\"og:title\" content=\"Feeder Pan\" \/>\n<meta property=\"og:description\" content=\"Feed Trough with Compartments for Poultry: The product is an improved version of the traditional hanging feed trough, featuring a connection between the base and body with plastic legs, a partition rim, and a cover.  Advantages:   Maintains Stability: Ensures stability between the body and base.  Adjustable Feed Slot Height: Allows for adjustment of the feed slot height.  Partition Rim: Helps reduce feed spillage and prevent competition for food.  Easy and Secure Installation: Simple to install and secure.\" \/>\n<meta property=\"og:url\" content=\"https:\/\/thietbichannuoi.com\/en\/san-pham\/feeder-pan\/\" \/>\n<meta property=\"og:site_name\" content=\"Thi\u1ebft b\u1ecb ch\u0103n nu\u00f4i\" \/>\n<meta property=\"article:modified_time\" content=\"2025-09-24T07:39:27+00:00\" \/>\n<meta property=\"og:image\" content=\"https:\/\/thietbichannuoi.com\/wp-content\/uploads\/2023\/06\/mang-an-chia-o-3-cai-mau-vang.jpg\" \/>\n\t<meta property=\"og:image:width\" content=\"1400\" \/>\n\t<meta property=\"og:image:height\" content=\"1200\" \/>\n\t<meta property=\"og:image:type\" content=\"image\/jpeg\" \/>\n<meta name=\"twitter:card\" content=\"summary_large_image\" \/>\n<meta name=\"twitter:label1\" content=\"Est. reading time\" \/>\n\t<meta name=\"twitter:data1\" content=\"1 minute\" \/>\n<!-- \/ Yoast SEO Premium plugin. -->","yoast_head_json":{"title":"Manual Feeder","description":"Feeder Pan for chicken, duck 2kg 4kg 8kg","robots":{"index":"index","follow":"follow","max-snippet":"max-snippet:-1","max-image-preview":"max-image-preview:large","max-video-preview":"max-video-preview:-1"},"canonical":"https:\/\/thietbichannuoi.com\/en\/san-pham\/feeder-pan\/","og_locale":"en_US","og_type":"article","og_title":"Feeder Pan","og_description":"Feed Trough with Compartments for Poultry: The product is an improved version of the traditional hanging feed trough, featuring a connection between the base and body with plastic legs, a partition rim, and a cover.  Advantages:   Maintains Stability: Ensures stability between the body and base.  Adjustable Feed Slot Height: Allows for adjustment of the feed slot height.  Partition Rim: Helps reduce feed spillage and prevent competition for food.  Easy and Secure Installation: Simple to install and secure.","og_url":"https:\/\/thietbichannuoi.com\/en\/san-pham\/feeder-pan\/","og_site_name":"Thi\u1ebft b\u1ecb ch\u0103n nu\u00f4i","article_modified_time":"2025-09-24T07:39:27+00:00","og_image":[{"width":1400,"height":1200,"url":"https:\/\/thietbichannuoi.com\/wp-content\/uploads\/2023\/06\/mang-an-chia-o-3-cai-mau-vang.jpg","type":"image\/jpeg"}],"twitter_card":"summary_large_image","twitter_misc":{"Est. reading time":"1 minute"},"schema":{"@context":"https:\/\/schema.org","@graph":[{"@type":"WebPage","@id":"https:\/\/thietbichannuoi.com\/en\/san-pham\/feeder-pan\/","url":"https:\/\/thietbichannuoi.com\/en\/san-pham\/feeder-pan\/","name":"Manual Feeder","isPartOf":{"@id":"https:\/\/thietbichannuoi.com\/#website"},"primaryImageOfPage":{"@id":"https:\/\/thietbichannuoi.com\/en\/san-pham\/feeder-pan\/#primaryimage"},"image":{"@id":"https:\/\/thietbichannuoi.com\/en\/san-pham\/feeder-pan\/#primaryimage"},"thumbnailUrl":"https:\/\/thietbichannuoi.com\/wp-content\/uploads\/2023\/06\/mang-an-chia-o-3-cai-mau-vang.jpg","datePublished":"2018-05-06T03:11:01+00:00","dateModified":"2025-09-24T07:39:27+00:00","description":"Feeder Pan for chicken, duck 2kg 4kg 8kg","breadcrumb":{"@id":"https:\/\/thietbichannuoi.com\/en\/san-pham\/feeder-pan\/#breadcrumb"},"inLanguage":"en-US","potentialAction":[{"@type":"ReadAction","target":["https:\/\/thietbichannuoi.com\/en\/san-pham\/feeder-pan\/"]}]},{"@type":"ImageObject","inLanguage":"en-US","@id":"https:\/\/thietbichannuoi.com\/en\/san-pham\/feeder-pan\/#primaryimage","url":"https:\/\/thietbichannuoi.com\/wp-content\/uploads\/2023\/06\/mang-an-chia-o-3-cai-mau-vang.jpg","contentUrl":"https:\/\/thietbichannuoi.com\/wp-content\/uploads\/2023\/06\/mang-an-chia-o-3-cai-mau-vang.jpg","width":1400,"height":1200,"caption":"Feeder Pan"},{"@type":"BreadcrumbList","@id":"https:\/\/thietbichannuoi.com\/en\/san-pham\/feeder-pan\/#breadcrumb","itemListElement":[{"@type":"ListItem","position":1,"name":"Home","item":"https:\/\/thietbichannuoi.com\/en\/"},{"@type":"ListItem","position":2,"name":"Shop","item":"https:\/\/thietbichannuoi.com\/shop\/"},{"@type":"ListItem","position":3,"name":"Feeder Pan"}]},{"@type":"WebSite","@id":"https:\/\/thietbichannuoi.com\/#website","url":"https:\/\/thietbichannuoi.com\/","name":"Thi\u1ebft b\u1ecb ch\u0103n nu\u00f4i","description":"S\u1ea3n xu\u1ea5t thi\u1ebft b\u1ecb ch\u0103n nu\u00f4i gia s\u00fac, gia c\u1ea7m v\u00e0 c\u00e1c s\u1ea3n ph\u1ea9m t\u1eeb nh\u1ef1a","publisher":{"@id":"https:\/\/thietbichannuoi.com\/#organization"},"potentialAction":[{"@type":"SearchAction","target":{"@type":"EntryPoint","urlTemplate":"https:\/\/thietbichannuoi.com\/?s={search_term_string}"},"query-input":{"@type":"PropertyValueSpecification","valueRequired":true,"valueName":"search_term_string"}}],"inLanguage":"en-US"},{"@type":"Organization","@id":"https:\/\/thietbichannuoi.com\/#organization","name":"Thi\u1ebft b\u1ecb ch\u0103n nu\u00f4i Minh Ph\u00e1t","url":"https:\/\/thietbichannuoi.com\/","logo":{"@type":"ImageObject","inLanguage":"en-US","@id":"https:\/\/thietbichannuoi.com\/#\/schema\/logo\/image\/","url":"https:\/\/thietbichannuoi.com\/wp-content\/uploads\/2021\/04\/logo-thiet-bi-chan-nuoi.png","contentUrl":"https:\/\/thietbichannuoi.com\/wp-content\/uploads\/2021\/04\/logo-thiet-bi-chan-nuoi.png","width":104,"height":79,"caption":"Thi\u1ebft b\u1ecb ch\u0103n nu\u00f4i Minh Ph\u00e1t"},"image":{"@id":"https:\/\/thietbichannuoi.com\/#\/schema\/logo\/image\/"}}]}},"uagb_featured_image_src":{"full":["https:\/\/thietbichannuoi.com\/wp-content\/uploads\/2023\/06\/mang-an-chia-o-3-cai-mau-vang.jpg",1400,1200,false],"thumbnail":["https:\/\/thietbichannuoi.com\/wp-content\/uploads\/2023\/06\/mang-an-chia-o-3-cai-mau-vang.jpg",150,129,false],"medium":["https:\/\/thietbichannuoi.com\/wp-content\/uploads\/2023\/06\/mang-an-chia-o-3-cai-mau-vang.jpg",300,257,false],"medium_large":["https:\/\/thietbichannuoi.com\/wp-content\/uploads\/2023\/06\/mang-an-chia-o-3-cai-mau-vang.jpg",1400,1200,false],"large":["https:\/\/thietbichannuoi.com\/wp-content\/uploads\/2023\/06\/mang-an-chia-o-3-cai-mau-vang.jpg",800,686,false],"1536x1536":["https:\/\/thietbichannuoi.com\/wp-content\/uploads\/2023\/06\/mang-an-chia-o-3-cai-mau-vang.jpg",1400,1200,false],"2048x2048":["https:\/\/thietbichannuoi.com\/wp-content\/uploads\/2023\/06\/mang-an-chia-o-3-cai-mau-vang.jpg",1400,1200,false],"woocommerce_thumbnail":["https:\/\/thietbichannuoi.com\/wp-content\/uploads\/2023\/06\/mang-an-chia-o-3-cai-mau-vang.jpg",1400,1200,false],"woocommerce_single":["https:\/\/thietbichannuoi.com\/wp-content\/uploads\/2023\/06\/mang-an-chia-o-3-cai-mau-vang.jpg",1400,1200,false],"woocommerce_gallery_thumbnail":["https:\/\/thietbichannuoi.com\/wp-content\/uploads\/2023\/06\/mang-an-chia-o-3-cai-mau-vang-100x100.jpg",100,100,true]},"uagb_author_info":{"display_name":"dinhlam","author_link":"https:\/\/thietbichannuoi.com\/en\/author\/"},"uagb_comment_info":0,"uagb_excerpt":"Feed Trough with Compartments for Poultry: The product is an improved version of the traditional hanging feed trough, featuring a connection between the base and body with plastic legs, a partition rim, and a cover. Advantages: Maintains Stability: Ensures stability between the body and base. Adjustable Feed Slot Height: Allows for adjustment of the feed&hellip;","_links":{"self":[{"href":"https:\/\/thietbichannuoi.com\/en\/wp-json\/wp\/v2\/product\/7717","targetHints":{"allow":["GET"]}}],"collection":[{"href":"https:\/\/thietbichannuoi.com\/en\/wp-json\/wp\/v2\/product"}],"about":[{"href":"https:\/\/thietbichannuoi.com\/en\/wp-json\/wp\/v2\/types\/product"}],"version-history":[{"count":0,"href":"https:\/\/thietbichannuoi.com\/en\/wp-json\/wp\/v2\/product\/7717\/revisions"}],"wp:featuredmedia":[{"embeddable":true,"href":"https:\/\/thietbichannuoi.com\/en\/wp-json\/wp\/v2\/media\/13731"}],"wp:attachment":[{"href":"https:\/\/thietbichannuoi.com\/en\/wp-json\/wp\/v2\/media?parent=7717"}],"wp:term":[{"taxonomy":"product_brand","embeddable":true,"href":"https:\/\/thietbichannuoi.com\/en\/wp-json\/wp\/v2\/product_brand?post=7717"},{"taxonomy":"product_cat","embeddable":true,"href":"https:\/\/thietbichannuoi.com\/en\/wp-json\/wp\/v2\/product_cat?post=7717"},{"taxonomy":"product_tag","embeddable":true,"href":"https:\/\/thietbichannuoi.com\/en\/wp-json\/wp\/v2\/product_tag?post=7717"}],"curies":[{"name":"wp","href":"https:\/\/api.w.org\/{rel}","templated":true}]}}