{"id":7730,"date":"2017-12-26T08:53:07","date_gmt":"2017-12-26T01:53:07","guid":{"rendered":"http:\/\/thietbichannuoi.com\/?post_type=product&#038;p=7730"},"modified":"2025-09-25T09:55:09","modified_gmt":"2025-09-25T02:55:09","slug":"plastic-water-tank-with-float","status":"publish","type":"product","link":"https:\/\/thietbichannuoi.com\/en\/san-pham\/plastic-water-tank-with-float\/","title":{"rendered":"Plastic water tank (with float )"},"content":{"rendered":"<p>Plastic water tank (with float )<\/p>\n<p class=\"\" data-start=\"0\" data-end=\"63\"><strong data-start=\"0\" data-end=\"61\">Gi\u1edbi thi\u1ec7u Th\u00f9ng Nh\u1ef1a Vu\u00f4ng C\u00f3 Phao Gi\u1ea3m \u00c1p 18L Minh Ph\u00e1t<\/strong><\/p>\n<p class=\"\" data-start=\"65\" data-end=\"554\">Th\u00f9ng nh\u1ef1a vu\u00f4ng c\u00f3 phao gi\u1ea3m \u00e1p 18L Minh Ph\u00e1t l\u00e0 gi\u1ea3i ph\u00e1p hi\u1ec7u qu\u1ea3 gi\u00fap cung c\u1ea5p n\u01b0\u1edbc \u1ed5n \u0111\u1ecbnh cho h\u1ec7 th\u1ed1ng u\u1ed1ng t\u1ef1 \u0111\u1ed9ng trong ch\u0103n nu\u00f4i gia c\u1ea7m. V\u1edbi thi\u1ebft k\u1ebf ch\u1eafc ch\u1eafn t\u1eeb nh\u1ef1a ch\u1ea5t l\u01b0\u1ee3ng cao, th\u00f9ng c\u00f3 kh\u1ea3 n\u0103ng ch\u1ecbu l\u1ef1c t\u1ed1t, ch\u1ed1ng r\u00f2 r\u1ec9 v\u00e0 b\u1ec1n b\u1ec9 theo th\u1eddi gian. Phao gi\u1ea3m \u00e1p \u0111i k\u00e8m gi\u00fap \u0111i\u1ec1u ch\u1ec9nh m\u1ef1c n\u01b0\u1edbc \u1ed5n \u0111\u1ecbnh, tr\u00e1nh \u00e1p su\u1ea5t qu\u00e1 cao l\u00e0m \u1ea3nh h\u01b0\u1edfng \u0111\u1ebfn h\u1ec7 th\u1ed1ng n\u00fam u\u1ed1ng. S\u1ea3n ph\u1ea9m d\u1ec5 l\u1eafp \u0111\u1eb7t, ph\u00f9 h\u1ee3p cho nhi\u1ec1u m\u00f4 h\u00ecnh trang tr\u1ea1i, gi\u00fap ti\u1ebft ki\u1ec7m n\u01b0\u1edbc v\u00e0 c\u00f4ng s\u1ee9c ch\u0103m s\u00f3c \u0111\u00e0n gia c\u1ea7m.<\/p>\n","protected":false},"excerpt":{"rendered":"<p>Used for automatic drinking systems<\/p>\n<p><strong>Code:<\/strong> <strong>HTU030<\/strong><\/p>\n<ul>\n<li><strong>Material:<\/strong> PP Plastic<\/li>\n<li><strong>Capacity:<\/strong> 20 liters<\/li>\n<li><strong>Made in:<\/strong> Vietnam<\/li>\n<li><strong>Components:<\/strong> Water tank, mechanical float for water supply, inlet and outlet \u03a621, cover<\/li>\n<\/ul>\n<p>&nbsp;<\/p>\n","protected":false},"featured_media":15291,"template":"","meta":{"_uag_custom_page_level_css":"","footnotes":""},"product_brand":[],"product_cat":[602],"product_tag":[],"class_list":{"0":"post-7730","1":"product","2":"type-product","3":"status-publish","4":"has-post-thumbnail","6":"product_cat-drinking-system-for-poultry","8":"first","9":"instock","10":"shipping-taxable","11":"product-type-simple"},"acf":[],"yoast_head":"<!-- This site is optimized with the Yoast SEO Premium plugin v22.9 (Yoast SEO v27.4) - https:\/\/yoast.com\/product\/yoast-seo-premium-wordpress\/ -->\n<title>Plastic water tank (with float ) - Thi\u1ebft b\u1ecb ch\u0103n nu\u00f4i<\/title>\n<meta name=\"description\" content=\"Plastic water tank (with float )\" \/>\n<meta name=\"robots\" content=\"index, follow, max-snippet:-1, max-image-preview:large, max-video-preview:-1\" \/>\n<link rel=\"canonical\" href=\"https:\/\/thietbichannuoi.com\/en\/san-pham\/plastic-water-tank-with-float\/\" \/>\n<meta property=\"og:locale\" content=\"en_US\" \/>\n<meta property=\"og:type\" content=\"article\" \/>\n<meta property=\"og:title\" content=\"Plastic water tank (with float )\" \/>\n<meta property=\"og:description\" content=\"Used for automatic drinking systems  Code: HTU030   Material: PP Plastic  Capacity: 20 liters  Made in: Vietnam  Components: Water tank, mechanical float for water supply, inlet and outlet \u03a621, cover  &nbsp;\" \/>\n<meta property=\"og:url\" content=\"https:\/\/thietbichannuoi.com\/en\/san-pham\/plastic-water-tank-with-float\/\" \/>\n<meta property=\"og:site_name\" content=\"Thi\u1ebft b\u1ecb ch\u0103n nu\u00f4i\" \/>\n<meta property=\"article:modified_time\" content=\"2025-09-25T02:55:09+00:00\" \/>\n<meta property=\"og:image\" content=\"https:\/\/thietbichannuoi.com\/wp-content\/uploads\/2017\/12\/Thung-nuoc-giam-ap.jpg\" \/>\n\t<meta property=\"og:image:width\" content=\"1400\" \/>\n\t<meta property=\"og:image:height\" content=\"1200\" \/>\n\t<meta property=\"og:image:type\" content=\"image\/jpeg\" \/>\n<meta name=\"twitter:card\" content=\"summary_large_image\" \/>\n<meta name=\"twitter:label1\" content=\"Est. reading time\" \/>\n\t<meta name=\"twitter:data1\" content=\"1 minute\" \/>\n<!-- \/ Yoast SEO Premium plugin. -->","yoast_head_json":{"title":"Plastic water tank (with float ) - Thi\u1ebft b\u1ecb ch\u0103n nu\u00f4i","description":"Plastic water tank (with float )","robots":{"index":"index","follow":"follow","max-snippet":"max-snippet:-1","max-image-preview":"max-image-preview:large","max-video-preview":"max-video-preview:-1"},"canonical":"https:\/\/thietbichannuoi.com\/en\/san-pham\/plastic-water-tank-with-float\/","og_locale":"en_US","og_type":"article","og_title":"Plastic water tank (with float )","og_description":"Used for automatic drinking systems  Code: HTU030   Material: PP Plastic  Capacity: 20 liters  Made in: Vietnam  Components: Water tank, mechanical float for water supply, inlet and outlet \u03a621, cover  &nbsp;","og_url":"https:\/\/thietbichannuoi.com\/en\/san-pham\/plastic-water-tank-with-float\/","og_site_name":"Thi\u1ebft b\u1ecb ch\u0103n nu\u00f4i","article_modified_time":"2025-09-25T02:55:09+00:00","og_image":[{"width":1400,"height":1200,"url":"https:\/\/thietbichannuoi.com\/wp-content\/uploads\/2017\/12\/Thung-nuoc-giam-ap.jpg","type":"image\/jpeg"}],"twitter_card":"summary_large_image","twitter_misc":{"Est. reading time":"1 minute"},"schema":{"@context":"https:\/\/schema.org","@graph":[{"@type":"WebPage","@id":"https:\/\/thietbichannuoi.com\/en\/san-pham\/plastic-water-tank-with-float\/","url":"https:\/\/thietbichannuoi.com\/en\/san-pham\/plastic-water-tank-with-float\/","name":"Plastic water tank (with float ) - Thi\u1ebft b\u1ecb ch\u0103n nu\u00f4i","isPartOf":{"@id":"https:\/\/thietbichannuoi.com\/#website"},"primaryImageOfPage":{"@id":"https:\/\/thietbichannuoi.com\/en\/san-pham\/plastic-water-tank-with-float\/#primaryimage"},"image":{"@id":"https:\/\/thietbichannuoi.com\/en\/san-pham\/plastic-water-tank-with-float\/#primaryimage"},"thumbnailUrl":"https:\/\/thietbichannuoi.com\/wp-content\/uploads\/2017\/12\/Thung-nuoc-giam-ap.jpg","datePublished":"2017-12-26T01:53:07+00:00","dateModified":"2025-09-25T02:55:09+00:00","description":"Plastic water tank (with float )","breadcrumb":{"@id":"https:\/\/thietbichannuoi.com\/en\/san-pham\/plastic-water-tank-with-float\/#breadcrumb"},"inLanguage":"en-US","potentialAction":[{"@type":"ReadAction","target":["https:\/\/thietbichannuoi.com\/en\/san-pham\/plastic-water-tank-with-float\/"]}]},{"@type":"ImageObject","inLanguage":"en-US","@id":"https:\/\/thietbichannuoi.com\/en\/san-pham\/plastic-water-tank-with-float\/#primaryimage","url":"https:\/\/thietbichannuoi.com\/wp-content\/uploads\/2017\/12\/Thung-nuoc-giam-ap.jpg","contentUrl":"https:\/\/thietbichannuoi.com\/wp-content\/uploads\/2017\/12\/Thung-nuoc-giam-ap.jpg","width":1400,"height":1200,"caption":"Plastic water tank (with float )"},{"@type":"BreadcrumbList","@id":"https:\/\/thietbichannuoi.com\/en\/san-pham\/plastic-water-tank-with-float\/#breadcrumb","itemListElement":[{"@type":"ListItem","position":1,"name":"Home","item":"https:\/\/thietbichannuoi.com\/en\/"},{"@type":"ListItem","position":2,"name":"Shop","item":"https:\/\/thietbichannuoi.com\/shop\/"},{"@type":"ListItem","position":3,"name":"Plastic water tank (with float )"}]},{"@type":"WebSite","@id":"https:\/\/thietbichannuoi.com\/#website","url":"https:\/\/thietbichannuoi.com\/","name":"Thi\u1ebft b\u1ecb ch\u0103n nu\u00f4i","description":"S\u1ea3n xu\u1ea5t thi\u1ebft b\u1ecb ch\u0103n nu\u00f4i gia s\u00fac, gia c\u1ea7m v\u00e0 c\u00e1c s\u1ea3n ph\u1ea9m t\u1eeb nh\u1ef1a","publisher":{"@id":"https:\/\/thietbichannuoi.com\/#organization"},"potentialAction":[{"@type":"SearchAction","target":{"@type":"EntryPoint","urlTemplate":"https:\/\/thietbichannuoi.com\/?s={search_term_string}"},"query-input":{"@type":"PropertyValueSpecification","valueRequired":true,"valueName":"search_term_string"}}],"inLanguage":"en-US"},{"@type":"Organization","@id":"https:\/\/thietbichannuoi.com\/#organization","name":"Thi\u1ebft b\u1ecb ch\u0103n nu\u00f4i Minh Ph\u00e1t","url":"https:\/\/thietbichannuoi.com\/","logo":{"@type":"ImageObject","inLanguage":"en-US","@id":"https:\/\/thietbichannuoi.com\/#\/schema\/logo\/image\/","url":"https:\/\/thietbichannuoi.com\/wp-content\/uploads\/2021\/04\/logo-thiet-bi-chan-nuoi.png","contentUrl":"https:\/\/thietbichannuoi.com\/wp-content\/uploads\/2021\/04\/logo-thiet-bi-chan-nuoi.png","width":104,"height":79,"caption":"Thi\u1ebft b\u1ecb ch\u0103n nu\u00f4i Minh Ph\u00e1t"},"image":{"@id":"https:\/\/thietbichannuoi.com\/#\/schema\/logo\/image\/"}}]}},"uagb_featured_image_src":{"full":["https:\/\/thietbichannuoi.com\/wp-content\/uploads\/2017\/12\/Thung-nuoc-giam-ap.jpg",1400,1200,false],"thumbnail":["https:\/\/thietbichannuoi.com\/wp-content\/uploads\/2017\/12\/Thung-nuoc-giam-ap.jpg",150,129,false],"medium":["https:\/\/thietbichannuoi.com\/wp-content\/uploads\/2017\/12\/Thung-nuoc-giam-ap.jpg",300,257,false],"medium_large":["https:\/\/thietbichannuoi.com\/wp-content\/uploads\/2017\/12\/Thung-nuoc-giam-ap.jpg",1400,1200,false],"large":["https:\/\/thietbichannuoi.com\/wp-content\/uploads\/2017\/12\/Thung-nuoc-giam-ap.jpg",800,686,false],"1536x1536":["https:\/\/thietbichannuoi.com\/wp-content\/uploads\/2017\/12\/Thung-nuoc-giam-ap.jpg",1400,1200,false],"2048x2048":["https:\/\/thietbichannuoi.com\/wp-content\/uploads\/2017\/12\/Thung-nuoc-giam-ap.jpg",1400,1200,false],"woocommerce_thumbnail":["https:\/\/thietbichannuoi.com\/wp-content\/uploads\/2017\/12\/Thung-nuoc-giam-ap.jpg",1400,1200,false],"woocommerce_single":["https:\/\/thietbichannuoi.com\/wp-content\/uploads\/2017\/12\/Thung-nuoc-giam-ap.jpg",1400,1200,false],"woocommerce_gallery_thumbnail":["https:\/\/thietbichannuoi.com\/wp-content\/uploads\/2017\/12\/Thung-nuoc-giam-ap-100x100.jpg",100,100,true]},"uagb_author_info":{"display_name":"dinhlam","author_link":"https:\/\/thietbichannuoi.com\/en\/author\/"},"uagb_comment_info":0,"uagb_excerpt":"Used for automatic drinking systems Code: HTU030 Material: PP Plastic Capacity: 20 liters Made in: Vietnam Components: Water tank, mechanical float for water supply, inlet and outlet \u03a621, cover &nbsp;","_links":{"self":[{"href":"https:\/\/thietbichannuoi.com\/en\/wp-json\/wp\/v2\/product\/7730","targetHints":{"allow":["GET"]}}],"collection":[{"href":"https:\/\/thietbichannuoi.com\/en\/wp-json\/wp\/v2\/product"}],"about":[{"href":"https:\/\/thietbichannuoi.com\/en\/wp-json\/wp\/v2\/types\/product"}],"version-history":[{"count":0,"href":"https:\/\/thietbichannuoi.com\/en\/wp-json\/wp\/v2\/product\/7730\/revisions"}],"wp:featuredmedia":[{"embeddable":true,"href":"https:\/\/thietbichannuoi.com\/en\/wp-json\/wp\/v2\/media\/15291"}],"wp:attachment":[{"href":"https:\/\/thietbichannuoi.com\/en\/wp-json\/wp\/v2\/media?parent=7730"}],"wp:term":[{"taxonomy":"product_brand","embeddable":true,"href":"https:\/\/thietbichannuoi.com\/en\/wp-json\/wp\/v2\/product_brand?post=7730"},{"taxonomy":"product_cat","embeddable":true,"href":"https:\/\/thietbichannuoi.com\/en\/wp-json\/wp\/v2\/product_cat?post=7730"},{"taxonomy":"product_tag","embeddable":true,"href":"https:\/\/thietbichannuoi.com\/en\/wp-json\/wp\/v2\/product_tag?post=7730"}],"curies":[{"name":"wp","href":"https:\/\/api.w.org\/{rel}","templated":true}]}}