{"id":7754,"date":"2017-11-03T11:19:48","date_gmt":"2017-11-03T04:19:48","guid":{"rendered":"http:\/\/thietbichannuoi.com\/?post_type=product&#038;p=7754"},"modified":"2025-09-25T13:11:49","modified_gmt":"2025-09-25T06:11:49","slug":"plastic-floor-for-poultry","status":"publish","type":"product","link":"https:\/\/thietbichannuoi.com\/en\/san-pham\/plastic-floor-for-poultry\/","title":{"rendered":"Plastic slatted floor for poultry"},"content":{"rendered":"<p>Plastic floor for poultry<\/p>\n<p>&nbsp;<\/p>\n<p><img fetchpriority=\"high\" decoding=\"async\" class=\"alignnone wp-image-18141 size-full\" src=\"https:\/\/thietbichannuoi.com\/wp-content\/uploads\/2024\/09\/san-gia-cam-scaled.jpg\" alt=\"\" width=\"2560\" height=\"1920\" srcset=\"https:\/\/thietbichannuoi.com\/wp-content\/uploads\/2024\/09\/san-gia-cam-scaled.jpg 2560w, https:\/\/thietbichannuoi.com\/wp-content\/uploads\/2024\/09\/san-gia-cam-scaled-600x450.jpg 600w, https:\/\/thietbichannuoi.com\/wp-content\/uploads\/2024\/09\/san-gia-cam-300x225.jpg 300w, https:\/\/thietbichannuoi.com\/wp-content\/uploads\/2024\/09\/san-gia-cam-1024x768.jpg 1024w, https:\/\/thietbichannuoi.com\/wp-content\/uploads\/2024\/09\/san-gia-cam-150x113.jpg 150w, https:\/\/thietbichannuoi.com\/wp-content\/uploads\/2024\/09\/san-gia-cam-1536x1152.jpg 1536w, https:\/\/thietbichannuoi.com\/wp-content\/uploads\/2024\/09\/san-gia-cam-2048x1536.jpg 2048w\" sizes=\"(max-width: 2560px) 100vw, 2560px\" \/> <img decoding=\"async\" class=\"alignnone wp-image-18145 size-full\" src=\"https:\/\/thietbichannuoi.com\/wp-content\/uploads\/2024\/09\/thanh-do-san-scaled.jpg\" alt=\"\" width=\"2560\" height=\"1920\" srcset=\"https:\/\/thietbichannuoi.com\/wp-content\/uploads\/2024\/09\/thanh-do-san-scaled.jpg 2560w, https:\/\/thietbichannuoi.com\/wp-content\/uploads\/2024\/09\/thanh-do-san-scaled-600x450.jpg 600w, https:\/\/thietbichannuoi.com\/wp-content\/uploads\/2024\/09\/thanh-do-san-300x225.jpg 300w, https:\/\/thietbichannuoi.com\/wp-content\/uploads\/2024\/09\/thanh-do-san-1024x768.jpg 1024w, https:\/\/thietbichannuoi.com\/wp-content\/uploads\/2024\/09\/thanh-do-san-150x113.jpg 150w, https:\/\/thietbichannuoi.com\/wp-content\/uploads\/2024\/09\/thanh-do-san-1536x1152.jpg 1536w, https:\/\/thietbichannuoi.com\/wp-content\/uploads\/2024\/09\/thanh-do-san-2048x1536.jpg 2048w\" sizes=\"(max-width: 2560px) 100vw, 2560px\" \/><\/p>\n<p>&nbsp;<\/p>\n<p>&nbsp;<\/p>\n<p>&nbsp;<\/p>\n","protected":false},"excerpt":{"rendered":"<p><strong>Code: SN14\u00a0<\/strong><\/p>\n<ul>\n<li><strong>Sizes:<\/strong> 50x100cm<\/li>\n<li><strong>Material:<\/strong> PP<\/li>\n<li><strong>Color:<\/strong> White<\/li>\n<li><strong>Weights:<\/strong> 2.1Kg +\/- 0.05kg<\/li>\n<li><strong>Types:<\/strong> 20mm x 23mm Square Hole<\/li>\n<li><strong>Used forr :<\/strong> Chicken and Duck house<\/li>\n<li><strong>Made by: Minh Phat<\/strong><\/li>\n<\/ul>\n","protected":false},"featured_media":17561,"template":"","meta":{"_uag_custom_page_level_css":"","footnotes":""},"product_brand":[],"product_cat":[1022,589],"product_tag":[],"class_list":{"0":"post-7754","1":"product","2":"type-product","3":"status-publish","4":"has-post-thumbnail","6":"product_cat-plastic-floors-poultry-equipment","7":"product_cat-poultry-equipment","9":"first","10":"instock","11":"shipping-taxable","12":"product-type-simple"},"acf":[],"yoast_head":"<!-- This site is optimized with the Yoast SEO Premium plugin v22.9 (Yoast SEO v27.3) - https:\/\/yoast.com\/product\/yoast-seo-premium-wordpress\/ -->\n<title>Plastic floor for poultry<\/title>\n<meta name=\"description\" content=\"Plastic slatted floor for poultry\" \/>\n<meta name=\"robots\" content=\"index, follow, max-snippet:-1, max-image-preview:large, max-video-preview:-1\" \/>\n<link rel=\"canonical\" href=\"https:\/\/thietbichannuoi.com\/en\/san-pham\/plastic-floor-for-poultry\/\" \/>\n<meta property=\"og:locale\" content=\"en_US\" \/>\n<meta property=\"og:type\" content=\"article\" \/>\n<meta property=\"og:title\" content=\"Plastic floor for poultry\" \/>\n<meta property=\"og:description\" content=\"Plastic floor for poultry\" \/>\n<meta property=\"og:url\" content=\"https:\/\/thietbichannuoi.com\/en\/san-pham\/plastic-floor-for-poultry\/\" \/>\n<meta property=\"og:site_name\" content=\"Thi\u1ebft b\u1ecb ch\u0103n nu\u00f4i\" \/>\n<meta property=\"article:modified_time\" content=\"2025-09-25T06:11:49+00:00\" \/>\n<meta property=\"og:image\" content=\"https:\/\/thietbichannuoi.com\/wp-content\/uploads\/2017\/11\/San-ga-SN14.jpg\" \/>\n\t<meta property=\"og:image:width\" content=\"1400\" \/>\n\t<meta property=\"og:image:height\" content=\"1200\" \/>\n\t<meta property=\"og:image:type\" content=\"image\/jpeg\" \/>\n<meta name=\"twitter:card\" content=\"summary_large_image\" \/>\n<meta name=\"twitter:title\" content=\"Plastic slatted floor for poultry\" \/>\n<meta name=\"twitter:description\" content=\"Code: SN14\u00a0   Sizes: 50x100cm  Material: PP  Color: White  Weights: 2.1Kg +\/- 0.05kg  Types: 20mm x 23mm Square Hole  Used forr : Chicken and Duck house  Made by: Minh Phat\" \/>\n<meta name=\"twitter:label1\" content=\"Est. reading time\" \/>\n\t<meta name=\"twitter:data1\" content=\"1 minute\" \/>\n<!-- \/ Yoast SEO Premium plugin. -->","yoast_head_json":{"title":"Plastic floor for poultry","description":"Plastic slatted floor for poultry","robots":{"index":"index","follow":"follow","max-snippet":"max-snippet:-1","max-image-preview":"max-image-preview:large","max-video-preview":"max-video-preview:-1"},"canonical":"https:\/\/thietbichannuoi.com\/en\/san-pham\/plastic-floor-for-poultry\/","og_locale":"en_US","og_type":"article","og_title":"Plastic floor for poultry","og_description":"Plastic floor for poultry","og_url":"https:\/\/thietbichannuoi.com\/en\/san-pham\/plastic-floor-for-poultry\/","og_site_name":"Thi\u1ebft b\u1ecb ch\u0103n nu\u00f4i","article_modified_time":"2025-09-25T06:11:49+00:00","og_image":[{"width":1400,"height":1200,"url":"https:\/\/thietbichannuoi.com\/wp-content\/uploads\/2017\/11\/San-ga-SN14.jpg","type":"image\/jpeg"}],"twitter_card":"summary_large_image","twitter_title":"Plastic slatted floor for poultry","twitter_description":"Code: SN14\u00a0   Sizes: 50x100cm  Material: PP  Color: White  Weights: 2.1Kg +\/- 0.05kg  Types: 20mm x 23mm Square Hole  Used forr : Chicken and Duck house  Made by: Minh Phat","twitter_misc":{"Est. reading time":"1 minute"},"schema":{"@context":"https:\/\/schema.org","@graph":[{"@type":"WebPage","@id":"https:\/\/thietbichannuoi.com\/en\/san-pham\/plastic-floor-for-poultry\/","url":"https:\/\/thietbichannuoi.com\/en\/san-pham\/plastic-floor-for-poultry\/","name":"Plastic floor for poultry","isPartOf":{"@id":"https:\/\/thietbichannuoi.com\/#website"},"primaryImageOfPage":{"@id":"https:\/\/thietbichannuoi.com\/en\/san-pham\/plastic-floor-for-poultry\/#primaryimage"},"image":{"@id":"https:\/\/thietbichannuoi.com\/en\/san-pham\/plastic-floor-for-poultry\/#primaryimage"},"thumbnailUrl":"https:\/\/thietbichannuoi.com\/wp-content\/uploads\/2017\/11\/San-ga-SN14.jpg","datePublished":"2017-11-03T04:19:48+00:00","dateModified":"2025-09-25T06:11:49+00:00","description":"Plastic slatted floor for poultry","breadcrumb":{"@id":"https:\/\/thietbichannuoi.com\/en\/san-pham\/plastic-floor-for-poultry\/#breadcrumb"},"inLanguage":"en-US","potentialAction":[{"@type":"ReadAction","target":["https:\/\/thietbichannuoi.com\/en\/san-pham\/plastic-floor-for-poultry\/"]}]},{"@type":"ImageObject","inLanguage":"en-US","@id":"https:\/\/thietbichannuoi.com\/en\/san-pham\/plastic-floor-for-poultry\/#primaryimage","url":"https:\/\/thietbichannuoi.com\/wp-content\/uploads\/2017\/11\/San-ga-SN14.jpg","contentUrl":"https:\/\/thietbichannuoi.com\/wp-content\/uploads\/2017\/11\/San-ga-SN14.jpg","width":1400,"height":1200,"caption":"Plastic floor for poultry"},{"@type":"BreadcrumbList","@id":"https:\/\/thietbichannuoi.com\/en\/san-pham\/plastic-floor-for-poultry\/#breadcrumb","itemListElement":[{"@type":"ListItem","position":1,"name":"Home","item":"https:\/\/thietbichannuoi.com\/en\/"},{"@type":"ListItem","position":2,"name":"Shop","item":"https:\/\/thietbichannuoi.com\/shop\/"},{"@type":"ListItem","position":3,"name":"Plastic slatted floor for poultry"}]},{"@type":"WebSite","@id":"https:\/\/thietbichannuoi.com\/#website","url":"https:\/\/thietbichannuoi.com\/","name":"Thi\u1ebft b\u1ecb ch\u0103n nu\u00f4i","description":"S\u1ea3n xu\u1ea5t thi\u1ebft b\u1ecb ch\u0103n nu\u00f4i gia s\u00fac, gia c\u1ea7m v\u00e0 c\u00e1c s\u1ea3n ph\u1ea9m t\u1eeb nh\u1ef1a","publisher":{"@id":"https:\/\/thietbichannuoi.com\/#organization"},"potentialAction":[{"@type":"SearchAction","target":{"@type":"EntryPoint","urlTemplate":"https:\/\/thietbichannuoi.com\/?s={search_term_string}"},"query-input":{"@type":"PropertyValueSpecification","valueRequired":true,"valueName":"search_term_string"}}],"inLanguage":"en-US"},{"@type":"Organization","@id":"https:\/\/thietbichannuoi.com\/#organization","name":"Thi\u1ebft b\u1ecb ch\u0103n nu\u00f4i Minh Ph\u00e1t","url":"https:\/\/thietbichannuoi.com\/","logo":{"@type":"ImageObject","inLanguage":"en-US","@id":"https:\/\/thietbichannuoi.com\/#\/schema\/logo\/image\/","url":"https:\/\/thietbichannuoi.com\/wp-content\/uploads\/2021\/04\/logo-thiet-bi-chan-nuoi.png","contentUrl":"https:\/\/thietbichannuoi.com\/wp-content\/uploads\/2021\/04\/logo-thiet-bi-chan-nuoi.png","width":104,"height":79,"caption":"Thi\u1ebft b\u1ecb ch\u0103n nu\u00f4i Minh Ph\u00e1t"},"image":{"@id":"https:\/\/thietbichannuoi.com\/#\/schema\/logo\/image\/"}}]}},"uagb_featured_image_src":{"full":["https:\/\/thietbichannuoi.com\/wp-content\/uploads\/2017\/11\/San-ga-SN14.jpg",1400,1200,false],"thumbnail":["https:\/\/thietbichannuoi.com\/wp-content\/uploads\/2017\/11\/San-ga-SN14.jpg",150,129,false],"medium":["https:\/\/thietbichannuoi.com\/wp-content\/uploads\/2017\/11\/San-ga-SN14.jpg",300,257,false],"medium_large":["https:\/\/thietbichannuoi.com\/wp-content\/uploads\/2017\/11\/San-ga-SN14.jpg",1400,1200,false],"large":["https:\/\/thietbichannuoi.com\/wp-content\/uploads\/2017\/11\/San-ga-SN14.jpg",800,686,false],"1536x1536":["https:\/\/thietbichannuoi.com\/wp-content\/uploads\/2017\/11\/San-ga-SN14.jpg",1400,1200,false],"2048x2048":["https:\/\/thietbichannuoi.com\/wp-content\/uploads\/2017\/11\/San-ga-SN14.jpg",1400,1200,false],"woocommerce_thumbnail":["https:\/\/thietbichannuoi.com\/wp-content\/uploads\/2017\/11\/San-ga-SN14.jpg",1400,1200,false],"woocommerce_single":["https:\/\/thietbichannuoi.com\/wp-content\/uploads\/2017\/11\/San-ga-SN14.jpg",1400,1200,false],"woocommerce_gallery_thumbnail":["https:\/\/thietbichannuoi.com\/wp-content\/uploads\/2017\/11\/San-ga-SN14-100x100.jpg",100,100,true]},"uagb_author_info":{"display_name":"admin","author_link":"https:\/\/thietbichannuoi.com\/en\/author\/"},"uagb_comment_info":0,"uagb_excerpt":"Code: SN14\u00a0 Sizes: 50x100cm Material: PP Color: White Weights: 2.1Kg +\/- 0.05kg Types: 20mm x 23mm Square Hole Used forr : Chicken and Duck house Made by: Minh Phat","_links":{"self":[{"href":"https:\/\/thietbichannuoi.com\/en\/wp-json\/wp\/v2\/product\/7754","targetHints":{"allow":["GET"]}}],"collection":[{"href":"https:\/\/thietbichannuoi.com\/en\/wp-json\/wp\/v2\/product"}],"about":[{"href":"https:\/\/thietbichannuoi.com\/en\/wp-json\/wp\/v2\/types\/product"}],"version-history":[{"count":0,"href":"https:\/\/thietbichannuoi.com\/en\/wp-json\/wp\/v2\/product\/7754\/revisions"}],"wp:featuredmedia":[{"embeddable":true,"href":"https:\/\/thietbichannuoi.com\/en\/wp-json\/wp\/v2\/media\/17561"}],"wp:attachment":[{"href":"https:\/\/thietbichannuoi.com\/en\/wp-json\/wp\/v2\/media?parent=7754"}],"wp:term":[{"taxonomy":"product_brand","embeddable":true,"href":"https:\/\/thietbichannuoi.com\/en\/wp-json\/wp\/v2\/product_brand?post=7754"},{"taxonomy":"product_cat","embeddable":true,"href":"https:\/\/thietbichannuoi.com\/en\/wp-json\/wp\/v2\/product_cat?post=7754"},{"taxonomy":"product_tag","embeddable":true,"href":"https:\/\/thietbichannuoi.com\/en\/wp-json\/wp\/v2\/product_tag?post=7754"}],"curies":[{"name":"wp","href":"https:\/\/api.w.org\/{rel}","templated":true}]}}