{"id":7831,"date":"2017-11-16T15:08:33","date_gmt":"2017-11-16T08:08:33","guid":{"rendered":"http:\/\/thietbichannuoi.com\/?post_type=product&#038;p=7831"},"modified":"2025-09-26T15:42:51","modified_gmt":"2025-09-26T08:42:51","slug":"water-drinking-bowl","status":"publish","type":"product","link":"https:\/\/thietbichannuoi.com\/en\/san-pham\/water-drinking-bowl\/","title":{"rendered":"Bowl Drinker for pig"},"content":{"rendered":"<p>Bowl Drinker for pig<\/p>\n<p><img fetchpriority=\"high\" decoding=\"async\" class=\"alignnone wp-image-11739 size-full\" src=\"https:\/\/thietbichannuoi.com\/wp-content\/uploads\/2017\/11\/huong-dan-lap-dat-chen-uong-nuoc-tren-vach-tuong.jpg\" alt=\"Huong dan lap dat chen uong nuoc tren vach tuong\" width=\"1400\" height=\"1052\" srcset=\"https:\/\/thietbichannuoi.com\/wp-content\/uploads\/2017\/11\/huong-dan-lap-dat-chen-uong-nuoc-tren-vach-tuong.jpg 1400w, https:\/\/thietbichannuoi.com\/wp-content\/uploads\/2017\/11\/huong-dan-lap-dat-chen-uong-nuoc-tren-vach-tuong-300x225.jpg 300w, https:\/\/thietbichannuoi.com\/wp-content\/uploads\/2017\/11\/huong-dan-lap-dat-chen-uong-nuoc-tren-vach-tuong-1024x769.jpg 1024w, https:\/\/thietbichannuoi.com\/wp-content\/uploads\/2017\/11\/huong-dan-lap-dat-chen-uong-nuoc-tren-vach-tuong-150x113.jpg 150w\" sizes=\"(max-width: 1400px) 100vw, 1400px\" \/><\/p>\n<p><img decoding=\"async\" class=\"wp-image-16947 size-full\" src=\"https:\/\/thietbichannuoi.com\/wp-content\/uploads\/2016\/01\/DSC01371-logo-mp.jpg\" alt=\"\" width=\"2500\" height=\"1667\" srcset=\"https:\/\/thietbichannuoi.com\/wp-content\/uploads\/2016\/01\/DSC01371-logo-mp.jpg 2500w, https:\/\/thietbichannuoi.com\/wp-content\/uploads\/2016\/01\/DSC01371-logo-mp-300x200.jpg 300w, https:\/\/thietbichannuoi.com\/wp-content\/uploads\/2016\/01\/DSC01371-logo-mp-1024x683.jpg 1024w, https:\/\/thietbichannuoi.com\/wp-content\/uploads\/2016\/01\/DSC01371-logo-mp-150x100.jpg 150w, https:\/\/thietbichannuoi.com\/wp-content\/uploads\/2016\/01\/DSC01371-logo-mp-1536x1024.jpg 1536w, https:\/\/thietbichannuoi.com\/wp-content\/uploads\/2016\/01\/DSC01371-logo-mp-2048x1366.jpg 2048w\" sizes=\"(max-width: 2500px) 100vw, 2500px\" \/><\/p>\n<p><img decoding=\"async\" class=\"wp-image-16949 size-full\" src=\"https:\/\/thietbichannuoi.com\/wp-content\/uploads\/2016\/01\/DSC01369-logo-mp.jpg\" alt=\"\" width=\"2500\" height=\"1667\" srcset=\"https:\/\/thietbichannuoi.com\/wp-content\/uploads\/2016\/01\/DSC01369-logo-mp.jpg 2500w, https:\/\/thietbichannuoi.com\/wp-content\/uploads\/2016\/01\/DSC01369-logo-mp-300x200.jpg 300w, https:\/\/thietbichannuoi.com\/wp-content\/uploads\/2016\/01\/DSC01369-logo-mp-1024x683.jpg 1024w, https:\/\/thietbichannuoi.com\/wp-content\/uploads\/2016\/01\/DSC01369-logo-mp-150x100.jpg 150w, https:\/\/thietbichannuoi.com\/wp-content\/uploads\/2016\/01\/DSC01369-logo-mp-1536x1024.jpg 1536w, https:\/\/thietbichannuoi.com\/wp-content\/uploads\/2016\/01\/DSC01369-logo-mp-2048x1366.jpg 2048w\" sizes=\"(max-width: 2500px) 100vw, 2500px\" \/><\/p>\n","protected":false},"excerpt":{"rendered":"<ul>\n<li><strong>Material:<\/strong> Stainless Steel 304<\/li>\n<li><strong>Bowl Dimensions:<\/strong> 270x185x120 mm<\/li>\n<li><strong>Inox:<\/strong> \u00d821 mm, 1.8 mm thickness, 660 mm length<\/li>\n<li><strong>Includes:<\/strong> Drinking nipple and catch bowl<\/li>\n<li><strong>Made in:<\/strong> Vietnam<\/li>\n<\/ul>\n","protected":false},"featured_media":12756,"template":"","meta":{"_uag_custom_page_level_css":"","footnotes":""},"product_brand":[],"product_cat":[1024,291],"product_tag":[],"class_list":{"0":"post-7831","1":"product","2":"type-product","3":"status-publish","4":"has-post-thumbnail","6":"product_cat-drinker-equipments","7":"product_cat-equipment-for-pig","9":"first","10":"instock","11":"shipping-taxable","12":"product-type-simple"},"acf":[],"yoast_head":"<!-- This site is optimized with the Yoast SEO Premium plugin v22.9 (Yoast SEO v27.3) - https:\/\/yoast.com\/product\/yoast-seo-premium-wordpress\/ -->\n<title>water drinking bowl,<\/title>\n<meta name=\"description\" content=\"water drinking bowl, drinking system, minh phat livestock equipmnet, vietnam livestock equipments, nipple dinkers, drinkers for pigs\" \/>\n<meta name=\"robots\" content=\"index, follow, max-snippet:-1, max-image-preview:large, max-video-preview:-1\" \/>\n<link rel=\"canonical\" href=\"https:\/\/thietbichannuoi.com\/en\/san-pham\/water-drinking-bowl\/\" \/>\n<meta property=\"og:locale\" content=\"en_US\" \/>\n<meta property=\"og:type\" content=\"article\" \/>\n<meta property=\"og:title\" content=\"Bowl Drinker for pig\" \/>\n<meta property=\"og:description\" content=\"Material: Stainless Steel 304  Bowl Dimensions: 270x185x120 mm  Inox: \u00d821 mm, 1.8 mm thickness, 660 mm length  Includes: Drinking nipple and catch bowl  Made in: Vietnam\" \/>\n<meta property=\"og:url\" content=\"https:\/\/thietbichannuoi.com\/en\/san-pham\/water-drinking-bowl\/\" \/>\n<meta property=\"og:site_name\" content=\"Thi\u1ebft b\u1ecb ch\u0103n nu\u00f4i\" \/>\n<meta property=\"article:modified_time\" content=\"2025-09-26T08:42:51+00:00\" \/>\n<meta property=\"og:image\" content=\"https:\/\/thietbichannuoi.com\/wp-content\/uploads\/2017\/11\/Chen-uong-nuoc-heo-thit-04.jpg\" \/>\n\t<meta property=\"og:image:width\" content=\"1400\" \/>\n\t<meta property=\"og:image:height\" content=\"1200\" \/>\n\t<meta property=\"og:image:type\" content=\"image\/jpeg\" \/>\n<meta name=\"twitter:card\" content=\"summary_large_image\" \/>\n<meta name=\"twitter:label1\" content=\"Est. reading time\" \/>\n\t<meta name=\"twitter:data1\" content=\"1 minute\" \/>\n<!-- \/ Yoast SEO Premium plugin. -->","yoast_head_json":{"title":"water drinking bowl,","description":"water drinking bowl, drinking system, minh phat livestock equipmnet, vietnam livestock equipments, nipple dinkers, drinkers for pigs","robots":{"index":"index","follow":"follow","max-snippet":"max-snippet:-1","max-image-preview":"max-image-preview:large","max-video-preview":"max-video-preview:-1"},"canonical":"https:\/\/thietbichannuoi.com\/en\/san-pham\/water-drinking-bowl\/","og_locale":"en_US","og_type":"article","og_title":"Bowl Drinker for pig","og_description":"Material: Stainless Steel 304  Bowl Dimensions: 270x185x120 mm  Inox: \u00d821 mm, 1.8 mm thickness, 660 mm length  Includes: Drinking nipple and catch bowl  Made in: Vietnam","og_url":"https:\/\/thietbichannuoi.com\/en\/san-pham\/water-drinking-bowl\/","og_site_name":"Thi\u1ebft b\u1ecb ch\u0103n nu\u00f4i","article_modified_time":"2025-09-26T08:42:51+00:00","og_image":[{"width":1400,"height":1200,"url":"https:\/\/thietbichannuoi.com\/wp-content\/uploads\/2017\/11\/Chen-uong-nuoc-heo-thit-04.jpg","type":"image\/jpeg"}],"twitter_card":"summary_large_image","twitter_misc":{"Est. reading time":"1 minute"},"schema":{"@context":"https:\/\/schema.org","@graph":[{"@type":"WebPage","@id":"https:\/\/thietbichannuoi.com\/en\/san-pham\/water-drinking-bowl\/","url":"https:\/\/thietbichannuoi.com\/en\/san-pham\/water-drinking-bowl\/","name":"water drinking bowl,","isPartOf":{"@id":"https:\/\/thietbichannuoi.com\/#website"},"primaryImageOfPage":{"@id":"https:\/\/thietbichannuoi.com\/en\/san-pham\/water-drinking-bowl\/#primaryimage"},"image":{"@id":"https:\/\/thietbichannuoi.com\/en\/san-pham\/water-drinking-bowl\/#primaryimage"},"thumbnailUrl":"https:\/\/thietbichannuoi.com\/wp-content\/uploads\/2017\/11\/Chen-uong-nuoc-heo-thit-04.jpg","datePublished":"2017-11-16T08:08:33+00:00","dateModified":"2025-09-26T08:42:51+00:00","description":"water drinking bowl, drinking system, minh phat livestock equipmnet, vietnam livestock equipments, nipple dinkers, drinkers for pigs","breadcrumb":{"@id":"https:\/\/thietbichannuoi.com\/en\/san-pham\/water-drinking-bowl\/#breadcrumb"},"inLanguage":"en-US","potentialAction":[{"@type":"ReadAction","target":["https:\/\/thietbichannuoi.com\/en\/san-pham\/water-drinking-bowl\/"]}]},{"@type":"ImageObject","inLanguage":"en-US","@id":"https:\/\/thietbichannuoi.com\/en\/san-pham\/water-drinking-bowl\/#primaryimage","url":"https:\/\/thietbichannuoi.com\/wp-content\/uploads\/2017\/11\/Chen-uong-nuoc-heo-thit-04.jpg","contentUrl":"https:\/\/thietbichannuoi.com\/wp-content\/uploads\/2017\/11\/Chen-uong-nuoc-heo-thit-04.jpg","width":1400,"height":1200,"caption":"Ch\u00e9n-u\u1ed1ng-n\u01b0\u1edbc-heo-thit"},{"@type":"BreadcrumbList","@id":"https:\/\/thietbichannuoi.com\/en\/san-pham\/water-drinking-bowl\/#breadcrumb","itemListElement":[{"@type":"ListItem","position":1,"name":"Home","item":"https:\/\/thietbichannuoi.com\/en\/"},{"@type":"ListItem","position":2,"name":"Shop","item":"https:\/\/thietbichannuoi.com\/shop\/"},{"@type":"ListItem","position":3,"name":"Bowl Drinker for pig"}]},{"@type":"WebSite","@id":"https:\/\/thietbichannuoi.com\/#website","url":"https:\/\/thietbichannuoi.com\/","name":"Thi\u1ebft b\u1ecb ch\u0103n nu\u00f4i","description":"S\u1ea3n xu\u1ea5t thi\u1ebft b\u1ecb ch\u0103n nu\u00f4i gia s\u00fac, gia c\u1ea7m v\u00e0 c\u00e1c s\u1ea3n ph\u1ea9m t\u1eeb nh\u1ef1a","publisher":{"@id":"https:\/\/thietbichannuoi.com\/#organization"},"potentialAction":[{"@type":"SearchAction","target":{"@type":"EntryPoint","urlTemplate":"https:\/\/thietbichannuoi.com\/?s={search_term_string}"},"query-input":{"@type":"PropertyValueSpecification","valueRequired":true,"valueName":"search_term_string"}}],"inLanguage":"en-US"},{"@type":"Organization","@id":"https:\/\/thietbichannuoi.com\/#organization","name":"Thi\u1ebft b\u1ecb ch\u0103n nu\u00f4i Minh Ph\u00e1t","url":"https:\/\/thietbichannuoi.com\/","logo":{"@type":"ImageObject","inLanguage":"en-US","@id":"https:\/\/thietbichannuoi.com\/#\/schema\/logo\/image\/","url":"https:\/\/thietbichannuoi.com\/wp-content\/uploads\/2021\/04\/logo-thiet-bi-chan-nuoi.png","contentUrl":"https:\/\/thietbichannuoi.com\/wp-content\/uploads\/2021\/04\/logo-thiet-bi-chan-nuoi.png","width":104,"height":79,"caption":"Thi\u1ebft b\u1ecb ch\u0103n nu\u00f4i Minh Ph\u00e1t"},"image":{"@id":"https:\/\/thietbichannuoi.com\/#\/schema\/logo\/image\/"}}]}},"uagb_featured_image_src":{"full":["https:\/\/thietbichannuoi.com\/wp-content\/uploads\/2017\/11\/Chen-uong-nuoc-heo-thit-04.jpg",1400,1200,false],"thumbnail":["https:\/\/thietbichannuoi.com\/wp-content\/uploads\/2017\/11\/Chen-uong-nuoc-heo-thit-04.jpg",150,129,false],"medium":["https:\/\/thietbichannuoi.com\/wp-content\/uploads\/2017\/11\/Chen-uong-nuoc-heo-thit-04.jpg",300,257,false],"medium_large":["https:\/\/thietbichannuoi.com\/wp-content\/uploads\/2017\/11\/Chen-uong-nuoc-heo-thit-04.jpg",1400,1200,false],"large":["https:\/\/thietbichannuoi.com\/wp-content\/uploads\/2017\/11\/Chen-uong-nuoc-heo-thit-04.jpg",800,686,false],"1536x1536":["https:\/\/thietbichannuoi.com\/wp-content\/uploads\/2017\/11\/Chen-uong-nuoc-heo-thit-04.jpg",1400,1200,false],"2048x2048":["https:\/\/thietbichannuoi.com\/wp-content\/uploads\/2017\/11\/Chen-uong-nuoc-heo-thit-04.jpg",1400,1200,false],"woocommerce_thumbnail":["https:\/\/thietbichannuoi.com\/wp-content\/uploads\/2017\/11\/Chen-uong-nuoc-heo-thit-04.jpg",1400,1200,false],"woocommerce_single":["https:\/\/thietbichannuoi.com\/wp-content\/uploads\/2017\/11\/Chen-uong-nuoc-heo-thit-04.jpg",1400,1200,false],"woocommerce_gallery_thumbnail":["https:\/\/thietbichannuoi.com\/wp-content\/uploads\/2017\/11\/Chen-uong-nuoc-heo-thit-04-100x100.jpg",100,100,true]},"uagb_author_info":{"display_name":"dinhlam","author_link":"https:\/\/thietbichannuoi.com\/en\/author\/"},"uagb_comment_info":0,"uagb_excerpt":"Material: Stainless Steel 304 Bowl Dimensions: 270x185x120 mm Inox: \u00d821 mm, 1.8 mm thickness, 660 mm length Includes: Drinking nipple and catch bowl Made in: Vietnam","_links":{"self":[{"href":"https:\/\/thietbichannuoi.com\/en\/wp-json\/wp\/v2\/product\/7831","targetHints":{"allow":["GET"]}}],"collection":[{"href":"https:\/\/thietbichannuoi.com\/en\/wp-json\/wp\/v2\/product"}],"about":[{"href":"https:\/\/thietbichannuoi.com\/en\/wp-json\/wp\/v2\/types\/product"}],"version-history":[{"count":0,"href":"https:\/\/thietbichannuoi.com\/en\/wp-json\/wp\/v2\/product\/7831\/revisions"}],"wp:featuredmedia":[{"embeddable":true,"href":"https:\/\/thietbichannuoi.com\/en\/wp-json\/wp\/v2\/media\/12756"}],"wp:attachment":[{"href":"https:\/\/thietbichannuoi.com\/en\/wp-json\/wp\/v2\/media?parent=7831"}],"wp:term":[{"taxonomy":"product_brand","embeddable":true,"href":"https:\/\/thietbichannuoi.com\/en\/wp-json\/wp\/v2\/product_brand?post=7831"},{"taxonomy":"product_cat","embeddable":true,"href":"https:\/\/thietbichannuoi.com\/en\/wp-json\/wp\/v2\/product_cat?post=7831"},{"taxonomy":"product_tag","embeddable":true,"href":"https:\/\/thietbichannuoi.com\/en\/wp-json\/wp\/v2\/product_tag?post=7831"}],"curies":[{"name":"wp","href":"https:\/\/api.w.org\/{rel}","templated":true}]}}