{"id":7927,"date":"2018-08-11T17:04:56","date_gmt":"2018-08-11T10:04:56","guid":{"rendered":"https:\/\/thietbichannuoi.com\/?post_type=product&#038;p=7927"},"modified":"2025-09-25T08:55:09","modified_gmt":"2025-09-25T01:55:09","slug":"drinker-cup-for-25-mm-square-pipe","status":"publish","type":"product","link":"https:\/\/thietbichannuoi.com\/en\/san-pham\/drinker-cup-for-25-mm-square-pipe\/","title":{"rendered":"Drinker Cup for 25 mm Square Pipe"},"content":{"rendered":"<p><strong data-start=\"0\" data-end=\"49\" data-is-only-node=\"\">\u00e1ch nh\u1ef1a u\u1ed1ng n\u01b0\u1edbc cho gia c\u1ea7m c\u1ee7a Minh Ph\u00e1t<\/strong>\u00a0\u0111\u01b0\u1ee3c thi\u1ebft k\u1ebf chuy\u00ean bi\u1ec7t \u0111\u1ec3 cung c\u1ea5p n\u01b0\u1edbc s\u1ea1ch cho g\u00e0, v\u1ecbt, c\u00fat v\u00e0 c\u00e1c lo\u1ea1i gia c\u1ea7m kh\u00e1c, gi\u00fap t\u1ed1i \u01b0u h\u00f3a qu\u00e1 tr\u00ecnh ch\u0103n nu\u00f4i, h\u1ea1n ch\u1ebf l\u00e3ng ph\u00ed n\u01b0\u1edbc v\u00e0 \u0111\u1ea3m b\u1ea3o v\u1ec7 sinh chu\u1ed3ng tr\u1ea1i. S\u1ea3n ph\u1ea9m \u0111\u01b0\u1ee3c l\u00e0m t\u1eeb nh\u1ef1a cao c\u1ea5p, b\u1ec1n b\u1ec9, an to\u00e0n cho v\u1eadt nu\u00f4i, v\u1edbi thi\u1ebft k\u1ebf th\u00f4ng minh gi\u00fap h\u1ea1n ch\u1ebf tr\u00e0n n\u01b0\u1edbc, gi\u1eef chu\u1ed3ng lu\u00f4n kh\u00f4 r\u00e1o. Ngo\u00e0i ra, t\u00e1ch nh\u1ef1a u\u1ed1ng n\u01b0\u1edbc gi\u00fap ti\u1ebft ki\u1ec7m n\u01b0\u1edbc, d\u1ec5 l\u1eafp \u0111\u1eb7t v\u00e0 v\u1ec7 sinh, ph\u00f9 h\u1ee3p cho m\u1ecdi m\u00f4 h\u00ecnh ch\u0103n nu\u00f4i t\u1eeb nh\u1ecf l\u1ebb \u0111\u1ebfn trang tr\u1ea1i l\u1edbn. \u0110\u00e2y l\u00e0 gi\u1ea3i ph\u00e1p hi\u1ec7u qu\u1ea3 gi\u00fap ng\u01b0\u1eddi ch\u0103n nu\u00f4i n\u00e2ng cao n\u0103ng su\u1ea5t v\u00e0 gi\u1ea3m chi ph\u00ed.\u00a0<strong data-start=\"591\" data-end=\"645\" data-is-last-node=\"\">Li\u00ean h\u1ec7 ngay Minh Ph\u00e1t \u0111\u1ec3 \u0111\u01b0\u1ee3c t\u01b0 v\u1ea5n v\u00e0 \u0111\u1eb7t h\u00e0ng!<\/strong><\/p>\n<p><img fetchpriority=\"high\" decoding=\"async\" class=\"alignnone size-full wp-image-16944\" src=\"https:\/\/thietbichannuoi.com\/wp-content\/uploads\/2024\/06\/He-thong-uong-nuoc-cho-ga-HTU01.jpg\" alt=\"Automatic Chicken Watering System\" width=\"1400\" height=\"1200\" \/><\/p>\n","protected":false},"excerpt":{"rendered":"<p>Drinking cup (cup) for an automatic drinking system for poultry: chickens, ducks, quails, etc.<\/p>\n<p><strong>Code: GU031<\/strong><\/p>\n<ul>\n<li><strong>Material: <\/strong>PP Plastic<\/li>\n<li><strong>Colour:<\/strong>\u00a0red<\/li>\n<li><strong>Used For:<\/strong> Square tube 25&#215;25 mm<\/li>\n<li><strong>Manufacturer: Minh Ph\u00e1t<\/strong><\/li>\n<\/ul>\n","protected":false},"featured_media":14174,"template":"","meta":{"_uag_custom_page_level_css":"","footnotes":""},"product_brand":[],"product_cat":[602,589],"product_tag":[],"class_list":{"0":"post-7927","1":"product","2":"type-product","3":"status-publish","4":"has-post-thumbnail","6":"product_cat-drinking-system-for-poultry","7":"product_cat-poultry-equipment","9":"first","10":"instock","11":"shipping-taxable","12":"product-type-simple"},"acf":[],"yoast_head":"<!-- This site is optimized with the Yoast SEO Premium plugin v22.9 (Yoast SEO v27.4) - https:\/\/yoast.com\/product\/yoast-seo-premium-wordpress\/ -->\n<title>Drinker Cup for 25 mm Square Pipe - Thi\u1ebft b\u1ecb ch\u0103n nu\u00f4i<\/title>\n<meta name=\"description\" content=\"Drinker Cup for 25 mm Square Pipe, Drinking cup (cup) for an automatic drinking system for poultry: chickens, ducks, quails, etc.\" \/>\n<meta name=\"robots\" content=\"index, follow, max-snippet:-1, max-image-preview:large, max-video-preview:-1\" \/>\n<link rel=\"canonical\" href=\"https:\/\/thietbichannuoi.com\/en\/san-pham\/drinker-cup-for-25-mm-square-pipe\/\" \/>\n<meta property=\"og:locale\" content=\"en_US\" \/>\n<meta property=\"og:type\" content=\"article\" \/>\n<meta property=\"og:title\" content=\"Drinker Cup for 25 mm Square Pipe\" \/>\n<meta property=\"og:description\" content=\"Drinking cup (cup) for an automatic drinking system for poultry: chickens, ducks, quails, etc.  Code: GU031   Material: PP Plastic  Colour:\u00a0red  Used For: Square tube 25x25 mm  Manufacturer: Minh Ph\u00e1t\" \/>\n<meta property=\"og:url\" content=\"https:\/\/thietbichannuoi.com\/en\/san-pham\/drinker-cup-for-25-mm-square-pipe\/\" \/>\n<meta property=\"og:site_name\" content=\"Thi\u1ebft b\u1ecb ch\u0103n nu\u00f4i\" \/>\n<meta property=\"article:modified_time\" content=\"2025-09-25T01:55:09+00:00\" \/>\n<meta property=\"og:image\" content=\"https:\/\/thietbichannuoi.com\/wp-content\/uploads\/2016\/02\/tach-uong25x25mm.jpg\" \/>\n\t<meta property=\"og:image:width\" content=\"1400\" \/>\n\t<meta property=\"og:image:height\" content=\"1200\" \/>\n\t<meta property=\"og:image:type\" content=\"image\/jpeg\" \/>\n<meta name=\"twitter:card\" content=\"summary_large_image\" \/>\n<meta name=\"twitter:label1\" content=\"Est. reading time\" \/>\n\t<meta name=\"twitter:data1\" content=\"2 minutes\" \/>\n<!-- \/ Yoast SEO Premium plugin. -->","yoast_head_json":{"title":"Drinker Cup for 25 mm Square Pipe - Thi\u1ebft b\u1ecb ch\u0103n nu\u00f4i","description":"Drinker Cup for 25 mm Square Pipe, Drinking cup (cup) for an automatic drinking system for poultry: chickens, ducks, quails, etc.","robots":{"index":"index","follow":"follow","max-snippet":"max-snippet:-1","max-image-preview":"max-image-preview:large","max-video-preview":"max-video-preview:-1"},"canonical":"https:\/\/thietbichannuoi.com\/en\/san-pham\/drinker-cup-for-25-mm-square-pipe\/","og_locale":"en_US","og_type":"article","og_title":"Drinker Cup for 25 mm Square Pipe","og_description":"Drinking cup (cup) for an automatic drinking system for poultry: chickens, ducks, quails, etc.  Code: GU031   Material: PP Plastic  Colour:\u00a0red  Used For: Square tube 25x25 mm  Manufacturer: Minh Ph\u00e1t","og_url":"https:\/\/thietbichannuoi.com\/en\/san-pham\/drinker-cup-for-25-mm-square-pipe\/","og_site_name":"Thi\u1ebft b\u1ecb ch\u0103n nu\u00f4i","article_modified_time":"2025-09-25T01:55:09+00:00","og_image":[{"width":1400,"height":1200,"url":"https:\/\/thietbichannuoi.com\/wp-content\/uploads\/2016\/02\/tach-uong25x25mm.jpg","type":"image\/jpeg"}],"twitter_card":"summary_large_image","twitter_misc":{"Est. reading time":"2 minutes"},"schema":{"@context":"https:\/\/schema.org","@graph":[{"@type":"WebPage","@id":"https:\/\/thietbichannuoi.com\/en\/san-pham\/drinker-cup-for-25-mm-square-pipe\/","url":"https:\/\/thietbichannuoi.com\/en\/san-pham\/drinker-cup-for-25-mm-square-pipe\/","name":"Drinker Cup for 25 mm Square Pipe - Thi\u1ebft b\u1ecb ch\u0103n nu\u00f4i","isPartOf":{"@id":"https:\/\/thietbichannuoi.com\/#website"},"primaryImageOfPage":{"@id":"https:\/\/thietbichannuoi.com\/en\/san-pham\/drinker-cup-for-25-mm-square-pipe\/#primaryimage"},"image":{"@id":"https:\/\/thietbichannuoi.com\/en\/san-pham\/drinker-cup-for-25-mm-square-pipe\/#primaryimage"},"thumbnailUrl":"https:\/\/thietbichannuoi.com\/wp-content\/uploads\/2016\/02\/tach-uong25x25mm.jpg","datePublished":"2018-08-11T10:04:56+00:00","dateModified":"2025-09-25T01:55:09+00:00","description":"Drinker Cup for 25 mm Square Pipe, Drinking cup (cup) for an automatic drinking system for poultry: chickens, ducks, quails, etc.","breadcrumb":{"@id":"https:\/\/thietbichannuoi.com\/en\/san-pham\/drinker-cup-for-25-mm-square-pipe\/#breadcrumb"},"inLanguage":"en-US","potentialAction":[{"@type":"ReadAction","target":["https:\/\/thietbichannuoi.com\/en\/san-pham\/drinker-cup-for-25-mm-square-pipe\/"]}]},{"@type":"ImageObject","inLanguage":"en-US","@id":"https:\/\/thietbichannuoi.com\/en\/san-pham\/drinker-cup-for-25-mm-square-pipe\/#primaryimage","url":"https:\/\/thietbichannuoi.com\/wp-content\/uploads\/2016\/02\/tach-uong25x25mm.jpg","contentUrl":"https:\/\/thietbichannuoi.com\/wp-content\/uploads\/2016\/02\/tach-uong25x25mm.jpg","width":1400,"height":1200,"caption":"T\u00e1ch u\u1ed1ng gia c\u1ea7m m\u00e0u \u0111\u1ecf 25mm"},{"@type":"BreadcrumbList","@id":"https:\/\/thietbichannuoi.com\/en\/san-pham\/drinker-cup-for-25-mm-square-pipe\/#breadcrumb","itemListElement":[{"@type":"ListItem","position":1,"name":"Home","item":"https:\/\/thietbichannuoi.com\/en\/"},{"@type":"ListItem","position":2,"name":"Shop","item":"https:\/\/thietbichannuoi.com\/shop\/"},{"@type":"ListItem","position":3,"name":"Drinker Cup for 25 mm Square Pipe"}]},{"@type":"WebSite","@id":"https:\/\/thietbichannuoi.com\/#website","url":"https:\/\/thietbichannuoi.com\/","name":"Thi\u1ebft b\u1ecb ch\u0103n nu\u00f4i","description":"S\u1ea3n xu\u1ea5t thi\u1ebft b\u1ecb ch\u0103n nu\u00f4i gia s\u00fac, gia c\u1ea7m v\u00e0 c\u00e1c s\u1ea3n ph\u1ea9m t\u1eeb nh\u1ef1a","publisher":{"@id":"https:\/\/thietbichannuoi.com\/#organization"},"potentialAction":[{"@type":"SearchAction","target":{"@type":"EntryPoint","urlTemplate":"https:\/\/thietbichannuoi.com\/?s={search_term_string}"},"query-input":{"@type":"PropertyValueSpecification","valueRequired":true,"valueName":"search_term_string"}}],"inLanguage":"en-US"},{"@type":"Organization","@id":"https:\/\/thietbichannuoi.com\/#organization","name":"Thi\u1ebft b\u1ecb ch\u0103n nu\u00f4i Minh Ph\u00e1t","url":"https:\/\/thietbichannuoi.com\/","logo":{"@type":"ImageObject","inLanguage":"en-US","@id":"https:\/\/thietbichannuoi.com\/#\/schema\/logo\/image\/","url":"https:\/\/thietbichannuoi.com\/wp-content\/uploads\/2021\/04\/logo-thiet-bi-chan-nuoi.png","contentUrl":"https:\/\/thietbichannuoi.com\/wp-content\/uploads\/2021\/04\/logo-thiet-bi-chan-nuoi.png","width":104,"height":79,"caption":"Thi\u1ebft b\u1ecb ch\u0103n nu\u00f4i Minh Ph\u00e1t"},"image":{"@id":"https:\/\/thietbichannuoi.com\/#\/schema\/logo\/image\/"}}]}},"uagb_featured_image_src":{"full":["https:\/\/thietbichannuoi.com\/wp-content\/uploads\/2016\/02\/tach-uong25x25mm.jpg",1400,1200,false],"thumbnail":["https:\/\/thietbichannuoi.com\/wp-content\/uploads\/2016\/02\/tach-uong25x25mm.jpg",150,129,false],"medium":["https:\/\/thietbichannuoi.com\/wp-content\/uploads\/2016\/02\/tach-uong25x25mm.jpg",300,257,false],"medium_large":["https:\/\/thietbichannuoi.com\/wp-content\/uploads\/2016\/02\/tach-uong25x25mm.jpg",1400,1200,false],"large":["https:\/\/thietbichannuoi.com\/wp-content\/uploads\/2016\/02\/tach-uong25x25mm.jpg",800,686,false],"1536x1536":["https:\/\/thietbichannuoi.com\/wp-content\/uploads\/2016\/02\/tach-uong25x25mm.jpg",1400,1200,false],"2048x2048":["https:\/\/thietbichannuoi.com\/wp-content\/uploads\/2016\/02\/tach-uong25x25mm.jpg",1400,1200,false],"woocommerce_thumbnail":["https:\/\/thietbichannuoi.com\/wp-content\/uploads\/2016\/02\/tach-uong25x25mm.jpg",1400,1200,false],"woocommerce_single":["https:\/\/thietbichannuoi.com\/wp-content\/uploads\/2016\/02\/tach-uong25x25mm.jpg",1400,1200,false],"woocommerce_gallery_thumbnail":["https:\/\/thietbichannuoi.com\/wp-content\/uploads\/2016\/02\/tach-uong25x25mm-100x100.jpg",100,100,true]},"uagb_author_info":{"display_name":"dinhlam","author_link":"https:\/\/thietbichannuoi.com\/en\/author\/"},"uagb_comment_info":0,"uagb_excerpt":"Drinking cup (cup) for an automatic drinking system for poultry: chickens, ducks, quails, etc. Code: GU031 Material: PP Plastic Colour:\u00a0red Used For: Square tube 25x25 mm Manufacturer: Minh Ph\u00e1t","_links":{"self":[{"href":"https:\/\/thietbichannuoi.com\/en\/wp-json\/wp\/v2\/product\/7927","targetHints":{"allow":["GET"]}}],"collection":[{"href":"https:\/\/thietbichannuoi.com\/en\/wp-json\/wp\/v2\/product"}],"about":[{"href":"https:\/\/thietbichannuoi.com\/en\/wp-json\/wp\/v2\/types\/product"}],"version-history":[{"count":0,"href":"https:\/\/thietbichannuoi.com\/en\/wp-json\/wp\/v2\/product\/7927\/revisions"}],"wp:featuredmedia":[{"embeddable":true,"href":"https:\/\/thietbichannuoi.com\/en\/wp-json\/wp\/v2\/media\/14174"}],"wp:attachment":[{"href":"https:\/\/thietbichannuoi.com\/en\/wp-json\/wp\/v2\/media?parent=7927"}],"wp:term":[{"taxonomy":"product_brand","embeddable":true,"href":"https:\/\/thietbichannuoi.com\/en\/wp-json\/wp\/v2\/product_brand?post=7927"},{"taxonomy":"product_cat","embeddable":true,"href":"https:\/\/thietbichannuoi.com\/en\/wp-json\/wp\/v2\/product_cat?post=7927"},{"taxonomy":"product_tag","embeddable":true,"href":"https:\/\/thietbichannuoi.com\/en\/wp-json\/wp\/v2\/product_tag?post=7927"}],"curies":[{"name":"wp","href":"https:\/\/api.w.org\/{rel}","templated":true}]}}