{"id":7958,"date":"2018-09-17T10:43:44","date_gmt":"2018-09-17T03:43:44","guid":{"rendered":"https:\/\/thietbichannuoi.com\/?post_type=product&#038;p=7958"},"modified":"2025-09-25T09:18:05","modified_gmt":"2025-09-25T02:18:05","slug":"nipple","status":"publish","type":"product","link":"https:\/\/thietbichannuoi.com\/en\/san-pham\/nipple\/","title":{"rendered":"Nipple for poultry"},"content":{"rendered":"<p>Nipple for poultry<\/p>\n<p>N\u00fam u\u1ed1ng t\u1ef1 \u0111\u1ed9ng cho gia c\u1ea7m l\u00e0 gi\u1ea3i ph\u00e1p hi\u1ec7n \u0111\u1ea1i gi\u00fap ch\u0103n nu\u00f4i hi\u1ec7u qu\u1ea3 h\u01a1n. S\u1ea3n ph\u1ea9m \u0111\u01b0\u1ee3c thi\u1ebft k\u1ebf \u0111\u1ec3 cung c\u1ea5p n\u01b0\u1edbc s\u1ea1ch li\u00ean t\u1ee5c, gi\u00fap v\u1ecbt u\u1ed1ng d\u1ec5 d\u00e0ng m\u00e0 kh\u00f4ng l\u00e0m \u0111\u1ed5 n\u01b0\u1edbc ra chu\u1ed3ng, gi\u1ea3m nguy c\u01a1 \u00f4 nhi\u1ec5m v\u00e0 d\u1ecbch b\u1ec7nh. V\u1edbi ch\u1ea5t li\u1ec7u b\u1ec1n b\u1ec9, d\u1ec5 l\u1eafp \u0111\u1eb7t v\u00e0 s\u1eed d\u1ee5ng, n\u00fam u\u1ed1ng Minh Ph\u00e1t gi\u00fap ti\u1ebft ki\u1ec7m n\u01b0\u1edbc, c\u00f4ng s\u1ee9c v\u00e0 \u0111\u1ea3m b\u1ea3o s\u1ee9c kh\u1ecfe. \u0110\u00e2y l\u00e0 l\u1ef1a ch\u1ecdn t\u1ed1i \u01b0u cho c\u00e1c trang tr\u1ea1i ch\u0103n nu\u00f4i quy m\u00f4 l\u1edbn v\u00e0 nh\u1ecf.<\/p>\n","protected":false},"excerpt":{"rendered":"<p><strong>Code: GU040<\/strong>\u00a0(Small Type)<\/p>\n<ul>\n<li><strong>Material:<\/strong> ABS plastic shell, 304 stainless steel core<\/li>\n<li>360\u00b0 Rotating Drinking Nipple<\/li>\n<li><strong>Water Flow Rate:<\/strong> 70 ml\/min<\/li>\n<li><strong>Thread Type:<\/strong> PT1\/4 tapered thread<\/li>\n<li><strong>Made in:<\/strong> Turkey<\/li>\n<\/ul>\n","protected":false},"featured_media":15496,"template":"","meta":{"_uag_custom_page_level_css":"","footnotes":""},"product_brand":[],"product_cat":[602,589],"product_tag":[],"class_list":{"0":"post-7958","1":"product","2":"type-product","3":"status-publish","4":"has-post-thumbnail","6":"product_cat-drinking-system-for-poultry","7":"product_cat-poultry-equipment","9":"first","10":"instock","11":"shipping-taxable","12":"product-type-simple"},"acf":[],"yoast_head":"<!-- This site is optimized with the Yoast SEO Premium plugin v22.9 (Yoast SEO v27.5) - https:\/\/yoast.com\/product\/yoast-seo-premium-wordpress\/ -->\n<title>Nipple for poultry - Thi\u1ebft b\u1ecb ch\u0103n nu\u00f4i<\/title>\n<meta name=\"description\" content=\"Nipple for poultry\" \/>\n<meta name=\"robots\" content=\"index, follow, max-snippet:-1, max-image-preview:large, max-video-preview:-1\" \/>\n<link rel=\"canonical\" href=\"https:\/\/thietbichannuoi.com\/en\/san-pham\/nipple\/\" \/>\n<meta property=\"og:locale\" content=\"en_US\" \/>\n<meta property=\"og:type\" content=\"article\" \/>\n<meta property=\"og:title\" content=\"Nipple for poultry\" \/>\n<meta property=\"og:description\" content=\"Code: GU040\u00a0(Small Type)   Material: ABS plastic shell, 304 stainless steel core  360\u00b0 Rotating Drinking Nipple  Water Flow Rate: 70 ml\/min  Thread Type: PT1\/4 tapered thread  Made in: Turkey\" \/>\n<meta property=\"og:url\" content=\"https:\/\/thietbichannuoi.com\/en\/san-pham\/nipple\/\" \/>\n<meta property=\"og:site_name\" content=\"Thi\u1ebft b\u1ecb ch\u0103n nu\u00f4i\" \/>\n<meta property=\"article:modified_time\" content=\"2025-09-25T02:18:05+00:00\" \/>\n<meta property=\"og:image\" content=\"https:\/\/thietbichannuoi.com\/wp-content\/uploads\/2018\/09\/num-uong-Aytav-01-3.jpg\" \/>\n\t<meta property=\"og:image:width\" content=\"1400\" \/>\n\t<meta property=\"og:image:height\" content=\"1200\" \/>\n\t<meta property=\"og:image:type\" content=\"image\/jpeg\" \/>\n<meta name=\"twitter:card\" content=\"summary_large_image\" \/>\n<meta name=\"twitter:label1\" content=\"Est. reading time\" \/>\n\t<meta name=\"twitter:data1\" content=\"1 minute\" \/>\n<!-- \/ Yoast SEO Premium plugin. -->","yoast_head_json":{"title":"Nipple for poultry - Thi\u1ebft b\u1ecb ch\u0103n nu\u00f4i","description":"Nipple for poultry","robots":{"index":"index","follow":"follow","max-snippet":"max-snippet:-1","max-image-preview":"max-image-preview:large","max-video-preview":"max-video-preview:-1"},"canonical":"https:\/\/thietbichannuoi.com\/en\/san-pham\/nipple\/","og_locale":"en_US","og_type":"article","og_title":"Nipple for poultry","og_description":"Code: GU040\u00a0(Small Type)   Material: ABS plastic shell, 304 stainless steel core  360\u00b0 Rotating Drinking Nipple  Water Flow Rate: 70 ml\/min  Thread Type: PT1\/4 tapered thread  Made in: Turkey","og_url":"https:\/\/thietbichannuoi.com\/en\/san-pham\/nipple\/","og_site_name":"Thi\u1ebft b\u1ecb ch\u0103n nu\u00f4i","article_modified_time":"2025-09-25T02:18:05+00:00","og_image":[{"width":1400,"height":1200,"url":"https:\/\/thietbichannuoi.com\/wp-content\/uploads\/2018\/09\/num-uong-Aytav-01-3.jpg","type":"image\/jpeg"}],"twitter_card":"summary_large_image","twitter_misc":{"Est. reading time":"1 minute"},"schema":{"@context":"https:\/\/schema.org","@graph":[{"@type":"WebPage","@id":"https:\/\/thietbichannuoi.com\/en\/san-pham\/nipple\/","url":"https:\/\/thietbichannuoi.com\/en\/san-pham\/nipple\/","name":"Nipple for poultry - Thi\u1ebft b\u1ecb ch\u0103n nu\u00f4i","isPartOf":{"@id":"https:\/\/thietbichannuoi.com\/#website"},"primaryImageOfPage":{"@id":"https:\/\/thietbichannuoi.com\/en\/san-pham\/nipple\/#primaryimage"},"image":{"@id":"https:\/\/thietbichannuoi.com\/en\/san-pham\/nipple\/#primaryimage"},"thumbnailUrl":"https:\/\/thietbichannuoi.com\/wp-content\/uploads\/2018\/09\/num-uong-Aytav-01-3.jpg","datePublished":"2018-09-17T03:43:44+00:00","dateModified":"2025-09-25T02:18:05+00:00","description":"Nipple for poultry","breadcrumb":{"@id":"https:\/\/thietbichannuoi.com\/en\/san-pham\/nipple\/#breadcrumb"},"inLanguage":"en-US","potentialAction":[{"@type":"ReadAction","target":["https:\/\/thietbichannuoi.com\/en\/san-pham\/nipple\/"]}]},{"@type":"ImageObject","inLanguage":"en-US","@id":"https:\/\/thietbichannuoi.com\/en\/san-pham\/nipple\/#primaryimage","url":"https:\/\/thietbichannuoi.com\/wp-content\/uploads\/2018\/09\/num-uong-Aytav-01-3.jpg","contentUrl":"https:\/\/thietbichannuoi.com\/wp-content\/uploads\/2018\/09\/num-uong-Aytav-01-3.jpg","width":1400,"height":1200,"caption":"Nipple for poultry"},{"@type":"BreadcrumbList","@id":"https:\/\/thietbichannuoi.com\/en\/san-pham\/nipple\/#breadcrumb","itemListElement":[{"@type":"ListItem","position":1,"name":"Home","item":"https:\/\/thietbichannuoi.com\/en\/"},{"@type":"ListItem","position":2,"name":"Shop","item":"https:\/\/thietbichannuoi.com\/shop\/"},{"@type":"ListItem","position":3,"name":"Nipple for poultry"}]},{"@type":"WebSite","@id":"https:\/\/thietbichannuoi.com\/#website","url":"https:\/\/thietbichannuoi.com\/","name":"Thi\u1ebft b\u1ecb ch\u0103n nu\u00f4i","description":"S\u1ea3n xu\u1ea5t thi\u1ebft b\u1ecb ch\u0103n nu\u00f4i gia s\u00fac, gia c\u1ea7m v\u00e0 c\u00e1c s\u1ea3n ph\u1ea9m t\u1eeb nh\u1ef1a","publisher":{"@id":"https:\/\/thietbichannuoi.com\/#organization"},"potentialAction":[{"@type":"SearchAction","target":{"@type":"EntryPoint","urlTemplate":"https:\/\/thietbichannuoi.com\/?s={search_term_string}"},"query-input":{"@type":"PropertyValueSpecification","valueRequired":true,"valueName":"search_term_string"}}],"inLanguage":"en-US"},{"@type":"Organization","@id":"https:\/\/thietbichannuoi.com\/#organization","name":"Thi\u1ebft b\u1ecb ch\u0103n nu\u00f4i Minh Ph\u00e1t","url":"https:\/\/thietbichannuoi.com\/","logo":{"@type":"ImageObject","inLanguage":"en-US","@id":"https:\/\/thietbichannuoi.com\/#\/schema\/logo\/image\/","url":"https:\/\/thietbichannuoi.com\/wp-content\/uploads\/2021\/04\/logo-thiet-bi-chan-nuoi.png","contentUrl":"https:\/\/thietbichannuoi.com\/wp-content\/uploads\/2021\/04\/logo-thiet-bi-chan-nuoi.png","width":104,"height":79,"caption":"Thi\u1ebft b\u1ecb ch\u0103n nu\u00f4i Minh Ph\u00e1t"},"image":{"@id":"https:\/\/thietbichannuoi.com\/#\/schema\/logo\/image\/"}}]}},"uagb_featured_image_src":{"full":["https:\/\/thietbichannuoi.com\/wp-content\/uploads\/2018\/09\/num-uong-Aytav-01-3.jpg",1400,1200,false],"thumbnail":["https:\/\/thietbichannuoi.com\/wp-content\/uploads\/2018\/09\/num-uong-Aytav-01-3.jpg",150,129,false],"medium":["https:\/\/thietbichannuoi.com\/wp-content\/uploads\/2018\/09\/num-uong-Aytav-01-3.jpg",300,257,false],"medium_large":["https:\/\/thietbichannuoi.com\/wp-content\/uploads\/2018\/09\/num-uong-Aytav-01-3.jpg",1400,1200,false],"large":["https:\/\/thietbichannuoi.com\/wp-content\/uploads\/2018\/09\/num-uong-Aytav-01-3.jpg",800,686,false],"1536x1536":["https:\/\/thietbichannuoi.com\/wp-content\/uploads\/2018\/09\/num-uong-Aytav-01-3.jpg",1400,1200,false],"2048x2048":["https:\/\/thietbichannuoi.com\/wp-content\/uploads\/2018\/09\/num-uong-Aytav-01-3.jpg",1400,1200,false],"woocommerce_thumbnail":["https:\/\/thietbichannuoi.com\/wp-content\/uploads\/2018\/09\/num-uong-Aytav-01-3.jpg",1400,1200,false],"woocommerce_single":["https:\/\/thietbichannuoi.com\/wp-content\/uploads\/2018\/09\/num-uong-Aytav-01-3.jpg",1400,1200,false],"woocommerce_gallery_thumbnail":["https:\/\/thietbichannuoi.com\/wp-content\/uploads\/2018\/09\/num-uong-Aytav-01-3-100x100.jpg",100,100,true]},"uagb_author_info":{"display_name":"dinhlam","author_link":"https:\/\/thietbichannuoi.com\/en\/author\/"},"uagb_comment_info":0,"uagb_excerpt":"Code: GU040\u00a0(Small Type) Material: ABS plastic shell, 304 stainless steel core 360\u00b0 Rotating Drinking Nipple Water Flow Rate: 70 ml\/min Thread Type: PT1\/4 tapered thread Made in: Turkey","_links":{"self":[{"href":"https:\/\/thietbichannuoi.com\/en\/wp-json\/wp\/v2\/product\/7958","targetHints":{"allow":["GET"]}}],"collection":[{"href":"https:\/\/thietbichannuoi.com\/en\/wp-json\/wp\/v2\/product"}],"about":[{"href":"https:\/\/thietbichannuoi.com\/en\/wp-json\/wp\/v2\/types\/product"}],"version-history":[{"count":0,"href":"https:\/\/thietbichannuoi.com\/en\/wp-json\/wp\/v2\/product\/7958\/revisions"}],"wp:featuredmedia":[{"embeddable":true,"href":"https:\/\/thietbichannuoi.com\/en\/wp-json\/wp\/v2\/media\/15496"}],"wp:attachment":[{"href":"https:\/\/thietbichannuoi.com\/en\/wp-json\/wp\/v2\/media?parent=7958"}],"wp:term":[{"taxonomy":"product_brand","embeddable":true,"href":"https:\/\/thietbichannuoi.com\/en\/wp-json\/wp\/v2\/product_brand?post=7958"},{"taxonomy":"product_cat","embeddable":true,"href":"https:\/\/thietbichannuoi.com\/en\/wp-json\/wp\/v2\/product_cat?post=7958"},{"taxonomy":"product_tag","embeddable":true,"href":"https:\/\/thietbichannuoi.com\/en\/wp-json\/wp\/v2\/product_tag?post=7958"}],"curies":[{"name":"wp","href":"https:\/\/api.w.org\/{rel}","templated":true}]}}