{"id":7994,"date":"2018-12-28T14:38:07","date_gmt":"2018-12-28T07:38:07","guid":{"rendered":"https:\/\/thietbichannuoi.com\/?post_type=product&#038;p=7994"},"modified":"2025-09-25T09:40:05","modified_gmt":"2025-09-25T02:40:05","slug":"water-powered-doser","status":"publish","type":"product","link":"https:\/\/thietbichannuoi.com\/en\/san-pham\/water-powered-doser\/","title":{"rendered":"Water powered doser"},"content":{"rendered":"<p>Water powered doser<\/p>\n<ul class=\"a-unordered-list a-vertical a-spacing-none\">\n<li><span class=\"a-list-item\">Dosatron water powered doser is directly installed in the water supply line<\/span><\/li>\n<li><span class=\"a-list-item\">The Dosatron operates by using water pressure as the power source (no electricity needed)<\/span><\/li>\n<li><span class=\"a-list-item\">The water activates the Dosatron, which takes up the required percentage of concentrate<\/span><\/li>\n<\/ul>\n<p><img fetchpriority=\"high\" decoding=\"async\" class=\" wp-image-7993 aligncenter\" src=\"https:\/\/thietbichannuoi.com\/wp-content\/uploads\/2018\/12\/SO-DO-LAP-DAT-PHA-THUOC-300x257.jpg\" alt=\"\" width=\"586\" height=\"502\" \/><\/p>\n","protected":false},"excerpt":{"rendered":"<p>&nbsp;<\/p>\n<ul>\n<li><strong>HTU050 <\/strong>: D25RE5\u00a0<em>(Dosage Range: from 2%)<\/em><\/li>\n<li><strong>HTU051 <\/strong>: D25RE2\u00a0<em>(Dosage Range: from 5%)<\/em><\/li>\n<\/ul>\n<p><strong>Technical Specifications:<\/strong><\/p>\n<ul>\n<li><strong>Water flow rate:<\/strong> 10L to 2,500L\/h<\/li>\n<li><strong>Water pressure:<\/strong> 0.3-6 bar<\/li>\n<li><strong>Origin:<\/strong> France<\/li>\n<\/ul>\n","protected":false},"featured_media":14486,"template":"","meta":{"_uag_custom_page_level_css":"","footnotes":""},"product_brand":[],"product_cat":[602,1024,605,291,589],"product_tag":[],"class_list":{"0":"post-7994","1":"product","2":"type-product","3":"status-publish","4":"has-post-thumbnail","6":"product_cat-drinking-system-for-poultry","7":"product_cat-drinker-equipments","8":"product_cat-other-poultry-equipment","9":"product_cat-equipment-for-pig","10":"product_cat-poultry-equipment","12":"first","13":"instock","14":"shipping-taxable","15":"product-type-simple"},"acf":[],"yoast_head":"<!-- This site is optimized with the Yoast SEO Premium plugin v22.9 (Yoast SEO v27.3) - https:\/\/yoast.com\/product\/yoast-seo-premium-wordpress\/ -->\n<title>Water powered doser - Thi\u1ebft b\u1ecb ch\u0103n nu\u00f4i<\/title>\n<meta name=\"description\" content=\"Water powered doser\" \/>\n<meta name=\"robots\" content=\"index, follow, max-snippet:-1, max-image-preview:large, max-video-preview:-1\" \/>\n<link rel=\"canonical\" href=\"https:\/\/thietbichannuoi.com\/en\/san-pham\/water-powered-doser\/\" \/>\n<meta property=\"og:locale\" content=\"en_US\" \/>\n<meta property=\"og:type\" content=\"article\" \/>\n<meta property=\"og:title\" content=\"Water powered doser\" \/>\n<meta property=\"og:description\" content=\"&nbsp;   HTU050 : D25RE5\u00a0(Dosage Range: from 2%)  HTU051 : D25RE2\u00a0(Dosage Range: from 5%)  Technical Specifications:   Water flow rate: 10L to 2,500L\/h  Water pressure: 0.3-6 bar  Origin: France\" \/>\n<meta property=\"og:url\" content=\"https:\/\/thietbichannuoi.com\/en\/san-pham\/water-powered-doser\/\" \/>\n<meta property=\"og:site_name\" content=\"Thi\u1ebft b\u1ecb ch\u0103n nu\u00f4i\" \/>\n<meta property=\"article:modified_time\" content=\"2025-09-25T02:40:05+00:00\" \/>\n<meta property=\"og:image\" content=\"https:\/\/thietbichannuoi.com\/wp-content\/uploads\/2016\/01\/Bo-pha-thuoc-tu-dong.jpg\" \/>\n\t<meta property=\"og:image:width\" content=\"1400\" \/>\n\t<meta property=\"og:image:height\" content=\"1200\" \/>\n\t<meta property=\"og:image:type\" content=\"image\/jpeg\" \/>\n<meta name=\"twitter:card\" content=\"summary_large_image\" \/>\n<meta name=\"twitter:label1\" content=\"Est. reading time\" \/>\n\t<meta name=\"twitter:data1\" content=\"1 minute\" \/>\n<!-- \/ Yoast SEO Premium plugin. -->","yoast_head_json":{"title":"Water powered doser - Thi\u1ebft b\u1ecb ch\u0103n nu\u00f4i","description":"Water powered doser","robots":{"index":"index","follow":"follow","max-snippet":"max-snippet:-1","max-image-preview":"max-image-preview:large","max-video-preview":"max-video-preview:-1"},"canonical":"https:\/\/thietbichannuoi.com\/en\/san-pham\/water-powered-doser\/","og_locale":"en_US","og_type":"article","og_title":"Water powered doser","og_description":"&nbsp;   HTU050 : D25RE5\u00a0(Dosage Range: from 2%)  HTU051 : D25RE2\u00a0(Dosage Range: from 5%)  Technical Specifications:   Water flow rate: 10L to 2,500L\/h  Water pressure: 0.3-6 bar  Origin: France","og_url":"https:\/\/thietbichannuoi.com\/en\/san-pham\/water-powered-doser\/","og_site_name":"Thi\u1ebft b\u1ecb ch\u0103n nu\u00f4i","article_modified_time":"2025-09-25T02:40:05+00:00","og_image":[{"width":1400,"height":1200,"url":"https:\/\/thietbichannuoi.com\/wp-content\/uploads\/2016\/01\/Bo-pha-thuoc-tu-dong.jpg","type":"image\/jpeg"}],"twitter_card":"summary_large_image","twitter_misc":{"Est. reading time":"1 minute"},"schema":{"@context":"https:\/\/schema.org","@graph":[{"@type":"WebPage","@id":"https:\/\/thietbichannuoi.com\/en\/san-pham\/water-powered-doser\/","url":"https:\/\/thietbichannuoi.com\/en\/san-pham\/water-powered-doser\/","name":"Water powered doser - Thi\u1ebft b\u1ecb ch\u0103n nu\u00f4i","isPartOf":{"@id":"https:\/\/thietbichannuoi.com\/#website"},"primaryImageOfPage":{"@id":"https:\/\/thietbichannuoi.com\/en\/san-pham\/water-powered-doser\/#primaryimage"},"image":{"@id":"https:\/\/thietbichannuoi.com\/en\/san-pham\/water-powered-doser\/#primaryimage"},"thumbnailUrl":"https:\/\/thietbichannuoi.com\/wp-content\/uploads\/2016\/01\/Bo-pha-thuoc-tu-dong.jpg","datePublished":"2018-12-28T07:38:07+00:00","dateModified":"2025-09-25T02:40:05+00:00","description":"Water powered doser","breadcrumb":{"@id":"https:\/\/thietbichannuoi.com\/en\/san-pham\/water-powered-doser\/#breadcrumb"},"inLanguage":"en-US","potentialAction":[{"@type":"ReadAction","target":["https:\/\/thietbichannuoi.com\/en\/san-pham\/water-powered-doser\/"]}]},{"@type":"ImageObject","inLanguage":"en-US","@id":"https:\/\/thietbichannuoi.com\/en\/san-pham\/water-powered-doser\/#primaryimage","url":"https:\/\/thietbichannuoi.com\/wp-content\/uploads\/2016\/01\/Bo-pha-thuoc-tu-dong.jpg","contentUrl":"https:\/\/thietbichannuoi.com\/wp-content\/uploads\/2016\/01\/Bo-pha-thuoc-tu-dong.jpg","width":1400,"height":1200,"caption":"Water powered doser"},{"@type":"BreadcrumbList","@id":"https:\/\/thietbichannuoi.com\/en\/san-pham\/water-powered-doser\/#breadcrumb","itemListElement":[{"@type":"ListItem","position":1,"name":"Home","item":"https:\/\/thietbichannuoi.com\/en\/"},{"@type":"ListItem","position":2,"name":"Shop","item":"https:\/\/thietbichannuoi.com\/shop\/"},{"@type":"ListItem","position":3,"name":"Water powered doser"}]},{"@type":"WebSite","@id":"https:\/\/thietbichannuoi.com\/#website","url":"https:\/\/thietbichannuoi.com\/","name":"Thi\u1ebft b\u1ecb ch\u0103n nu\u00f4i","description":"S\u1ea3n xu\u1ea5t thi\u1ebft b\u1ecb ch\u0103n nu\u00f4i gia s\u00fac, gia c\u1ea7m v\u00e0 c\u00e1c s\u1ea3n ph\u1ea9m t\u1eeb nh\u1ef1a","publisher":{"@id":"https:\/\/thietbichannuoi.com\/#organization"},"potentialAction":[{"@type":"SearchAction","target":{"@type":"EntryPoint","urlTemplate":"https:\/\/thietbichannuoi.com\/?s={search_term_string}"},"query-input":{"@type":"PropertyValueSpecification","valueRequired":true,"valueName":"search_term_string"}}],"inLanguage":"en-US"},{"@type":"Organization","@id":"https:\/\/thietbichannuoi.com\/#organization","name":"Thi\u1ebft b\u1ecb ch\u0103n nu\u00f4i Minh Ph\u00e1t","url":"https:\/\/thietbichannuoi.com\/","logo":{"@type":"ImageObject","inLanguage":"en-US","@id":"https:\/\/thietbichannuoi.com\/#\/schema\/logo\/image\/","url":"https:\/\/thietbichannuoi.com\/wp-content\/uploads\/2021\/04\/logo-thiet-bi-chan-nuoi.png","contentUrl":"https:\/\/thietbichannuoi.com\/wp-content\/uploads\/2021\/04\/logo-thiet-bi-chan-nuoi.png","width":104,"height":79,"caption":"Thi\u1ebft b\u1ecb ch\u0103n nu\u00f4i Minh Ph\u00e1t"},"image":{"@id":"https:\/\/thietbichannuoi.com\/#\/schema\/logo\/image\/"}}]}},"uagb_featured_image_src":{"full":["https:\/\/thietbichannuoi.com\/wp-content\/uploads\/2016\/01\/Bo-pha-thuoc-tu-dong.jpg",1400,1200,false],"thumbnail":["https:\/\/thietbichannuoi.com\/wp-content\/uploads\/2016\/01\/Bo-pha-thuoc-tu-dong.jpg",150,129,false],"medium":["https:\/\/thietbichannuoi.com\/wp-content\/uploads\/2016\/01\/Bo-pha-thuoc-tu-dong.jpg",300,257,false],"medium_large":["https:\/\/thietbichannuoi.com\/wp-content\/uploads\/2016\/01\/Bo-pha-thuoc-tu-dong.jpg",1400,1200,false],"large":["https:\/\/thietbichannuoi.com\/wp-content\/uploads\/2016\/01\/Bo-pha-thuoc-tu-dong.jpg",800,686,false],"1536x1536":["https:\/\/thietbichannuoi.com\/wp-content\/uploads\/2016\/01\/Bo-pha-thuoc-tu-dong.jpg",1400,1200,false],"2048x2048":["https:\/\/thietbichannuoi.com\/wp-content\/uploads\/2016\/01\/Bo-pha-thuoc-tu-dong.jpg",1400,1200,false],"woocommerce_thumbnail":["https:\/\/thietbichannuoi.com\/wp-content\/uploads\/2016\/01\/Bo-pha-thuoc-tu-dong.jpg",1400,1200,false],"woocommerce_single":["https:\/\/thietbichannuoi.com\/wp-content\/uploads\/2016\/01\/Bo-pha-thuoc-tu-dong.jpg",1400,1200,false],"woocommerce_gallery_thumbnail":["https:\/\/thietbichannuoi.com\/wp-content\/uploads\/2016\/01\/Bo-pha-thuoc-tu-dong-100x100.jpg",100,100,true]},"uagb_author_info":{"display_name":"dinhlam","author_link":"https:\/\/thietbichannuoi.com\/en\/author\/"},"uagb_comment_info":0,"uagb_excerpt":"&nbsp; HTU050 : D25RE5\u00a0(Dosage Range: from 2%) HTU051 : D25RE2\u00a0(Dosage Range: from 5%) Technical Specifications: Water flow rate: 10L to 2,500L\/h Water pressure: 0.3-6 bar Origin: France","_links":{"self":[{"href":"https:\/\/thietbichannuoi.com\/en\/wp-json\/wp\/v2\/product\/7994","targetHints":{"allow":["GET"]}}],"collection":[{"href":"https:\/\/thietbichannuoi.com\/en\/wp-json\/wp\/v2\/product"}],"about":[{"href":"https:\/\/thietbichannuoi.com\/en\/wp-json\/wp\/v2\/types\/product"}],"version-history":[{"count":0,"href":"https:\/\/thietbichannuoi.com\/en\/wp-json\/wp\/v2\/product\/7994\/revisions"}],"wp:featuredmedia":[{"embeddable":true,"href":"https:\/\/thietbichannuoi.com\/en\/wp-json\/wp\/v2\/media\/14486"}],"wp:attachment":[{"href":"https:\/\/thietbichannuoi.com\/en\/wp-json\/wp\/v2\/media?parent=7994"}],"wp:term":[{"taxonomy":"product_brand","embeddable":true,"href":"https:\/\/thietbichannuoi.com\/en\/wp-json\/wp\/v2\/product_brand?post=7994"},{"taxonomy":"product_cat","embeddable":true,"href":"https:\/\/thietbichannuoi.com\/en\/wp-json\/wp\/v2\/product_cat?post=7994"},{"taxonomy":"product_tag","embeddable":true,"href":"https:\/\/thietbichannuoi.com\/en\/wp-json\/wp\/v2\/product_tag?post=7994"}],"curies":[{"name":"wp","href":"https:\/\/api.w.org\/{rel}","templated":true}]}}