{"id":8004,"date":"2019-01-03T15:40:10","date_gmt":"2019-01-03T08:40:10","guid":{"rendered":"https:\/\/thietbichannuoi.com\/?post_type=product&#038;p=8004"},"modified":"2025-09-25T11:24:51","modified_gmt":"2025-09-25T04:24:51","slug":"duck-egg-laying-nest","status":"publish","type":"product","link":"https:\/\/thietbichannuoi.com\/en\/san-pham\/duck-egg-laying-nest\/","title":{"rendered":"Duck Laying Nest"},"content":{"rendered":"<p>Duck Egg Laying Nest Size is 40*40*40cm; Each Nest can serve 5-7 Female Ducks. 5-6 Egg Nests can be connected with each other to save space. Each Egg Nest base need be putted with dry &amp; soft packing which need to be changed 2 times in each week. Egg Nest need to be putted into Duck house before 24 weeks old.<\/p>\n","protected":false},"excerpt":{"rendered":"<p>Duck Egg Laying Nest Size is 40*40*28cm; Each Nest can serve 5-7 Female Ducks. 5-6 Egg Nests can be connected with each other to save space. Each Egg Nest base need be putted with dry &amp; soft packing which need to be changed 2 times in each week. Egg Nest need to be putted into Duck house before 24 weeks old<\/p>\n<p>&nbsp;<\/p>\n","protected":false},"featured_media":15992,"template":"","meta":{"_uag_custom_page_level_css":"","footnotes":""},"product_brand":[],"product_cat":[1089,605],"product_tag":[1293,1299,1416,1294,1300],"class_list":{"0":"post-8004","1":"product","2":"type-product","3":"status-publish","4":"has-post-thumbnail","6":"product_cat-duck-house","7":"product_cat-other-poultry-equipment","8":"product_tag-dung-cu-chan-nuoi","9":"product_tag-minh-phat-huy","10":"product_tag-nesting-box-for-ducks","11":"product_tag-thiet-bi-chan-nuoi-en","12":"product_tag-thietbichannuoi","14":"first","15":"instock","16":"shipping-taxable","17":"product-type-simple"},"acf":[],"yoast_head":"<!-- This site is optimized with the Yoast SEO Premium plugin v22.9 (Yoast SEO v27.5) - https:\/\/yoast.com\/product\/yoast-seo-premium-wordpress\/ -->\n<title>Duck Egg Laying Nest<\/title>\n<meta name=\"description\" content=\"Duck Egg Laying Nest, Duck farm\" \/>\n<meta name=\"robots\" content=\"index, follow, max-snippet:-1, max-image-preview:large, max-video-preview:-1\" \/>\n<link rel=\"canonical\" href=\"https:\/\/thietbichannuoi.com\/en\/san-pham\/duck-egg-laying-nest\/\" \/>\n<meta property=\"og:locale\" content=\"en_US\" \/>\n<meta property=\"og:type\" content=\"article\" \/>\n<meta property=\"og:title\" content=\"Duck Laying Nest\" \/>\n<meta property=\"og:description\" content=\"Duck Egg Laying Nest Size is 40*40*28cm; Each Nest can serve 5-7 Female Ducks. 5-6 Egg Nests can be connected with each other to save space. Each Egg Nest base need be putted with dry &amp; soft packing which need to be changed 2 times in each week. Egg Nest need to be putted into Duck house before 24 weeks old  &nbsp;\" \/>\n<meta property=\"og:url\" content=\"https:\/\/thietbichannuoi.com\/en\/san-pham\/duck-egg-laying-nest\/\" \/>\n<meta property=\"og:site_name\" content=\"Thi\u1ebft b\u1ecb ch\u0103n nu\u00f4i\" \/>\n<meta property=\"article:modified_time\" content=\"2025-09-25T04:24:51+00:00\" \/>\n<meta property=\"og:image\" content=\"https:\/\/thietbichannuoi.com\/wp-content\/uploads\/2019\/01\/Bo-o-de-cho-vit.jpg\" \/>\n\t<meta property=\"og:image:width\" content=\"1400\" \/>\n\t<meta property=\"og:image:height\" content=\"1200\" \/>\n\t<meta property=\"og:image:type\" content=\"image\/jpeg\" \/>\n<meta name=\"twitter:card\" content=\"summary_large_image\" \/>\n<meta name=\"twitter:label1\" content=\"Est. reading time\" \/>\n\t<meta name=\"twitter:data1\" content=\"1 minute\" \/>\n<!-- \/ Yoast SEO Premium plugin. -->","yoast_head_json":{"title":"Duck Egg Laying Nest","description":"Duck Egg Laying Nest, Duck farm","robots":{"index":"index","follow":"follow","max-snippet":"max-snippet:-1","max-image-preview":"max-image-preview:large","max-video-preview":"max-video-preview:-1"},"canonical":"https:\/\/thietbichannuoi.com\/en\/san-pham\/duck-egg-laying-nest\/","og_locale":"en_US","og_type":"article","og_title":"Duck Laying Nest","og_description":"Duck Egg Laying Nest Size is 40*40*28cm; Each Nest can serve 5-7 Female Ducks. 5-6 Egg Nests can be connected with each other to save space. Each Egg Nest base need be putted with dry &amp; soft packing which need to be changed 2 times in each week. Egg Nest need to be putted into Duck house before 24 weeks old  &nbsp;","og_url":"https:\/\/thietbichannuoi.com\/en\/san-pham\/duck-egg-laying-nest\/","og_site_name":"Thi\u1ebft b\u1ecb ch\u0103n nu\u00f4i","article_modified_time":"2025-09-25T04:24:51+00:00","og_image":[{"width":1400,"height":1200,"url":"https:\/\/thietbichannuoi.com\/wp-content\/uploads\/2019\/01\/Bo-o-de-cho-vit.jpg","type":"image\/jpeg"}],"twitter_card":"summary_large_image","twitter_misc":{"Est. reading time":"1 minute"},"schema":{"@context":"https:\/\/schema.org","@graph":[{"@type":"WebPage","@id":"https:\/\/thietbichannuoi.com\/en\/san-pham\/duck-egg-laying-nest\/","url":"https:\/\/thietbichannuoi.com\/en\/san-pham\/duck-egg-laying-nest\/","name":"Duck Egg Laying Nest","isPartOf":{"@id":"https:\/\/thietbichannuoi.com\/#website"},"primaryImageOfPage":{"@id":"https:\/\/thietbichannuoi.com\/en\/san-pham\/duck-egg-laying-nest\/#primaryimage"},"image":{"@id":"https:\/\/thietbichannuoi.com\/en\/san-pham\/duck-egg-laying-nest\/#primaryimage"},"thumbnailUrl":"https:\/\/thietbichannuoi.com\/wp-content\/uploads\/2019\/01\/Bo-o-de-cho-vit.jpg","datePublished":"2019-01-03T08:40:10+00:00","dateModified":"2025-09-25T04:24:51+00:00","description":"Duck Egg Laying Nest, Duck farm","breadcrumb":{"@id":"https:\/\/thietbichannuoi.com\/en\/san-pham\/duck-egg-laying-nest\/#breadcrumb"},"inLanguage":"en-US","potentialAction":[{"@type":"ReadAction","target":["https:\/\/thietbichannuoi.com\/en\/san-pham\/duck-egg-laying-nest\/"]}]},{"@type":"ImageObject","inLanguage":"en-US","@id":"https:\/\/thietbichannuoi.com\/en\/san-pham\/duck-egg-laying-nest\/#primaryimage","url":"https:\/\/thietbichannuoi.com\/wp-content\/uploads\/2019\/01\/Bo-o-de-cho-vit.jpg","contentUrl":"https:\/\/thietbichannuoi.com\/wp-content\/uploads\/2019\/01\/Bo-o-de-cho-vit.jpg","width":1400,"height":1200,"caption":"Nesting box for ducks"},{"@type":"BreadcrumbList","@id":"https:\/\/thietbichannuoi.com\/en\/san-pham\/duck-egg-laying-nest\/#breadcrumb","itemListElement":[{"@type":"ListItem","position":1,"name":"Home","item":"https:\/\/thietbichannuoi.com\/en\/"},{"@type":"ListItem","position":2,"name":"Shop","item":"https:\/\/thietbichannuoi.com\/shop\/"},{"@type":"ListItem","position":3,"name":"Duck Laying Nest"}]},{"@type":"WebSite","@id":"https:\/\/thietbichannuoi.com\/#website","url":"https:\/\/thietbichannuoi.com\/","name":"Thi\u1ebft b\u1ecb ch\u0103n nu\u00f4i","description":"S\u1ea3n xu\u1ea5t thi\u1ebft b\u1ecb ch\u0103n nu\u00f4i gia s\u00fac, gia c\u1ea7m v\u00e0 c\u00e1c s\u1ea3n ph\u1ea9m t\u1eeb nh\u1ef1a","publisher":{"@id":"https:\/\/thietbichannuoi.com\/#organization"},"potentialAction":[{"@type":"SearchAction","target":{"@type":"EntryPoint","urlTemplate":"https:\/\/thietbichannuoi.com\/?s={search_term_string}"},"query-input":{"@type":"PropertyValueSpecification","valueRequired":true,"valueName":"search_term_string"}}],"inLanguage":"en-US"},{"@type":"Organization","@id":"https:\/\/thietbichannuoi.com\/#organization","name":"Thi\u1ebft b\u1ecb ch\u0103n nu\u00f4i Minh Ph\u00e1t","url":"https:\/\/thietbichannuoi.com\/","logo":{"@type":"ImageObject","inLanguage":"en-US","@id":"https:\/\/thietbichannuoi.com\/#\/schema\/logo\/image\/","url":"https:\/\/thietbichannuoi.com\/wp-content\/uploads\/2021\/04\/logo-thiet-bi-chan-nuoi.png","contentUrl":"https:\/\/thietbichannuoi.com\/wp-content\/uploads\/2021\/04\/logo-thiet-bi-chan-nuoi.png","width":104,"height":79,"caption":"Thi\u1ebft b\u1ecb ch\u0103n nu\u00f4i Minh Ph\u00e1t"},"image":{"@id":"https:\/\/thietbichannuoi.com\/#\/schema\/logo\/image\/"}}]}},"uagb_featured_image_src":{"full":["https:\/\/thietbichannuoi.com\/wp-content\/uploads\/2019\/01\/Bo-o-de-cho-vit.jpg",1400,1200,false],"thumbnail":["https:\/\/thietbichannuoi.com\/wp-content\/uploads\/2019\/01\/Bo-o-de-cho-vit.jpg",150,129,false],"medium":["https:\/\/thietbichannuoi.com\/wp-content\/uploads\/2019\/01\/Bo-o-de-cho-vit.jpg",300,257,false],"medium_large":["https:\/\/thietbichannuoi.com\/wp-content\/uploads\/2019\/01\/Bo-o-de-cho-vit.jpg",1400,1200,false],"large":["https:\/\/thietbichannuoi.com\/wp-content\/uploads\/2019\/01\/Bo-o-de-cho-vit.jpg",800,686,false],"1536x1536":["https:\/\/thietbichannuoi.com\/wp-content\/uploads\/2019\/01\/Bo-o-de-cho-vit.jpg",1400,1200,false],"2048x2048":["https:\/\/thietbichannuoi.com\/wp-content\/uploads\/2019\/01\/Bo-o-de-cho-vit.jpg",1400,1200,false],"woocommerce_thumbnail":["https:\/\/thietbichannuoi.com\/wp-content\/uploads\/2019\/01\/Bo-o-de-cho-vit.jpg",1400,1200,false],"woocommerce_single":["https:\/\/thietbichannuoi.com\/wp-content\/uploads\/2019\/01\/Bo-o-de-cho-vit.jpg",1400,1200,false],"woocommerce_gallery_thumbnail":["https:\/\/thietbichannuoi.com\/wp-content\/uploads\/2019\/01\/Bo-o-de-cho-vit-100x100.jpg",100,100,true]},"uagb_author_info":{"display_name":"dinhlam","author_link":"https:\/\/thietbichannuoi.com\/en\/author\/"},"uagb_comment_info":0,"uagb_excerpt":"Duck Egg Laying Nest Size is 40*40*28cm; Each Nest can serve 5-7 Female Ducks. 5-6 Egg Nests can be connected with each other to save space. Each Egg Nest base need be putted with dry &amp; soft packing which need to be changed 2 times in each week. Egg Nest need to be putted into&hellip;","_links":{"self":[{"href":"https:\/\/thietbichannuoi.com\/en\/wp-json\/wp\/v2\/product\/8004","targetHints":{"allow":["GET"]}}],"collection":[{"href":"https:\/\/thietbichannuoi.com\/en\/wp-json\/wp\/v2\/product"}],"about":[{"href":"https:\/\/thietbichannuoi.com\/en\/wp-json\/wp\/v2\/types\/product"}],"version-history":[{"count":0,"href":"https:\/\/thietbichannuoi.com\/en\/wp-json\/wp\/v2\/product\/8004\/revisions"}],"wp:featuredmedia":[{"embeddable":true,"href":"https:\/\/thietbichannuoi.com\/en\/wp-json\/wp\/v2\/media\/15992"}],"wp:attachment":[{"href":"https:\/\/thietbichannuoi.com\/en\/wp-json\/wp\/v2\/media?parent=8004"}],"wp:term":[{"taxonomy":"product_brand","embeddable":true,"href":"https:\/\/thietbichannuoi.com\/en\/wp-json\/wp\/v2\/product_brand?post=8004"},{"taxonomy":"product_cat","embeddable":true,"href":"https:\/\/thietbichannuoi.com\/en\/wp-json\/wp\/v2\/product_cat?post=8004"},{"taxonomy":"product_tag","embeddable":true,"href":"https:\/\/thietbichannuoi.com\/en\/wp-json\/wp\/v2\/product_tag?post=8004"}],"curies":[{"name":"wp","href":"https:\/\/api.w.org\/{rel}","templated":true}]}}