{"id":8114,"date":"2019-09-24T09:57:42","date_gmt":"2019-09-24T02:57:42","guid":{"rendered":"https:\/\/thietbichannuoi.com\/?post_type=product&#038;p=8114"},"modified":"2025-09-27T10:48:15","modified_gmt":"2025-09-27T03:48:15","slug":"t-drop-for-main-feeding-line","status":"publish","type":"product","link":"https:\/\/thietbichannuoi.com\/en\/san-pham\/t-drop-for-main-feeding-line\/","title":{"rendered":"T- Drop"},"content":{"rendered":"<div class=\"group w-full text-gray-800 dark:text-gray-100 border-b border-black\/10 dark:border-gray-900\/50 bg-gray-50 dark:bg-[#444654]\">\n<div class=\"flex p-4 gap-4 text-base md:gap-6 md:max-w-2xl lg:max-w-xl xl:max-w-3xl md:py-6 lg:px-0 m-auto\">\n<div class=\"relative flex flex-col w-[calc(100%-50px)] gap-1 md:gap-3 lg:w-[calc(100%-115px)]\">\n<div class=\"flex flex-grow flex-col gap-3\">\n<div class=\"min-h-[20px] flex flex-col items-start gap-4 whitespace-pre-wrap break-words\">\n<div class=\"markdown prose w-full break-words dark:prose-invert light\">\n<p>T- Drop for automatic feeding system for pigs<\/p>\n<p>The feed discharge tee is an important component in the automatic feeding system for pigs, which helps to discharge feed from the silo to the feed conveying pipe and deliver it to the feed springs. Minh Phat provides and installs a complete automatic feeding system for pig farms, including feed discharge tees and other accessories to ensure the efficient operation of the system.<\/p>\n<\/div>\n<\/div>\n<\/div>\n<\/div>\n<\/div>\n<\/div>\n<p><img fetchpriority=\"high\" decoding=\"async\" class=\"alignnone wp-image-12066 size-full\" src=\"https:\/\/thietbichannuoi.com\/wp-content\/uploads\/2019\/09\/T-XA-CAM-MH.jpg\" alt=\"\" width=\"2000\" height=\"1400\" srcset=\"https:\/\/thietbichannuoi.com\/wp-content\/uploads\/2019\/09\/T-XA-CAM-MH.jpg 2000w, https:\/\/thietbichannuoi.com\/wp-content\/uploads\/2019\/09\/T-XA-CAM-MH-300x210.jpg 300w, https:\/\/thietbichannuoi.com\/wp-content\/uploads\/2019\/09\/T-XA-CAM-MH-1024x717.jpg 1024w, https:\/\/thietbichannuoi.com\/wp-content\/uploads\/2019\/09\/T-XA-CAM-MH-150x105.jpg 150w, https:\/\/thietbichannuoi.com\/wp-content\/uploads\/2019\/09\/T-XA-CAM-MH-1536x1075.jpg 1536w\" sizes=\"(max-width: 2000px) 100vw, 2000px\" \/><\/p>\n","protected":false},"excerpt":{"rendered":"<p><strong>Conveyor Pipe Diameter:<\/strong> \u00d890mm \/ Drop Pipe: \u00d876mm<\/p>\n","protected":false},"featured_media":13759,"template":"","meta":{"_uag_custom_page_level_css":"","footnotes":""},"product_brand":[],"product_cat":[1040],"product_tag":[1283,1421],"class_list":{"0":"post-8114","1":"product","2":"type-product","3":"status-publish","4":"has-post-thumbnail","6":"product_cat-silos-feeding-systems","7":"product_tag-he-thong-vit-tai-en","8":"product_tag-t-drop","10":"first","11":"instock","12":"shipping-taxable","13":"product-type-simple"},"acf":[],"yoast_head":"<!-- This site is optimized with the Yoast SEO Premium plugin v22.9 (Yoast SEO v27.5) - https:\/\/yoast.com\/product\/yoast-seo-premium-wordpress\/ -->\n<title>T- drop<\/title>\n<meta name=\"description\" content=\"T- Drop for automatic feeding system for pigs, T- Drop for main Feeding line\" \/>\n<meta name=\"robots\" content=\"index, follow, max-snippet:-1, max-image-preview:large, max-video-preview:-1\" \/>\n<link rel=\"canonical\" href=\"https:\/\/thietbichannuoi.com\/en\/san-pham\/t-drop-for-main-feeding-line\/\" \/>\n<meta property=\"og:locale\" content=\"en_US\" \/>\n<meta property=\"og:type\" content=\"article\" \/>\n<meta property=\"og:title\" content=\"T- Drop\" \/>\n<meta property=\"og:description\" content=\"Conveyor Pipe Diameter: \u00d890mm \/ Drop Pipe: \u00d876mm\" \/>\n<meta property=\"og:url\" content=\"https:\/\/thietbichannuoi.com\/en\/san-pham\/t-drop-for-main-feeding-line\/\" \/>\n<meta property=\"og:site_name\" content=\"Thi\u1ebft b\u1ecb ch\u0103n nu\u00f4i\" \/>\n<meta property=\"article:modified_time\" content=\"2025-09-27T03:48:15+00:00\" \/>\n<meta property=\"og:image\" content=\"https:\/\/thietbichannuoi.com\/wp-content\/uploads\/2019\/09\/te-xa-cam-2-1.jpg\" \/>\n\t<meta property=\"og:image:width\" content=\"1400\" \/>\n\t<meta property=\"og:image:height\" content=\"1200\" \/>\n\t<meta property=\"og:image:type\" content=\"image\/jpeg\" \/>\n<meta name=\"twitter:card\" content=\"summary_large_image\" \/>\n<meta name=\"twitter:label1\" content=\"Est. reading time\" \/>\n\t<meta name=\"twitter:data1\" content=\"1 minute\" \/>\n<!-- \/ Yoast SEO Premium plugin. -->","yoast_head_json":{"title":"T- drop","description":"T- Drop for automatic feeding system for pigs, T- Drop for main Feeding line","robots":{"index":"index","follow":"follow","max-snippet":"max-snippet:-1","max-image-preview":"max-image-preview:large","max-video-preview":"max-video-preview:-1"},"canonical":"https:\/\/thietbichannuoi.com\/en\/san-pham\/t-drop-for-main-feeding-line\/","og_locale":"en_US","og_type":"article","og_title":"T- Drop","og_description":"Conveyor Pipe Diameter: \u00d890mm \/ Drop Pipe: \u00d876mm","og_url":"https:\/\/thietbichannuoi.com\/en\/san-pham\/t-drop-for-main-feeding-line\/","og_site_name":"Thi\u1ebft b\u1ecb ch\u0103n nu\u00f4i","article_modified_time":"2025-09-27T03:48:15+00:00","og_image":[{"width":1400,"height":1200,"url":"https:\/\/thietbichannuoi.com\/wp-content\/uploads\/2019\/09\/te-xa-cam-2-1.jpg","type":"image\/jpeg"}],"twitter_card":"summary_large_image","twitter_misc":{"Est. reading time":"1 minute"},"schema":{"@context":"https:\/\/schema.org","@graph":[{"@type":"WebPage","@id":"https:\/\/thietbichannuoi.com\/en\/san-pham\/t-drop-for-main-feeding-line\/","url":"https:\/\/thietbichannuoi.com\/en\/san-pham\/t-drop-for-main-feeding-line\/","name":"T- drop","isPartOf":{"@id":"https:\/\/thietbichannuoi.com\/#website"},"primaryImageOfPage":{"@id":"https:\/\/thietbichannuoi.com\/en\/san-pham\/t-drop-for-main-feeding-line\/#primaryimage"},"image":{"@id":"https:\/\/thietbichannuoi.com\/en\/san-pham\/t-drop-for-main-feeding-line\/#primaryimage"},"thumbnailUrl":"https:\/\/thietbichannuoi.com\/wp-content\/uploads\/2019\/09\/te-xa-cam-2-1.jpg","datePublished":"2019-09-24T02:57:42+00:00","dateModified":"2025-09-27T03:48:15+00:00","description":"T- Drop for automatic feeding system for pigs, T- Drop for main Feeding line","breadcrumb":{"@id":"https:\/\/thietbichannuoi.com\/en\/san-pham\/t-drop-for-main-feeding-line\/#breadcrumb"},"inLanguage":"en-US","potentialAction":[{"@type":"ReadAction","target":["https:\/\/thietbichannuoi.com\/en\/san-pham\/t-drop-for-main-feeding-line\/"]}]},{"@type":"ImageObject","inLanguage":"en-US","@id":"https:\/\/thietbichannuoi.com\/en\/san-pham\/t-drop-for-main-feeding-line\/#primaryimage","url":"https:\/\/thietbichannuoi.com\/wp-content\/uploads\/2019\/09\/te-xa-cam-2-1.jpg","contentUrl":"https:\/\/thietbichannuoi.com\/wp-content\/uploads\/2019\/09\/te-xa-cam-2-1.jpg","width":1400,"height":1200,"caption":"T- Drop for automatic feeding system for pigs"},{"@type":"BreadcrumbList","@id":"https:\/\/thietbichannuoi.com\/en\/san-pham\/t-drop-for-main-feeding-line\/#breadcrumb","itemListElement":[{"@type":"ListItem","position":1,"name":"Home","item":"https:\/\/thietbichannuoi.com\/en\/"},{"@type":"ListItem","position":2,"name":"Shop","item":"https:\/\/thietbichannuoi.com\/shop\/"},{"@type":"ListItem","position":3,"name":"T- Drop"}]},{"@type":"WebSite","@id":"https:\/\/thietbichannuoi.com\/#website","url":"https:\/\/thietbichannuoi.com\/","name":"Thi\u1ebft b\u1ecb ch\u0103n nu\u00f4i","description":"S\u1ea3n xu\u1ea5t thi\u1ebft b\u1ecb ch\u0103n nu\u00f4i gia s\u00fac, gia c\u1ea7m v\u00e0 c\u00e1c s\u1ea3n ph\u1ea9m t\u1eeb nh\u1ef1a","publisher":{"@id":"https:\/\/thietbichannuoi.com\/#organization"},"potentialAction":[{"@type":"SearchAction","target":{"@type":"EntryPoint","urlTemplate":"https:\/\/thietbichannuoi.com\/?s={search_term_string}"},"query-input":{"@type":"PropertyValueSpecification","valueRequired":true,"valueName":"search_term_string"}}],"inLanguage":"en-US"},{"@type":"Organization","@id":"https:\/\/thietbichannuoi.com\/#organization","name":"Thi\u1ebft b\u1ecb ch\u0103n nu\u00f4i Minh Ph\u00e1t","url":"https:\/\/thietbichannuoi.com\/","logo":{"@type":"ImageObject","inLanguage":"en-US","@id":"https:\/\/thietbichannuoi.com\/#\/schema\/logo\/image\/","url":"https:\/\/thietbichannuoi.com\/wp-content\/uploads\/2021\/04\/logo-thiet-bi-chan-nuoi.png","contentUrl":"https:\/\/thietbichannuoi.com\/wp-content\/uploads\/2021\/04\/logo-thiet-bi-chan-nuoi.png","width":104,"height":79,"caption":"Thi\u1ebft b\u1ecb ch\u0103n nu\u00f4i Minh Ph\u00e1t"},"image":{"@id":"https:\/\/thietbichannuoi.com\/#\/schema\/logo\/image\/"}}]}},"uagb_featured_image_src":{"full":["https:\/\/thietbichannuoi.com\/wp-content\/uploads\/2019\/09\/te-xa-cam-2-1.jpg",1400,1200,false],"thumbnail":["https:\/\/thietbichannuoi.com\/wp-content\/uploads\/2019\/09\/te-xa-cam-2-1.jpg",150,129,false],"medium":["https:\/\/thietbichannuoi.com\/wp-content\/uploads\/2019\/09\/te-xa-cam-2-1.jpg",300,257,false],"medium_large":["https:\/\/thietbichannuoi.com\/wp-content\/uploads\/2019\/09\/te-xa-cam-2-1.jpg",1400,1200,false],"large":["https:\/\/thietbichannuoi.com\/wp-content\/uploads\/2019\/09\/te-xa-cam-2-1.jpg",800,686,false],"1536x1536":["https:\/\/thietbichannuoi.com\/wp-content\/uploads\/2019\/09\/te-xa-cam-2-1.jpg",1400,1200,false],"2048x2048":["https:\/\/thietbichannuoi.com\/wp-content\/uploads\/2019\/09\/te-xa-cam-2-1.jpg",1400,1200,false],"woocommerce_thumbnail":["https:\/\/thietbichannuoi.com\/wp-content\/uploads\/2019\/09\/te-xa-cam-2-1.jpg",1400,1200,false],"woocommerce_single":["https:\/\/thietbichannuoi.com\/wp-content\/uploads\/2019\/09\/te-xa-cam-2-1.jpg",1400,1200,false],"woocommerce_gallery_thumbnail":["https:\/\/thietbichannuoi.com\/wp-content\/uploads\/2019\/09\/te-xa-cam-2-1-100x100.jpg",100,100,true]},"uagb_author_info":{"display_name":"dinhlam","author_link":"https:\/\/thietbichannuoi.com\/en\/author\/"},"uagb_comment_info":0,"uagb_excerpt":"Conveyor Pipe Diameter: \u00d890mm \/ Drop Pipe: \u00d876mm","_links":{"self":[{"href":"https:\/\/thietbichannuoi.com\/en\/wp-json\/wp\/v2\/product\/8114","targetHints":{"allow":["GET"]}}],"collection":[{"href":"https:\/\/thietbichannuoi.com\/en\/wp-json\/wp\/v2\/product"}],"about":[{"href":"https:\/\/thietbichannuoi.com\/en\/wp-json\/wp\/v2\/types\/product"}],"version-history":[{"count":0,"href":"https:\/\/thietbichannuoi.com\/en\/wp-json\/wp\/v2\/product\/8114\/revisions"}],"wp:featuredmedia":[{"embeddable":true,"href":"https:\/\/thietbichannuoi.com\/en\/wp-json\/wp\/v2\/media\/13759"}],"wp:attachment":[{"href":"https:\/\/thietbichannuoi.com\/en\/wp-json\/wp\/v2\/media?parent=8114"}],"wp:term":[{"taxonomy":"product_brand","embeddable":true,"href":"https:\/\/thietbichannuoi.com\/en\/wp-json\/wp\/v2\/product_brand?post=8114"},{"taxonomy":"product_cat","embeddable":true,"href":"https:\/\/thietbichannuoi.com\/en\/wp-json\/wp\/v2\/product_cat?post=8114"},{"taxonomy":"product_tag","embeddable":true,"href":"https:\/\/thietbichannuoi.com\/en\/wp-json\/wp\/v2\/product_tag?post=8114"}],"curies":[{"name":"wp","href":"https:\/\/api.w.org\/{rel}","templated":true}]}}