{"id":8120,"date":"2019-09-13T11:35:16","date_gmt":"2019-09-13T04:35:16","guid":{"rendered":"https:\/\/thietbichannuoi.com\/?post_type=product&#038;p=8120"},"modified":"2025-09-27T11:07:31","modified_gmt":"2025-09-27T04:07:31","slug":"auger","status":"publish","type":"product","link":"https:\/\/thietbichannuoi.com\/en\/san-pham\/auger\/","title":{"rendered":"Flex Auger"},"content":{"rendered":"<p><strong>Flex Auger<\/strong><br \/>\nFlex auger are used for the automated feeder systems for livestock and poultry. Minh Phat specializes in providing and installing a complete automated feeding systems for pig and poultry farms.<\/p>\n<table style=\"height: 230px\" border=\"0\" width=\"767\" cellspacing=\"0\" cellpadding=\"0\">\n<tbody>\n<tr>\n<td class=\"xl63\" style=\"text-align: center\" width=\"150\" height=\"19\"><strong>M\u00e3 S\u1ea3n ph\u1ea9m<\/strong><br \/>\nCode<\/td>\n<td class=\"xl63\" style=\"text-align: center\" width=\"64\">\u00a0<strong>ATGC-040<\/strong><br \/>\n(\u00d845)<\/td>\n<td class=\"xl63\" style=\"text-align: center\" width=\"64\"><strong>ATD76-050<\/strong><br \/>\n(\u00d876)<\/td>\n<td class=\"xl63\" style=\"text-align: center\" width=\"64\"><strong>ATD90-050<\/strong><br \/>\n(\u00d890)<\/td>\n<td class=\"xl63\" style=\"text-align: center\" width=\"64\">\u00a0<strong>ATD114-050<\/strong><br \/>\n(\u00d8114)<\/td>\n<\/tr>\n<tr>\n<td class=\"xl63\" style=\"text-align: center\" height=\"19\"><strong>Ti\u1ebft di\u1ec7n<\/strong><br \/>\nSection (mm)<\/td>\n<td class=\"xl63\" style=\"text-align: center\">3.8\u00d78<\/td>\n<td class=\"xl63\" style=\"text-align: center\">4.5\u00d711.5<\/td>\n<td class=\"xl63\" style=\"text-align: center\">5\u00d711.15<\/td>\n<td class=\"xl63\" style=\"text-align: center\">4.5\u00d712<\/td>\n<\/tr>\n<tr>\n<td class=\"xl63\" style=\"text-align: center\" height=\"19\"><strong>\u0110K trong<\/strong><br \/>\nInner Diameter (mm)<\/td>\n<td class=\"xl63\" style=\"text-align: center\">\u00a019<\/td>\n<td class=\"xl63\" style=\"text-align: center\">\u00a036\u00b10.5<\/td>\n<td class=\"xl63\" style=\"text-align: center\">45<\/td>\n<td class=\"xl63\" style=\"text-align: center\">66<\/td>\n<\/tr>\n<tr>\n<td class=\"xl63\" style=\"text-align: center\" height=\"19\">\u00a0<strong>\u0110K ngo\u00e0i<\/strong><br \/>\nOuter Diameter (mm)<\/td>\n<td class=\"xl63\" style=\"text-align: center\">36.4<\/td>\n<td class=\"xl63\" style=\"text-align: center\">58<\/td>\n<td class=\"xl63\" style=\"text-align: center\">68<\/td>\n<td class=\"xl63\" style=\"text-align: center\">89<\/td>\n<\/tr>\n<tr>\n<td class=\"xl63\" style=\"text-align: center\" height=\"19\"><strong>B\u01b0\u1edbc (khe h\u1edf)<\/strong><br \/>\nPitch (Gap mm)<\/td>\n<td class=\"xl63\" style=\"text-align: center\">48<\/td>\n<td class=\"xl63\" style=\"text-align: center\">47-48<\/td>\n<td class=\"xl63\" style=\"text-align: center\">57<\/td>\n<td class=\"xl63\" style=\"text-align: center\">58<\/td>\n<\/tr>\n<\/tbody>\n<\/table>\n<p>&nbsp;<\/p>\n","protected":false},"excerpt":{"rendered":"<ul>\n<li><strong>ATGC-040 <\/strong>(For \u00d845 mm pipe)<\/li>\n<li><strong>ATD76-050<\/strong> (For \u00d876 mm pipe)<\/li>\n<li><strong>ATD90-050<\/strong> (For \u00d890 mm pipe)<\/li>\n<li><strong>ATD114-050<\/strong> (For \u00d8114 mm pipe)<\/li>\n<\/ul>\n<p>Feed auger spring for automatic feeding systems used in livestock and poultry farming. Minh Ph\u00e1t specializes in supplying, installing, and integrating automatic feeding systems for pig and chicken farms.<\/p>\n","protected":false},"featured_media":13625,"template":"","meta":{"_uag_custom_page_level_css":"","footnotes":""},"product_brand":[],"product_cat":[1040],"product_tag":[1414,1283],"class_list":{"0":"post-8120","1":"product","2":"type-product","3":"status-publish","4":"has-post-thumbnail","6":"product_cat-silos-feeding-systems","7":"product_tag-auger","8":"product_tag-he-thong-vit-tai-en","10":"first","11":"instock","12":"shipping-taxable","13":"product-type-simple"},"acf":[],"yoast_head":"<!-- This site is optimized with the Yoast SEO Premium plugin v22.9 (Yoast SEO v27.4) - https:\/\/yoast.com\/product\/yoast-seo-premium-wordpress\/ -->\n<title>Auger, auto feeding line,<\/title>\n<meta name=\"description\" content=\"Flex auger, The feed springs are used for the automated feeding system for livestock and poultry. Minh Phat specializes in providing and installing a complete automated feeding system for pig and chicken farms.\" \/>\n<meta name=\"robots\" content=\"index, follow, max-snippet:-1, max-image-preview:large, max-video-preview:-1\" \/>\n<link rel=\"canonical\" href=\"https:\/\/thietbichannuoi.com\/en\/san-pham\/auger\/\" \/>\n<meta property=\"og:locale\" content=\"en_US\" \/>\n<meta property=\"og:type\" content=\"article\" \/>\n<meta property=\"og:title\" content=\"Flex Auger\" \/>\n<meta property=\"og:description\" content=\"ATGC-040 (For \u00d845 mm pipe)  ATD76-050 (For \u00d876 mm pipe)  ATD90-050 (For \u00d890 mm pipe)  ATD114-050 (For \u00d8114 mm pipe)  Feed auger spring for automatic feeding systems used in livestock and poultry farming. Minh Ph\u00e1t specializes in supplying, installing, and integrating automatic feeding systems for pig and chicken farms.\" \/>\n<meta property=\"og:url\" content=\"https:\/\/thietbichannuoi.com\/en\/san-pham\/auger\/\" \/>\n<meta property=\"og:site_name\" content=\"Thi\u1ebft b\u1ecb ch\u0103n nu\u00f4i\" \/>\n<meta property=\"article:modified_time\" content=\"2025-09-27T04:07:31+00:00\" \/>\n<meta property=\"og:image\" content=\"https:\/\/thietbichannuoi.com\/wp-content\/uploads\/2023\/06\/lo-xo.jpg\" \/>\n\t<meta property=\"og:image:width\" content=\"1400\" \/>\n\t<meta property=\"og:image:height\" content=\"1200\" \/>\n\t<meta property=\"og:image:type\" content=\"image\/jpeg\" \/>\n<meta name=\"twitter:card\" content=\"summary_large_image\" \/>\n<meta name=\"twitter:label1\" content=\"Est. reading time\" \/>\n\t<meta name=\"twitter:data1\" content=\"1 minute\" \/>\n<!-- \/ Yoast SEO Premium plugin. -->","yoast_head_json":{"title":"Auger, auto feeding line,","description":"Flex auger, The feed springs are used for the automated feeding system for livestock and poultry. Minh Phat specializes in providing and installing a complete automated feeding system for pig and chicken farms.","robots":{"index":"index","follow":"follow","max-snippet":"max-snippet:-1","max-image-preview":"max-image-preview:large","max-video-preview":"max-video-preview:-1"},"canonical":"https:\/\/thietbichannuoi.com\/en\/san-pham\/auger\/","og_locale":"en_US","og_type":"article","og_title":"Flex Auger","og_description":"ATGC-040 (For \u00d845 mm pipe)  ATD76-050 (For \u00d876 mm pipe)  ATD90-050 (For \u00d890 mm pipe)  ATD114-050 (For \u00d8114 mm pipe)  Feed auger spring for automatic feeding systems used in livestock and poultry farming. Minh Ph\u00e1t specializes in supplying, installing, and integrating automatic feeding systems for pig and chicken farms.","og_url":"https:\/\/thietbichannuoi.com\/en\/san-pham\/auger\/","og_site_name":"Thi\u1ebft b\u1ecb ch\u0103n nu\u00f4i","article_modified_time":"2025-09-27T04:07:31+00:00","og_image":[{"width":1400,"height":1200,"url":"https:\/\/thietbichannuoi.com\/wp-content\/uploads\/2023\/06\/lo-xo.jpg","type":"image\/jpeg"}],"twitter_card":"summary_large_image","twitter_misc":{"Est. reading time":"1 minute"},"schema":{"@context":"https:\/\/schema.org","@graph":[{"@type":"WebPage","@id":"https:\/\/thietbichannuoi.com\/en\/san-pham\/auger\/","url":"https:\/\/thietbichannuoi.com\/en\/san-pham\/auger\/","name":"Auger, auto feeding line,","isPartOf":{"@id":"https:\/\/thietbichannuoi.com\/#website"},"primaryImageOfPage":{"@id":"https:\/\/thietbichannuoi.com\/en\/san-pham\/auger\/#primaryimage"},"image":{"@id":"https:\/\/thietbichannuoi.com\/en\/san-pham\/auger\/#primaryimage"},"thumbnailUrl":"https:\/\/thietbichannuoi.com\/wp-content\/uploads\/2023\/06\/lo-xo.jpg","datePublished":"2019-09-13T04:35:16+00:00","dateModified":"2025-09-27T04:07:31+00:00","description":"Flex auger, The feed springs are used for the automated feeding system for livestock and poultry. Minh Phat specializes in providing and installing a complete automated feeding system for pig and chicken farms.","breadcrumb":{"@id":"https:\/\/thietbichannuoi.com\/en\/san-pham\/auger\/#breadcrumb"},"inLanguage":"en-US","potentialAction":[{"@type":"ReadAction","target":["https:\/\/thietbichannuoi.com\/en\/san-pham\/auger\/"]}]},{"@type":"ImageObject","inLanguage":"en-US","@id":"https:\/\/thietbichannuoi.com\/en\/san-pham\/auger\/#primaryimage","url":"https:\/\/thietbichannuoi.com\/wp-content\/uploads\/2023\/06\/lo-xo.jpg","contentUrl":"https:\/\/thietbichannuoi.com\/wp-content\/uploads\/2023\/06\/lo-xo.jpg","width":1400,"height":1200,"caption":"Flex Auger"},{"@type":"BreadcrumbList","@id":"https:\/\/thietbichannuoi.com\/en\/san-pham\/auger\/#breadcrumb","itemListElement":[{"@type":"ListItem","position":1,"name":"Home","item":"https:\/\/thietbichannuoi.com\/en\/"},{"@type":"ListItem","position":2,"name":"Shop","item":"https:\/\/thietbichannuoi.com\/shop\/"},{"@type":"ListItem","position":3,"name":"Flex Auger"}]},{"@type":"WebSite","@id":"https:\/\/thietbichannuoi.com\/#website","url":"https:\/\/thietbichannuoi.com\/","name":"Thi\u1ebft b\u1ecb ch\u0103n nu\u00f4i","description":"S\u1ea3n xu\u1ea5t thi\u1ebft b\u1ecb ch\u0103n nu\u00f4i gia s\u00fac, gia c\u1ea7m v\u00e0 c\u00e1c s\u1ea3n ph\u1ea9m t\u1eeb nh\u1ef1a","publisher":{"@id":"https:\/\/thietbichannuoi.com\/#organization"},"potentialAction":[{"@type":"SearchAction","target":{"@type":"EntryPoint","urlTemplate":"https:\/\/thietbichannuoi.com\/?s={search_term_string}"},"query-input":{"@type":"PropertyValueSpecification","valueRequired":true,"valueName":"search_term_string"}}],"inLanguage":"en-US"},{"@type":"Organization","@id":"https:\/\/thietbichannuoi.com\/#organization","name":"Thi\u1ebft b\u1ecb ch\u0103n nu\u00f4i Minh Ph\u00e1t","url":"https:\/\/thietbichannuoi.com\/","logo":{"@type":"ImageObject","inLanguage":"en-US","@id":"https:\/\/thietbichannuoi.com\/#\/schema\/logo\/image\/","url":"https:\/\/thietbichannuoi.com\/wp-content\/uploads\/2021\/04\/logo-thiet-bi-chan-nuoi.png","contentUrl":"https:\/\/thietbichannuoi.com\/wp-content\/uploads\/2021\/04\/logo-thiet-bi-chan-nuoi.png","width":104,"height":79,"caption":"Thi\u1ebft b\u1ecb ch\u0103n nu\u00f4i Minh Ph\u00e1t"},"image":{"@id":"https:\/\/thietbichannuoi.com\/#\/schema\/logo\/image\/"}}]}},"uagb_featured_image_src":{"full":["https:\/\/thietbichannuoi.com\/wp-content\/uploads\/2023\/06\/lo-xo.jpg",1400,1200,false],"thumbnail":["https:\/\/thietbichannuoi.com\/wp-content\/uploads\/2023\/06\/lo-xo.jpg",150,129,false],"medium":["https:\/\/thietbichannuoi.com\/wp-content\/uploads\/2023\/06\/lo-xo.jpg",300,257,false],"medium_large":["https:\/\/thietbichannuoi.com\/wp-content\/uploads\/2023\/06\/lo-xo.jpg",1400,1200,false],"large":["https:\/\/thietbichannuoi.com\/wp-content\/uploads\/2023\/06\/lo-xo.jpg",800,686,false],"1536x1536":["https:\/\/thietbichannuoi.com\/wp-content\/uploads\/2023\/06\/lo-xo.jpg",1400,1200,false],"2048x2048":["https:\/\/thietbichannuoi.com\/wp-content\/uploads\/2023\/06\/lo-xo.jpg",1400,1200,false],"woocommerce_thumbnail":["https:\/\/thietbichannuoi.com\/wp-content\/uploads\/2023\/06\/lo-xo.jpg",1400,1200,false],"woocommerce_single":["https:\/\/thietbichannuoi.com\/wp-content\/uploads\/2023\/06\/lo-xo.jpg",1400,1200,false],"woocommerce_gallery_thumbnail":["https:\/\/thietbichannuoi.com\/wp-content\/uploads\/2023\/06\/lo-xo-100x100.jpg",100,100,true]},"uagb_author_info":{"display_name":"dinhlam","author_link":"https:\/\/thietbichannuoi.com\/en\/author\/"},"uagb_comment_info":0,"uagb_excerpt":"ATGC-040 (For \u00d845 mm pipe) ATD76-050 (For \u00d876 mm pipe) ATD90-050 (For \u00d890 mm pipe) ATD114-050 (For \u00d8114 mm pipe) Feed auger spring for automatic feeding systems used in livestock and poultry farming. Minh Ph\u00e1t specializes in supplying, installing, and integrating automatic feeding systems for pig and chicken farms.","_links":{"self":[{"href":"https:\/\/thietbichannuoi.com\/en\/wp-json\/wp\/v2\/product\/8120","targetHints":{"allow":["GET"]}}],"collection":[{"href":"https:\/\/thietbichannuoi.com\/en\/wp-json\/wp\/v2\/product"}],"about":[{"href":"https:\/\/thietbichannuoi.com\/en\/wp-json\/wp\/v2\/types\/product"}],"version-history":[{"count":0,"href":"https:\/\/thietbichannuoi.com\/en\/wp-json\/wp\/v2\/product\/8120\/revisions"}],"wp:featuredmedia":[{"embeddable":true,"href":"https:\/\/thietbichannuoi.com\/en\/wp-json\/wp\/v2\/media\/13625"}],"wp:attachment":[{"href":"https:\/\/thietbichannuoi.com\/en\/wp-json\/wp\/v2\/media?parent=8120"}],"wp:term":[{"taxonomy":"product_brand","embeddable":true,"href":"https:\/\/thietbichannuoi.com\/en\/wp-json\/wp\/v2\/product_brand?post=8120"},{"taxonomy":"product_cat","embeddable":true,"href":"https:\/\/thietbichannuoi.com\/en\/wp-json\/wp\/v2\/product_cat?post=8120"},{"taxonomy":"product_tag","embeddable":true,"href":"https:\/\/thietbichannuoi.com\/en\/wp-json\/wp\/v2\/product_tag?post=8120"}],"curies":[{"name":"wp","href":"https:\/\/api.w.org\/{rel}","templated":true}]}}