{"id":8121,"date":"2019-09-13T13:57:34","date_gmt":"2019-09-13T06:57:34","guid":{"rendered":"https:\/\/thietbichannuoi.com\/?post_type=product&#038;p=8121"},"modified":"2025-09-25T10:30:09","modified_gmt":"2025-09-25T03:30:09","slug":"silos","status":"publish","type":"product","link":"https:\/\/thietbichannuoi.com\/en\/san-pham\/silos\/","title":{"rendered":"Feed Silo"},"content":{"rendered":"<div class=\"group w-full text-gray-800 dark:text-gray-100 border-b border-black\/10 dark:border-gray-900\/50 bg-gray-50 dark:bg-[#444654]\">\n<div class=\"flex p-4 gap-4 text-base md:gap-6 md:max-w-2xl lg:max-w-xl xl:max-w-3xl md:py-6 lg:px-0 m-auto\">\n<div class=\"relative flex flex-col w-[calc(50%-50px)] gap-1 md:gap-3 lg:w-[calc(550%-100px)]\">\n<div class=\"flex flex-grow flex-col gap-3\">\n<div class=\"min-h-[20px] flex flex-col items-start gap-5 whitespace-pre-wrap break-words\">\n<div class=\"markdown prose w-full break-words dark:prose-invert light\">\n<p>Feed silo for automatic feeding system for pigs. Minh Phat provides installation of automatic feeding system for pig farms.<\/p>\n<p>&nbsp;<\/p>\n<p><img fetchpriority=\"high\" decoding=\"async\" class=\"alignnone wp-image-19994 size-full\" src=\"https:\/\/thietbichannuoi.com\/wp-content\/uploads\/2019\/09\/Thong-so-va-SILO.jpg\" alt=\"Th\u00f4ng s\u1ed1 va SILO\" width=\"1174\" height=\"1920\" srcset=\"https:\/\/thietbichannuoi.com\/wp-content\/uploads\/2019\/09\/Thong-so-va-SILO.jpg 1174w, https:\/\/thietbichannuoi.com\/wp-content\/uploads\/2019\/09\/Thong-so-va-SILO-300x491.jpg 300w, https:\/\/thietbichannuoi.com\/wp-content\/uploads\/2019\/09\/Thong-so-va-SILO-1024x1675.jpg 1024w, https:\/\/thietbichannuoi.com\/wp-content\/uploads\/2019\/09\/Thong-so-va-SILO-150x245.jpg 150w, https:\/\/thietbichannuoi.com\/wp-content\/uploads\/2019\/09\/Thong-so-va-SILO-939x1536.jpg 939w\" sizes=\"(max-width: 1174px) 100vw, 1174px\" \/><\/p>\n<p><img decoding=\"async\" class=\"alignnone wp-image-19032 size-full\" src=\"https:\/\/thietbichannuoi.com\/wp-content\/uploads\/2019\/09\/phao-silo.jpg\" alt=\"PK silo\" width=\"1400\" height=\"1200\" srcset=\"https:\/\/thietbichannuoi.com\/wp-content\/uploads\/2019\/09\/phao-silo.jpg 1400w, https:\/\/thietbichannuoi.com\/wp-content\/uploads\/2019\/09\/phao-silo-600x514.jpg 600w, https:\/\/thietbichannuoi.com\/wp-content\/uploads\/2019\/09\/phao-silo-300x257.jpg 300w, https:\/\/thietbichannuoi.com\/wp-content\/uploads\/2019\/09\/phao-silo-1024x878.jpg 1024w, https:\/\/thietbichannuoi.com\/wp-content\/uploads\/2019\/09\/phao-silo-150x129.jpg 150w\" sizes=\"(max-width: 1400px) 100vw, 1400px\" \/><\/p>\n<p><img decoding=\"async\" class=\"alignnone wp-image-19034 size-full\" src=\"https:\/\/thietbichannuoi.com\/wp-content\/uploads\/2019\/09\/silo-07.jpg\" alt=\"PK silo\" width=\"1400\" height=\"1200\" srcset=\"https:\/\/thietbichannuoi.com\/wp-content\/uploads\/2019\/09\/silo-07.jpg 1400w, https:\/\/thietbichannuoi.com\/wp-content\/uploads\/2019\/09\/silo-07-600x514.jpg 600w, https:\/\/thietbichannuoi.com\/wp-content\/uploads\/2019\/09\/silo-07-300x257.jpg 300w, https:\/\/thietbichannuoi.com\/wp-content\/uploads\/2019\/09\/silo-07-1024x878.jpg 1024w, https:\/\/thietbichannuoi.com\/wp-content\/uploads\/2019\/09\/silo-07-150x129.jpg 150w\" sizes=\"(max-width: 1400px) 100vw, 1400px\" \/><\/p>\n<\/div>\n<\/div>\n<\/div>\n<\/div>\n<\/div>\n<\/div>\n<p>&nbsp;<\/p>\n<p><img loading=\"lazy\" decoding=\"async\" class=\"alignnone wp-image-17350 size-full\" src=\"https:\/\/thietbichannuoi.com\/wp-content\/uploads\/2019\/09\/DSC1576-logo-mp.jpg\" alt=\"Silo ch\u1ee9a c\u00e1m\" width=\"2099\" height=\"1293\" srcset=\"https:\/\/thietbichannuoi.com\/wp-content\/uploads\/2019\/09\/DSC1576-logo-mp.jpg 2099w, https:\/\/thietbichannuoi.com\/wp-content\/uploads\/2019\/09\/DSC1576-logo-mp-300x185.jpg 300w, https:\/\/thietbichannuoi.com\/wp-content\/uploads\/2019\/09\/DSC1576-logo-mp-1024x631.jpg 1024w, https:\/\/thietbichannuoi.com\/wp-content\/uploads\/2019\/09\/DSC1576-logo-mp-150x92.jpg 150w, https:\/\/thietbichannuoi.com\/wp-content\/uploads\/2019\/09\/DSC1576-logo-mp-1536x946.jpg 1536w, https:\/\/thietbichannuoi.com\/wp-content\/uploads\/2019\/09\/DSC1576-logo-mp-2048x1262.jpg 2048w\" sizes=\"(max-width: 2099px) 100vw, 2099px\" \/><\/p>\n<figure id=\"attachment_17346\" aria-describedby=\"caption-attachment-17346\" style=\"width: 2500px\" class=\"wp-caption alignnone\"><img loading=\"lazy\" decoding=\"async\" class=\"wp-image-17346 size-full\" src=\"https:\/\/thietbichannuoi.com\/wp-content\/uploads\/2019\/09\/DSC1518-logo-mp.jpg\" alt=\"Silo ch\u1ee9a c\u00e1m\" width=\"2500\" height=\"1667\" srcset=\"https:\/\/thietbichannuoi.com\/wp-content\/uploads\/2019\/09\/DSC1518-logo-mp.jpg 2500w, https:\/\/thietbichannuoi.com\/wp-content\/uploads\/2019\/09\/DSC1518-logo-mp-300x200.jpg 300w, https:\/\/thietbichannuoi.com\/wp-content\/uploads\/2019\/09\/DSC1518-logo-mp-1024x683.jpg 1024w, https:\/\/thietbichannuoi.com\/wp-content\/uploads\/2019\/09\/DSC1518-logo-mp-150x100.jpg 150w, https:\/\/thietbichannuoi.com\/wp-content\/uploads\/2019\/09\/DSC1518-logo-mp-1536x1024.jpg 1536w, https:\/\/thietbichannuoi.com\/wp-content\/uploads\/2019\/09\/DSC1518-logo-mp-2048x1366.jpg 2048w\" sizes=\"(max-width: 2500px) 100vw, 2500px\" \/><figcaption id=\"caption-attachment-17346\" class=\"wp-caption-text\">Minh Ph\u00e1t<\/figcaption><\/figure>\n<p><img loading=\"lazy\" decoding=\"async\" class=\"alignnone wp-image-17348 size-full\" src=\"https:\/\/thietbichannuoi.com\/wp-content\/uploads\/2019\/09\/DSC1559-logo-mp.jpg\" alt=\"Silo ch\u1ee9a c\u00e1m\" width=\"1500\" height=\"2250\" srcset=\"https:\/\/thietbichannuoi.com\/wp-content\/uploads\/2019\/09\/DSC1559-logo-mp.jpg 1500w, https:\/\/thietbichannuoi.com\/wp-content\/uploads\/2019\/09\/DSC1559-logo-mp-300x450.jpg 300w, https:\/\/thietbichannuoi.com\/wp-content\/uploads\/2019\/09\/DSC1559-logo-mp-1024x1536.jpg 1024w, https:\/\/thietbichannuoi.com\/wp-content\/uploads\/2019\/09\/DSC1559-logo-mp-150x225.jpg 150w, https:\/\/thietbichannuoi.com\/wp-content\/uploads\/2019\/09\/DSC1559-logo-mp-1365x2048.jpg 1365w\" sizes=\"(max-width: 1500px) 100vw, 1500px\" \/><\/p>\n<footer id=\"main-footer\"><!-- #et-footer-nav --><\/p>\n<div id=\"footer-bottom\"><\/div>\n<\/footer>\n","protected":false},"excerpt":{"rendered":"<div class=\"group w-full text-gray-800 dark:text-gray-100 border-b border-black\/10 dark:border-gray-900\/50 bg-gray-50 dark:bg-[#444654]\">\n<div class=\"flex p-4 gap-4 text-base md:gap-6 md:max-w-2xl lg:max-w-xl xl:max-w-3xl md:py-6 lg:px-0 m-auto\">\n<div class=\"relative flex flex-col w-[calc(100%-50px)] gap-1 md:gap-3 lg:w-[calc(100%-115px)]\">\n<div class=\"flex flex-grow flex-col gap-3\">\n<div class=\"min-h-[20px] flex flex-col items-start gap-4 whitespace-pre-wrap break-words\">\n<div class=\"markdown prose w-full break-words dark:prose-invert light\">\n<p>Feed silo for automatic feeding system for pigs. Minh Phat provides installation of automatic feeding system for pig farms<\/p>\n<div class=\"et_pb_module et_pb_text et_pb_text_3 et_pb_text_align_left et_pb_bg_layout_light\">\n<div class=\"et_pb_text_inner\">\n<h4>Advantages:<\/h4>\n<\/div>\n<\/div>\n<div class=\"et_pb_module et_pb_text et_pb_text_4 et_pb_text_align_left et_pb_bg_layout_light\">\n<div class=\"et_pb_text_inner\">\n<p><strong>Feed storage and optimal emptying of the silo:<\/strong><\/p>\n<p>The angle of the inferior cone favors the optimal flow of the feed; the configuration of the upper cone facilitates the maximum filling of the silo; for the inferior cone there are used round cap screws.<\/p>\n<p><strong>The conservation of the feed\u2019s nutritive quality:<\/strong><\/p>\n<p>The superior galvanization level and the corrugation of the metal sheets reduce the internal temperatures modifications and the condensation not only the corrugated form of the plates, but also the fixed connections provide the silo\u2019s impermeability, therefore avoiding the moistening of the feed.<\/p>\n<p><strong>Durability and easy maintenance:<\/strong><\/p>\n<p>Solid construction, easy montage and an almost absent maintenance,\u00a0 high anti-corrosive protection, the ladder with the protection rings offers safety, secure connections and good impermeability, the high quality plates offer protection against corrosion.<\/p>\n<\/div>\n<\/div>\n<\/div>\n<\/div>\n<\/div>\n<\/div>\n<\/div>\n<\/div>\n","protected":false},"featured_media":12718,"template":"","meta":{"_uag_custom_page_level_css":"","footnotes":""},"product_brand":[],"product_cat":[1032,1040],"product_tag":[1283],"class_list":{"0":"post-8121","1":"product","2":"type-product","3":"status-publish","4":"has-post-thumbnail","6":"product_cat-automatic-feeding-system","7":"product_cat-silos-feeding-systems","8":"product_tag-he-thong-vit-tai-en","10":"first","11":"instock","12":"shipping-taxable","13":"product-type-simple"},"acf":[],"yoast_head":"<!-- This site is optimized with the Yoast SEO Premium plugin v22.9 (Yoast SEO v27.4) - https:\/\/yoast.com\/product\/yoast-seo-premium-wordpress\/ -->\n<title>Feed Silo - Thi\u1ebft b\u1ecb ch\u0103n nu\u00f4i<\/title>\n<meta name=\"description\" content=\"Feed silo for automatic feeding system for pigs. Minh Phat provides installation of automatic feeding system for pig farms\" \/>\n<meta name=\"robots\" content=\"index, follow, max-snippet:-1, max-image-preview:large, max-video-preview:-1\" \/>\n<link rel=\"canonical\" href=\"https:\/\/thietbichannuoi.com\/en\/san-pham\/silos\/\" \/>\n<meta property=\"og:locale\" content=\"en_US\" \/>\n<meta property=\"og:type\" content=\"article\" \/>\n<meta property=\"og:title\" content=\"Feed Silo\" \/>\n<meta property=\"og:description\" content=\"Feed silo for automatic feeding system for pigs. Minh Phat provides installation of automatic feeding system for pig farms   Advantages:      Feed storage and optimal emptying of the silo:  The angle of the inferior cone favors the optimal flow of the feed; the configuration of the upper cone facilitates the maximum filling of the silo; for the inferior cone there are used round cap screws.  The conservation of the feed\u2019s nutritive quality:  The superior galvanization level and the corrugation of the metal sheets reduce the internal temperatures modifications and the condensation not only the corrugated form of the plates, but also the fixed connections provide the silo\u2019s impermeability, therefore avoiding the moistening of the feed.  Durability and easy maintenance:  Solid construction, easy montage and an almost absent maintenance,\u00a0 high anti-corrosive protection, the ladder with the protection rings offers safety, secure connections and good impermeability, the high quality plates offer protection against corrosion.\" \/>\n<meta property=\"og:url\" content=\"https:\/\/thietbichannuoi.com\/en\/san-pham\/silos\/\" \/>\n<meta property=\"og:site_name\" content=\"Thi\u1ebft b\u1ecb ch\u0103n nu\u00f4i\" \/>\n<meta property=\"article:modified_time\" content=\"2025-09-25T03:30:09+00:00\" \/>\n<meta property=\"og:image\" content=\"https:\/\/thietbichannuoi.com\/wp-content\/uploads\/2019\/09\/silo-04.jpg\" \/>\n\t<meta property=\"og:image:width\" content=\"1400\" \/>\n\t<meta property=\"og:image:height\" content=\"1200\" \/>\n\t<meta property=\"og:image:type\" content=\"image\/jpeg\" \/>\n<meta name=\"twitter:card\" content=\"summary_large_image\" \/>\n<meta name=\"twitter:label1\" content=\"Est. reading time\" \/>\n\t<meta name=\"twitter:data1\" content=\"2 minutes\" \/>\n<!-- \/ Yoast SEO Premium plugin. -->","yoast_head_json":{"title":"Feed Silo - Thi\u1ebft b\u1ecb ch\u0103n nu\u00f4i","description":"Feed silo for automatic feeding system for pigs. Minh Phat provides installation of automatic feeding system for pig farms","robots":{"index":"index","follow":"follow","max-snippet":"max-snippet:-1","max-image-preview":"max-image-preview:large","max-video-preview":"max-video-preview:-1"},"canonical":"https:\/\/thietbichannuoi.com\/en\/san-pham\/silos\/","og_locale":"en_US","og_type":"article","og_title":"Feed Silo","og_description":"Feed silo for automatic feeding system for pigs. Minh Phat provides installation of automatic feeding system for pig farms   Advantages:      Feed storage and optimal emptying of the silo:  The angle of the inferior cone favors the optimal flow of the feed; the configuration of the upper cone facilitates the maximum filling of the silo; for the inferior cone there are used round cap screws.  The conservation of the feed\u2019s nutritive quality:  The superior galvanization level and the corrugation of the metal sheets reduce the internal temperatures modifications and the condensation not only the corrugated form of the plates, but also the fixed connections provide the silo\u2019s impermeability, therefore avoiding the moistening of the feed.  Durability and easy maintenance:  Solid construction, easy montage and an almost absent maintenance,\u00a0 high anti-corrosive protection, the ladder with the protection rings offers safety, secure connections and good impermeability, the high quality plates offer protection against corrosion.","og_url":"https:\/\/thietbichannuoi.com\/en\/san-pham\/silos\/","og_site_name":"Thi\u1ebft b\u1ecb ch\u0103n nu\u00f4i","article_modified_time":"2025-09-25T03:30:09+00:00","og_image":[{"width":1400,"height":1200,"url":"https:\/\/thietbichannuoi.com\/wp-content\/uploads\/2019\/09\/silo-04.jpg","type":"image\/jpeg"}],"twitter_card":"summary_large_image","twitter_misc":{"Est. reading time":"2 minutes"},"schema":{"@context":"https:\/\/schema.org","@graph":[{"@type":"WebPage","@id":"https:\/\/thietbichannuoi.com\/en\/san-pham\/silos\/","url":"https:\/\/thietbichannuoi.com\/en\/san-pham\/silos\/","name":"Feed Silo - Thi\u1ebft b\u1ecb ch\u0103n nu\u00f4i","isPartOf":{"@id":"https:\/\/thietbichannuoi.com\/#website"},"primaryImageOfPage":{"@id":"https:\/\/thietbichannuoi.com\/en\/san-pham\/silos\/#primaryimage"},"image":{"@id":"https:\/\/thietbichannuoi.com\/en\/san-pham\/silos\/#primaryimage"},"thumbnailUrl":"https:\/\/thietbichannuoi.com\/wp-content\/uploads\/2019\/09\/silo-04.jpg","datePublished":"2019-09-13T06:57:34+00:00","dateModified":"2025-09-25T03:30:09+00:00","description":"Feed silo for automatic feeding system for pigs. Minh Phat provides installation of automatic feeding system for pig farms","breadcrumb":{"@id":"https:\/\/thietbichannuoi.com\/en\/san-pham\/silos\/#breadcrumb"},"inLanguage":"en-US","potentialAction":[{"@type":"ReadAction","target":["https:\/\/thietbichannuoi.com\/en\/san-pham\/silos\/"]}]},{"@type":"ImageObject","inLanguage":"en-US","@id":"https:\/\/thietbichannuoi.com\/en\/san-pham\/silos\/#primaryimage","url":"https:\/\/thietbichannuoi.com\/wp-content\/uploads\/2019\/09\/silo-04.jpg","contentUrl":"https:\/\/thietbichannuoi.com\/wp-content\/uploads\/2019\/09\/silo-04.jpg","width":1400,"height":1200,"caption":"silo"},{"@type":"BreadcrumbList","@id":"https:\/\/thietbichannuoi.com\/en\/san-pham\/silos\/#breadcrumb","itemListElement":[{"@type":"ListItem","position":1,"name":"Home","item":"https:\/\/thietbichannuoi.com\/en\/"},{"@type":"ListItem","position":2,"name":"Shop","item":"https:\/\/thietbichannuoi.com\/shop\/"},{"@type":"ListItem","position":3,"name":"Feed Silo"}]},{"@type":"WebSite","@id":"https:\/\/thietbichannuoi.com\/#website","url":"https:\/\/thietbichannuoi.com\/","name":"Thi\u1ebft b\u1ecb ch\u0103n nu\u00f4i","description":"S\u1ea3n xu\u1ea5t thi\u1ebft b\u1ecb ch\u0103n nu\u00f4i gia s\u00fac, gia c\u1ea7m v\u00e0 c\u00e1c s\u1ea3n ph\u1ea9m t\u1eeb nh\u1ef1a","publisher":{"@id":"https:\/\/thietbichannuoi.com\/#organization"},"potentialAction":[{"@type":"SearchAction","target":{"@type":"EntryPoint","urlTemplate":"https:\/\/thietbichannuoi.com\/?s={search_term_string}"},"query-input":{"@type":"PropertyValueSpecification","valueRequired":true,"valueName":"search_term_string"}}],"inLanguage":"en-US"},{"@type":"Organization","@id":"https:\/\/thietbichannuoi.com\/#organization","name":"Thi\u1ebft b\u1ecb ch\u0103n nu\u00f4i Minh Ph\u00e1t","url":"https:\/\/thietbichannuoi.com\/","logo":{"@type":"ImageObject","inLanguage":"en-US","@id":"https:\/\/thietbichannuoi.com\/#\/schema\/logo\/image\/","url":"https:\/\/thietbichannuoi.com\/wp-content\/uploads\/2021\/04\/logo-thiet-bi-chan-nuoi.png","contentUrl":"https:\/\/thietbichannuoi.com\/wp-content\/uploads\/2021\/04\/logo-thiet-bi-chan-nuoi.png","width":104,"height":79,"caption":"Thi\u1ebft b\u1ecb ch\u0103n nu\u00f4i Minh Ph\u00e1t"},"image":{"@id":"https:\/\/thietbichannuoi.com\/#\/schema\/logo\/image\/"}}]}},"uagb_featured_image_src":{"full":["https:\/\/thietbichannuoi.com\/wp-content\/uploads\/2019\/09\/silo-04.jpg",1400,1200,false],"thumbnail":["https:\/\/thietbichannuoi.com\/wp-content\/uploads\/2019\/09\/silo-04.jpg",150,129,false],"medium":["https:\/\/thietbichannuoi.com\/wp-content\/uploads\/2019\/09\/silo-04.jpg",300,257,false],"medium_large":["https:\/\/thietbichannuoi.com\/wp-content\/uploads\/2019\/09\/silo-04.jpg",1400,1200,false],"large":["https:\/\/thietbichannuoi.com\/wp-content\/uploads\/2019\/09\/silo-04.jpg",800,686,false],"1536x1536":["https:\/\/thietbichannuoi.com\/wp-content\/uploads\/2019\/09\/silo-04.jpg",1400,1200,false],"2048x2048":["https:\/\/thietbichannuoi.com\/wp-content\/uploads\/2019\/09\/silo-04.jpg",1400,1200,false],"woocommerce_thumbnail":["https:\/\/thietbichannuoi.com\/wp-content\/uploads\/2019\/09\/silo-04.jpg",1400,1200,false],"woocommerce_single":["https:\/\/thietbichannuoi.com\/wp-content\/uploads\/2019\/09\/silo-04.jpg",1400,1200,false],"woocommerce_gallery_thumbnail":["https:\/\/thietbichannuoi.com\/wp-content\/uploads\/2019\/09\/silo-04-100x100.jpg",100,100,true]},"uagb_author_info":{"display_name":"dinhlam","author_link":"https:\/\/thietbichannuoi.com\/en\/author\/"},"uagb_comment_info":0,"uagb_excerpt":"Feed silo for automatic feeding system for pigs. Minh Phat provides installation of automatic feeding system for pig farms Advantages: Feed storage and optimal emptying of the silo: The angle of the inferior cone favors the optimal flow of the feed; the configuration of the upper cone facilitates the maximum filling of the silo; for&hellip;","_links":{"self":[{"href":"https:\/\/thietbichannuoi.com\/en\/wp-json\/wp\/v2\/product\/8121","targetHints":{"allow":["GET"]}}],"collection":[{"href":"https:\/\/thietbichannuoi.com\/en\/wp-json\/wp\/v2\/product"}],"about":[{"href":"https:\/\/thietbichannuoi.com\/en\/wp-json\/wp\/v2\/types\/product"}],"version-history":[{"count":0,"href":"https:\/\/thietbichannuoi.com\/en\/wp-json\/wp\/v2\/product\/8121\/revisions"}],"wp:featuredmedia":[{"embeddable":true,"href":"https:\/\/thietbichannuoi.com\/en\/wp-json\/wp\/v2\/media\/12718"}],"wp:attachment":[{"href":"https:\/\/thietbichannuoi.com\/en\/wp-json\/wp\/v2\/media?parent=8121"}],"wp:term":[{"taxonomy":"product_brand","embeddable":true,"href":"https:\/\/thietbichannuoi.com\/en\/wp-json\/wp\/v2\/product_brand?post=8121"},{"taxonomy":"product_cat","embeddable":true,"href":"https:\/\/thietbichannuoi.com\/en\/wp-json\/wp\/v2\/product_cat?post=8121"},{"taxonomy":"product_tag","embeddable":true,"href":"https:\/\/thietbichannuoi.com\/en\/wp-json\/wp\/v2\/product_tag?post=8121"}],"curies":[{"name":"wp","href":"https:\/\/api.w.org\/{rel}","templated":true}]}}