{"id":8153,"date":"2019-11-23T09:39:14","date_gmt":"2019-11-23T02:39:14","guid":{"rendered":"https:\/\/thietbichannuoi.com\/?post_type=product&#038;p=8153"},"modified":"2025-09-26T14:54:24","modified_gmt":"2025-09-26T07:54:24","slug":"cast-iron-slat","status":"publish","type":"product","link":"https:\/\/thietbichannuoi.com\/en\/san-pham\/cast-iron-slat\/","title":{"rendered":"Cast iron slats pig equipment farms"},"content":{"rendered":"<p><strong>Cast iron slats pig equipment farmsg 600x600mm SN22-03<\/strong><\/p>\n<p>It is used for the flooring of the sow pen in farrowing crates.<\/p>\n<ul>\n<li>High load capacity and durability.<\/li>\n<li>Easy to clean and disinfect.<\/li>\n<li>Quick drainage and fast drying.<\/li>\n<li>Piglets lose less body heat upon contact.<\/li>\n<li>Smooth, textured surface with anti-slip grooves.<\/li>\n<li>Multi-directional locking design prevents edge lifting and lateral slipping.<\/li>\n<\/ul>\n<p>&nbsp;<\/p>\n<p><img fetchpriority=\"high\" decoding=\"async\" class=\"wp-image-20137 size-large\" src=\"https:\/\/thietbichannuoi.com\/wp-content\/uploads\/2022\/11\/SAN-HEO-NAI-DE-1024x878.jpg\" alt=\"S\u00e0n heo \u0111\u1ebb\" width=\"800\" height=\"686\" srcset=\"https:\/\/thietbichannuoi.com\/wp-content\/uploads\/2022\/11\/SAN-HEO-NAI-DE-1024x878.jpg 1024w, https:\/\/thietbichannuoi.com\/wp-content\/uploads\/2022\/11\/SAN-HEO-NAI-DE-300x257.jpg 300w, https:\/\/thietbichannuoi.com\/wp-content\/uploads\/2022\/11\/SAN-HEO-NAI-DE-150x129.jpg 150w, https:\/\/thietbichannuoi.com\/wp-content\/uploads\/2022\/11\/SAN-HEO-NAI-DE.jpg 1400w\" sizes=\"(max-width: 800px) 100vw, 800px\" \/><\/p>\n","protected":false},"excerpt":{"rendered":"<p><strong>Code: SN22-03<\/strong><\/p>\n<ul>\n<li><strong>Dimensions:<\/strong> 600x600x30mm<\/li>\n<li><strong>Material:<\/strong> Cast iron<\/li>\n<li><strong>Used for:<\/strong> Farrowing floor<\/li>\n<li><strong>Load Capacity:<\/strong> 300kg<\/li>\n<li><strong>Weight:<\/strong> 13 kg \u00b12%<\/li>\n<li><strong>Slot width:<\/strong> 10 mm<\/li>\n<li><strong>Bending deformation:<\/strong> &lt; 2 mm\/100 kg<\/li>\n<li><strong>Made in:<\/strong> China<\/li>\n<\/ul>\n","protected":false},"featured_media":14575,"template":"","meta":{"_uag_custom_page_level_css":"","footnotes":""},"product_brand":[],"product_cat":[291,303],"product_tag":[1451],"class_list":{"0":"post-8153","1":"product","2":"type-product","3":"status-publish","4":"has-post-thumbnail","6":"product_cat-equipment-for-pig","7":"product_cat-plastic-floors","8":"product_tag-cast-iron-slats","10":"first","11":"instock","12":"shipping-taxable","13":"product-type-simple"},"acf":[],"yoast_head":"<!-- This site is optimized with the Yoast SEO Premium plugin v22.9 (Yoast SEO v27.4) - https:\/\/yoast.com\/product\/yoast-seo-premium-wordpress\/ -->\n<title>Cast iron slats pig equipment farms - Thi\u1ebft b\u1ecb ch\u0103n nu\u00f4i<\/title>\n<meta name=\"description\" content=\"Cast iron slats for pig equipment farms\" \/>\n<meta name=\"robots\" content=\"index, follow, max-snippet:-1, max-image-preview:large, max-video-preview:-1\" \/>\n<link rel=\"canonical\" href=\"https:\/\/thietbichannuoi.com\/en\/san-pham\/cast-iron-slat\/\" \/>\n<meta property=\"og:locale\" content=\"en_US\" \/>\n<meta property=\"og:type\" content=\"article\" \/>\n<meta property=\"og:title\" content=\"Cast iron slats pig equipment farms\" \/>\n<meta property=\"og:description\" content=\"Code: SN22-03   Dimensions: 600x600x30mm  Material: Cast iron  Used for: Farrowing floor  Load Capacity: 300kg  Weight: 13 kg \u00b12%  Slot width: 10 mm  Bending deformation: &lt; 2 mm\/100 kg  Made in: China\" \/>\n<meta property=\"og:url\" content=\"https:\/\/thietbichannuoi.com\/en\/san-pham\/cast-iron-slat\/\" \/>\n<meta property=\"og:site_name\" content=\"Thi\u1ebft b\u1ecb ch\u0103n nu\u00f4i\" \/>\n<meta property=\"article:modified_time\" content=\"2025-09-26T07:54:24+00:00\" \/>\n<meta property=\"og:image\" content=\"https:\/\/thietbichannuoi.com\/wp-content\/uploads\/2019\/11\/san-heo-bang-gang-60x60-1.jpg\" \/>\n\t<meta property=\"og:image:width\" content=\"1400\" \/>\n\t<meta property=\"og:image:height\" content=\"1200\" \/>\n\t<meta property=\"og:image:type\" content=\"image\/jpeg\" \/>\n<meta name=\"twitter:card\" content=\"summary_large_image\" \/>\n<meta name=\"twitter:label1\" content=\"Est. reading time\" \/>\n\t<meta name=\"twitter:data1\" content=\"1 minute\" \/>\n<!-- \/ Yoast SEO Premium plugin. -->","yoast_head_json":{"title":"Cast iron slats pig equipment farms - Thi\u1ebft b\u1ecb ch\u0103n nu\u00f4i","description":"Cast iron slats for pig equipment farms","robots":{"index":"index","follow":"follow","max-snippet":"max-snippet:-1","max-image-preview":"max-image-preview:large","max-video-preview":"max-video-preview:-1"},"canonical":"https:\/\/thietbichannuoi.com\/en\/san-pham\/cast-iron-slat\/","og_locale":"en_US","og_type":"article","og_title":"Cast iron slats pig equipment farms","og_description":"Code: SN22-03   Dimensions: 600x600x30mm  Material: Cast iron  Used for: Farrowing floor  Load Capacity: 300kg  Weight: 13 kg \u00b12%  Slot width: 10 mm  Bending deformation: &lt; 2 mm\/100 kg  Made in: China","og_url":"https:\/\/thietbichannuoi.com\/en\/san-pham\/cast-iron-slat\/","og_site_name":"Thi\u1ebft b\u1ecb ch\u0103n nu\u00f4i","article_modified_time":"2025-09-26T07:54:24+00:00","og_image":[{"width":1400,"height":1200,"url":"https:\/\/thietbichannuoi.com\/wp-content\/uploads\/2019\/11\/san-heo-bang-gang-60x60-1.jpg","type":"image\/jpeg"}],"twitter_card":"summary_large_image","twitter_misc":{"Est. reading time":"1 minute"},"schema":{"@context":"https:\/\/schema.org","@graph":[{"@type":"WebPage","@id":"https:\/\/thietbichannuoi.com\/en\/san-pham\/cast-iron-slat\/","url":"https:\/\/thietbichannuoi.com\/en\/san-pham\/cast-iron-slat\/","name":"Cast iron slats pig equipment farms - Thi\u1ebft b\u1ecb ch\u0103n nu\u00f4i","isPartOf":{"@id":"https:\/\/thietbichannuoi.com\/#website"},"primaryImageOfPage":{"@id":"https:\/\/thietbichannuoi.com\/en\/san-pham\/cast-iron-slat\/#primaryimage"},"image":{"@id":"https:\/\/thietbichannuoi.com\/en\/san-pham\/cast-iron-slat\/#primaryimage"},"thumbnailUrl":"https:\/\/thietbichannuoi.com\/wp-content\/uploads\/2019\/11\/san-heo-bang-gang-60x60-1.jpg","datePublished":"2019-11-23T02:39:14+00:00","dateModified":"2025-09-26T07:54:24+00:00","description":"Cast iron slats for pig equipment farms","breadcrumb":{"@id":"https:\/\/thietbichannuoi.com\/en\/san-pham\/cast-iron-slat\/#breadcrumb"},"inLanguage":"en-US","potentialAction":[{"@type":"ReadAction","target":["https:\/\/thietbichannuoi.com\/en\/san-pham\/cast-iron-slat\/"]}]},{"@type":"ImageObject","inLanguage":"en-US","@id":"https:\/\/thietbichannuoi.com\/en\/san-pham\/cast-iron-slat\/#primaryimage","url":"https:\/\/thietbichannuoi.com\/wp-content\/uploads\/2019\/11\/san-heo-bang-gang-60x60-1.jpg","contentUrl":"https:\/\/thietbichannuoi.com\/wp-content\/uploads\/2019\/11\/san-heo-bang-gang-60x60-1.jpg","width":1400,"height":1200,"caption":"Cast iron slats for pig equipment farms"},{"@type":"BreadcrumbList","@id":"https:\/\/thietbichannuoi.com\/en\/san-pham\/cast-iron-slat\/#breadcrumb","itemListElement":[{"@type":"ListItem","position":1,"name":"Home","item":"https:\/\/thietbichannuoi.com\/en\/"},{"@type":"ListItem","position":2,"name":"Shop","item":"https:\/\/thietbichannuoi.com\/shop\/"},{"@type":"ListItem","position":3,"name":"Cast iron slats pig equipment farms"}]},{"@type":"WebSite","@id":"https:\/\/thietbichannuoi.com\/#website","url":"https:\/\/thietbichannuoi.com\/","name":"Thi\u1ebft b\u1ecb ch\u0103n nu\u00f4i","description":"S\u1ea3n xu\u1ea5t thi\u1ebft b\u1ecb ch\u0103n nu\u00f4i gia s\u00fac, gia c\u1ea7m v\u00e0 c\u00e1c s\u1ea3n ph\u1ea9m t\u1eeb nh\u1ef1a","publisher":{"@id":"https:\/\/thietbichannuoi.com\/#organization"},"potentialAction":[{"@type":"SearchAction","target":{"@type":"EntryPoint","urlTemplate":"https:\/\/thietbichannuoi.com\/?s={search_term_string}"},"query-input":{"@type":"PropertyValueSpecification","valueRequired":true,"valueName":"search_term_string"}}],"inLanguage":"en-US"},{"@type":"Organization","@id":"https:\/\/thietbichannuoi.com\/#organization","name":"Thi\u1ebft b\u1ecb ch\u0103n nu\u00f4i Minh Ph\u00e1t","url":"https:\/\/thietbichannuoi.com\/","logo":{"@type":"ImageObject","inLanguage":"en-US","@id":"https:\/\/thietbichannuoi.com\/#\/schema\/logo\/image\/","url":"https:\/\/thietbichannuoi.com\/wp-content\/uploads\/2021\/04\/logo-thiet-bi-chan-nuoi.png","contentUrl":"https:\/\/thietbichannuoi.com\/wp-content\/uploads\/2021\/04\/logo-thiet-bi-chan-nuoi.png","width":104,"height":79,"caption":"Thi\u1ebft b\u1ecb ch\u0103n nu\u00f4i Minh Ph\u00e1t"},"image":{"@id":"https:\/\/thietbichannuoi.com\/#\/schema\/logo\/image\/"}}]}},"uagb_featured_image_src":{"full":["https:\/\/thietbichannuoi.com\/wp-content\/uploads\/2019\/11\/san-heo-bang-gang-60x60-1.jpg",1400,1200,false],"thumbnail":["https:\/\/thietbichannuoi.com\/wp-content\/uploads\/2019\/11\/san-heo-bang-gang-60x60-1.jpg",150,129,false],"medium":["https:\/\/thietbichannuoi.com\/wp-content\/uploads\/2019\/11\/san-heo-bang-gang-60x60-1.jpg",300,257,false],"medium_large":["https:\/\/thietbichannuoi.com\/wp-content\/uploads\/2019\/11\/san-heo-bang-gang-60x60-1.jpg",1400,1200,false],"large":["https:\/\/thietbichannuoi.com\/wp-content\/uploads\/2019\/11\/san-heo-bang-gang-60x60-1.jpg",800,686,false],"1536x1536":["https:\/\/thietbichannuoi.com\/wp-content\/uploads\/2019\/11\/san-heo-bang-gang-60x60-1.jpg",1400,1200,false],"2048x2048":["https:\/\/thietbichannuoi.com\/wp-content\/uploads\/2019\/11\/san-heo-bang-gang-60x60-1.jpg",1400,1200,false],"woocommerce_thumbnail":["https:\/\/thietbichannuoi.com\/wp-content\/uploads\/2019\/11\/san-heo-bang-gang-60x60-1.jpg",1400,1200,false],"woocommerce_single":["https:\/\/thietbichannuoi.com\/wp-content\/uploads\/2019\/11\/san-heo-bang-gang-60x60-1.jpg",1400,1200,false],"woocommerce_gallery_thumbnail":["https:\/\/thietbichannuoi.com\/wp-content\/uploads\/2019\/11\/san-heo-bang-gang-60x60-1-100x100.jpg",100,100,true]},"uagb_author_info":{"display_name":"dinhlam","author_link":"https:\/\/thietbichannuoi.com\/en\/author\/"},"uagb_comment_info":0,"uagb_excerpt":"Code: SN22-03 Dimensions: 600x600x30mm Material: Cast iron Used for: Farrowing floor Load Capacity: 300kg Weight: 13 kg \u00b12% Slot width: 10 mm Bending deformation: &lt; 2 mm\/100 kg Made in: China","_links":{"self":[{"href":"https:\/\/thietbichannuoi.com\/en\/wp-json\/wp\/v2\/product\/8153","targetHints":{"allow":["GET"]}}],"collection":[{"href":"https:\/\/thietbichannuoi.com\/en\/wp-json\/wp\/v2\/product"}],"about":[{"href":"https:\/\/thietbichannuoi.com\/en\/wp-json\/wp\/v2\/types\/product"}],"version-history":[{"count":0,"href":"https:\/\/thietbichannuoi.com\/en\/wp-json\/wp\/v2\/product\/8153\/revisions"}],"wp:featuredmedia":[{"embeddable":true,"href":"https:\/\/thietbichannuoi.com\/en\/wp-json\/wp\/v2\/media\/14575"}],"wp:attachment":[{"href":"https:\/\/thietbichannuoi.com\/en\/wp-json\/wp\/v2\/media?parent=8153"}],"wp:term":[{"taxonomy":"product_brand","embeddable":true,"href":"https:\/\/thietbichannuoi.com\/en\/wp-json\/wp\/v2\/product_brand?post=8153"},{"taxonomy":"product_cat","embeddable":true,"href":"https:\/\/thietbichannuoi.com\/en\/wp-json\/wp\/v2\/product_cat?post=8153"},{"taxonomy":"product_tag","embeddable":true,"href":"https:\/\/thietbichannuoi.com\/en\/wp-json\/wp\/v2\/product_tag?post=8153"}],"curies":[{"name":"wp","href":"https:\/\/api.w.org\/{rel}","templated":true}]}}