{"id":8158,"date":"2019-11-23T10:49:08","date_gmt":"2019-11-23T03:49:08","guid":{"rendered":"https:\/\/thietbichannuoi.com\/?post_type=product&#038;p=8158"},"modified":"2025-09-25T16:54:14","modified_gmt":"2025-09-25T09:54:14","slug":"dark-light-filter-panels","status":"publish","type":"product","link":"https:\/\/thietbichannuoi.com\/en\/san-pham\/dark-light-filter-panels\/","title":{"rendered":"Dark Light Filter Panels"},"content":{"rendered":"<p>Dark Light Filter Panels<\/p>\n<p><img fetchpriority=\"high\" decoding=\"async\" class=\"wp-image-8160 aligncenter\" src=\"https:\/\/thietbichannuoi.com\/wp-content\/uploads\/2019\/11\/C\u1ea5u-t\u1ea1o-t\u1ea5m-l\u1ea5y-s\u00e1ng-300x102.jpg\" alt=\"\" width=\"682\" height=\"232\" \/><\/p>\n<p><img decoding=\"async\" class=\" wp-image-8157 aligncenter\" src=\"https:\/\/thietbichannuoi.com\/wp-content\/uploads\/2019\/11\/201709051306247932202-300x57.jpg\" alt=\"\" width=\"679\" height=\"129\" \/><\/p>\n<p><img decoding=\"async\" class=\"wp-image-12429 size-full\" src=\"https:\/\/thietbichannuoi.com\/wp-content\/uploads\/2023\/04\/4-light-trap-and-filter_05.jpg\" alt=\"4-light-trap-and-filter_05\" width=\"1400\" height=\"1200\" srcset=\"https:\/\/thietbichannuoi.com\/wp-content\/uploads\/2023\/04\/4-light-trap-and-filter_05.jpg 1400w, https:\/\/thietbichannuoi.com\/wp-content\/uploads\/2023\/04\/4-light-trap-and-filter_05-300x257.jpg 300w, https:\/\/thietbichannuoi.com\/wp-content\/uploads\/2023\/04\/4-light-trap-and-filter_05-1024x878.jpg 1024w, https:\/\/thietbichannuoi.com\/wp-content\/uploads\/2023\/04\/4-light-trap-and-filter_05-150x129.jpg 150w\" sizes=\"(max-width: 1400px) 100vw, 1400px\" \/><\/p>\n<p><img loading=\"lazy\" decoding=\"async\" class=\"wp-image-12431 size-full\" src=\"https:\/\/thietbichannuoi.com\/wp-content\/uploads\/2023\/04\/4-light-trap-and-filter_07.jpg\" alt=\"T\u1ea5m ch\u1eafn s\u00e1ng (Light trap)\" width=\"1400\" height=\"1200\" srcset=\"https:\/\/thietbichannuoi.com\/wp-content\/uploads\/2023\/04\/4-light-trap-and-filter_07.jpg 1400w, https:\/\/thietbichannuoi.com\/wp-content\/uploads\/2023\/04\/4-light-trap-and-filter_07-300x257.jpg 300w, https:\/\/thietbichannuoi.com\/wp-content\/uploads\/2023\/04\/4-light-trap-and-filter_07-1024x878.jpg 1024w, https:\/\/thietbichannuoi.com\/wp-content\/uploads\/2023\/04\/4-light-trap-and-filter_07-150x129.jpg 150w\" sizes=\"(max-width: 1400px) 100vw, 1400px\" \/><\/p>\n<p>&nbsp;<\/p>\n","protected":false},"excerpt":{"rendered":"<p class=\"details-title1\"><strong>Light Trap for Ventilation Fan Poultry Breeder Shed<\/strong><\/p>\n<p class=\"details-txt1\">Poultry house light trap The light trap ussally using in poultry breeder house, install for fan and air inlet,to prevent the light into breeder house. \u00b7 Made by non-glare PVC material,by extrusion molding finished,anti-ageing,chemical resistant,high pressure washable. \u00b7 the size can by&#8230;<\/p>\n<p>1. <strong>Code:<\/strong> <strong>PKQ01-00<\/strong><\/p>\n<ul>\n<li>\u00a0<strong>Size:<\/strong> 1380x1380x 260mm<\/li>\n<li><strong>Used for 48\u2019\u2019 fans<\/strong><\/li>\n<\/ul>\n<p>2. <strong>Code: PKQ01-01<\/strong><\/p>\n<ul>\n<li><strong>Size:<\/strong> 1480x1480x 260mm<\/li>\n<li><strong>Used for 55\u2019\u2019 fans<\/strong><\/li>\n<\/ul>\n<p><strong>Material:<\/strong> PVC Plastic, Zinc-coated Steel Frame<br \/>\n<strong>Made in:<\/strong> China<\/p>\n","protected":false},"featured_media":12439,"template":"","meta":{"_uag_custom_page_level_css":"","footnotes":""},"product_brand":[],"product_cat":[306],"product_tag":[1292],"class_list":{"0":"post-8158","1":"product","2":"type-product","3":"status-publish","4":"has-post-thumbnail","6":"product_cat-cooling-system","7":"product_tag-dark-light-filter-panels","9":"first","10":"instock","11":"shipping-taxable","12":"product-type-simple"},"acf":[],"yoast_head":"<!-- This site is optimized with the Yoast SEO Premium plugin v22.9 (Yoast SEO v27.4) - https:\/\/yoast.com\/product\/yoast-seo-premium-wordpress\/ -->\n<title>Light Trap for Ventilation Fan Poultry Breeder Shed<\/title>\n<meta name=\"description\" content=\"Light Trap for Ventilation Fan Poultry Breeder Shed\" \/>\n<meta name=\"robots\" content=\"index, follow, max-snippet:-1, max-image-preview:large, max-video-preview:-1\" \/>\n<link rel=\"canonical\" href=\"https:\/\/thietbichannuoi.com\/en\/san-pham\/dark-light-filter-panels\/\" \/>\n<meta property=\"og:locale\" content=\"en_US\" \/>\n<meta property=\"og:type\" content=\"article\" \/>\n<meta property=\"og:title\" content=\"Dark Light Filter Panels\" \/>\n<meta property=\"og:description\" content=\"Light Trap for Ventilation Fan Poultry Breeder Shed Poultry house light trap The light trap ussally using in poultry breeder house, install for fan and air inlet,to prevent the light into breeder house. \u00b7 Made by non-glare PVC material,by extrusion molding finished,anti-ageing,chemical resistant,high pressure washable. \u00b7 the size can by... 1. Code: PKQ01-00   \u00a0Size: 1380x1380x 260mm  Used for 48\u2019\u2019 fans  2. Code: PKQ01-01   Size: 1480x1480x 260mm  Used for 55\u2019\u2019 fans  Material: PVC Plastic, Zinc-coated Steel Frame Made in: China\" \/>\n<meta property=\"og:url\" content=\"https:\/\/thietbichannuoi.com\/en\/san-pham\/dark-light-filter-panels\/\" \/>\n<meta property=\"og:site_name\" content=\"Thi\u1ebft b\u1ecb ch\u0103n nu\u00f4i\" \/>\n<meta property=\"article:modified_time\" content=\"2025-09-25T09:54:14+00:00\" \/>\n<meta property=\"og:image\" content=\"https:\/\/thietbichannuoi.com\/wp-content\/uploads\/2023\/04\/Tam-chan-sang-Light-trap.jpg\" \/>\n\t<meta property=\"og:image:width\" content=\"1400\" \/>\n\t<meta property=\"og:image:height\" content=\"1200\" \/>\n\t<meta property=\"og:image:type\" content=\"image\/jpeg\" \/>\n<meta name=\"twitter:card\" content=\"summary_large_image\" \/>\n<meta name=\"twitter:label1\" content=\"Est. reading time\" \/>\n\t<meta name=\"twitter:data1\" content=\"2 minutes\" \/>\n<!-- \/ Yoast SEO Premium plugin. -->","yoast_head_json":{"title":"Light Trap for Ventilation Fan Poultry Breeder Shed","description":"Light Trap for Ventilation Fan Poultry Breeder Shed","robots":{"index":"index","follow":"follow","max-snippet":"max-snippet:-1","max-image-preview":"max-image-preview:large","max-video-preview":"max-video-preview:-1"},"canonical":"https:\/\/thietbichannuoi.com\/en\/san-pham\/dark-light-filter-panels\/","og_locale":"en_US","og_type":"article","og_title":"Dark Light Filter Panels","og_description":"Light Trap for Ventilation Fan Poultry Breeder Shed Poultry house light trap The light trap ussally using in poultry breeder house, install for fan and air inlet,to prevent the light into breeder house. \u00b7 Made by non-glare PVC material,by extrusion molding finished,anti-ageing,chemical resistant,high pressure washable. \u00b7 the size can by... 1. Code: PKQ01-00   \u00a0Size: 1380x1380x 260mm  Used for 48\u2019\u2019 fans  2. Code: PKQ01-01   Size: 1480x1480x 260mm  Used for 55\u2019\u2019 fans  Material: PVC Plastic, Zinc-coated Steel Frame Made in: China","og_url":"https:\/\/thietbichannuoi.com\/en\/san-pham\/dark-light-filter-panels\/","og_site_name":"Thi\u1ebft b\u1ecb ch\u0103n nu\u00f4i","article_modified_time":"2025-09-25T09:54:14+00:00","og_image":[{"width":1400,"height":1200,"url":"https:\/\/thietbichannuoi.com\/wp-content\/uploads\/2023\/04\/Tam-chan-sang-Light-trap.jpg","type":"image\/jpeg"}],"twitter_card":"summary_large_image","twitter_misc":{"Est. reading time":"2 minutes"},"schema":{"@context":"https:\/\/schema.org","@graph":[{"@type":"WebPage","@id":"https:\/\/thietbichannuoi.com\/en\/san-pham\/dark-light-filter-panels\/","url":"https:\/\/thietbichannuoi.com\/en\/san-pham\/dark-light-filter-panels\/","name":"Light Trap for Ventilation Fan Poultry Breeder Shed","isPartOf":{"@id":"https:\/\/thietbichannuoi.com\/#website"},"primaryImageOfPage":{"@id":"https:\/\/thietbichannuoi.com\/en\/san-pham\/dark-light-filter-panels\/#primaryimage"},"image":{"@id":"https:\/\/thietbichannuoi.com\/en\/san-pham\/dark-light-filter-panels\/#primaryimage"},"thumbnailUrl":"https:\/\/thietbichannuoi.com\/wp-content\/uploads\/2023\/04\/Tam-chan-sang-Light-trap.jpg","datePublished":"2019-11-23T03:49:08+00:00","dateModified":"2025-09-25T09:54:14+00:00","description":"Light Trap for Ventilation Fan Poultry Breeder Shed","breadcrumb":{"@id":"https:\/\/thietbichannuoi.com\/en\/san-pham\/dark-light-filter-panels\/#breadcrumb"},"inLanguage":"en-US","potentialAction":[{"@type":"ReadAction","target":["https:\/\/thietbichannuoi.com\/en\/san-pham\/dark-light-filter-panels\/"]}]},{"@type":"ImageObject","inLanguage":"en-US","@id":"https:\/\/thietbichannuoi.com\/en\/san-pham\/dark-light-filter-panels\/#primaryimage","url":"https:\/\/thietbichannuoi.com\/wp-content\/uploads\/2023\/04\/Tam-chan-sang-Light-trap.jpg","contentUrl":"https:\/\/thietbichannuoi.com\/wp-content\/uploads\/2023\/04\/Tam-chan-sang-Light-trap.jpg","width":1400,"height":1200,"caption":"Dark Light Filter Panels"},{"@type":"BreadcrumbList","@id":"https:\/\/thietbichannuoi.com\/en\/san-pham\/dark-light-filter-panels\/#breadcrumb","itemListElement":[{"@type":"ListItem","position":1,"name":"Home","item":"https:\/\/thietbichannuoi.com\/en\/"},{"@type":"ListItem","position":2,"name":"Shop","item":"https:\/\/thietbichannuoi.com\/shop\/"},{"@type":"ListItem","position":3,"name":"Dark Light Filter Panels"}]},{"@type":"WebSite","@id":"https:\/\/thietbichannuoi.com\/#website","url":"https:\/\/thietbichannuoi.com\/","name":"Thi\u1ebft b\u1ecb ch\u0103n nu\u00f4i","description":"S\u1ea3n xu\u1ea5t thi\u1ebft b\u1ecb ch\u0103n nu\u00f4i gia s\u00fac, gia c\u1ea7m v\u00e0 c\u00e1c s\u1ea3n ph\u1ea9m t\u1eeb nh\u1ef1a","publisher":{"@id":"https:\/\/thietbichannuoi.com\/#organization"},"potentialAction":[{"@type":"SearchAction","target":{"@type":"EntryPoint","urlTemplate":"https:\/\/thietbichannuoi.com\/?s={search_term_string}"},"query-input":{"@type":"PropertyValueSpecification","valueRequired":true,"valueName":"search_term_string"}}],"inLanguage":"en-US"},{"@type":"Organization","@id":"https:\/\/thietbichannuoi.com\/#organization","name":"Thi\u1ebft b\u1ecb ch\u0103n nu\u00f4i Minh Ph\u00e1t","url":"https:\/\/thietbichannuoi.com\/","logo":{"@type":"ImageObject","inLanguage":"en-US","@id":"https:\/\/thietbichannuoi.com\/#\/schema\/logo\/image\/","url":"https:\/\/thietbichannuoi.com\/wp-content\/uploads\/2021\/04\/logo-thiet-bi-chan-nuoi.png","contentUrl":"https:\/\/thietbichannuoi.com\/wp-content\/uploads\/2021\/04\/logo-thiet-bi-chan-nuoi.png","width":104,"height":79,"caption":"Thi\u1ebft b\u1ecb ch\u0103n nu\u00f4i Minh Ph\u00e1t"},"image":{"@id":"https:\/\/thietbichannuoi.com\/#\/schema\/logo\/image\/"}}]}},"uagb_featured_image_src":{"full":["https:\/\/thietbichannuoi.com\/wp-content\/uploads\/2023\/04\/Tam-chan-sang-Light-trap.jpg",1400,1200,false],"thumbnail":["https:\/\/thietbichannuoi.com\/wp-content\/uploads\/2023\/04\/Tam-chan-sang-Light-trap.jpg",150,129,false],"medium":["https:\/\/thietbichannuoi.com\/wp-content\/uploads\/2023\/04\/Tam-chan-sang-Light-trap.jpg",300,257,false],"medium_large":["https:\/\/thietbichannuoi.com\/wp-content\/uploads\/2023\/04\/Tam-chan-sang-Light-trap.jpg",1400,1200,false],"large":["https:\/\/thietbichannuoi.com\/wp-content\/uploads\/2023\/04\/Tam-chan-sang-Light-trap.jpg",800,686,false],"1536x1536":["https:\/\/thietbichannuoi.com\/wp-content\/uploads\/2023\/04\/Tam-chan-sang-Light-trap.jpg",1400,1200,false],"2048x2048":["https:\/\/thietbichannuoi.com\/wp-content\/uploads\/2023\/04\/Tam-chan-sang-Light-trap.jpg",1400,1200,false],"woocommerce_thumbnail":["https:\/\/thietbichannuoi.com\/wp-content\/uploads\/2023\/04\/Tam-chan-sang-Light-trap.jpg",1400,1200,false],"woocommerce_single":["https:\/\/thietbichannuoi.com\/wp-content\/uploads\/2023\/04\/Tam-chan-sang-Light-trap.jpg",1400,1200,false],"woocommerce_gallery_thumbnail":["https:\/\/thietbichannuoi.com\/wp-content\/uploads\/2023\/04\/Tam-chan-sang-Light-trap-100x100.jpg",100,100,true]},"uagb_author_info":{"display_name":"dinhlam","author_link":"https:\/\/thietbichannuoi.com\/en\/author\/"},"uagb_comment_info":0,"uagb_excerpt":"Light Trap for Ventilation Fan Poultry Breeder Shed Poultry house light trap The light trap ussally using in poultry breeder house, install for fan and air inlet,to prevent the light into breeder house. \u00b7 Made by non-glare PVC material,by extrusion molding finished,anti-ageing,chemical resistant,high pressure washable. \u00b7 the size can by... 1. Code: PKQ01-00 \u00a0Size: 1380x1380x&hellip;","_links":{"self":[{"href":"https:\/\/thietbichannuoi.com\/en\/wp-json\/wp\/v2\/product\/8158","targetHints":{"allow":["GET"]}}],"collection":[{"href":"https:\/\/thietbichannuoi.com\/en\/wp-json\/wp\/v2\/product"}],"about":[{"href":"https:\/\/thietbichannuoi.com\/en\/wp-json\/wp\/v2\/types\/product"}],"version-history":[{"count":0,"href":"https:\/\/thietbichannuoi.com\/en\/wp-json\/wp\/v2\/product\/8158\/revisions"}],"wp:featuredmedia":[{"embeddable":true,"href":"https:\/\/thietbichannuoi.com\/en\/wp-json\/wp\/v2\/media\/12439"}],"wp:attachment":[{"href":"https:\/\/thietbichannuoi.com\/en\/wp-json\/wp\/v2\/media?parent=8158"}],"wp:term":[{"taxonomy":"product_brand","embeddable":true,"href":"https:\/\/thietbichannuoi.com\/en\/wp-json\/wp\/v2\/product_brand?post=8158"},{"taxonomy":"product_cat","embeddable":true,"href":"https:\/\/thietbichannuoi.com\/en\/wp-json\/wp\/v2\/product_cat?post=8158"},{"taxonomy":"product_tag","embeddable":true,"href":"https:\/\/thietbichannuoi.com\/en\/wp-json\/wp\/v2\/product_tag?post=8158"}],"curies":[{"name":"wp","href":"https:\/\/api.w.org\/{rel}","templated":true}]}}