{"id":8172,"date":"2019-09-24T10:41:41","date_gmt":"2019-09-24T03:41:41","guid":{"rendered":"https:\/\/thietbichannuoi.com\/?post_type=product&#038;p=8172"},"modified":"2026-01-16T13:21:09","modified_gmt":"2026-01-16T06:21:09","slug":"farrowing-piggy-crate-pvc-panel-2","status":"publish","type":"product","link":"https:\/\/thietbichannuoi.com\/en\/san-pham\/farrowing-piggy-crate-pvc-panel-2\/","title":{"rendered":"Farrowing\/ Piggy Crate PVC panel"},"content":{"rendered":"<p><img fetchpriority=\"high\" decoding=\"async\" class=\"alignnone wp-image-19085 size-full\" src=\"https:\/\/thietbichannuoi.com\/wp-content\/uploads\/2025\/05\/vach-ngan-chuon-heo-02.jpg\" alt=\"\" width=\"1280\" height=\"960\" srcset=\"https:\/\/thietbichannuoi.com\/wp-content\/uploads\/2025\/05\/vach-ngan-chuon-heo-02.jpg 1280w, https:\/\/thietbichannuoi.com\/wp-content\/uploads\/2025\/05\/vach-ngan-chuon-heo-02-600x450.jpg 600w, https:\/\/thietbichannuoi.com\/wp-content\/uploads\/2025\/05\/vach-ngan-chuon-heo-02-300x225.jpg 300w, https:\/\/thietbichannuoi.com\/wp-content\/uploads\/2025\/05\/vach-ngan-chuon-heo-02-1024x768.jpg 1024w, https:\/\/thietbichannuoi.com\/wp-content\/uploads\/2025\/05\/vach-ngan-chuon-heo-02-150x113.jpg 150w\" sizes=\"(max-width: 1280px) 100vw, 1280px\" \/><\/p>\n<p><img decoding=\"async\" class=\"alignnone wp-image-19081 size-full\" src=\"https:\/\/thietbichannuoi.com\/wp-content\/uploads\/2025\/05\/vach-ngan-chuon-heo.jpg\" alt=\"\" width=\"1280\" height=\"960\" srcset=\"https:\/\/thietbichannuoi.com\/wp-content\/uploads\/2025\/05\/vach-ngan-chuon-heo.jpg 1280w, https:\/\/thietbichannuoi.com\/wp-content\/uploads\/2025\/05\/vach-ngan-chuon-heo-600x450.jpg 600w, https:\/\/thietbichannuoi.com\/wp-content\/uploads\/2025\/05\/vach-ngan-chuon-heo-300x225.jpg 300w, https:\/\/thietbichannuoi.com\/wp-content\/uploads\/2025\/05\/vach-ngan-chuon-heo-1024x768.jpg 1024w, https:\/\/thietbichannuoi.com\/wp-content\/uploads\/2025\/05\/vach-ngan-chuon-heo-150x113.jpg 150w\" sizes=\"(max-width: 1280px) 100vw, 1280px\" \/><\/p>\n<p><img decoding=\"async\" class=\"wp-image-19083 size-full\" src=\"https:\/\/thietbichannuoi.com\/wp-content\/uploads\/2025\/05\/vach-ngan-chuon-heo-01.jpg\" alt=\"\" width=\"1280\" height=\"1477\" srcset=\"https:\/\/thietbichannuoi.com\/wp-content\/uploads\/2025\/05\/vach-ngan-chuon-heo-01.jpg 960w, https:\/\/thietbichannuoi.com\/wp-content\/uploads\/2025\/05\/vach-ngan-chuon-heo-01-600x693.jpg 600w, https:\/\/thietbichannuoi.com\/wp-content\/uploads\/2025\/05\/vach-ngan-chuon-heo-01-300x346.jpg 300w, https:\/\/thietbichannuoi.com\/wp-content\/uploads\/2025\/05\/vach-ngan-chuon-heo-01-150x173.jpg 150w\" sizes=\"(max-width: 1280px) 100vw, 1280px\" \/><\/p>\n","protected":false},"excerpt":{"rendered":"<p><strong>Code: PKH090<\/strong><\/p>\n<ul>\n<li>Material: PVC Plastic<\/li>\n<li>Dimension (LxWxH): Lx500x35mm<\/li>\n<li>Length (L): Customize<\/li>\n<li>Weight: 6.8kg \u00b1\u00a00,1 kg\/m<\/li>\n<li>Soft tissue thickness: 2.2 mm; Bone thickness: 1.1 mm<\/li>\n<li>Country of origin: Vietnam<\/li>\n<\/ul>\n","protected":false},"featured_media":14130,"template":"","meta":{"_uag_custom_page_level_css":"","footnotes":""},"product_brand":[],"product_cat":[312],"product_tag":[],"class_list":{"0":"post-8172","1":"product","2":"type-product","3":"status-publish","4":"has-post-thumbnail","6":"product_cat-other-equipment","8":"first","9":"instock","10":"shipping-taxable","11":"product-type-simple"},"acf":[],"yoast_head":"<!-- This site is optimized with the Yoast SEO Premium plugin v22.9 (Yoast SEO v27.4) - https:\/\/yoast.com\/product\/yoast-seo-premium-wordpress\/ -->\n<title>Farrowing\/Piggy Crate PVC panel<\/title>\n<meta name=\"description\" content=\"Farrowing\/ Piggy Crate PVC panel\" \/>\n<meta name=\"robots\" content=\"index, follow, max-snippet:-1, max-image-preview:large, max-video-preview:-1\" \/>\n<link rel=\"canonical\" href=\"https:\/\/thietbichannuoi.com\/en\/san-pham\/farrowing-piggy-crate-pvc-panel-2\/\" \/>\n<meta property=\"og:locale\" content=\"en_US\" \/>\n<meta property=\"og:type\" content=\"article\" \/>\n<meta property=\"og:title\" content=\"Farrowing\/ Piggy Crate PVC panel\" \/>\n<meta property=\"og:description\" content=\"Code: PKH090   Material: PVC Plastic  Dimension (LxWxH): Lx500x35mm  Length (L): Customize  Weight: 6.8kg \u00b1\u00a00,1 kg\/m  Soft tissue thickness: 2.2 mm; Bone thickness: 1.1 mm  Country of origin: Vietnam\" \/>\n<meta property=\"og:url\" content=\"https:\/\/thietbichannuoi.com\/en\/san-pham\/farrowing-piggy-crate-pvc-panel-2\/\" \/>\n<meta property=\"og:site_name\" content=\"Thi\u1ebft b\u1ecb ch\u0103n nu\u00f4i\" \/>\n<meta property=\"article:modified_time\" content=\"2026-01-16T06:21:09+00:00\" \/>\n<meta property=\"og:image\" content=\"https:\/\/thietbichannuoi.com\/wp-content\/uploads\/2019\/09\/Vach-ngan-chuong-heo.jpg\" \/>\n\t<meta property=\"og:image:width\" content=\"1400\" \/>\n\t<meta property=\"og:image:height\" content=\"1200\" \/>\n\t<meta property=\"og:image:type\" content=\"image\/jpeg\" \/>\n<meta name=\"twitter:card\" content=\"summary_large_image\" \/>\n<meta name=\"twitter:label1\" content=\"Est. reading time\" \/>\n\t<meta name=\"twitter:data1\" content=\"1 minute\" \/>\n<!-- \/ Yoast SEO Premium plugin. -->","yoast_head_json":{"title":"Farrowing\/Piggy Crate PVC panel","description":"Farrowing\/ Piggy Crate PVC panel","robots":{"index":"index","follow":"follow","max-snippet":"max-snippet:-1","max-image-preview":"max-image-preview:large","max-video-preview":"max-video-preview:-1"},"canonical":"https:\/\/thietbichannuoi.com\/en\/san-pham\/farrowing-piggy-crate-pvc-panel-2\/","og_locale":"en_US","og_type":"article","og_title":"Farrowing\/ Piggy Crate PVC panel","og_description":"Code: PKH090   Material: PVC Plastic  Dimension (LxWxH): Lx500x35mm  Length (L): Customize  Weight: 6.8kg \u00b1\u00a00,1 kg\/m  Soft tissue thickness: 2.2 mm; Bone thickness: 1.1 mm  Country of origin: Vietnam","og_url":"https:\/\/thietbichannuoi.com\/en\/san-pham\/farrowing-piggy-crate-pvc-panel-2\/","og_site_name":"Thi\u1ebft b\u1ecb ch\u0103n nu\u00f4i","article_modified_time":"2026-01-16T06:21:09+00:00","og_image":[{"width":1400,"height":1200,"url":"https:\/\/thietbichannuoi.com\/wp-content\/uploads\/2019\/09\/Vach-ngan-chuong-heo.jpg","type":"image\/jpeg"}],"twitter_card":"summary_large_image","twitter_misc":{"Est. reading time":"1 minute"},"schema":{"@context":"https:\/\/schema.org","@graph":[{"@type":"WebPage","@id":"https:\/\/thietbichannuoi.com\/en\/san-pham\/farrowing-piggy-crate-pvc-panel-2\/","url":"https:\/\/thietbichannuoi.com\/en\/san-pham\/farrowing-piggy-crate-pvc-panel-2\/","name":"Farrowing\/Piggy Crate PVC panel","isPartOf":{"@id":"https:\/\/thietbichannuoi.com\/#website"},"primaryImageOfPage":{"@id":"https:\/\/thietbichannuoi.com\/en\/san-pham\/farrowing-piggy-crate-pvc-panel-2\/#primaryimage"},"image":{"@id":"https:\/\/thietbichannuoi.com\/en\/san-pham\/farrowing-piggy-crate-pvc-panel-2\/#primaryimage"},"thumbnailUrl":"https:\/\/thietbichannuoi.com\/wp-content\/uploads\/2019\/09\/Vach-ngan-chuong-heo.jpg","datePublished":"2019-09-24T03:41:41+00:00","dateModified":"2026-01-16T06:21:09+00:00","description":"Farrowing\/ Piggy Crate PVC panel","breadcrumb":{"@id":"https:\/\/thietbichannuoi.com\/en\/san-pham\/farrowing-piggy-crate-pvc-panel-2\/#breadcrumb"},"inLanguage":"en-US","potentialAction":[{"@type":"ReadAction","target":["https:\/\/thietbichannuoi.com\/en\/san-pham\/farrowing-piggy-crate-pvc-panel-2\/"]}]},{"@type":"ImageObject","inLanguage":"en-US","@id":"https:\/\/thietbichannuoi.com\/en\/san-pham\/farrowing-piggy-crate-pvc-panel-2\/#primaryimage","url":"https:\/\/thietbichannuoi.com\/wp-content\/uploads\/2019\/09\/Vach-ngan-chuong-heo.jpg","contentUrl":"https:\/\/thietbichannuoi.com\/wp-content\/uploads\/2019\/09\/Vach-ngan-chuong-heo.jpg","width":1400,"height":1200,"caption":"Farrowing Piggy Crate PVC panel"},{"@type":"BreadcrumbList","@id":"https:\/\/thietbichannuoi.com\/en\/san-pham\/farrowing-piggy-crate-pvc-panel-2\/#breadcrumb","itemListElement":[{"@type":"ListItem","position":1,"name":"Home","item":"https:\/\/thietbichannuoi.com\/en\/"},{"@type":"ListItem","position":2,"name":"Shop","item":"https:\/\/thietbichannuoi.com\/shop\/"},{"@type":"ListItem","position":3,"name":"Farrowing\/ Piggy Crate PVC panel"}]},{"@type":"WebSite","@id":"https:\/\/thietbichannuoi.com\/#website","url":"https:\/\/thietbichannuoi.com\/","name":"Thi\u1ebft b\u1ecb ch\u0103n nu\u00f4i","description":"S\u1ea3n xu\u1ea5t thi\u1ebft b\u1ecb ch\u0103n nu\u00f4i gia s\u00fac, gia c\u1ea7m v\u00e0 c\u00e1c s\u1ea3n ph\u1ea9m t\u1eeb nh\u1ef1a","publisher":{"@id":"https:\/\/thietbichannuoi.com\/#organization"},"potentialAction":[{"@type":"SearchAction","target":{"@type":"EntryPoint","urlTemplate":"https:\/\/thietbichannuoi.com\/?s={search_term_string}"},"query-input":{"@type":"PropertyValueSpecification","valueRequired":true,"valueName":"search_term_string"}}],"inLanguage":"en-US"},{"@type":"Organization","@id":"https:\/\/thietbichannuoi.com\/#organization","name":"Thi\u1ebft b\u1ecb ch\u0103n nu\u00f4i Minh Ph\u00e1t","url":"https:\/\/thietbichannuoi.com\/","logo":{"@type":"ImageObject","inLanguage":"en-US","@id":"https:\/\/thietbichannuoi.com\/#\/schema\/logo\/image\/","url":"https:\/\/thietbichannuoi.com\/wp-content\/uploads\/2021\/04\/logo-thiet-bi-chan-nuoi.png","contentUrl":"https:\/\/thietbichannuoi.com\/wp-content\/uploads\/2021\/04\/logo-thiet-bi-chan-nuoi.png","width":104,"height":79,"caption":"Thi\u1ebft b\u1ecb ch\u0103n nu\u00f4i Minh Ph\u00e1t"},"image":{"@id":"https:\/\/thietbichannuoi.com\/#\/schema\/logo\/image\/"}}]}},"uagb_featured_image_src":{"full":["https:\/\/thietbichannuoi.com\/wp-content\/uploads\/2019\/09\/Vach-ngan-chuong-heo.jpg",1400,1200,false],"thumbnail":["https:\/\/thietbichannuoi.com\/wp-content\/uploads\/2019\/09\/Vach-ngan-chuong-heo.jpg",150,129,false],"medium":["https:\/\/thietbichannuoi.com\/wp-content\/uploads\/2019\/09\/Vach-ngan-chuong-heo.jpg",300,257,false],"medium_large":["https:\/\/thietbichannuoi.com\/wp-content\/uploads\/2019\/09\/Vach-ngan-chuong-heo.jpg",1400,1200,false],"large":["https:\/\/thietbichannuoi.com\/wp-content\/uploads\/2019\/09\/Vach-ngan-chuong-heo.jpg",800,686,false],"1536x1536":["https:\/\/thietbichannuoi.com\/wp-content\/uploads\/2019\/09\/Vach-ngan-chuong-heo.jpg",1400,1200,false],"2048x2048":["https:\/\/thietbichannuoi.com\/wp-content\/uploads\/2019\/09\/Vach-ngan-chuong-heo.jpg",1400,1200,false],"woocommerce_thumbnail":["https:\/\/thietbichannuoi.com\/wp-content\/uploads\/2019\/09\/Vach-ngan-chuong-heo.jpg",1400,1200,false],"woocommerce_single":["https:\/\/thietbichannuoi.com\/wp-content\/uploads\/2019\/09\/Vach-ngan-chuong-heo.jpg",1400,1200,false],"woocommerce_gallery_thumbnail":["https:\/\/thietbichannuoi.com\/wp-content\/uploads\/2019\/09\/Vach-ngan-chuong-heo-100x100.jpg",100,100,true]},"uagb_author_info":{"display_name":"dinhlam","author_link":"https:\/\/thietbichannuoi.com\/en\/author\/"},"uagb_comment_info":0,"uagb_excerpt":"Code: PKH090 Material: PVC Plastic Dimension (LxWxH): Lx500x35mm Length (L): Customize Weight: 6.8kg \u00b1\u00a00,1 kg\/m Soft tissue thickness: 2.2 mm; Bone thickness: 1.1 mm Country of origin: Vietnam","_links":{"self":[{"href":"https:\/\/thietbichannuoi.com\/en\/wp-json\/wp\/v2\/product\/8172","targetHints":{"allow":["GET"]}}],"collection":[{"href":"https:\/\/thietbichannuoi.com\/en\/wp-json\/wp\/v2\/product"}],"about":[{"href":"https:\/\/thietbichannuoi.com\/en\/wp-json\/wp\/v2\/types\/product"}],"version-history":[{"count":0,"href":"https:\/\/thietbichannuoi.com\/en\/wp-json\/wp\/v2\/product\/8172\/revisions"}],"wp:featuredmedia":[{"embeddable":true,"href":"https:\/\/thietbichannuoi.com\/en\/wp-json\/wp\/v2\/media\/14130"}],"wp:attachment":[{"href":"https:\/\/thietbichannuoi.com\/en\/wp-json\/wp\/v2\/media?parent=8172"}],"wp:term":[{"taxonomy":"product_brand","embeddable":true,"href":"https:\/\/thietbichannuoi.com\/en\/wp-json\/wp\/v2\/product_brand?post=8172"},{"taxonomy":"product_cat","embeddable":true,"href":"https:\/\/thietbichannuoi.com\/en\/wp-json\/wp\/v2\/product_cat?post=8172"},{"taxonomy":"product_tag","embeddable":true,"href":"https:\/\/thietbichannuoi.com\/en\/wp-json\/wp\/v2\/product_tag?post=8172"}],"curies":[{"name":"wp","href":"https:\/\/api.w.org\/{rel}","templated":true}]}}