{"id":8194,"date":"2020-01-10T08:35:42","date_gmt":"2020-01-10T01:35:42","guid":{"rendered":"https:\/\/thietbichannuoi.com\/?post_type=product&#038;p=8194"},"modified":"2024-08-17T17:14:25","modified_gmt":"2024-08-17T10:14:25","slug":"feeding-pipe-for-pig-auto-system","status":"publish","type":"product","link":"https:\/\/thietbichannuoi.com\/en\/san-pham\/feeding-pipe-for-pig-auto-system\/","title":{"rendered":"Feeding pipe for pig auto system"},"content":{"rendered":"<p>Feeding pipe for pig auto system<\/p>\n<table class=\"table\">\n<tbody>\n<tr>\n<td><strong>Code<\/strong><\/td>\n<td><strong>Diameter(mm)<\/strong><\/td>\n<td><strong>Thickness(mm)<\/strong><\/td>\n<td><strong>Length(mm)<\/strong><\/td>\n<td><strong>Tube type<\/strong><\/td>\n<\/tr>\n<tr>\n<td><strong>ATD114-060<\/strong><\/td>\n<td>114<\/td>\n<td>5<\/td>\n<td>4000<\/td>\n<td>T\u1ea3i c\u00e1m<\/td>\n<\/tr>\n<tr>\n<td><strong>ATD90-060<\/strong><\/td>\n<td>90<\/td>\n<td>3.8<\/td>\n<td>4000<\/td>\n<td>T\u1ea3i c\u00e1m<\/td>\n<\/tr>\n<tr>\n<td><strong>ATD76-060<\/strong><\/td>\n<td>76<\/td>\n<td>3.7<\/td>\n<td>4000<\/td>\n<td>T\u1ea3i c\u00e1m<\/td>\n<\/tr>\n<tr>\n<td><strong>ATD45-060<\/strong><\/td>\n<td>45<\/td>\n<td>3.2<\/td>\n<td>4000<\/td>\n<td>R\u01a1i c\u00e1m<\/td>\n<\/tr>\n<\/tbody>\n<\/table>\n<p><strong>Bend pipe:<\/strong><\/p>\n<table width=\"100%\">\n<tbody>\n<tr>\n<td><strong>Code<\/strong><\/td>\n<td><strong>Diameter(mm)<\/strong><\/td>\n<td><strong>Thickness(mm)<\/strong><\/td>\n<td><strong>Length(mm)<\/strong><\/td>\n<td><strong>Bend Angle<\/strong><\/td>\n<\/tr>\n<tr>\n<td><strong>ATD114-061<\/strong><\/td>\n<td>114<\/td>\n<td>5<\/td>\n<td>1300<\/td>\n<td>30<\/td>\n<\/tr>\n<tr>\n<td><strong>ATD114-062<\/strong><\/td>\n<td>114<\/td>\n<td>5<\/td>\n<td>1300<\/td>\n<td>40<\/td>\n<\/tr>\n<tr>\n<td><strong>ATD90-061<\/strong><\/td>\n<td>90<\/td>\n<td>3.8<\/td>\n<td>1300<\/td>\n<td>30<\/td>\n<\/tr>\n<tr>\n<td><strong>ATD90-062<\/strong><\/td>\n<td>90<\/td>\n<td>3.8<\/td>\n<td>1300<\/td>\n<td>40<\/td>\n<\/tr>\n<tr>\n<td><strong>ATD76-061<\/strong><\/td>\n<td>76<\/td>\n<td>3.7<\/td>\n<td>1300<\/td>\n<td>30<\/td>\n<\/tr>\n<tr>\n<td><strong>ATD76-062<\/strong><\/td>\n<td>76<\/td>\n<td>3.7<\/td>\n<td>1300<\/td>\n<td>40<\/td>\n<\/tr>\n<\/tbody>\n<\/table>\n<p><img fetchpriority=\"high\" decoding=\"async\" class=\"wp-image-14455 size-full\" src=\"https:\/\/thietbichannuoi.com\/wp-content\/uploads\/2020\/01\/ong-90-1.jpg\" alt=\"\u1ed0ng t\u1ea3i c\u00e1m\" width=\"1400\" height=\"1200\" srcset=\"https:\/\/thietbichannuoi.com\/wp-content\/uploads\/2020\/01\/ong-90-1.jpg 1400w, https:\/\/thietbichannuoi.com\/wp-content\/uploads\/2020\/01\/ong-90-1-300x257.jpg 300w, https:\/\/thietbichannuoi.com\/wp-content\/uploads\/2020\/01\/ong-90-1-1024x878.jpg 1024w, https:\/\/thietbichannuoi.com\/wp-content\/uploads\/2020\/01\/ong-90-1-150x129.jpg 150w\" sizes=\"(max-width: 1400px) 100vw, 1400px\" \/><\/p>\n<p><img decoding=\"async\" class=\"wp-image-14457 size-full\" src=\"https:\/\/thietbichannuoi.com\/wp-content\/uploads\/2020\/01\/Ong-men.jpg\" alt=\"\u1ed0ng t\u1ea3i c\u00e1m\" width=\"1400\" height=\"1200\" srcset=\"https:\/\/thietbichannuoi.com\/wp-content\/uploads\/2020\/01\/Ong-men.jpg 1400w, https:\/\/thietbichannuoi.com\/wp-content\/uploads\/2020\/01\/Ong-men-300x257.jpg 300w, https:\/\/thietbichannuoi.com\/wp-content\/uploads\/2020\/01\/Ong-men-1024x878.jpg 1024w, https:\/\/thietbichannuoi.com\/wp-content\/uploads\/2020\/01\/Ong-men-150x129.jpg 150w\" sizes=\"(max-width: 1400px) 100vw, 1400px\" \/><\/p>\n<p>&nbsp;<\/p>\n","protected":false},"excerpt":{"rendered":"<p>Feed pipes used for the automated feeding system for pigs.<\/p>\n","protected":false},"featured_media":13847,"template":"","meta":{"_uag_custom_page_level_css":"","footnotes":""},"product_brand":[],"product_cat":[291,1040],"product_tag":[1283,1415],"class_list":{"0":"post-8194","1":"product","2":"type-product","3":"status-publish","4":"has-post-thumbnail","6":"product_cat-equipment-for-pig","7":"product_cat-silos-feeding-systems","8":"product_tag-he-thong-vit-tai-en","9":"product_tag-tubular-feed-conveyor","11":"first","12":"instock","13":"shipping-taxable","14":"product-type-simple"},"acf":[],"yoast_head":"<!-- This site is optimized with the Yoast SEO Premium plugin v22.9 (Yoast SEO v27.4) - https:\/\/yoast.com\/product\/yoast-seo-premium-wordpress\/ -->\n<title>Feeding pipe for pig auto system - Thi\u1ebft b\u1ecb ch\u0103n nu\u00f4i<\/title>\n<meta name=\"description\" content=\"Feeding pipe for pig auto system PVC feed pipe, Feed pipes used for the automated feeding system for pigs\" \/>\n<meta name=\"robots\" content=\"index, follow, max-snippet:-1, max-image-preview:large, max-video-preview:-1\" \/>\n<link rel=\"canonical\" href=\"https:\/\/thietbichannuoi.com\/en\/san-pham\/feeding-pipe-for-pig-auto-system\/\" \/>\n<meta property=\"og:locale\" content=\"en_US\" \/>\n<meta property=\"og:type\" content=\"article\" \/>\n<meta property=\"og:title\" content=\"Feeding pipe for pig auto system\" \/>\n<meta property=\"og:description\" content=\"Feed pipes used for the automated feeding system for pigs.\" \/>\n<meta property=\"og:url\" content=\"https:\/\/thietbichannuoi.com\/en\/san-pham\/feeding-pipe-for-pig-auto-system\/\" \/>\n<meta property=\"og:site_name\" content=\"Thi\u1ebft b\u1ecb ch\u0103n nu\u00f4i\" \/>\n<meta property=\"article:modified_time\" content=\"2024-08-17T10:14:25+00:00\" \/>\n<meta property=\"og:image\" content=\"https:\/\/thietbichannuoi.com\/wp-content\/uploads\/2023\/06\/ong-cong.jpg\" \/>\n\t<meta property=\"og:image:width\" content=\"1400\" \/>\n\t<meta property=\"og:image:height\" content=\"1200\" \/>\n\t<meta property=\"og:image:type\" content=\"image\/jpeg\" \/>\n<meta name=\"twitter:card\" content=\"summary_large_image\" \/>\n<meta name=\"twitter:label1\" content=\"Est. reading time\" \/>\n\t<meta name=\"twitter:data1\" content=\"1 minute\" \/>\n<!-- \/ Yoast SEO Premium plugin. -->","yoast_head_json":{"title":"Feeding pipe for pig auto system - Thi\u1ebft b\u1ecb ch\u0103n nu\u00f4i","description":"Feeding pipe for pig auto system PVC feed pipe, Feed pipes used for the automated feeding system for pigs","robots":{"index":"index","follow":"follow","max-snippet":"max-snippet:-1","max-image-preview":"max-image-preview:large","max-video-preview":"max-video-preview:-1"},"canonical":"https:\/\/thietbichannuoi.com\/en\/san-pham\/feeding-pipe-for-pig-auto-system\/","og_locale":"en_US","og_type":"article","og_title":"Feeding pipe for pig auto system","og_description":"Feed pipes used for the automated feeding system for pigs.","og_url":"https:\/\/thietbichannuoi.com\/en\/san-pham\/feeding-pipe-for-pig-auto-system\/","og_site_name":"Thi\u1ebft b\u1ecb ch\u0103n nu\u00f4i","article_modified_time":"2024-08-17T10:14:25+00:00","og_image":[{"width":1400,"height":1200,"url":"https:\/\/thietbichannuoi.com\/wp-content\/uploads\/2023\/06\/ong-cong.jpg","type":"image\/jpeg"}],"twitter_card":"summary_large_image","twitter_misc":{"Est. reading time":"1 minute"},"schema":{"@context":"https:\/\/schema.org","@graph":[{"@type":"WebPage","@id":"https:\/\/thietbichannuoi.com\/en\/san-pham\/feeding-pipe-for-pig-auto-system\/","url":"https:\/\/thietbichannuoi.com\/en\/san-pham\/feeding-pipe-for-pig-auto-system\/","name":"Feeding pipe for pig auto system - Thi\u1ebft b\u1ecb ch\u0103n nu\u00f4i","isPartOf":{"@id":"https:\/\/thietbichannuoi.com\/#website"},"primaryImageOfPage":{"@id":"https:\/\/thietbichannuoi.com\/en\/san-pham\/feeding-pipe-for-pig-auto-system\/#primaryimage"},"image":{"@id":"https:\/\/thietbichannuoi.com\/en\/san-pham\/feeding-pipe-for-pig-auto-system\/#primaryimage"},"thumbnailUrl":"https:\/\/thietbichannuoi.com\/wp-content\/uploads\/2023\/06\/ong-cong.jpg","datePublished":"2020-01-10T01:35:42+00:00","dateModified":"2024-08-17T10:14:25+00:00","description":"Feeding pipe for pig auto system PVC feed pipe, Feed pipes used for the automated feeding system for pigs","breadcrumb":{"@id":"https:\/\/thietbichannuoi.com\/en\/san-pham\/feeding-pipe-for-pig-auto-system\/#breadcrumb"},"inLanguage":"en-US","potentialAction":[{"@type":"ReadAction","target":["https:\/\/thietbichannuoi.com\/en\/san-pham\/feeding-pipe-for-pig-auto-system\/"]}]},{"@type":"ImageObject","inLanguage":"en-US","@id":"https:\/\/thietbichannuoi.com\/en\/san-pham\/feeding-pipe-for-pig-auto-system\/#primaryimage","url":"https:\/\/thietbichannuoi.com\/wp-content\/uploads\/2023\/06\/ong-cong.jpg","contentUrl":"https:\/\/thietbichannuoi.com\/wp-content\/uploads\/2023\/06\/ong-cong.jpg","width":1400,"height":1200,"caption":"Feeding pipe for pig auto system"},{"@type":"BreadcrumbList","@id":"https:\/\/thietbichannuoi.com\/en\/san-pham\/feeding-pipe-for-pig-auto-system\/#breadcrumb","itemListElement":[{"@type":"ListItem","position":1,"name":"Home","item":"https:\/\/thietbichannuoi.com\/en\/"},{"@type":"ListItem","position":2,"name":"Shop","item":"https:\/\/thietbichannuoi.com\/shop\/"},{"@type":"ListItem","position":3,"name":"Feeding pipe for pig auto system"}]},{"@type":"WebSite","@id":"https:\/\/thietbichannuoi.com\/#website","url":"https:\/\/thietbichannuoi.com\/","name":"Thi\u1ebft b\u1ecb ch\u0103n nu\u00f4i","description":"S\u1ea3n xu\u1ea5t thi\u1ebft b\u1ecb ch\u0103n nu\u00f4i gia s\u00fac, gia c\u1ea7m v\u00e0 c\u00e1c s\u1ea3n ph\u1ea9m t\u1eeb nh\u1ef1a","publisher":{"@id":"https:\/\/thietbichannuoi.com\/#organization"},"potentialAction":[{"@type":"SearchAction","target":{"@type":"EntryPoint","urlTemplate":"https:\/\/thietbichannuoi.com\/?s={search_term_string}"},"query-input":{"@type":"PropertyValueSpecification","valueRequired":true,"valueName":"search_term_string"}}],"inLanguage":"en-US"},{"@type":"Organization","@id":"https:\/\/thietbichannuoi.com\/#organization","name":"Thi\u1ebft b\u1ecb ch\u0103n nu\u00f4i Minh Ph\u00e1t","url":"https:\/\/thietbichannuoi.com\/","logo":{"@type":"ImageObject","inLanguage":"en-US","@id":"https:\/\/thietbichannuoi.com\/#\/schema\/logo\/image\/","url":"https:\/\/thietbichannuoi.com\/wp-content\/uploads\/2021\/04\/logo-thiet-bi-chan-nuoi.png","contentUrl":"https:\/\/thietbichannuoi.com\/wp-content\/uploads\/2021\/04\/logo-thiet-bi-chan-nuoi.png","width":104,"height":79,"caption":"Thi\u1ebft b\u1ecb ch\u0103n nu\u00f4i Minh Ph\u00e1t"},"image":{"@id":"https:\/\/thietbichannuoi.com\/#\/schema\/logo\/image\/"}}]}},"uagb_featured_image_src":{"full":["https:\/\/thietbichannuoi.com\/wp-content\/uploads\/2023\/06\/ong-cong.jpg",1400,1200,false],"thumbnail":["https:\/\/thietbichannuoi.com\/wp-content\/uploads\/2023\/06\/ong-cong.jpg",150,129,false],"medium":["https:\/\/thietbichannuoi.com\/wp-content\/uploads\/2023\/06\/ong-cong.jpg",300,257,false],"medium_large":["https:\/\/thietbichannuoi.com\/wp-content\/uploads\/2023\/06\/ong-cong.jpg",1400,1200,false],"large":["https:\/\/thietbichannuoi.com\/wp-content\/uploads\/2023\/06\/ong-cong.jpg",800,686,false],"1536x1536":["https:\/\/thietbichannuoi.com\/wp-content\/uploads\/2023\/06\/ong-cong.jpg",1400,1200,false],"2048x2048":["https:\/\/thietbichannuoi.com\/wp-content\/uploads\/2023\/06\/ong-cong.jpg",1400,1200,false],"woocommerce_thumbnail":["https:\/\/thietbichannuoi.com\/wp-content\/uploads\/2023\/06\/ong-cong.jpg",1400,1200,false],"woocommerce_single":["https:\/\/thietbichannuoi.com\/wp-content\/uploads\/2023\/06\/ong-cong.jpg",1400,1200,false],"woocommerce_gallery_thumbnail":["https:\/\/thietbichannuoi.com\/wp-content\/uploads\/2023\/06\/ong-cong-100x100.jpg",100,100,true]},"uagb_author_info":{"display_name":"dinhlam","author_link":"https:\/\/thietbichannuoi.com\/en\/author\/"},"uagb_comment_info":0,"uagb_excerpt":"Feed pipes used for the automated feeding system for pigs.","_links":{"self":[{"href":"https:\/\/thietbichannuoi.com\/en\/wp-json\/wp\/v2\/product\/8194","targetHints":{"allow":["GET"]}}],"collection":[{"href":"https:\/\/thietbichannuoi.com\/en\/wp-json\/wp\/v2\/product"}],"about":[{"href":"https:\/\/thietbichannuoi.com\/en\/wp-json\/wp\/v2\/types\/product"}],"version-history":[{"count":0,"href":"https:\/\/thietbichannuoi.com\/en\/wp-json\/wp\/v2\/product\/8194\/revisions"}],"wp:featuredmedia":[{"embeddable":true,"href":"https:\/\/thietbichannuoi.com\/en\/wp-json\/wp\/v2\/media\/13847"}],"wp:attachment":[{"href":"https:\/\/thietbichannuoi.com\/en\/wp-json\/wp\/v2\/media?parent=8194"}],"wp:term":[{"taxonomy":"product_brand","embeddable":true,"href":"https:\/\/thietbichannuoi.com\/en\/wp-json\/wp\/v2\/product_brand?post=8194"},{"taxonomy":"product_cat","embeddable":true,"href":"https:\/\/thietbichannuoi.com\/en\/wp-json\/wp\/v2\/product_cat?post=8194"},{"taxonomy":"product_tag","embeddable":true,"href":"https:\/\/thietbichannuoi.com\/en\/wp-json\/wp\/v2\/product_tag?post=8194"}],"curies":[{"name":"wp","href":"https:\/\/api.w.org\/{rel}","templated":true}]}}