{"id":8208,"date":"2020-01-14T17:30:25","date_gmt":"2020-01-14T10:30:25","guid":{"rendered":"https:\/\/thietbichannuoi.com\/?post_type=product&#038;p=8208"},"modified":"2025-09-25T13:18:38","modified_gmt":"2025-09-25T06:18:38","slug":"poultry-slat-big-hole","status":"publish","type":"product","link":"https:\/\/thietbichannuoi.com\/en\/san-pham\/poultry-slat-big-hole\/","title":{"rendered":"Poultry slat (big hole)"},"content":{"rendered":"<figure id=\"attachment_14412\" aria-describedby=\"caption-attachment-14412\" style=\"width: 1400px\" class=\"wp-caption alignnone\"><img fetchpriority=\"high\" decoding=\"async\" class=\"wp-image-14412 size-full\" src=\"https:\/\/thietbichannuoi.com\/wp-content\/uploads\/2018\/09\/san-ga-mp.jpg\" alt=\"san-ga-mp\" width=\"1400\" height=\"1200\" srcset=\"https:\/\/thietbichannuoi.com\/wp-content\/uploads\/2018\/09\/san-ga-mp.jpg 1400w, https:\/\/thietbichannuoi.com\/wp-content\/uploads\/2018\/09\/san-ga-mp-300x257.jpg 300w, https:\/\/thietbichannuoi.com\/wp-content\/uploads\/2018\/09\/san-ga-mp-1024x878.jpg 1024w, https:\/\/thietbichannuoi.com\/wp-content\/uploads\/2018\/09\/san-ga-mp-150x129.jpg 150w\" sizes=\"(max-width: 1400px) 100vw, 1400px\" \/><figcaption id=\"caption-attachment-14412\" class=\"wp-caption-text\">san-ga-mp<\/figcaption><\/figure>\n","protected":false},"excerpt":{"rendered":"<p><strong>code: SN17<\/strong><\/p>\n<ul>\n<li><strong>Application:<\/strong> Used for Chicken house, Duck house&#8230;<\/li>\n<li><strong>Sizes:<\/strong> 50x100cm, Hole sizes: 22x22mm<\/li>\n<li><strong>Materials:<\/strong> Polypropylen<\/li>\n<li><strong>Colour:<\/strong> White, or by customer<\/li>\n<li><strong>Made by: Minh Phat<\/strong><\/li>\n<\/ul>\n","protected":false},"featured_media":18965,"template":"","meta":{"_uag_custom_page_level_css":"","footnotes":""},"product_brand":[],"product_cat":[1022,589],"product_tag":[],"class_list":{"0":"post-8208","1":"product","2":"type-product","3":"status-publish","4":"has-post-thumbnail","6":"product_cat-plastic-floors-poultry-equipment","7":"product_cat-poultry-equipment","9":"first","10":"instock","11":"shipping-taxable","12":"product-type-simple"},"acf":[],"yoast_head":"<!-- This site is optimized with the Yoast SEO Premium plugin v22.9 (Yoast SEO v27.3) - https:\/\/yoast.com\/product\/yoast-seo-premium-wordpress\/ -->\n<title>Poultry slat (big hole) - Thi\u1ebft b\u1ecb ch\u0103n nu\u00f4i<\/title>\n<meta name=\"robots\" content=\"index, follow, max-snippet:-1, max-image-preview:large, max-video-preview:-1\" \/>\n<link rel=\"canonical\" href=\"https:\/\/thietbichannuoi.com\/en\/san-pham\/poultry-slat-big-hole\/\" \/>\n<meta property=\"og:locale\" content=\"en_US\" \/>\n<meta property=\"og:type\" content=\"article\" \/>\n<meta property=\"og:title\" content=\"Poultry slat (big hole)\" \/>\n<meta property=\"og:description\" content=\"code: SN17   Application: Used for Chicken house, Duck house...  Sizes: 50x100cm, Hole sizes: 22x22mm  Materials: Polypropylen  Colour: White, or by customer  Made by: Minh Phat\" \/>\n<meta property=\"og:url\" content=\"https:\/\/thietbichannuoi.com\/en\/san-pham\/poultry-slat-big-hole\/\" \/>\n<meta property=\"og:site_name\" content=\"Thi\u1ebft b\u1ecb ch\u0103n nu\u00f4i\" \/>\n<meta property=\"article:modified_time\" content=\"2025-09-25T06:18:38+00:00\" \/>\n<meta property=\"og:image\" content=\"https:\/\/thietbichannuoi.com\/wp-content\/uploads\/2020\/01\/San-gia-cam-lo-vuong-trung-20x21mm-2.jpg\" \/>\n\t<meta property=\"og:image:width\" content=\"1400\" \/>\n\t<meta property=\"og:image:height\" content=\"1200\" \/>\n\t<meta property=\"og:image:type\" content=\"image\/jpeg\" \/>\n<meta name=\"twitter:card\" content=\"summary_large_image\" \/>\n<meta name=\"twitter:label1\" content=\"Est. reading time\" \/>\n\t<meta name=\"twitter:data1\" content=\"1 minute\" \/>\n<!-- \/ Yoast SEO Premium plugin. -->","yoast_head_json":{"title":"Poultry slat (big hole) - Thi\u1ebft b\u1ecb ch\u0103n nu\u00f4i","robots":{"index":"index","follow":"follow","max-snippet":"max-snippet:-1","max-image-preview":"max-image-preview:large","max-video-preview":"max-video-preview:-1"},"canonical":"https:\/\/thietbichannuoi.com\/en\/san-pham\/poultry-slat-big-hole\/","og_locale":"en_US","og_type":"article","og_title":"Poultry slat (big hole)","og_description":"code: SN17   Application: Used for Chicken house, Duck house...  Sizes: 50x100cm, Hole sizes: 22x22mm  Materials: Polypropylen  Colour: White, or by customer  Made by: Minh Phat","og_url":"https:\/\/thietbichannuoi.com\/en\/san-pham\/poultry-slat-big-hole\/","og_site_name":"Thi\u1ebft b\u1ecb ch\u0103n nu\u00f4i","article_modified_time":"2025-09-25T06:18:38+00:00","og_image":[{"width":1400,"height":1200,"url":"https:\/\/thietbichannuoi.com\/wp-content\/uploads\/2020\/01\/San-gia-cam-lo-vuong-trung-20x21mm-2.jpg","type":"image\/jpeg"}],"twitter_card":"summary_large_image","twitter_misc":{"Est. reading time":"1 minute"},"schema":{"@context":"https:\/\/schema.org","@graph":[{"@type":"WebPage","@id":"https:\/\/thietbichannuoi.com\/en\/san-pham\/poultry-slat-big-hole\/","url":"https:\/\/thietbichannuoi.com\/en\/san-pham\/poultry-slat-big-hole\/","name":"Poultry slat (big hole) - Thi\u1ebft b\u1ecb ch\u0103n nu\u00f4i","isPartOf":{"@id":"https:\/\/thietbichannuoi.com\/#website"},"primaryImageOfPage":{"@id":"https:\/\/thietbichannuoi.com\/en\/san-pham\/poultry-slat-big-hole\/#primaryimage"},"image":{"@id":"https:\/\/thietbichannuoi.com\/en\/san-pham\/poultry-slat-big-hole\/#primaryimage"},"thumbnailUrl":"https:\/\/thietbichannuoi.com\/wp-content\/uploads\/2020\/01\/San-gia-cam-lo-vuong-trung-20x21mm-2.jpg","datePublished":"2020-01-14T10:30:25+00:00","dateModified":"2025-09-25T06:18:38+00:00","breadcrumb":{"@id":"https:\/\/thietbichannuoi.com\/en\/san-pham\/poultry-slat-big-hole\/#breadcrumb"},"inLanguage":"en-US","potentialAction":[{"@type":"ReadAction","target":["https:\/\/thietbichannuoi.com\/en\/san-pham\/poultry-slat-big-hole\/"]}]},{"@type":"ImageObject","inLanguage":"en-US","@id":"https:\/\/thietbichannuoi.com\/en\/san-pham\/poultry-slat-big-hole\/#primaryimage","url":"https:\/\/thietbichannuoi.com\/wp-content\/uploads\/2020\/01\/San-gia-cam-lo-vuong-trung-20x21mm-2.jpg","contentUrl":"https:\/\/thietbichannuoi.com\/wp-content\/uploads\/2020\/01\/San-gia-cam-lo-vuong-trung-20x21mm-2.jpg","width":1400,"height":1200,"caption":"S\u00e0n-gia-c\u1ea7m-l\u1ed7-vu\u00f4ng-trung-20x21mm"},{"@type":"BreadcrumbList","@id":"https:\/\/thietbichannuoi.com\/en\/san-pham\/poultry-slat-big-hole\/#breadcrumb","itemListElement":[{"@type":"ListItem","position":1,"name":"Home","item":"https:\/\/thietbichannuoi.com\/en\/"},{"@type":"ListItem","position":2,"name":"Shop","item":"https:\/\/thietbichannuoi.com\/shop\/"},{"@type":"ListItem","position":3,"name":"Poultry slat (big hole)"}]},{"@type":"WebSite","@id":"https:\/\/thietbichannuoi.com\/#website","url":"https:\/\/thietbichannuoi.com\/","name":"Thi\u1ebft b\u1ecb ch\u0103n nu\u00f4i","description":"S\u1ea3n xu\u1ea5t thi\u1ebft b\u1ecb ch\u0103n nu\u00f4i gia s\u00fac, gia c\u1ea7m v\u00e0 c\u00e1c s\u1ea3n ph\u1ea9m t\u1eeb nh\u1ef1a","publisher":{"@id":"https:\/\/thietbichannuoi.com\/#organization"},"potentialAction":[{"@type":"SearchAction","target":{"@type":"EntryPoint","urlTemplate":"https:\/\/thietbichannuoi.com\/?s={search_term_string}"},"query-input":{"@type":"PropertyValueSpecification","valueRequired":true,"valueName":"search_term_string"}}],"inLanguage":"en-US"},{"@type":"Organization","@id":"https:\/\/thietbichannuoi.com\/#organization","name":"Thi\u1ebft b\u1ecb ch\u0103n nu\u00f4i Minh Ph\u00e1t","url":"https:\/\/thietbichannuoi.com\/","logo":{"@type":"ImageObject","inLanguage":"en-US","@id":"https:\/\/thietbichannuoi.com\/#\/schema\/logo\/image\/","url":"https:\/\/thietbichannuoi.com\/wp-content\/uploads\/2021\/04\/logo-thiet-bi-chan-nuoi.png","contentUrl":"https:\/\/thietbichannuoi.com\/wp-content\/uploads\/2021\/04\/logo-thiet-bi-chan-nuoi.png","width":104,"height":79,"caption":"Thi\u1ebft b\u1ecb ch\u0103n nu\u00f4i Minh Ph\u00e1t"},"image":{"@id":"https:\/\/thietbichannuoi.com\/#\/schema\/logo\/image\/"}}]}},"uagb_featured_image_src":{"full":["https:\/\/thietbichannuoi.com\/wp-content\/uploads\/2020\/01\/San-gia-cam-lo-vuong-trung-20x21mm-2.jpg",1400,1200,false],"thumbnail":["https:\/\/thietbichannuoi.com\/wp-content\/uploads\/2020\/01\/San-gia-cam-lo-vuong-trung-20x21mm-2.jpg",150,129,false],"medium":["https:\/\/thietbichannuoi.com\/wp-content\/uploads\/2020\/01\/San-gia-cam-lo-vuong-trung-20x21mm-2.jpg",300,257,false],"medium_large":["https:\/\/thietbichannuoi.com\/wp-content\/uploads\/2020\/01\/San-gia-cam-lo-vuong-trung-20x21mm-2.jpg",1400,1200,false],"large":["https:\/\/thietbichannuoi.com\/wp-content\/uploads\/2020\/01\/San-gia-cam-lo-vuong-trung-20x21mm-2.jpg",800,686,false],"1536x1536":["https:\/\/thietbichannuoi.com\/wp-content\/uploads\/2020\/01\/San-gia-cam-lo-vuong-trung-20x21mm-2.jpg",1400,1200,false],"2048x2048":["https:\/\/thietbichannuoi.com\/wp-content\/uploads\/2020\/01\/San-gia-cam-lo-vuong-trung-20x21mm-2.jpg",1400,1200,false],"woocommerce_thumbnail":["https:\/\/thietbichannuoi.com\/wp-content\/uploads\/2020\/01\/San-gia-cam-lo-vuong-trung-20x21mm-2.jpg",1400,1200,false],"woocommerce_single":["https:\/\/thietbichannuoi.com\/wp-content\/uploads\/2020\/01\/San-gia-cam-lo-vuong-trung-20x21mm-2.jpg",1400,1200,false],"woocommerce_gallery_thumbnail":["https:\/\/thietbichannuoi.com\/wp-content\/uploads\/2020\/01\/San-gia-cam-lo-vuong-trung-20x21mm-2-100x100.jpg",100,100,true]},"uagb_author_info":{"display_name":"dinhlam","author_link":"https:\/\/thietbichannuoi.com\/en\/author\/"},"uagb_comment_info":0,"uagb_excerpt":"code: SN17 Application: Used for Chicken house, Duck house... Sizes: 50x100cm, Hole sizes: 22x22mm Materials: Polypropylen Colour: White, or by customer Made by: Minh Phat","_links":{"self":[{"href":"https:\/\/thietbichannuoi.com\/en\/wp-json\/wp\/v2\/product\/8208","targetHints":{"allow":["GET"]}}],"collection":[{"href":"https:\/\/thietbichannuoi.com\/en\/wp-json\/wp\/v2\/product"}],"about":[{"href":"https:\/\/thietbichannuoi.com\/en\/wp-json\/wp\/v2\/types\/product"}],"version-history":[{"count":0,"href":"https:\/\/thietbichannuoi.com\/en\/wp-json\/wp\/v2\/product\/8208\/revisions"}],"wp:featuredmedia":[{"embeddable":true,"href":"https:\/\/thietbichannuoi.com\/en\/wp-json\/wp\/v2\/media\/18965"}],"wp:attachment":[{"href":"https:\/\/thietbichannuoi.com\/en\/wp-json\/wp\/v2\/media?parent=8208"}],"wp:term":[{"taxonomy":"product_brand","embeddable":true,"href":"https:\/\/thietbichannuoi.com\/en\/wp-json\/wp\/v2\/product_brand?post=8208"},{"taxonomy":"product_cat","embeddable":true,"href":"https:\/\/thietbichannuoi.com\/en\/wp-json\/wp\/v2\/product_cat?post=8208"},{"taxonomy":"product_tag","embeddable":true,"href":"https:\/\/thietbichannuoi.com\/en\/wp-json\/wp\/v2\/product_tag?post=8208"}],"curies":[{"name":"wp","href":"https:\/\/api.w.org\/{rel}","templated":true}]}}